{"id":14,"date":"2024-10-26T14:48:16","date_gmt":"2024-10-26T12:48:16","guid":{"rendered":"https:\/\/blog.uclm.es\/proyecton3nddhh\/?page_id=14"},"modified":"2025-10-10T10:18:53","modified_gmt":"2025-10-10T08:18:53","slug":"publicaciones","status":"publish","type":"page","link":"https:\/\/blog.uclm.es\/proyecton3nddhh\/publicaciones\/","title":{"rendered":"Publicaciones"},"content":{"rendered":"\n<div class=\"wp-block-group alignfull is-layout-flow wp-block-group-is-layout-flow\">\n<p class=\"has-text-align-center has-primary-color has-text-color has-link-color has-source-serif-pro-font-family has-x-large-font-size wp-elements-72d80aeea6bb945f6141765aba5b8442\" style=\"padding-top:0;padding-right:var(--wp--preset--spacing--80);padding-bottom:0;padding-left:var(--wp--preset--spacing--80)\"><strong>NEURO-DERECHOS HUMANOS Y DERECHO PENAL<\/strong><\/p>\n\n\n\n<p class=\"has-text-align-center has-primary-color has-text-color has-link-color has-source-serif-pro-font-family has-large-font-size wp-elements-46b1ac5b071a2a42427d41a23ffb59bd\" style=\"padding-top:0;padding-right:var(--wp--preset--spacing--80);padding-bottom:0;padding-left:var(--wp--preset--spacing--80);font-style:italic;font-weight:400\"><strong>Proyecto de investigaci\u00f3n PDI2023 149978NB-I00<\/strong><\/p>\n<\/div>\n\n\n\n<figure class=\"wp-block-image size-large\"><img loading=\"lazy\" decoding=\"async\" width=\"1024\" height=\"201\" src=\"https:\/\/blog.uclm.es\/proyecton3nddhh\/wp-content\/uploads\/sites\/297\/2024\/10\/MICIUFEDERAEI-2-1024x201.jpg\" alt=\"\" class=\"wp-image-67\" srcset=\"https:\/\/blog.uclm.es\/proyecton3nddhh\/wp-content\/uploads\/sites\/297\/2024\/10\/MICIUFEDERAEI-2-1024x201.jpg 1024w, https:\/\/blog.uclm.es\/proyecton3nddhh\/wp-content\/uploads\/sites\/297\/2024\/10\/MICIUFEDERAEI-2-300x59.jpg 300w, https:\/\/blog.uclm.es\/proyecton3nddhh\/wp-content\/uploads\/sites\/297\/2024\/10\/MICIUFEDERAEI-2-768x151.jpg 768w, https:\/\/blog.uclm.es\/proyecton3nddhh\/wp-content\/uploads\/sites\/297\/2024\/10\/MICIUFEDERAEI-2-1536x302.jpg 1536w, https:\/\/blog.uclm.es\/proyecton3nddhh\/wp-content\/uploads\/sites\/297\/2024\/10\/MICIUFEDERAEI-2-2048x403.jpg 2048w\" sizes=\"auto, (max-width: 1024px) 100vw, 1024px\" \/><\/figure>\n\n\n\n<div style=\"height:1px\" aria-hidden=\"true\" class=\"wp-block-spacer\"><\/div>\n\n\n\n<div class=\"wp-block-group alignfull is-layout-flow wp-block-group-is-layout-flow\">\n<p class=\"has-text-align-center has-primary-color has-text-color has-link-color has-source-serif-pro-font-family has-large-font-size wp-elements-c750dcafac2989405a7b440b87201729\" style=\"padding-top:0;padding-right:var(--wp--preset--spacing--80);padding-bottom:0;padding-left:var(--wp--preset--spacing--80);font-style:italic;font-weight:400\"><strong>Publicaciones con la referencia del proyecto de investigaci\u00f3n<\/strong><\/p>\n<\/div>\n\n\n\n<div style=\"height:51px\" aria-hidden=\"true\" class=\"wp-block-spacer\"><\/div>\n\n\n\n<div class=\"wp-block-media-text is-stacked-on-mobile is-vertically-aligned-top\"><figure class=\"wp-block-media-text__media\"><img loading=\"lazy\" decoding=\"async\" width=\"953\" height=\"1024\" src=\"https:\/\/blog.uclm.es\/proyecton3nddhh\/wp-content\/uploads\/sites\/297\/2025\/07\/submission_3017_2999_coverImage_es_ES-1-953x1024.jpg\" alt=\"\" class=\"wp-image-569 size-full\" srcset=\"https:\/\/blog.uclm.es\/proyecton3nddhh\/wp-content\/uploads\/sites\/297\/2025\/07\/submission_3017_2999_coverImage_es_ES-1-953x1024.jpg 953w, https:\/\/blog.uclm.es\/proyecton3nddhh\/wp-content\/uploads\/sites\/297\/2025\/07\/submission_3017_2999_coverImage_es_ES-1-279x300.jpg 279w, https:\/\/blog.uclm.es\/proyecton3nddhh\/wp-content\/uploads\/sites\/297\/2025\/07\/submission_3017_2999_coverImage_es_ES-1-768x825.jpg 768w, https:\/\/blog.uclm.es\/proyecton3nddhh\/wp-content\/uploads\/sites\/297\/2025\/07\/submission_3017_2999_coverImage_es_ES-1-1430x1536.jpg 1430w, https:\/\/blog.uclm.es\/proyecton3nddhh\/wp-content\/uploads\/sites\/297\/2025\/07\/submission_3017_2999_coverImage_es_ES-1.jpg 1500w\" sizes=\"auto, (max-width: 953px) 100vw, 953px\" \/><\/figure><div class=\"wp-block-media-text__content\">\n<p>T\u00edtulo: <strong>El Derecho penal m\u00ednimo de los Derechos Fundamentales<\/strong><\/p>\n\n\n\n<p>Autores: <strong>Demetrio Crespo, Eduardo &amp; Garc\u00eda de la Torre Garc\u00eda, Faustino<\/strong><\/p>\n\n\n\n<p>Obra colectiva: <em><a href=\"https:\/\/www.publicaciones.uva.es\/index.php\/eduva\/catalog\/book\/3017\">Liber amicorum en homenaje a la profesora Mercedes Alonso \u00c1lamo<\/a><\/em><\/p>\n\n\n\n<p>P\u00e1ginas: <strong>189-200<\/strong><\/p>\n<\/div><\/div>\n\n\n\n<hr class=\"wp-block-separator has-alpha-channel-opacity is-style-wide\" \/>\n\n\n\n<div class=\"wp-block-media-text is-stacked-on-mobile\"><figure class=\"wp-block-media-text__media\"><img loading=\"lazy\" decoding=\"async\" width=\"953\" height=\"1024\" src=\"https:\/\/blog.uclm.es\/proyecton3nddhh\/wp-content\/uploads\/sites\/297\/2025\/07\/submission_3017_2999_coverImage_es_ES-1-953x1024.jpg\" alt=\"\" class=\"wp-image-569 size-full\" srcset=\"https:\/\/blog.uclm.es\/proyecton3nddhh\/wp-content\/uploads\/sites\/297\/2025\/07\/submission_3017_2999_coverImage_es_ES-1-953x1024.jpg 953w, https:\/\/blog.uclm.es\/proyecton3nddhh\/wp-content\/uploads\/sites\/297\/2025\/07\/submission_3017_2999_coverImage_es_ES-1-279x300.jpg 279w, https:\/\/blog.uclm.es\/proyecton3nddhh\/wp-content\/uploads\/sites\/297\/2025\/07\/submission_3017_2999_coverImage_es_ES-1-768x825.jpg 768w, https:\/\/blog.uclm.es\/proyecton3nddhh\/wp-content\/uploads\/sites\/297\/2025\/07\/submission_3017_2999_coverImage_es_ES-1-1430x1536.jpg 1430w, https:\/\/blog.uclm.es\/proyecton3nddhh\/wp-content\/uploads\/sites\/297\/2025\/07\/submission_3017_2999_coverImage_es_ES-1.jpg 1500w\" sizes=\"auto, (max-width: 953px) 100vw, 953px\" \/><\/figure><div class=\"wp-block-media-text__content\">\n<p>T\u00edtulo: <strong>La inteligencia artificial como sujeto de Derecho penal desde la perspectiva de las funciones de la pena: realidades y dificultades<\/strong><\/p>\n\n\n\n<p>Autores: <strong>Mateos Bustamante, Jos\u00e9<\/strong><\/p>\n\n\n\n<p>Obra colectiva: <em><a href=\"https:\/\/www.publicaciones.uva.es\/index.php\/eduva\/catalog\/book\/3017\">Liber amicorum en homenaje a la profesora Mercedes Alonso \u00c1lamo<\/a><\/em><\/p>\n\n\n\n<p>P\u00e1ginas: <strong>399-406<\/strong><\/p>\n<\/div><\/div>\n\n\n\n<hr class=\"wp-block-separator has-alpha-channel-opacity is-style-wide\" \/>\n\n\n\n<div class=\"wp-block-media-text is-stacked-on-mobile is-vertically-aligned-top\"><figure class=\"wp-block-media-text__media\"><img loading=\"lazy\" decoding=\"async\" width=\"763\" height=\"1024\" src=\"https:\/\/blog.uclm.es\/proyecton3nddhh\/wp-content\/uploads\/sites\/297\/2025\/07\/edition-157054-236x334-1-1-763x1024.jpg\" alt=\"\" class=\"wp-image-568 size-full\" srcset=\"https:\/\/blog.uclm.es\/proyecton3nddhh\/wp-content\/uploads\/sites\/297\/2025\/07\/edition-157054-236x334-1-1-763x1024.jpg 763w, https:\/\/blog.uclm.es\/proyecton3nddhh\/wp-content\/uploads\/sites\/297\/2025\/07\/edition-157054-236x334-1-1-223x300.jpg 223w, https:\/\/blog.uclm.es\/proyecton3nddhh\/wp-content\/uploads\/sites\/297\/2025\/07\/edition-157054-236x334-1-1-768x1031.jpg 768w, https:\/\/blog.uclm.es\/proyecton3nddhh\/wp-content\/uploads\/sites\/297\/2025\/07\/edition-157054-236x334-1-1-1144x1536.jpg 1144w, https:\/\/blog.uclm.es\/proyecton3nddhh\/wp-content\/uploads\/sites\/297\/2025\/07\/edition-157054-236x334-1-1.jpg 1200w\" sizes=\"auto, (max-width: 763px) 100vw, 763px\" \/><\/figure><div class=\"wp-block-media-text__content\">\n<p class=\"has-text-align-left\">T\u00edtulo: <strong><a href=\"https:\/\/www.comares.com\/libro\/repensando-la-teoria-de-las-normas_162052\/\">Repensando la Teor\u00eda de las Normas<\/a><\/strong><\/p>\n\n\n\n<p>Autores: <strong>S\u00e1nchez L\u00e1zaro, Fernando G. (editor)<\/strong><\/p>\n\n\n\n<p>Editorial: <strong>Comares<\/strong><\/p>\n\n\n\n<p>P\u00e1ginas: <strong>132<\/strong><\/p>\n\n\n\n<p><a href=\"https:\/\/www.comares.com\/media\/comares\/files\/toc-162052.pdf\">Descarga la portada y el \u00edndice<\/a><\/p>\n<\/div><\/div>\n\n\n\n<hr class=\"wp-block-separator has-alpha-channel-opacity is-style-wide\" \/>\n\n\n\n<div class=\"wp-block-media-text is-stacked-on-mobile\"><figure class=\"wp-block-media-text__media\"><img loading=\"lazy\" decoding=\"async\" width=\"953\" height=\"1024\" src=\"https:\/\/blog.uclm.es\/proyecton3nddhh\/wp-content\/uploads\/sites\/297\/2025\/07\/cover_issue_1601_es_ES-953x1024.jpg\" alt=\"\" class=\"wp-image-572 size-full\" srcset=\"https:\/\/blog.uclm.es\/proyecton3nddhh\/wp-content\/uploads\/sites\/297\/2025\/07\/cover_issue_1601_es_ES-953x1024.jpg 953w, https:\/\/blog.uclm.es\/proyecton3nddhh\/wp-content\/uploads\/sites\/297\/2025\/07\/cover_issue_1601_es_ES-279x300.jpg 279w, https:\/\/blog.uclm.es\/proyecton3nddhh\/wp-content\/uploads\/sites\/297\/2025\/07\/cover_issue_1601_es_ES-768x825.jpg 768w, https:\/\/blog.uclm.es\/proyecton3nddhh\/wp-content\/uploads\/sites\/297\/2025\/07\/cover_issue_1601_es_ES-1430x1536.jpg 1430w, https:\/\/blog.uclm.es\/proyecton3nddhh\/wp-content\/uploads\/sites\/297\/2025\/07\/cover_issue_1601_es_ES.jpg 1500w\" sizes=\"auto, (max-width: 953px) 100vw, 953px\" \/><\/figure><div class=\"wp-block-media-text__content\">\n<p class=\"has-text-align-left\">T\u00edtulo:<strong> Herramientas de predicci\u00f3n criminal y su impacto en nuestro proceso penal<\/strong><\/p>\n\n\n\n<p>Autores: <strong>Cueto Santa Eugenia, Elisabet<\/strong><\/p>\n\n\n\n<p>Revista: <strong>Ius et Scientia, Vol. 1, N\u00ba 1, 2025<\/strong><\/p>\n\n\n\n<p>P\u00e1ginas: <strong>14-31<\/strong><\/p>\n\n\n\n<p><a href=\"https:\/\/revistascientificas.us.es\/index.php\/ies\/article\/view\/28044\">Descarga el art\u00edculo completo<\/a><\/p>\n<\/div><\/div>\n\n\n\n<hr class=\"wp-block-separator has-alpha-channel-opacity is-style-wide\" \/>\n\n\n\n<div class=\"wp-block-media-text is-stacked-on-mobile\"><figure class=\"wp-block-media-text__media\"><img loading=\"lazy\" decoding=\"async\" width=\"953\" height=\"1024\" src=\"https:\/\/blog.uclm.es\/proyecton3nddhh\/wp-content\/uploads\/sites\/297\/2025\/08\/353-980-1-PB_page-0001-1-953x1024.jpg\" alt=\"\" class=\"wp-image-581 size-full\" srcset=\"https:\/\/blog.uclm.es\/proyecton3nddhh\/wp-content\/uploads\/sites\/297\/2025\/08\/353-980-1-PB_page-0001-1-953x1024.jpg 953w, https:\/\/blog.uclm.es\/proyecton3nddhh\/wp-content\/uploads\/sites\/297\/2025\/08\/353-980-1-PB_page-0001-1-279x300.jpg 279w, https:\/\/blog.uclm.es\/proyecton3nddhh\/wp-content\/uploads\/sites\/297\/2025\/08\/353-980-1-PB_page-0001-1-768x825.jpg 768w, https:\/\/blog.uclm.es\/proyecton3nddhh\/wp-content\/uploads\/sites\/297\/2025\/08\/353-980-1-PB_page-0001-1-1430x1536.jpg 1430w, https:\/\/blog.uclm.es\/proyecton3nddhh\/wp-content\/uploads\/sites\/297\/2025\/08\/353-980-1-PB_page-0001-1.jpg 1500w\" sizes=\"auto, (max-width: 953px) 100vw, 953px\" \/><\/figure><div class=\"wp-block-media-text__content\">\n<p class=\"has-text-align-left\">T\u00edtulo:<strong> Confusi\u00f3n conceptual en la justicia restaurativa: origen y desaf\u00edos en el sistema espa\u00f1ol<\/strong><\/p>\n\n\n\n<p>Autores: <strong>Cueto Santa Eugenia, Elisabet<\/strong><\/p>\n\n\n\n<p>Revista: <strong>Revista de Victimolog\u00eda<\/strong>, <strong>Vol. 20, 2025<\/strong><\/p>\n\n\n\n<p>P\u00e1ginas: 25-44<\/p>\n\n\n\n<p><a href=\"https:\/\/repositorio.comillas.edu\/xmlui\/handle\/11531\/99908\">Descarga el art\u00edculo completo<\/a><\/p>\n<\/div><\/div>\n\n\n\n<hr class=\"wp-block-separator has-alpha-channel-opacity is-style-wide\" \/>\n\n\n\n<div class=\"wp-block-media-text is-stacked-on-mobile\"><figure class=\"wp-block-media-text__media\"><img loading=\"lazy\" decoding=\"async\" width=\"953\" height=\"1024\" src=\"https:\/\/blog.uclm.es\/proyecton3nddhh\/wp-content\/uploads\/sites\/297\/2025\/07\/cover_issue_968_es_ES-953x1024.jpg\" alt=\"\" class=\"wp-image-574 size-full\" srcset=\"https:\/\/blog.uclm.es\/proyecton3nddhh\/wp-content\/uploads\/sites\/297\/2025\/07\/cover_issue_968_es_ES-953x1024.jpg 953w, https:\/\/blog.uclm.es\/proyecton3nddhh\/wp-content\/uploads\/sites\/297\/2025\/07\/cover_issue_968_es_ES-279x300.jpg 279w, https:\/\/blog.uclm.es\/proyecton3nddhh\/wp-content\/uploads\/sites\/297\/2025\/07\/cover_issue_968_es_ES-768x825.jpg 768w, https:\/\/blog.uclm.es\/proyecton3nddhh\/wp-content\/uploads\/sites\/297\/2025\/07\/cover_issue_968_es_ES-1430x1536.jpg 1430w, https:\/\/blog.uclm.es\/proyecton3nddhh\/wp-content\/uploads\/sites\/297\/2025\/07\/cover_issue_968_es_ES.jpg 1500w\" sizes=\"auto, (max-width: 953px) 100vw, 953px\" \/><\/figure><div class=\"wp-block-media-text__content\">\n<p class=\"has-text-align-left\">T\u00edtulo:<strong> Deberes de garante, deberes de ciudado e iteligencia artificial. Un entrecruzamiento problem\u00e1tico<\/strong><\/p>\n\n\n\n<p>Autores: <strong>Laura D\u00b4Amico<\/strong><\/p>\n\n\n\n<p>Revista: <strong>Revista de Derecho de la Universidad de Concepci\u00f3n, Vol. 93, N\u00ba 257, 2025<\/strong><\/p>\n\n\n\n<p>P\u00e1ginas: <strong>17-41<\/strong><\/p>\n\n\n\n<p><a href=\"https:\/\/revistas.udec.cl\/index.php\/revista_de_derecho\/article\/view\/20265\">Descarga el art\u00edculo completo<\/a><\/p>\n<\/div><\/div>\n\n\n\n<hr class=\"wp-block-separator has-alpha-channel-opacity is-style-wide\" \/>\n\n\n\n<div class=\"wp-block-media-text is-stacked-on-mobile\"><figure class=\"wp-block-media-text__media\"><img loading=\"lazy\" decoding=\"async\" width=\"953\" height=\"1024\" src=\"https:\/\/blog.uclm.es\/proyecton3nddhh\/wp-content\/uploads\/sites\/297\/2025\/10\/2025_Indret_page-0001-1-953x1024.jpg\" alt=\"\" class=\"wp-image-622 size-full\" srcset=\"https:\/\/blog.uclm.es\/proyecton3nddhh\/wp-content\/uploads\/sites\/297\/2025\/10\/2025_Indret_page-0001-1-953x1024.jpg 953w, https:\/\/blog.uclm.es\/proyecton3nddhh\/wp-content\/uploads\/sites\/297\/2025\/10\/2025_Indret_page-0001-1-279x300.jpg 279w, https:\/\/blog.uclm.es\/proyecton3nddhh\/wp-content\/uploads\/sites\/297\/2025\/10\/2025_Indret_page-0001-1-768x825.jpg 768w, https:\/\/blog.uclm.es\/proyecton3nddhh\/wp-content\/uploads\/sites\/297\/2025\/10\/2025_Indret_page-0001-1-1430x1536.jpg 1430w, https:\/\/blog.uclm.es\/proyecton3nddhh\/wp-content\/uploads\/sites\/297\/2025\/10\/2025_Indret_page-0001-1.jpg 1500w\" sizes=\"auto, (max-width: 953px) 100vw, 953px\" \/><\/figure><div class=\"wp-block-media-text__content\">\n<p class=\"has-text-align-left\">T\u00edtulo:<strong> Las contribuciones de la toma de decisiones deliberadas al concepto de dolo y a la prueba<br>en torno a las conductas dolosas<\/strong><\/p>\n\n\n\n<p>Autores: <strong>Miquel Juli\u00e0 Pijoan<\/strong><\/p>\n\n\n\n<p>Revista: <strong>InDret, vol.3, 2025<\/strong><\/p>\n\n\n\n<p>P\u00e1ginas: <strong>1-23<\/strong><\/p>\n\n\n\n<p><a href=\"https:\/\/indret.com\/wp-content\/uploads\/2025\/07\/1951.pdf\">Descarga el art\u00edculo completo<\/a><\/p>\n<\/div><\/div>\n\n\n\n<hr class=\"wp-block-separator has-alpha-channel-opacity is-style-wide\" \/>\n\n\n\n<div class=\"wp-block-media-text is-stacked-on-mobile\"><figure class=\"wp-block-media-text__media\"><img loading=\"lazy\" decoding=\"async\" width=\"722\" height=\"1024\" src=\"https:\/\/blog.uclm.es\/proyecton3nddhh\/wp-content\/uploads\/sites\/297\/2025\/10\/ebooks_MIsabelGonzalezTapia9791370065553_page-0001-722x1024.jpg\" alt=\"\" class=\"wp-image-629 size-full\" srcset=\"https:\/\/blog.uclm.es\/proyecton3nddhh\/wp-content\/uploads\/sites\/297\/2025\/10\/ebooks_MIsabelGonzalezTapia9791370065553_page-0001-722x1024.jpg 722w, https:\/\/blog.uclm.es\/proyecton3nddhh\/wp-content\/uploads\/sites\/297\/2025\/10\/ebooks_MIsabelGonzalezTapia9791370065553_page-0001-212x300.jpg 212w, https:\/\/blog.uclm.es\/proyecton3nddhh\/wp-content\/uploads\/sites\/297\/2025\/10\/ebooks_MIsabelGonzalezTapia9791370065553_page-0001-768x1089.jpg 768w, https:\/\/blog.uclm.es\/proyecton3nddhh\/wp-content\/uploads\/sites\/297\/2025\/10\/ebooks_MIsabelGonzalezTapia9791370065553_page-0001.jpg 1003w\" sizes=\"auto, (max-width: 722px) 100vw, 722px\" \/><\/figure><div class=\"wp-block-media-text__content\">\n<p class=\"has-text-align-left\">T\u00edtulo:<strong> Tutela penal frente a la manipulaci\u00f3n algor\u00edtmica: an\u00e1lisis pol\u00edtico-criminal al art\u00edculo 5.1 del Reglamento de Inteligencia Artificial<\/strong><\/p>\n\n\n\n<p>Autores: <strong>Gonz\u00e1lez Tapia<\/strong>, <strong>Mar\u00eda Isabel <\/strong><\/p>\n\n\n\n<p>Obra colectiva: <strong>Bartoli, Roberto &amp; Ben\u00edtez Ort\u00fazar (Dirs.): Derecho penal y garant\u00edas constitucionales, Madrid: Dykinson, 2025<\/strong><\/p>\n\n\n\n<p>P\u00e1ginas: <strong>355-377<\/strong><\/p>\n<\/div><\/div>\n\n\n\n<hr class=\"wp-block-separator has-alpha-channel-opacity is-style-wide\" \/>\n\n\n\n<div class=\"wp-block-media-text is-stacked-on-mobile\"><figure class=\"wp-block-media-text__media\"><img loading=\"lazy\" decoding=\"async\" width=\"763\" height=\"1024\" src=\"https:\/\/blog.uclm.es\/proyecton3nddhh\/wp-content\/uploads\/sites\/297\/2025\/10\/978-3-031-96055-0-1-763x1024.jpg\" alt=\"\" class=\"wp-image-628 size-full\" srcset=\"https:\/\/blog.uclm.es\/proyecton3nddhh\/wp-content\/uploads\/sites\/297\/2025\/10\/978-3-031-96055-0-1-763x1024.jpg 763w, https:\/\/blog.uclm.es\/proyecton3nddhh\/wp-content\/uploads\/sites\/297\/2025\/10\/978-3-031-96055-0-1-223x300.jpg 223w, https:\/\/blog.uclm.es\/proyecton3nddhh\/wp-content\/uploads\/sites\/297\/2025\/10\/978-3-031-96055-0-1-768x1031.jpg 768w, https:\/\/blog.uclm.es\/proyecton3nddhh\/wp-content\/uploads\/sites\/297\/2025\/10\/978-3-031-96055-0-1-1144x1536.jpg 1144w, https:\/\/blog.uclm.es\/proyecton3nddhh\/wp-content\/uploads\/sites\/297\/2025\/10\/978-3-031-96055-0-1.jpg 1200w\" sizes=\"auto, (max-width: 763px) 100vw, 763px\" \/><\/figure><div class=\"wp-block-media-text__content\">\n<p class=\"has-text-align-left\">T\u00edtulo:<strong> Neurotechnologies, Human Rights and Criminal Law<\/strong><\/p>\n\n\n\n<p>Autores: <strong>Demetrio Crespo, Eduardo &amp; Garc\u00eda de la Torre Garc\u00eda, Faustino<\/strong><\/p>\n\n\n\n<p>Obra colectiva: <strong>L\u00f3pez Silva, Pablo (Ed.): Contextualizing Neuroprotection: Latin American Perspectives on the Impact of Neurotechnological Development in Life and Society, Berlin: Springer, 2025<\/strong><\/p>\n\n\n\n<p>P\u00e1ginas: <strong>37-52<\/strong><\/p>\n<\/div><\/div>\n\n\n\n<hr class=\"wp-block-separator has-alpha-channel-opacity is-style-wide\" \/>\n\n\n\n<div class=\"wp-block-media-text is-stacked-on-mobile\"><figure class=\"wp-block-media-text__media\"><img loading=\"lazy\" decoding=\"async\" width=\"713\" height=\"1024\" src=\"https:\/\/blog.uclm.es\/proyecton3nddhh\/wp-content\/uploads\/sites\/297\/2025\/10\/Jose-Angel-Marinaro_page-0001-713x1024.jpg\" alt=\"\" class=\"wp-image-631 size-full\" srcset=\"https:\/\/blog.uclm.es\/proyecton3nddhh\/wp-content\/uploads\/sites\/297\/2025\/10\/Jose-Angel-Marinaro_page-0001-713x1024.jpg 713w, https:\/\/blog.uclm.es\/proyecton3nddhh\/wp-content\/uploads\/sites\/297\/2025\/10\/Jose-Angel-Marinaro_page-0001-209x300.jpg 209w, https:\/\/blog.uclm.es\/proyecton3nddhh\/wp-content\/uploads\/sites\/297\/2025\/10\/Jose-Angel-Marinaro_page-0001-768x1102.jpg 768w, https:\/\/blog.uclm.es\/proyecton3nddhh\/wp-content\/uploads\/sites\/297\/2025\/10\/Jose-Angel-Marinaro_page-0001.jpg 1004w\" sizes=\"auto, (max-width: 713px) 100vw, 713px\" \/><\/figure><div class=\"wp-block-media-text__content\">\n<p class=\"has-text-align-left\">T\u00edtulo:<strong> <\/strong>Los nuevos delitos proyectados. La protecci\u00f3n de la mente en afectaciones de la memoria y su incidencia en la identidad personal y la personalidad. Los proyectos mexicano y argentino<\/p>\n\n\n\n<p>Autores: <strong>Marinaro, Jos\u00e9 \u00c1ngel<\/strong><\/p>\n\n\n\n<p>Revista: <strong>Revista de Derecho penal y Criminolog\u00eda, n\u00famero 9, 2025<\/strong><\/p>\n\n\n\n<p>P\u00e1ginas: <strong>233-246<\/strong><\/p>\n<\/div><\/div>\n\n\n\n<p><\/p>\n","protected":false},"excerpt":{"rendered":"<p>NEURO-DERECHOS HUMANOS Y DERECHO PENAL Proyecto de investigaci\u00f3n PDI2023 149978NB-I00 Publicaciones con la referencia del proyecto de investigaci\u00f3n T\u00edtulo: El Derecho penal m\u00ednimo de los Derechos Fundamentales Autores: Demetrio Crespo, Eduardo &amp; Garc\u00eda de la Torre Garc\u00eda, Faustino Obra colectiva: Liber amicorum en homenaje a la profesora Mercedes Alonso \u00c1lamo P\u00e1ginas: 189-200 T\u00edtulo: La inteligencia [&hellip;]<\/p>\n","protected":false},"author":132,"featured_media":0,"parent":0,"menu_order":0,"comment_status":"closed","ping_status":"closed","template":"","meta":{"footnotes":""},"class_list":["post-14","page","type-page","status-publish","hentry"],"_links":{"self":[{"href":"https:\/\/blog.uclm.es\/proyecton3nddhh\/wp-json\/wp\/v2\/pages\/14","targetHints":{"allow":["GET"]}}],"collection":[{"href":"https:\/\/blog.uclm.es\/proyecton3nddhh\/wp-json\/wp\/v2\/pages"}],"about":[{"href":"https:\/\/blog.uclm.es\/proyecton3nddhh\/wp-json\/wp\/v2\/types\/page"}],"author":[{"embeddable":true,"href":"https:\/\/blog.uclm.es\/proyecton3nddhh\/wp-json\/wp\/v2\/users\/132"}],"replies":[{"embeddable":true,"href":"https:\/\/blog.uclm.es\/proyecton3nddhh\/wp-json\/wp\/v2\/comments?post=14"}],"version-history":[{"count":18,"href":"https:\/\/blog.uclm.es\/proyecton3nddhh\/wp-json\/wp\/v2\/pages\/14\/revisions"}],"predecessor-version":[{"id":632,"href":"https:\/\/blog.uclm.es\/proyecton3nddhh\/wp-json\/wp\/v2\/pages\/14\/revisions\/632"}],"wp:attachment":[{"href":"https:\/\/blog.uclm.es\/proyecton3nddhh\/wp-json\/wp\/v2\/media?parent=14"}],"curies":[{"name":"wp","href":"https:\/\/api.w.org\/{rel}","templated":true}]}}