{"id":38,"date":"2018-11-09T10:27:47","date_gmt":"2018-11-09T08:27:47","guid":{"rendered":"http:\/\/35.176.149.187\/?page_id=38"},"modified":"2023-01-20T13:34:39","modified_gmt":"2023-01-20T13:34:39","slug":"objetivos","status":"publish","type":"page","link":"https:\/\/blog.uclm.es\/proyectoluceviroms\/","title":{"rendered":""},"content":{"rendered":"\n<h1 class=\"has-text-align-right wp-block-heading\">Hacia la salud global. Espa\u00f1a  y  la Organizaci\u00f3n mundial de la salud<\/h1>\n\n\n\n<p>Con este Proyecto iniciamos el abordaje sistem\u00e1tico de la internacionalizaci\u00f3n de la sanidad espa\u00f1ola en la segunda mitad del siglo XX a trav\u00e9s de su participaci\u00f3n en la Organizaci\u00f3n Mundial de la Salud. El proyecto se inscribe en la historia de la salud internacional a trav\u00e9s del an\u00e1lisis de una de las agencias internacionales m\u00e1s relevantes, en l\u00ednea con intereses contempor\u00e1neos en la historiograf\u00eda de la medicina y de la salud y en la historia de las pol\u00edticas de salud en Espa\u00f1a. Aunque ajena a la constituci\u00f3n de la OMS, Espa\u00f1a se adhiri\u00f3 en 1951 y firm\u00f3 el acuerdo base de cooperaci\u00f3n cient\u00edfico-t\u00e9cnica en 1952. Desde esa fecha hasta la muerte de Franco se aplicaron 21 programas diferentes en Espa\u00f1a. Nuestro Proyecto propone el estudio y seguimiento de dos de ellos (la administraci\u00f3n de salud p\u00fablica y la profilaxis de las enfermedades v\u00edricas) y un tercero (la planificaci\u00f3n familiar) en el que no existi\u00f3 colaboraci\u00f3n oficial espa\u00f1ola. De este modo uniremos a la din\u00e1mica administrativa regida por los protocolos de colaboraci\u00f3n, el estudio de los efectos de las normas, informes y recomendaciones de la OMS entre las profesiones sanitarias en general y entre la poblaci\u00f3n.<\/p>\n\n\n<div class=\"wp-block-image\">\n<figure class=\"aligncenter size-full\"><img loading=\"lazy\" decoding=\"async\" width=\"423\" height=\"358\" src=\"https:\/\/blog.uclm.es\/proyectoluceviroms\/wp-content\/uploads\/sites\/167\/2023\/01\/OMS.jpg\" alt=\"\" class=\"wp-image-936\" srcset=\"https:\/\/blog.uclm.es\/proyectoluceviroms\/wp-content\/uploads\/sites\/167\/2023\/01\/OMS.jpg 423w, https:\/\/blog.uclm.es\/proyectoluceviroms\/wp-content\/uploads\/sites\/167\/2023\/01\/OMS-300x254.jpg 300w\" sizes=\"auto, (max-width: 423px) 85vw, 423px\" \/><\/figure>\n<\/div>\n\n\n<p>Partimos de dos hip\u00f3tesis principales: Una, que las vicisitudes en las relaciones entre Espa\u00f1a y la OMS han variado en funci\u00f3n, principalmente, de las circunstancias pol\u00edticas hispanas, y deben ser analizadas en funci\u00f3n de los comportamientos e intereses de los actores personales e institucionales concretos que participaron en los contactos e intercambios. Dos, en l\u00ednea con lo que sugieren Sturdy et al (2013), que result\u00f3 significativamente importante la composici\u00f3n y din\u00e1mica de las distintas comunidades epist\u00e9micas generadoras de conocimiento en el entorno de dicho organismo internacional. Son objetivos principales del Proyecto el estudio de la secuencia y resultados de los programas de asistencia t\u00e9cnica y colaboraci\u00f3n; determinar el modo concreto en que se desarroll\u00f3 la participaci\u00f3n espa\u00f1ola en el organismo internacional, c\u00f3mo dicha relaci\u00f3n contribuy\u00f3 a modular, dentro de Espa\u00f1a, los conocimientos sanitarios y a movilizar recursos intelectuales y sanitarios -lo que implica la identificaci\u00f3n de los expertos o expertas participantes por una y otra parte- y aclarar si la participaci\u00f3n espa\u00f1ola fue \u00fanicamente vicaria o si existi\u00f3 alg\u00fan protagonismo espa\u00f1ol en la construcci\u00f3n de las comunidades epist\u00e9micas significativas de las que extrae su autoridad la organizaci\u00f3n internacional.<\/p>\n\n\n\n<hr class=\"wp-block-separator has-alpha-channel-opacity is-style-wide\" \/>\n\n\n\n<figure class=\"wp-block-table\"><table class=\"has-white-background-color has-background\"><thead><tr><th>SUBPROYECTO 1<\/th><\/tr><\/thead><tbody><tr><td><strong>La administraci\u00f3n de la salud p\u00fablica al hilo de la relaci\u00f3n entre Espa\u00f1a y la organizaci\u00f3n mundial de la salud bajo el franquismo.<\/strong><br><strong>INVESTIGADOR PRINCIPAL:&nbsp;<\/strong>Esteban Rodr\u00edguez Oca\u00f1a<br><strong>LUGAR DE EJECUCI\u00d3N:<\/strong>&nbsp;Universidad de Granada<br><strong><a href=\"https:\/\/luceviroms.es\/objetivos\/\" target=\"_blank\" rel=\"noreferrer noopener\">OBJETIVOS DEL SUBPROYECTO 1<\/a><\/strong>:<br>1. Trazar un panorama de los principales cambios en el pensamiento sanitario europeo respecto a la administraci\u00f3n de salud en los primeros 30 a\u00f1os de existencia de la OMS.<br>2. Identificar y ordenar cronol\u00f3gicamente todos los programas de colaboraci\u00f3n y todas las actividades participadas por la OMS en las que tuvieron participaci\u00f3n sanitarios espa\u00f1oles durante la \u00e9poca franquista.<br>3. Identificar a dichos participantes y detectar los que ejercieron puestos clave en dichas actividades y programas.<br>04. De ser posible por edad y condici\u00f3n, gestionar entrevistas con ellos para crear un archivo de fuentes orales.<br>05. Estudiar los resultados del programa de administraci\u00f3n de salud, que se plasm\u00f3 en el Centro Nacional de Demostraci\u00f3n Sanitaria (Talavera de la Reina), inaugurado en 1976.<br>06. Estudiar la puesta en marcha de programas de Planificaci\u00f3n Familiar por la OMS-Europa.<br>07. Analizar los efectos en Espa\u00f1a de las propuestas de la OMS sobre planificaci\u00f3n familiar.<\/td><\/tr><\/tbody><\/table><\/figure>\n\n\n\n<hr class=\"wp-block-separator has-alpha-channel-opacity\" \/>\n\n\n\n<figure class=\"wp-block-table\"><table><thead><tr><th>SUBPROYECTO 2<\/th><\/tr><\/thead><tbody><tr><td><strong>La lucha contra las enfermedades v\u00edricas en Espa\u00f1a a trav\u00e9s de las relaciones con la OMS (1949-1986)<br>INVESTIGADORA PRINCIPAL:&nbsp;<\/strong>Mar\u00eda Isabel Porras Gallo<br><strong>LUGAR DE EJECUCI\u00d3N:<\/strong>&nbsp;Universidad de Castilla-La Mancha<br><strong><a href=\"https:\/\/luceviroms.es\/objetivos\/#Subproyecto_2\" target=\"_blank\" rel=\"noreferrer noopener\">OBJETIVOS DEL SUBPROYECTO 2<\/a>:<br><\/strong>1. Identificar los programas de trabajo de la OMS con Espa\u00f1a relativos a la lucha contra las enfermedades v\u00edricas (rabia, viruela, polio, gripe, rubeola, sarampi\u00f3n y parotiditis).<br>Analizar los programas de trabajo de la OMS con Espa\u00f1a relativos a la lucha contra las enfermedades v\u00edricas (rabia, viruela, polio, gripe, rubeola, sarampi\u00f3n y parotiditis) y su grado de implantaci\u00f3n.<br>2. Estudiar el impacto de dichos programas en la realidad epidemiol\u00f3gica espa\u00f1ola.<br>3. Analizar el impacto de dichos programas y las actividades asociadas (cursos, reuniones cient\u00edficas\u2026) en el desarrollo y transformaci\u00f3n de laboratorios y centros de investigaci\u00f3n virol\u00f3gicos en Espa\u00f1a.<br>4. Estudiar la participaci\u00f3n de los principales cient\u00edficos espa\u00f1oles en el campo de la virolog\u00eda en Comit\u00e9s de expertos de la OMS y sus relaciones con otros cient\u00edficos internacionales.<br>5. Analizar la participaci\u00f3n de Florencio P\u00e9rez Gallardo como miembro del Comit\u00e9 de Expertos de la OMS sobre la rabia y la colaboraci\u00f3n de laboratorios espa\u00f1oles en ensayos internacionales sobre la profilaxis de la enfermedad.<br>6. Analizar el proceso de transferencia de conocimientos cient\u00edfico-t\u00e9cnicos, pr\u00e1cticas y profesionales sanitarios entre las siete enfermedades v\u00edricas que se estudian.<br>Identificar y analizar los procesos de mejora y adquisici\u00f3n de formaci\u00f3n especializada de los profesionales sanitarios sobre enfermedades v\u00edricas en el marco de acciones y actividades de la OMS.<br>7. Examinar el seguimiento en Espa\u00f1a de las recomendaciones de la OMS sobre el cultivo de los virus de las enfermedades consideradas (rabia, viruela, polio, gripe, rubeola, sarampi\u00f3n y parotiditis) y la fabricaci\u00f3n de vacunas contra ellos.<br>8. Estudiar la articulaci\u00f3n de programas de vacunaci\u00f3n contra las siete enfermedades v\u00edricas y evaluar su impacto en la instauraci\u00f3n del calendario vacunal y las modificaciones posteriores registradas.<\/td><\/tr><\/tbody><\/table><\/figure>\n\n\n\n<hr class=\"wp-block-separator has-alpha-channel-opacity is-style-wide\" \/>\n","protected":false},"excerpt":{"rendered":"<p>Hacia la salud global. Espa\u00f1a y la Organizaci\u00f3n mundial de la salud Con este Proyecto iniciamos el abordaje sistem\u00e1tico de la internacionalizaci\u00f3n de la sanidad espa\u00f1ola en la segunda mitad del siglo XX a trav\u00e9s de su participaci\u00f3n en la Organizaci\u00f3n Mundial de la Salud. El proyecto se inscribe en la historia de la salud &hellip; <a href=\"https:\/\/blog.uclm.es\/proyectoluceviroms\/\" class=\"more-link\">Continuar leyendo<span class=\"screen-reader-text\"> \u00ab\u00bb<\/span><\/a><\/p>\n","protected":false},"author":177,"featured_media":0,"parent":0,"menu_order":0,"comment_status":"closed","ping_status":"closed","template":"","meta":{"footnotes":""},"class_list":["post-38","page","type-page","status-publish","hentry"],"_links":{"self":[{"href":"https:\/\/blog.uclm.es\/proyectoluceviroms\/wp-json\/wp\/v2\/pages\/38","targetHints":{"allow":["GET"]}}],"collection":[{"href":"https:\/\/blog.uclm.es\/proyectoluceviroms\/wp-json\/wp\/v2\/pages"}],"about":[{"href":"https:\/\/blog.uclm.es\/proyectoluceviroms\/wp-json\/wp\/v2\/types\/page"}],"author":[{"embeddable":true,"href":"https:\/\/blog.uclm.es\/proyectoluceviroms\/wp-json\/wp\/v2\/users\/177"}],"replies":[{"embeddable":true,"href":"https:\/\/blog.uclm.es\/proyectoluceviroms\/wp-json\/wp\/v2\/comments?post=38"}],"version-history":[{"count":6,"href":"https:\/\/blog.uclm.es\/proyectoluceviroms\/wp-json\/wp\/v2\/pages\/38\/revisions"}],"predecessor-version":[{"id":935,"href":"https:\/\/blog.uclm.es\/proyectoluceviroms\/wp-json\/wp\/v2\/pages\/38\/revisions\/935"}],"wp:attachment":[{"href":"https:\/\/blog.uclm.es\/proyectoluceviroms\/wp-json\/wp\/v2\/media?parent=38"}],"curies":[{"name":"wp","href":"https:\/\/api.w.org\/{rel}","templated":true}]}}