{"id":165,"date":"2018-11-16T10:50:03","date_gmt":"2018-11-16T08:50:03","guid":{"rendered":"http:\/\/35.176.149.187\/?page_id=165"},"modified":"2023-02-10T07:45:14","modified_gmt":"2023-02-10T07:45:14","slug":"equipo-2","status":"publish","type":"page","link":"https:\/\/blog.uclm.es\/proyectoluceviroms\/equipo-2\/","title":{"rendered":""},"content":{"rendered":"\n<h2 class=\"wp-block-heading\" style=\"text-decoration:underline\"><strong>Subproyecto 1<\/strong><\/h2>\n\n\n\n<p>La administraci\u00f3n de salud p\u00fablica al hilo de la relaci\u00f3n entre Espa\u00f1a y la Organizaci\u00f3n Mundial de la Salud bajo el franquismo.<\/p>\n\n\n\n<div class=\"wp-block-columns is-layout-flex wp-container-core-columns-is-layout-9d6595d7 wp-block-columns-is-layout-flex\">\n<div class=\"wp-block-column is-layout-flow wp-block-column-is-layout-flow\" style=\"flex-basis:33.33%\">\n<figure class=\"wp-block-image size-large\"><img decoding=\"async\" src=\"https:\/\/luceviroms.es\/wp-content\/uploads\/2019\/05\/Esteban_Rodriguez.jpg\" alt=\"\" \/><\/figure>\n<\/div>\n\n\n\n<div class=\"wp-block-column is-layout-flow wp-block-column-is-layout-flow\" style=\"flex-basis:66.66%\">\n<figure class=\"wp-block-table\"><table><thead><tr><th>Esteban Rodr\u00edguez Oca\u00f1a<\/th><\/tr><\/thead><tbody><tr><td>Investigador principal<br>Universidad de Granada, Facultad de Medicina, <br>Departamento de Historia de la Ciencia<\/td><\/tr><\/tbody><\/table><\/figure>\n<\/div>\n<\/div>\n\n\n\n<div class=\"wp-block-columns is-layout-flex wp-container-core-columns-is-layout-9d6595d7 wp-block-columns-is-layout-flex\">\n<div class=\"wp-block-column is-layout-flow wp-block-column-is-layout-flow\" style=\"flex-basis:33.33%\">\n<figure class=\"wp-block-image size-large\"><img decoding=\"async\" src=\"https:\/\/luceviroms.es\/wp-content\/uploads\/2019\/05\/Teresa_Ortiz-1.jpg\" alt=\"\" \/><\/figure>\n<\/div>\n\n\n\n<div class=\"wp-block-column is-layout-flow wp-block-column-is-layout-flow\" style=\"flex-basis:66.66%\">\n<figure class=\"wp-block-table\"><table><thead><tr><th>Teresa Ortiz G\u00f3mez<\/th><\/tr><\/thead><tbody><tr><td>Equipo investigador<br>Universidad de Granada, Facultad de Medicina, <br>Departamento de Historia de la Ciencia e Instituto de Estudios de la Mujer<\/td><\/tr><\/tbody><\/table><\/figure>\n<\/div>\n<\/div>\n\n\n\n<div class=\"wp-block-columns is-layout-flex wp-container-core-columns-is-layout-9d6595d7 wp-block-columns-is-layout-flex\">\n<div class=\"wp-block-column is-layout-flow wp-block-column-is-layout-flow\" style=\"flex-basis:33.33%\">\n<figure class=\"wp-block-image size-large\"><img decoding=\"async\" src=\"https:\/\/luceviroms.es\/wp-content\/uploads\/2019\/05\/Ramon_Castejon.jpg\" alt=\"\" \/><\/figure>\n<\/div>\n\n\n\n<div class=\"wp-block-column is-layout-flow wp-block-column-is-layout-flow\" style=\"flex-basis:66.66%\">\n<figure class=\"wp-block-table\"><table><thead><tr><th>Ram\u00f3n Castej\u00f3n Bolea<\/th><\/tr><\/thead><tbody><tr><td>Equipo investigador<br>Facultad de Medicina Miguel Hern\u00e1ndez, Alicante<\/td><\/tr><\/tbody><\/table><\/figure>\n<\/div>\n<\/div>\n\n\n\n<hr class=\"wp-block-separator has-alpha-channel-opacity is-style-wide\" \/>\n\n\n\n<h2 class=\"wp-block-heading\" style=\"text-decoration:underline\"><strong>Subproyecto 2<\/strong><\/h2>\n\n\n\n<p>La lucha contra las enfermedades v\u00edricas en Espa\u00f1a a trav\u00e9s de las relaciones con la OMS (1949-1986).<\/p>\n\n\n\n<div class=\"wp-block-columns is-layout-flex wp-container-core-columns-is-layout-9d6595d7 wp-block-columns-is-layout-flex\">\n<div class=\"wp-block-column is-layout-flow wp-block-column-is-layout-flow\" style=\"flex-basis:33.33%\">\n<figure class=\"wp-block-image size-large\"><img decoding=\"async\" src=\"https:\/\/luceviroms.es\/wp-content\/uploads\/2020\/03\/MIPG.jpg\" alt=\"\" \/><\/figure>\n<\/div>\n\n\n\n<div class=\"wp-block-column is-layout-flow wp-block-column-is-layout-flow\" style=\"flex-basis:66.66%\">\n<figure class=\"wp-block-table\"><table><thead><tr><th>Mar\u00eda Isabel Porras Gallo<\/th><\/tr><\/thead><tbody><tr><td>Investigadora principal<br>Facultad de Medicina de Ciudad Real y Centro Regional de Investigaciones Biom\u00e9dicas (CRIB), Universidad de Castilla-La Mancha<\/td><\/tr><\/tbody><\/table><\/figure>\n<\/div>\n<\/div>\n\n\n\n<div class=\"wp-block-columns is-layout-flex wp-container-core-columns-is-layout-9d6595d7 wp-block-columns-is-layout-flex\">\n<div class=\"wp-block-column is-layout-flow wp-block-column-is-layout-flow\" style=\"flex-basis:33.33%\">\n<figure class=\"wp-block-image size-large\"><img decoding=\"async\" src=\"https:\/\/luceviroms.es\/wp-content\/uploads\/2019\/05\/Victoria-Caballero-1.jpg\" alt=\"\" \/><\/figure>\n<\/div>\n\n\n\n<div class=\"wp-block-column is-layout-flow wp-block-column-is-layout-flow\" style=\"flex-basis:66.66%\">\n<figure class=\"wp-block-table\"><table><thead><tr><th>Mar\u00eda Victoria Caballero Mart\u00ednez<\/th><\/tr><\/thead><tbody><tr><td>Equipo investigador<br>Universidad de Castilla-La Mancha, Hospital General Universitario de Ciudad Real, Facultad de Medicina de Ciudad Real y Centro Regional de Investigaciones Biom\u00e9dicas (CRIB)<\/td><\/tr><\/tbody><\/table><\/figure>\n<\/div>\n<\/div>\n\n\n\n<div class=\"wp-block-columns is-layout-flex wp-container-core-columns-is-layout-9d6595d7 wp-block-columns-is-layout-flex\">\n<div class=\"wp-block-column is-layout-flow wp-block-column-is-layout-flow\" style=\"flex-basis:33.33%\">\n<figure class=\"wp-block-image size-large\"><img decoding=\"async\" src=\"https:\/\/luceviroms.es\/wp-content\/uploads\/2019\/05\/Noelian_Martin-1.jpg\" alt=\"\" \/><\/figure>\n<\/div>\n\n\n\n<div class=\"wp-block-column is-layout-flow wp-block-column-is-layout-flow\" style=\"flex-basis:66.66%\">\n<figure class=\"wp-block-table\"><table><thead><tr><th>Noelia Mar\u00eda Mart\u00edn Espinosa<\/th><\/tr><\/thead><tbody><tr><td>Equipo investigador<br>Universidad de Castilla-La Mancha, Facultad de Enfermer\u00eda y Fisioterapia de Toledo y Centro Regional de Investigaciones Biom\u00e9dicas (CRIB)<\/td><\/tr><\/tbody><\/table><\/figure>\n<\/div>\n<\/div>\n\n\n\n<div class=\"wp-block-columns is-layout-flex wp-container-core-columns-is-layout-9d6595d7 wp-block-columns-is-layout-flex\">\n<div class=\"wp-block-column is-layout-flow wp-block-column-is-layout-flow\" style=\"flex-basis:33.33%\">\n<figure class=\"wp-block-image size-large\"><img decoding=\"async\" src=\"https:\/\/luceviroms.es\/wp-content\/uploads\/2019\/05\/Maria_Jose_B%C3%A1guena2-1.png\" alt=\"\" \/><\/figure>\n<\/div>\n\n\n\n<div class=\"wp-block-column is-layout-flow wp-block-column-is-layout-flow\" style=\"flex-basis:66.66%\">\n<figure class=\"wp-block-table\"><table><thead><tr><th>Mar\u00eda Jos\u00e9 B\u00e1guena Cervellera<\/th><\/tr><\/thead><tbody><tr><td>Equipo investigador<br>Universidad de Valencia, Facultad de Medicina,&nbsp;<br>Instituto Interuniversitario L\u00f3pez Pi\u00f1ero<\/td><\/tr><\/tbody><\/table><\/figure>\n<\/div>\n<\/div>\n\n\n\n<div class=\"wp-block-columns is-layout-flex wp-container-core-columns-is-layout-9d6595d7 wp-block-columns-is-layout-flex\">\n<div class=\"wp-block-column is-layout-flow wp-block-column-is-layout-flow\" style=\"flex-basis:33.33%\">\n<figure class=\"wp-block-image size-large\"><img decoding=\"async\" src=\"https:\/\/luceviroms.es\/wp-content\/uploads\/2019\/05\/Lourdes_Mari%C3%B1o2.jpg\" alt=\"\" \/><\/figure>\n<\/div>\n\n\n\n<div class=\"wp-block-column is-layout-flow wp-block-column-is-layout-flow\" style=\"flex-basis:66.66%\">\n<figure class=\"wp-block-table\"><table><thead><tr><th>Lourdes Mari\u00f1o Guti\u00e9rrez<\/th><\/tr><\/thead><tbody><tr><td>Equipo de trabajo<br>Escuela Nacional de Sanidad, Instituto de Salud Carlos III, Madrid<\/td><\/tr><\/tbody><\/table><\/figure>\n<\/div>\n<\/div>\n\n\n\n<div class=\"wp-block-columns is-layout-flex wp-container-core-columns-is-layout-9d6595d7 wp-block-columns-is-layout-flex\">\n<div class=\"wp-block-column is-layout-flow wp-block-column-is-layout-flow\" style=\"flex-basis:33.33%\">\n<figure class=\"wp-block-image size-full\"><img loading=\"lazy\" decoding=\"async\" width=\"268\" height=\"271\" src=\"https:\/\/blog.uclm.es\/proyectoluceviroms\/wp-content\/uploads\/sites\/167\/2023\/01\/Captura.jpg\" alt=\"\" class=\"wp-image-964\" \/><\/figure>\n<\/div>\n\n\n\n<div class=\"wp-block-column is-layout-flow wp-block-column-is-layout-flow\" style=\"flex-basis:66.66%\">\n<figure class=\"wp-block-table\"><table><thead><tr><th>Mariano Ayarzag\u00fcena Sanz<\/th><\/tr><\/thead><tbody><tr><td>Equipo de trabajo<br>Universidad de Castilla-La Mancha, Facultad de Medicina de Ciudad Real y Centro Regional de Investigaciones Biom\u00e9dicas (CRIB)<\/td><\/tr><\/tbody><\/table><\/figure>\n<\/div>\n<\/div>\n\n\n\n<div class=\"wp-block-columns is-layout-flex wp-container-core-columns-is-layout-9d6595d7 wp-block-columns-is-layout-flex\">\n<div class=\"wp-block-column is-layout-flow wp-block-column-is-layout-flow\" style=\"flex-basis:33.33%\">\n<figure class=\"wp-block-image size-large\"><img decoding=\"async\" src=\"https:\/\/luceviroms.es\/wp-content\/uploads\/2019\/05\/Mercedes_Ramirez2.png\" alt=\"\" \/><\/figure>\n<\/div>\n\n\n\n<div class=\"wp-block-column is-layout-flow wp-block-column-is-layout-flow\" style=\"flex-basis:66.66%\">\n<figure class=\"wp-block-table\"><table><thead><tr><th>Mercedes Ram\u00edrez Ortega<\/th><\/tr><\/thead><tbody><tr><td>Equipo de trabajo<br>CRIB, UCLM, Fundaci\u00f3n Jim\u00e9nez D\u00edaz, Madrid<\/td><\/tr><\/tbody><\/table><\/figure>\n<\/div>\n<\/div>\n","protected":false},"excerpt":{"rendered":"<p>Subproyecto 1 La administraci\u00f3n de salud p\u00fablica al hilo de la relaci\u00f3n entre Espa\u00f1a y la Organizaci\u00f3n Mundial de la Salud bajo el franquismo. Esteban Rodr\u00edguez Oca\u00f1a Investigador principalUniversidad de Granada, Facultad de Medicina, Departamento de Historia de la Ciencia Teresa Ortiz G\u00f3mez Equipo investigadorUniversidad de Granada, Facultad de Medicina, Departamento de Historia de la &hellip; <a href=\"https:\/\/blog.uclm.es\/proyectoluceviroms\/equipo-2\/\" class=\"more-link\">Continuar leyendo<span class=\"screen-reader-text\"> \u00ab\u00bb<\/span><\/a><\/p>\n","protected":false},"author":177,"featured_media":0,"parent":0,"menu_order":0,"comment_status":"closed","ping_status":"closed","template":"","meta":{"footnotes":""},"class_list":["post-165","page","type-page","status-publish","hentry"],"_links":{"self":[{"href":"https:\/\/blog.uclm.es\/proyectoluceviroms\/wp-json\/wp\/v2\/pages\/165","targetHints":{"allow":["GET"]}}],"collection":[{"href":"https:\/\/blog.uclm.es\/proyectoluceviroms\/wp-json\/wp\/v2\/pages"}],"about":[{"href":"https:\/\/blog.uclm.es\/proyectoluceviroms\/wp-json\/wp\/v2\/types\/page"}],"author":[{"embeddable":true,"href":"https:\/\/blog.uclm.es\/proyectoluceviroms\/wp-json\/wp\/v2\/users\/177"}],"replies":[{"embeddable":true,"href":"https:\/\/blog.uclm.es\/proyectoluceviroms\/wp-json\/wp\/v2\/comments?post=165"}],"version-history":[{"count":14,"href":"https:\/\/blog.uclm.es\/proyectoluceviroms\/wp-json\/wp\/v2\/pages\/165\/revisions"}],"predecessor-version":[{"id":954,"href":"https:\/\/blog.uclm.es\/proyectoluceviroms\/wp-json\/wp\/v2\/pages\/165\/revisions\/954"}],"wp:attachment":[{"href":"https:\/\/blog.uclm.es\/proyectoluceviroms\/wp-json\/wp\/v2\/media?parent=165"}],"curies":[{"name":"wp","href":"https:\/\/api.w.org\/{rel}","templated":true}]}}