{"id":37,"date":"2022-04-26T21:39:43","date_gmt":"2022-04-26T20:39:43","guid":{"rendered":"https:\/\/blog.uclm.es\/proyectogotsustertech\/?page_id=37"},"modified":"2023-01-25T07:10:54","modified_gmt":"2023-01-25T07:10:54","slug":"6-scientific-technical-social-economic-impact","status":"publish","type":"page","link":"https:\/\/blog.uclm.es\/proyectogotsustertech\/6-scientific-technical-social-economic-impact\/","title":{"rendered":"6. Scientific, technical, social &amp; economic impact"},"content":{"rendered":"<p>actualizado enero 2023<\/p>\n<p><strong>Scientific impact<\/strong><\/p>\n<p>Por encima de lo esperado para un proyecto de estas caracter\u00edsticas con 4 publicaciones ya realizadas, dos enviadas y varias m\u00e1s en preparaci\u00f3n. Dos presentaciones en congreso (y otras dos en breve). Solamente se est\u00e1n incluyendo datos de relevancia cient\u00edfica y no tecnol\u00f3gica para no comprometer el valor a\u00f1adido del proyecto. En particular hay que destacar:<\/p>\n<ul>\n<li>se han caracterizado con sistemas reales la movilidad electrocin\u00e9tica obteni\u00e9ndose resultados muy diferentes a los esperable de acuerdo con la experimentaci\u00f3n de laboratorio con muestras sint\u00e9ticas<\/li>\n<li>Se ha constatado la viabilidad de tratamientos de lodos y aguas y se est\u00e1 viendo como implementar los de gases teniendo en cuenta la aparici\u00f3n de una situaci\u00f3n no esperada en su evoluci\u00f3n<\/li>\n<\/ul>\n<p>Ambos puntos tienen una importancia muy elevada desde el punto de vista de avance del conocimiento<\/p>\n<p><strong>Technical impact<\/strong><\/p>\n<p>Por encima de lo esperado<\/p>\n<ul>\n<li>Se ha realizado un dise\u00f1o de ingenier\u00eda para una instalaci\u00f3n real de descontaminaci\u00f3n con un tama\u00f1o que permite su replicaci\u00f3n para uso en situaciones reales<\/li>\n<li>Se han buscado suministradores de los equipamientos a nivel industrial lo que ayuda en la generaci\u00f3n de una cadena de valor realista<\/li>\n<li>Se ha realizado un estudio sobre seguridad industrial y medioambiental que no se cre\u00eda necesario pero que supone un avance de conocimiento muy importante<\/li>\n<li>Se ha realizado un estudio sobre operatividad del proceso<\/li>\n<li>La aplicaci\u00f3n a mayor escala se ha planificado para hacerla por replicaci\u00f3n ya que el tama\u00f1o es el m\u00e1ximo para este tipo de procesos de acuerdo con el estado de conocimientos<\/li>\n<li>Cuando se complete el estudio supondr\u00e1 la mayor aplicaci\u00f3n ambiental conocida en este campo de tecnolog\u00edas electroqu\u00edmicas, constituyendose en ejemplo a nivel mundial.<\/li>\n<\/ul>\n<p><strong>Social impact<\/strong><\/p>\n<p>Posibilidad real de descontaminar una balsa fuertemente contaminada utilizando tecnolog\u00eda desarrollada en proyectos investigaci\u00f3n con importantes implicaciones en salud de las personas en la comarca del alto G\u00e1llego, dada la peligrosidad de los emplazamientos contaminados.<\/p>\n<p><strong>Economic impact<\/strong><\/p>\n<ul>\n<li>Tecnolog\u00eda implementable en otros emplazamientos contaminados. Se est\u00e1 generando un know how con gran posibilidad de aplicabilidad. Posibilidad de explotar la tecnolog\u00eda en emplazamientos similares<\/li>\n<li>Generaci\u00f3n de una cadena de valor con una instituci\u00f3n publica (gobierno de Arag\u00f3n) y una empresa p\u00fablica (EMGRISA) y con suministradores industriales de cada uno de los componentes necesarios<\/li>\n<\/ul>\n<p><strong>Internationalization Impact<\/strong><\/p>\n<ul>\n<li>Se ha colaborado con grupo profesora Elisama Vieira (Universidad Federal de Rio Grande do Norte) a trav\u00e9s de tesis en cotutela de Joao Henrique de Melo en la caracterizaci\u00f3n de la movilidad de contaminantes en el lodo y evaluaci\u00f3n en gases. Se han obtenido 4 publicaciones de esta colaboraci\u00f3n y la defensa de la tesis<\/li>\n<li>Se ha colaborado con Universidad de Gabes (Tunez) mediante estancia de la ingeniera Najia Hamroini para el desarrollo de tecnolog\u00e1is EAOP para el tratamiento de l\u00edquido. En v\u00edas de preparaci\u00f3n de un manuscrito<\/li>\n<li>Colaboraci\u00f3n con USP (Brasil) en aplicaci\u00f3n de proceso electrofenton. En v\u00edas de preparaci\u00f3n un manuscrito<\/li>\n<li>Se\u00a0 ha colaborado con grupo profesor Vitor Vilar (Universidad e Porto) en movilidad de gases y retenci\u00f3n de lindano por medio de GAC (estancia predoctoral de Paula Remor). En v\u00edas de preparaci\u00f3n dos manuscritos.<\/li>\n<li>Se ha colaborado con grupo de Ivonne Linares en cuanto a tratamiento de gases producidos en el lodo (estancia predoctoral Rocio Gir\u00f3n). Los resultados demostraron que la movilidad es muy reducida por condensaci\u00f3n, lo que se verifico con otros compuestos de mayor volatilidad. Una publicaci\u00f3n enviada.<\/li>\n<li>Se ha conseguido financiaci\u00f3n de proyecto europeo SOILOLIVE para implementaci\u00f3n de tecnolog\u00eda con base electroqu\u00edmica a la eliminaci\u00f3n de contaminantes procedentes de pesticidas en suelos de olivar<\/li>\n<\/ul>\n","protected":false},"excerpt":{"rendered":"<p>actualizado enero 2023 Scientific impact Por encima de lo esperado para un proyecto de estas caracter\u00edsticas con 4 publicaciones ya realizadas, dos enviadas y varias m\u00e1s en preparaci\u00f3n. Dos presentaciones en congreso (y otras dos en breve). Solamente se est\u00e1n incluyendo datos de relevancia cient\u00edfica y no tecnol\u00f3gica para no comprometer el valor a\u00f1adido del &hellip; <a href=\"https:\/\/blog.uclm.es\/proyectogotsustertech\/6-scientific-technical-social-economic-impact\/\" class=\"more-link\">Seguir leyendo <span class=\"screen-reader-text\">6. Scientific, technical, social &amp; economic impact<\/span> <span class=\"meta-nav\">&rarr;<\/span><\/a><\/p>\n","protected":false},"author":213,"featured_media":0,"parent":0,"menu_order":0,"comment_status":"closed","ping_status":"closed","template":"","meta":{"footnotes":""},"class_list":["post-37","page","type-page","status-publish","hentry"],"_links":{"self":[{"href":"https:\/\/blog.uclm.es\/proyectogotsustertech\/wp-json\/wp\/v2\/pages\/37","targetHints":{"allow":["GET"]}}],"collection":[{"href":"https:\/\/blog.uclm.es\/proyectogotsustertech\/wp-json\/wp\/v2\/pages"}],"about":[{"href":"https:\/\/blog.uclm.es\/proyectogotsustertech\/wp-json\/wp\/v2\/types\/page"}],"author":[{"embeddable":true,"href":"https:\/\/blog.uclm.es\/proyectogotsustertech\/wp-json\/wp\/v2\/users\/213"}],"replies":[{"embeddable":true,"href":"https:\/\/blog.uclm.es\/proyectogotsustertech\/wp-json\/wp\/v2\/comments?post=37"}],"version-history":[{"count":2,"href":"https:\/\/blog.uclm.es\/proyectogotsustertech\/wp-json\/wp\/v2\/pages\/37\/revisions"}],"predecessor-version":[{"id":52,"href":"https:\/\/blog.uclm.es\/proyectogotsustertech\/wp-json\/wp\/v2\/pages\/37\/revisions\/52"}],"wp:attachment":[{"href":"https:\/\/blog.uclm.es\/proyectogotsustertech\/wp-json\/wp\/v2\/media?parent=37"}],"curies":[{"name":"wp","href":"https:\/\/api.w.org\/{rel}","templated":true}]}}