{"id":29,"date":"2022-04-26T21:35:54","date_gmt":"2022-04-26T20:35:54","guid":{"rendered":"https:\/\/blog.uclm.es\/proyectogotsustertech\/?page_id=29"},"modified":"2023-01-25T07:13:57","modified_gmt":"2023-01-25T07:13:57","slug":"7-acknowledgements","status":"publish","type":"page","link":"https:\/\/blog.uclm.es\/proyectogotsustertech\/7-acknowledgements\/","title":{"rendered":"7. Acknowledgements"},"content":{"rendered":"<p>Proyectos I+D+i para la realizaci\u00f3n de \u00abPrueba de Concepto\u00bb 2021<br \/>\nProyecto PDC2021-121105-I00 financiado por MCIN\/AEI \/10.13039\/501100011033 y por la Uni\u00f3n Europea Next GenerationEU\/ PRTR<\/p>\n<p>Universidad de Castilla La Mancha<\/p>\n<p><a href=\"https:\/\/www.uclm.es\/\">Universidad de Castilla &#8211; La Mancha (uclm.es)<\/a><\/p>\n<p>Gobierno Arag\u00f3n<\/p>\n<p><a href=\"http:\/\/www.stoplindano.es\/\">StopLindano &#8211; Gobierno de Arag\u00f3n<\/a><\/p>\n<p>Emgrisa<\/p>\n<p><a href=\"https:\/\/www.emgrisa.es\/\">Gesti\u00f3n de residuos, tratamiento de suelos y aguas &#8211; Emgrisa<\/a><\/p>\n","protected":false},"excerpt":{"rendered":"<p>Proyectos I+D+i para la realizaci\u00f3n de \u00abPrueba de Concepto\u00bb 2021 Proyecto PDC2021-121105-I00 financiado por MCIN\/AEI \/10.13039\/501100011033 y por la Uni\u00f3n Europea Next GenerationEU\/ PRTR Universidad de Castilla La Mancha Universidad de Castilla &#8211; La Mancha (uclm.es) Gobierno Arag\u00f3n StopLindano &#8211; Gobierno de Arag\u00f3n Emgrisa Gesti\u00f3n de residuos, tratamiento de suelos y aguas &#8211; Emgrisa<\/p>\n","protected":false},"author":213,"featured_media":0,"parent":0,"menu_order":0,"comment_status":"closed","ping_status":"closed","template":"","meta":{"footnotes":""},"class_list":["post-29","page","type-page","status-publish","hentry"],"_links":{"self":[{"href":"https:\/\/blog.uclm.es\/proyectogotsustertech\/wp-json\/wp\/v2\/pages\/29","targetHints":{"allow":["GET"]}}],"collection":[{"href":"https:\/\/blog.uclm.es\/proyectogotsustertech\/wp-json\/wp\/v2\/pages"}],"about":[{"href":"https:\/\/blog.uclm.es\/proyectogotsustertech\/wp-json\/wp\/v2\/types\/page"}],"author":[{"embeddable":true,"href":"https:\/\/blog.uclm.es\/proyectogotsustertech\/wp-json\/wp\/v2\/users\/213"}],"replies":[{"embeddable":true,"href":"https:\/\/blog.uclm.es\/proyectogotsustertech\/wp-json\/wp\/v2\/comments?post=29"}],"version-history":[{"count":2,"href":"https:\/\/blog.uclm.es\/proyectogotsustertech\/wp-json\/wp\/v2\/pages\/29\/revisions"}],"predecessor-version":[{"id":54,"href":"https:\/\/blog.uclm.es\/proyectogotsustertech\/wp-json\/wp\/v2\/pages\/29\/revisions\/54"}],"wp:attachment":[{"href":"https:\/\/blog.uclm.es\/proyectogotsustertech\/wp-json\/wp\/v2\/media?parent=29"}],"curies":[{"name":"wp","href":"https:\/\/api.w.org\/{rel}","templated":true}]}}