{"id":11,"date":"2022-04-26T21:16:57","date_gmt":"2022-04-26T20:16:57","guid":{"rendered":"https:\/\/blog.uclm.es\/proyectogotsustertech\/?page_id=11"},"modified":"2022-04-26T21:16:57","modified_gmt":"2022-04-26T20:16:57","slug":"1-resumen","status":"publish","type":"page","link":"https:\/\/blog.uclm.es\/proyectogotsustertech\/","title":{"rendered":"1. Resumen"},"content":{"rendered":"<p>GOT-Sustertech<br \/>\nPDC2021-121105-I00<br \/>\nSubiendo de nivel en la aplicaci\u00f3n de tecnolog\u00edas sostenibles de remediaci\u00f3n de la contaminaci\u00f3n por compuestos organoclorados asociada a actividades industriales<\/p>\n<p>SUSTERTECH4CH se centr\u00f3 en el desarrollo hasta TRL 4-5 de nuevos procesos tecnol\u00f3gicos electroqu\u00edmicos destinados a minimizar el impacto ambiental de las actividades industriales que utilizan o producen hidrocarburos clorados. Su visi\u00f3n multiescala (de laboratorio a prototipo) explica parte del \u00e9xito alcanzado desde lo cient\u00edfico (m\u00e1s de 100 publicaciones de alto impacto) a la transferencia, con parte de los hallazgos ya transferidos (los relacionados con el tratamiento del suelo) y otra parte que est\u00e1n destinados a ser transferidos a lo largo de este nuevo proyecto (los relacionados con el tratamiento de lodos, l\u00edquidos y emisiones gaseosas). En este sentido, la DGA (Gobierno de Arag\u00f3n) y la empresa p\u00fablica EMGRISA est\u00e1n fuertemente motivadas para ayudarnos a elevar el nivel de disponibilidad tecnol\u00f3gico<br \/>\n(TRL) de nuestras tecnolog\u00edas, tras la exitosa colaboraci\u00f3n previa ya iniciada. Tanto la instituci\u00f3n como la empresa p\u00fablica est\u00e1n firmemente comprometidas con la remediaci\u00f3n de uno de los sitios contaminados m\u00e1s peligrosos de Espa\u00f1a y tres especialistas se han unido a nuestro equipo de trabajo, siendo imprescindibles para el \u00e9xito de esta propuesta. En este sentido, este proyecto transferir\u00e1 nuestra tecnolog\u00eda de tratamiento de residuos mediante la realizaci\u00f3n de dos casos de estudio en los que se afrontar\u00e1 al desmantelamiento del dep\u00f3sito de lodos de Sardas utilizando tecnolog\u00eda asistida electroqu\u00edmicamente y aumentando el TRL de nuestras tecnolog\u00edas hasta 7. Esta balsa, de 50&#215;25 metros cuadrados, acumula un espesor de m\u00e1s de 1 m de lodo organoclorado fuertemente contaminado. El desmantelamiento del estanque se considera una operaci\u00f3n cr\u00edtica, con un riesgo muy alto de afectar al medio ambiente. Nuestra tecnolog\u00eda ha sido identificada como una soluci\u00f3n viable. Los procesos electrocin\u00e9ticos y el calentamiento \u00f3hmico mejorar\u00edan las<br \/>\ncondiciones para la eliminaci\u00f3n de lodos en condiciones seguras, mientras que los dem\u00e1s procesos electroqu\u00edmicos desarrollados en nuestro proyecto de investigaci\u00f3n lograr\u00e1n el tratamiento completo de los lodos, lixiviados y los gases generados en el desmantelamiento. La energ\u00eda solar fotovoltaica se utilizar\u00e1 para un enfoque m\u00e1s sostenible de acuerdo con la visi\u00f3n de nuestro proyecto. Nuestro objetivo es primero subir el TRL desde 4-5 hasta TRL 6 ajustando nuestra tecnolog\u00eda a las condiciones de la balsa de lodos Sardas. A continuaci\u00f3n, nuestro objetivo es dise\u00f1ar, parcelar e implementar la remediaci\u00f3n de dos parcelas del estanque (7&#215;7 m2) en condiciones de verano e invierno elevando TRL hasta 7. Vamos a proporcionar al sector p\u00fablico de una herramienta importante desde la que la inversi\u00f3n en investigaci\u00f3n puede ser reembolsada de nuevo a la Sociedad, mientras estamos resolviendo un problema ambiental<br \/>\ndram\u00e1ticamente importante con relevancia mundial. Por \u00faltimo, se pretende consolidar un conocimiento experto que pueda ser utilizado por la Sociedad en futuras acciones, desarrollando la cadena de valor completa para obtener un valor a\u00f1adido a nuestra propuesta mediante la generaci\u00f3n del consorcio capaz de aplicar la tecnolog\u00eda y enfrentarse a muchos otros sitios contaminados en todo el mundo, ya sea directamente o mediante el licenciamiento de la tecnolog\u00eda, intentando aproximarnos a TRL 8.<\/p>\n","protected":false},"excerpt":{"rendered":"<p>GOT-Sustertech PDC2021-121105-I00 Subiendo de nivel en la aplicaci\u00f3n de tecnolog\u00edas sostenibles de remediaci\u00f3n de la contaminaci\u00f3n por compuestos organoclorados asociada a actividades industriales SUSTERTECH4CH se centr\u00f3 en el desarrollo hasta TRL 4-5 de nuevos procesos tecnol\u00f3gicos electroqu\u00edmicos destinados a minimizar el impacto ambiental de las actividades industriales que utilizan o producen hidrocarburos clorados. Su visi\u00f3n &hellip; <a href=\"https:\/\/blog.uclm.es\/proyectogotsustertech\/\" class=\"more-link\">Seguir leyendo <span class=\"screen-reader-text\">1. Resumen<\/span> <span class=\"meta-nav\">&rarr;<\/span><\/a><\/p>\n","protected":false},"author":213,"featured_media":0,"parent":0,"menu_order":0,"comment_status":"closed","ping_status":"closed","template":"","meta":{"footnotes":""},"class_list":["post-11","page","type-page","status-publish","hentry"],"_links":{"self":[{"href":"https:\/\/blog.uclm.es\/proyectogotsustertech\/wp-json\/wp\/v2\/pages\/11","targetHints":{"allow":["GET"]}}],"collection":[{"href":"https:\/\/blog.uclm.es\/proyectogotsustertech\/wp-json\/wp\/v2\/pages"}],"about":[{"href":"https:\/\/blog.uclm.es\/proyectogotsustertech\/wp-json\/wp\/v2\/types\/page"}],"author":[{"embeddable":true,"href":"https:\/\/blog.uclm.es\/proyectogotsustertech\/wp-json\/wp\/v2\/users\/213"}],"replies":[{"embeddable":true,"href":"https:\/\/blog.uclm.es\/proyectogotsustertech\/wp-json\/wp\/v2\/comments?post=11"}],"version-history":[{"count":0,"href":"https:\/\/blog.uclm.es\/proyectogotsustertech\/wp-json\/wp\/v2\/pages\/11\/revisions"}],"wp:attachment":[{"href":"https:\/\/blog.uclm.es\/proyectogotsustertech\/wp-json\/wp\/v2\/media?parent=11"}],"curies":[{"name":"wp","href":"https:\/\/api.w.org\/{rel}","templated":true}]}}