{"id":78,"date":"2022-01-15T14:00:31","date_gmt":"2022-01-15T13:00:31","guid":{"rendered":"https:\/\/blog.uclm.es\/proyectobioelectrominer2\/?page_id=78"},"modified":"2025-01-23T19:45:57","modified_gmt":"2025-01-23T18:45:57","slug":"congresos","status":"publish","type":"page","link":"https:\/\/blog.uclm.es\/proyectogeocentric\/congresos\/","title":{"rendered":"Congresos"},"content":{"rendered":"<p><em>Ester L\u00f3pez, Mart\u00edn Mu\u00f1oz, Javier Llanos, Francisco Jes\u00fas Fern\u00e1ndez-Morales. HTC doping of carbon felt anode to enhance metal recovery from acid mine drainage. XXVIIIth International Symposium on Bioelectrochemistry and Bioenergetics. 19th &#8211; 23rd May 2024 Alcal\u00e1 de Henares, Espa\u00f1a.<\/em><\/p>\n<p><em>Irene Acosta, Luis Rodr\u00edguez, Jos\u00e9 Villase\u00f1or. Bioleaching of Metal-polluted Mine Tailings: In-Situ Activation of Bioleaching Mechanisms by means of Electrokinetics. In: 7th Eurasia Waste Management Symposium. Esenler, Istanbul (Turkey), 2024.<\/em><\/p>\n","protected":false},"excerpt":{"rendered":"<p>Ester L\u00f3pez, Mart\u00edn Mu\u00f1oz, Javier Llanos, Francisco Jes\u00fas Fern\u00e1ndez-Morales. HTC doping of carbon felt anode to enhance metal recovery from acid mine drainage. XXVIIIth International Symposium on Bioelectrochemistry and Bioenergetics. 19th &#8211; 23rd May 2024 Alcal\u00e1 de Henares, Espa\u00f1a. Irene &hellip; <a href=\"https:\/\/blog.uclm.es\/proyectogeocentric\/congresos\/\">Sigue leyendo <span class=\"meta-nav\">&rarr;<\/span><\/a><\/p>\n","protected":false},"author":150,"featured_media":0,"parent":0,"menu_order":0,"comment_status":"closed","ping_status":"closed","template":"","meta":{"footnotes":""},"class_list":["post-78","page","type-page","status-publish","hentry"],"_links":{"self":[{"href":"https:\/\/blog.uclm.es\/proyectogeocentric\/wp-json\/wp\/v2\/pages\/78","targetHints":{"allow":["GET"]}}],"collection":[{"href":"https:\/\/blog.uclm.es\/proyectogeocentric\/wp-json\/wp\/v2\/pages"}],"about":[{"href":"https:\/\/blog.uclm.es\/proyectogeocentric\/wp-json\/wp\/v2\/types\/page"}],"author":[{"embeddable":true,"href":"https:\/\/blog.uclm.es\/proyectogeocentric\/wp-json\/wp\/v2\/users\/150"}],"replies":[{"embeddable":true,"href":"https:\/\/blog.uclm.es\/proyectogeocentric\/wp-json\/wp\/v2\/comments?post=78"}],"version-history":[{"count":1,"href":"https:\/\/blog.uclm.es\/proyectogeocentric\/wp-json\/wp\/v2\/pages\/78\/revisions"}],"predecessor-version":[{"id":103,"href":"https:\/\/blog.uclm.es\/proyectogeocentric\/wp-json\/wp\/v2\/pages\/78\/revisions\/103"}],"wp:attachment":[{"href":"https:\/\/blog.uclm.es\/proyectogeocentric\/wp-json\/wp\/v2\/media?parent=78"}],"curies":[{"name":"wp","href":"https:\/\/api.w.org\/{rel}","templated":true}]}}