{"id":69,"date":"2022-01-15T13:45:17","date_gmt":"2022-01-15T12:45:17","guid":{"rendered":"https:\/\/blog.uclm.es\/proyectobioelectrominer2\/?page_id=69"},"modified":"2025-01-23T20:17:58","modified_gmt":"2025-01-23T19:17:58","slug":"articulos-publicados","status":"publish","type":"page","link":"https:\/\/blog.uclm.es\/proyectogeocentric\/articulos-publicados\/","title":{"rendered":"Art\u00edculos publicados"},"content":{"rendered":"<pre>\u00a0<\/pre>\n<p><em>Acosta Hern\u00e1ndez, I.; Mu\u00f1oz Morales, M.; Fern\u00e1ndez Morales, F.J.; Rodr\u00edguez Romero, L.; Villase\u00f1or Camacho, J. Bioleaching of Metal-Polluted Mine Tailings: A Comparative Approach Between Ex Situ Slurry-Phase Stirred Reactors Versus In Situ Electrokinetic Percolation. Appl. Sci. <strong>2024<\/strong>, 14, 11756. <a href=\"https:\/\/doi.org\/10.3390\/app142411756\">https:\/\/doi.org\/10.3390\/app142411756<\/a><br \/><br \/><br \/>S. Potrykus, J. Nieznanski, F. Kutt, F.J. Fernnandez Morales. <\/em><em>Modeling the effect of external load variations on single, serie and parallel connected microbial fuel cells, Bioresource Technology, <strong>2025<\/strong>, Volume 416, 131761, ISSN 0960-8524,<\/em><br \/><br \/><a href=\"https:\/\/doi.org\/10.1016\/j.biortech.2024.131761\"><em>https:\/\/doi.org\/10.1016\/j.biortech.2024.131761<\/em><\/a><br \/><br \/><em>\u00a0<\/em><br \/><br \/><em>Yelitza Delgado, Natalia Tapia, Ester L\u00f3pez, Javier Llanos, Ignacio Vargas, Francisco Jes\u00fas Fern\u00e1ndez-Morales, Energy and copper recovery from acid mine drainage by microbial fuel cells. Effect of the hydrochar doping on carbon felt anodes, Separation and Purification Technology, <strong>2025<\/strong>, Volume 354, Part 5, 129095, ISSN 1383-5866,<\/em><br \/><br \/><a href=\"https:\/\/doi.org\/10.1016\/j.seppur.2024.129095\"><em>https:\/\/doi.org\/10.1016\/j.seppur.2024.129095<\/em><\/a><br \/><br \/><em>\u00a0<\/em><br \/><br \/><em>Acosta Hern\u00e1ndez, I., Alonso-Azc\u00e1rate, J., Fern\u00e1ndez-Morales, F.J. et al. Intensified Bioaugmentation as a Strategy to Enhance Bioleaching of Mine Tailings with High Metal Content. Water Air Soil Pollut <strong>2025<\/strong>, 236, 45.<\/em><br \/><br \/><a href=\"https:\/\/doi.org\/10.1007\/s11270-024-07681-6\"><em>https:\/\/doi.org\/10.1007\/s11270-024-07681-6<\/em><\/a><br \/><br \/><em>\u00a0<\/em><\/p>\n\n\n<p><\/p>\n","protected":false},"excerpt":{"rendered":"<p>\u00a0 Acosta Hern\u00e1ndez, I.; Mu\u00f1oz Morales, M.; Fern\u00e1ndez Morales, F.J.; Rodr\u00edguez Romero, L.; Villase\u00f1or Camacho, J. Bioleaching of Metal-Polluted Mine Tailings: A Comparative Approach Between Ex Situ Slurry-Phase Stirred Reactors Versus In Situ Electrokinetic Percolation. Appl. Sci. 2024, 14, 11756. &hellip; <a href=\"https:\/\/blog.uclm.es\/proyectogeocentric\/articulos-publicados\/\">Sigue leyendo <span class=\"meta-nav\">&rarr;<\/span><\/a><\/p>\n","protected":false},"author":150,"featured_media":0,"parent":0,"menu_order":0,"comment_status":"closed","ping_status":"closed","template":"","meta":{"footnotes":""},"class_list":["post-69","page","type-page","status-publish","hentry"],"_links":{"self":[{"href":"https:\/\/blog.uclm.es\/proyectogeocentric\/wp-json\/wp\/v2\/pages\/69","targetHints":{"allow":["GET"]}}],"collection":[{"href":"https:\/\/blog.uclm.es\/proyectogeocentric\/wp-json\/wp\/v2\/pages"}],"about":[{"href":"https:\/\/blog.uclm.es\/proyectogeocentric\/wp-json\/wp\/v2\/types\/page"}],"author":[{"embeddable":true,"href":"https:\/\/blog.uclm.es\/proyectogeocentric\/wp-json\/wp\/v2\/users\/150"}],"replies":[{"embeddable":true,"href":"https:\/\/blog.uclm.es\/proyectogeocentric\/wp-json\/wp\/v2\/comments?post=69"}],"version-history":[{"count":2,"href":"https:\/\/blog.uclm.es\/proyectogeocentric\/wp-json\/wp\/v2\/pages\/69\/revisions"}],"predecessor-version":[{"id":115,"href":"https:\/\/blog.uclm.es\/proyectogeocentric\/wp-json\/wp\/v2\/pages\/69\/revisions\/115"}],"wp:attachment":[{"href":"https:\/\/blog.uclm.es\/proyectogeocentric\/wp-json\/wp\/v2\/media?parent=69"}],"curies":[{"name":"wp","href":"https:\/\/api.w.org\/{rel}","templated":true}]}}