{"id":59,"date":"2021-11-03T23:17:11","date_gmt":"2021-11-03T22:17:11","guid":{"rendered":"http:\/\/blog.uclm.es\/proyectobioelectrominer2\/?page_id=59"},"modified":"2025-01-23T19:58:13","modified_gmt":"2025-01-23T18:58:13","slug":"paquetes-de-trabajo","status":"publish","type":"page","link":"https:\/\/blog.uclm.es\/proyectogeocentric\/paquetes-de-trabajo\/","title":{"rendered":"Paquetes de trabajo"},"content":{"rendered":"<p><strong>PT1 COORDINACI\u00d3N T\u00c9CNICA DEL PROYECTO Y GESTI\u00d3N ECON\u00d3MICA.<\/strong><\/p>\n<p><em>T1.1: Gesti\u00f3n de la coordinaci\u00f3n cient\u00edfica. <\/em>H1.1:<\/p>\n<p><em>T1.2: Gesti\u00f3n de la contrataci\u00f3n de personal. <\/em>H1.3:<\/p>\n<p><em>T1.3: Gesti\u00f3n de adquisiciones y gastos. <\/em>H1.4:<\/p>\n<p><em>T1.4: Preparaci\u00f3n de informes de seguimiento cient\u00edfico t\u00e9cnico para JCCM. <\/em>H1.5:<\/p>\n<p><em>T1.5: Preparaci\u00f3n de informes justificativos econ\u00f3micos para JCCM. <\/em><\/p>\n<p><em>T1.6: Gesti\u00f3n de la propiedad intelectual. <\/em>H1.8<\/p>\n<p><strong>\u00a0<\/strong><\/p>\n<p><strong>PT2 GESTI\u00d3N DEL CONOCIMIENTO GENERADO.<\/strong><\/p>\n<p><em>T2.1: Coordinaci\u00f3n de conocimientos obtenidos en el desarrollo del proyecto. <\/em>H2.1<\/p>\n<p><em>T2.2: Desarrollo y mantenimiento de un weblog. <\/em>H2.3<\/p>\n<p><em>T2.3: Organizaci\u00f3n de workshop cient\u00edfico tecnol\u00f3gico. <\/em>H2.5<\/p>\n<p><em>T2.4: Coordinaci\u00f3n de la comunicaci\u00f3n externa de conocimientos.\u00a0 <\/em>H2.6<\/p>\n<p><em>T2.5. Difusi\u00f3n en abierto de resultados de investigaci\u00f3n. <\/em>H2.9<\/p>\n<p><em>T2.6. Informe final y preparaci\u00f3n pr\u00f3ximos proyectos. <\/em>H2.10<\/p>\n<p><strong>PT3. CARACTERIZACI\u00d3N DE LOS RESIDUOS DE ALTO CONTENIDO EN METALES SOMETIDOS A ESTUDIO.<\/strong><\/p>\n<p><em>T3.1 Recopilaci\u00f3n de informaci\u00f3n adicional y permisos de acceso<\/em>.<\/p>\n<p><em>T3.2 Caracterizaci\u00f3n de los residuos<\/em>.<\/p>\n<p><em>T3.3 Selecci\u00f3n de residuos para experimentaci\u00f3n<\/em>.<\/p>\n<p><strong>\u00a0<\/strong><\/p>\n<p><strong>PT4. RESTAURACI\u00d3N AMBIENTAL MEDIANTE T\u00c9CNICAS NATURALES Y ELECTROCIN\u00c9TICAS.<\/strong><\/p>\n<p><em>T4.1. Estudio de los procesos de fitorremediaci\u00f3n asistida. <\/em><\/p>\n<p><em>T4.2. Estudio de los procesos de biorremediaci\u00f3n asistida. <\/em><\/p>\n<p><strong>\u00a0<\/strong><\/p>\n<p><strong>PT5. VALORIZACI\u00d3N DE LA BIOMASA VEGETAL GENERADA.<\/strong><\/p>\n<p><em>T5.1. S\u00edntesis y caracterizaci\u00f3n del hidrochar. <\/em><\/p>\n<p><em>T5.2. Activaci\u00f3n qu\u00edmica y t\u00e9rmica del hidrochar.<\/em><\/p>\n<p><strong>\u00a0<\/strong><\/p>\n<p><strong>PT6. DESARROLLO DEL PROCESO DE BIO-ELECTROLAVADO PARA EXTRACCI\u00d3N DEL METAL.<\/strong><\/p>\n<p><em>T6.1 Selecci\u00f3n del in\u00f3culo y bio-electrolavado de residuos<\/em><\/p>\n<p><em>T6.2 Estudio de las condiciones de operaci\u00f3n sobre la eficiencia del proceso de bio-electrolavado<\/em><\/p>\n<p><em>T6.3. Optimizaci\u00f3n de las condiciones de operaci\u00f3n del proceso de bio-electrolavado<\/em><\/p>\n<p><strong>\u00a0<\/strong><\/p>\n<p><strong>PT7. BIO-ELECTRODEPOSICI\u00d3N DE METALES CONTENIDOS EN EFLUENTES L\u00cdQUIDOS.<\/strong><\/p>\n<p><em>T7.1. Dise\u00f1o, montaje y puesta en funcionamiento de los sistemas Bio-electroqu\u00edmicos<\/em>.<\/p>\n<p><em>T7.2. Estudio del proceso de concentraci\u00f3n mediante electrodi\u00e1lisis. <\/em><\/p>\n<p><em>T7.3. Estudio de las condiciones de operaci\u00f3n en el proceso de Bio-electrodeposici\u00f3n<\/em>.<\/p>\n<p><strong>\u00a0<\/strong><\/p>\n<p><strong>PT8. EVALUACI\u00d3N ECON\u00d3MICA Y AMBIENTAL DE LAS TECNOLOG\u00cdAS ENSAYADAS.<\/strong><\/p>\n<p><em>T8.1. Seguimiento ambiental del impacto de las t\u00e9cnicas ensayadas<\/em>.<\/p>\n<p><em>T8.2. An\u00e1lisis comparativo de tecnolog\u00edas. <\/em><\/p>\n","protected":false},"excerpt":{"rendered":"<p>PT1 COORDINACI\u00d3N T\u00c9CNICA DEL PROYECTO Y GESTI\u00d3N ECON\u00d3MICA. T1.1: Gesti\u00f3n de la coordinaci\u00f3n cient\u00edfica. H1.1: T1.2: Gesti\u00f3n de la contrataci\u00f3n de personal. H1.3: T1.3: Gesti\u00f3n de adquisiciones y gastos. H1.4: T1.4: Preparaci\u00f3n de informes de seguimiento cient\u00edfico t\u00e9cnico para JCCM. &hellip; <a href=\"https:\/\/blog.uclm.es\/proyectogeocentric\/paquetes-de-trabajo\/\">Sigue leyendo <span class=\"meta-nav\">&rarr;<\/span><\/a><\/p>\n","protected":false},"author":150,"featured_media":0,"parent":0,"menu_order":0,"comment_status":"closed","ping_status":"closed","template":"","meta":{"footnotes":""},"class_list":["post-59","page","type-page","status-publish","hentry"],"_links":{"self":[{"href":"https:\/\/blog.uclm.es\/proyectogeocentric\/wp-json\/wp\/v2\/pages\/59","targetHints":{"allow":["GET"]}}],"collection":[{"href":"https:\/\/blog.uclm.es\/proyectogeocentric\/wp-json\/wp\/v2\/pages"}],"about":[{"href":"https:\/\/blog.uclm.es\/proyectogeocentric\/wp-json\/wp\/v2\/types\/page"}],"author":[{"embeddable":true,"href":"https:\/\/blog.uclm.es\/proyectogeocentric\/wp-json\/wp\/v2\/users\/150"}],"replies":[{"embeddable":true,"href":"https:\/\/blog.uclm.es\/proyectogeocentric\/wp-json\/wp\/v2\/comments?post=59"}],"version-history":[{"count":1,"href":"https:\/\/blog.uclm.es\/proyectogeocentric\/wp-json\/wp\/v2\/pages\/59\/revisions"}],"predecessor-version":[{"id":108,"href":"https:\/\/blog.uclm.es\/proyectogeocentric\/wp-json\/wp\/v2\/pages\/59\/revisions\/108"}],"wp:attachment":[{"href":"https:\/\/blog.uclm.es\/proyectogeocentric\/wp-json\/wp\/v2\/media?parent=59"}],"curies":[{"name":"wp","href":"https:\/\/api.w.org\/{rel}","templated":true}]}}