{"id":55,"date":"2021-11-03T23:06:49","date_gmt":"2021-11-03T22:06:49","guid":{"rendered":"http:\/\/blog.uclm.es\/proyectobioelectrominer2\/?page_id=55"},"modified":"2025-01-23T19:49:52","modified_gmt":"2025-01-23T18:49:52","slug":"epos","status":"publish","type":"page","link":"https:\/\/blog.uclm.es\/proyectogeocentric\/epos\/","title":{"rendered":"EPOS"},"content":{"rendered":"<p>El proyecto est\u00e1 apoyado por una empresa privada y un organismo p\u00fablico que participan como EPOS y que est\u00e1n involucradas en diferentes estadios de la cadena de valor de la tecnolog\u00eda que se pretende desarrollar en GEOCENTRIC. Las entidades corresponden tanto al sector privado como al p\u00fablico:<\/p>\n<p>Fundaci\u00f3n ECOLEC: La Fundaci\u00f3n ECOLEC es una organizaci\u00f3n sin \u00e1nimo de lucro que nace para la defensa del medio ambiente y tiene un firme compromiso con el desarrollo sostenible. Su objetivo es organizar de forma eficiente la recogida, el tratamiento, la valorizaci\u00f3n y la eliminaci\u00f3n de los residuos de aparatos el\u00e9ctricos y electr\u00f3nicos (RAEE) y residuos de pilas y acumuladores, garantizando la responsabilidad ampliada de los productores incorporados. La organizaci\u00f3n cuenta con la certificaci\u00f3n ISO 9001 de calidad e ISO 14001 de medio ambiente, es Organizational Stakeholder de Global Reporting Initiative y socio del Pacto Mundial de las Naciones Unidas<\/p>\n<p>JUNTA DE COMUNIDADES DE CASTILLA-LA MANCHA (JCCM): Es un organismo p\u00fablico de autogobierno de la comunidad aut\u00f3noma de Castilla-La Mancha.<\/p>\n","protected":false},"excerpt":{"rendered":"<p>El proyecto est\u00e1 apoyado por una empresa privada y un organismo p\u00fablico que participan como EPOS y que est\u00e1n involucradas en diferentes estadios de la cadena de valor de la tecnolog\u00eda que se pretende desarrollar en GEOCENTRIC. Las entidades corresponden &hellip; <a href=\"https:\/\/blog.uclm.es\/proyectogeocentric\/epos\/\">Sigue leyendo <span class=\"meta-nav\">&rarr;<\/span><\/a><\/p>\n","protected":false},"author":150,"featured_media":0,"parent":0,"menu_order":0,"comment_status":"closed","ping_status":"closed","template":"","meta":{"footnotes":""},"class_list":["post-55","page","type-page","status-publish","hentry"],"_links":{"self":[{"href":"https:\/\/blog.uclm.es\/proyectogeocentric\/wp-json\/wp\/v2\/pages\/55","targetHints":{"allow":["GET"]}}],"collection":[{"href":"https:\/\/blog.uclm.es\/proyectogeocentric\/wp-json\/wp\/v2\/pages"}],"about":[{"href":"https:\/\/blog.uclm.es\/proyectogeocentric\/wp-json\/wp\/v2\/types\/page"}],"author":[{"embeddable":true,"href":"https:\/\/blog.uclm.es\/proyectogeocentric\/wp-json\/wp\/v2\/users\/150"}],"replies":[{"embeddable":true,"href":"https:\/\/blog.uclm.es\/proyectogeocentric\/wp-json\/wp\/v2\/comments?post=55"}],"version-history":[{"count":2,"href":"https:\/\/blog.uclm.es\/proyectogeocentric\/wp-json\/wp\/v2\/pages\/55\/revisions"}],"predecessor-version":[{"id":105,"href":"https:\/\/blog.uclm.es\/proyectogeocentric\/wp-json\/wp\/v2\/pages\/55\/revisions\/105"}],"wp:attachment":[{"href":"https:\/\/blog.uclm.es\/proyectogeocentric\/wp-json\/wp\/v2\/media?parent=55"}],"curies":[{"name":"wp","href":"https:\/\/api.w.org\/{rel}","templated":true}]}}