{"id":40,"date":"2021-11-03T22:39:43","date_gmt":"2021-11-03T21:39:43","guid":{"rendered":"http:\/\/blog.uclm.es\/proyectobioelectrominer2\/?page_id=40"},"modified":"2025-01-23T19:56:36","modified_gmt":"2025-01-23T18:56:36","slug":"investigadores","status":"publish","type":"page","link":"https:\/\/blog.uclm.es\/proyectogeocentric\/investigadores\/","title":{"rendered":"Investigadores"},"content":{"rendered":"<p><strong>Francisco Jes\u00fas Fern\u00e1ndez Morales<\/strong><br \/>\nCatedr\u00e1tico de Universidad. Departamento de Ingenier\u00eda Qu\u00edmica. Instituto de Tecnolog\u00eda Qu\u00edmica y Medioambiental. Ciudad Real.<\/p>\n<p><strong>Luis Rodr\u00edguez Romero<\/strong><br \/>\nCatedr\u00e1tico de Universidad. Departamento de Ingenier\u00eda Qu\u00edmica.Escuela T\u00e9cnica Superior de Ingenieros de Caminos Canales y Puertos. Ciudad Real.<\/p>\n<p><strong>Jos\u00e9 Villase\u00f1or Camacho<\/strong><br \/>\nCatedr\u00e1tico de Universidad. Departamento de Ingenier\u00eda Qu\u00edmica. Instituto de Tecnolog\u00eda Qu\u00edmica y Medioambiental. Ciudad Real.<\/p>\n<p><strong>Jacinto Alonso Azcarate<\/strong><br \/>\nCatedr\u00e1tico de Universidad. Departamento de Qu\u00edmica-F\u00edsica. Facultad de Ciencias Ambientales y Bioqu\u00edmica. Toledo.<\/p>\n<p><strong>Francisco Javier L\u00f3pez-Bellido Garrido<\/strong><br \/>\nCatedr\u00e1tico de Universidad. Departamento de Producci\u00f3n Vegetal y Tecnolog\u00eda Agraria. Escuela T\u00e9cnica Superior de Ingenieros Agr\u00f3nomos. Ciudad Real.<\/p>\n<p><strong>Javier Llanos L\u00f3pez<\/strong><br \/>\nCatedr\u00e1tico de Universidad. Departamento de Ingenier\u00eda Qu\u00edmica. Facultad de Ciencias y Tecnolog\u00edas Qu\u00edmicas. Ciudad Real.<\/p>\n<p><strong>Mart\u00edn Mu\u00f1oz Morales<\/strong><br \/>\nProfesor Titular de Universidad. Departamento de Ingenier\u00eda Qu\u00edmica. Escuela T\u00e9cnica de Ingenier\u00eda Agron\u00f3mica, de Montes y Biotecnolog\u00eda. Albacete.<\/p>\n<p><strong>Mar\u00eda Teresa Pin\u00e9s Pozo<\/strong><br \/>\nInvestigadora contratada. Departamento de Ingenier\u00eda Qu\u00edmica. Instituto de Tecnolog\u00eda Qu\u00edmica y Medioambiental. Ciudad Real.<\/p>\n","protected":false},"excerpt":{"rendered":"<p>Francisco Jes\u00fas Fern\u00e1ndez Morales Catedr\u00e1tico de Universidad. Departamento de Ingenier\u00eda Qu\u00edmica. Instituto de Tecnolog\u00eda Qu\u00edmica y Medioambiental. Ciudad Real. Luis Rodr\u00edguez Romero Catedr\u00e1tico de Universidad. Departamento de Ingenier\u00eda Qu\u00edmica.Escuela T\u00e9cnica Superior de Ingenieros de Caminos Canales y Puertos. Ciudad Real. &hellip; <a href=\"https:\/\/blog.uclm.es\/proyectogeocentric\/investigadores\/\">Sigue leyendo <span class=\"meta-nav\">&rarr;<\/span><\/a><\/p>\n","protected":false},"author":150,"featured_media":0,"parent":0,"menu_order":0,"comment_status":"closed","ping_status":"closed","template":"","meta":{"footnotes":""},"class_list":["post-40","page","type-page","status-publish","hentry"],"_links":{"self":[{"href":"https:\/\/blog.uclm.es\/proyectogeocentric\/wp-json\/wp\/v2\/pages\/40","targetHints":{"allow":["GET"]}}],"collection":[{"href":"https:\/\/blog.uclm.es\/proyectogeocentric\/wp-json\/wp\/v2\/pages"}],"about":[{"href":"https:\/\/blog.uclm.es\/proyectogeocentric\/wp-json\/wp\/v2\/types\/page"}],"author":[{"embeddable":true,"href":"https:\/\/blog.uclm.es\/proyectogeocentric\/wp-json\/wp\/v2\/users\/150"}],"replies":[{"embeddable":true,"href":"https:\/\/blog.uclm.es\/proyectogeocentric\/wp-json\/wp\/v2\/comments?post=40"}],"version-history":[{"count":2,"href":"https:\/\/blog.uclm.es\/proyectogeocentric\/wp-json\/wp\/v2\/pages\/40\/revisions"}],"predecessor-version":[{"id":107,"href":"https:\/\/blog.uclm.es\/proyectogeocentric\/wp-json\/wp\/v2\/pages\/40\/revisions\/107"}],"wp:attachment":[{"href":"https:\/\/blog.uclm.es\/proyectogeocentric\/wp-json\/wp\/v2\/media?parent=40"}],"curies":[{"name":"wp","href":"https:\/\/api.w.org\/{rel}","templated":true}]}}