{"id":31,"date":"2021-11-03T22:26:10","date_gmt":"2021-11-03T21:26:10","guid":{"rendered":"http:\/\/blog.uclm.es\/proyectobioelectrominer2\/?page_id=31"},"modified":"2025-01-23T19:58:47","modified_gmt":"2025-01-23T18:58:47","slug":"abstract","status":"publish","type":"page","link":"https:\/\/blog.uclm.es\/proyectogeocentric\/","title":{"rendered":"Resumen"},"content":{"rendered":"<p>La descontaminaci\u00f3n del medio natural es uno de los principales retos de la sociedad actual. En Castilla-La Mancha, la contaminaci\u00f3n de las aguas cobra especial importancia debido a la escasez de la misma, como desafortunadamente se est\u00e1 comprobando estos a\u00f1os, lo que podr\u00eda limitar su futuro desarrollo social y econ\u00f3mico. Adicionalmente, tambi\u00e9n se detectan problemas puntuales importantes de contaminaci\u00f3n del suelo, el cual es tambi\u00e9n un recurso natural necesario y no renovable que puede generar lixiviados que contaminen los recursos h\u00eddricos. La mayor parte de los problemas ambientales de suelos y recursos h\u00eddricos rese\u00f1ados tienen su origen en una gesti\u00f3n inexistente o ineficaz de los residuos de actividades humanas. La gesti\u00f3n adecuada de estos residuos, en el marco de la econom\u00eda circular, implicar\u00eda tanto la mitigaci\u00f3n de su impacto ambiental, como la recuperaci\u00f3n de los recursos valiosos contenidos en los mismos.<\/p>\n<p>En la actualidad, el elevado consumo de aparatos el\u00e9ctricos y electr\u00f3nicos est\u00e1 generando una elevada cantidad de Residuos de Aparatos El\u00e9ctricos y Electr\u00f3nicos (RAEE). Estos residuos poseen grandes cantidades de metales que, en el caso de no ser gestionados adecuadamente, podr\u00edan originar episodios de contaminaci\u00f3n. De forma paralela, Castilla-La Mancha presenta una larga tradici\u00f3n minera que data de la \u00e9poca romana; como consecuencia de la actividad minera realizada, se han generado una gran cantidad de residuos que, en muchos casos, se acumulan en los entornos mineros sin el tratamiento adecuado. Actualmente, estos Residuos Mineros se encuentran Abandonados (RMA) debido al cese de actividad de las empresas mineras, con los consiguientes problemas ambientales que ello genera.<\/p>\n<p>Ambos tipos de residuos, RMA y RAEE, se caracterizan por su elevado contenido en metales. De acuerdo con el l Plan Estrat\u00e9gico de Recursos Minerales no Energ\u00e9ticos de Castilla-La Mancha. Horizonte 2020 (PERMINE), los residuos mineros vertidos en escombreras, balsas o presas deben ser cuantificados y caracterizados, as\u00ed como evaluado el grado de reciclado o reutilizaci\u00f3n que podr\u00eda hacerse de los mismos para su valorizaci\u00f3n. Adicionalmente, en 2015 el gobierno nacional defini\u00f3 el Plan de Acci\u00f3n para la Econom\u00eda Circular con objeto de potenciar el reciclado y la valorizaci\u00f3n de los residuos de forma que los materiales y los recursos se mantengan en la econom\u00eda durante el mayor tiempo posible y de que se redujese al m\u00ednimo la generaci\u00f3n de residuos, pacto al que tambi\u00e9n se ha suscrito la Junta de Castilla la Mancha mediante su estrategia de Econom\u00eda Circular aprobada en el DOCM (17\/2021). La Estrategia Espa\u00f1ola de Econom\u00eda Circular (EEEC) se alinea con los objetivos de los dos planes de acci\u00f3n de econom\u00eda circular de la Uni\u00f3n Europea, \u201cCerrar el c\u00edrculo: un plan de acci\u00f3n de la UE para la econom\u00eda circular\u201d de 2015 y \u201cUn nuevo Plan de Acci\u00f3n de Econom\u00eda Circular para una Europa m\u00e1s limpia y competitiva\u201d de 2020, adem\u00e1s de con el Pacto Verde Europeo y la Agenda 2030 para el desarrollo sostenible.<\/p>\n<p>En este contexto, el proyecto GEOCENTRIC tiene como objetivo combinar biotecnolog\u00eda y tratamientos electroqu\u00edmicos para la descontaminaci\u00f3n y la recuperaci\u00f3n de los recursos materiales y energ\u00e9ticos contenidos en residuos de alto contenido met\u00e1lico mediante la aplicaci\u00f3n de principios de econom\u00eda circular. Para alcanzar este objetivo, el proyecto GEOCENTRIC abordar\u00e1 los siguientes aspectos:<\/p>\n<p>1) La caracterizaci\u00f3n de los metales contenidos en los RAEE y en los RMA (drenaje \u00e1cido de mina, y lodos de balsas mineras), con el fin de identificar los tipos de residuos m\u00e1s problem\u00e1ticos desde el punto de vista ambiental, as\u00ed como los m\u00e1s susceptibles de valorizaci\u00f3n mediante las tecnolog\u00edas a aplicar.<\/p>\n<p>2) Estudio de la viabilidad t\u00e9cnica de la aplicaci\u00f3n de t\u00e9cnicas naturales, fito y bio, acopladas a t\u00e9cnicas electrocin\u00e9ticas, para la descontaminaci\u00f3n de lodos de balsas mineras y escombreras abandonadas, as\u00ed como la eventual recuperaci\u00f3n de los metales y tierras raras contenidas.<\/p>\n<p>3) Estudio de la potencial valorizaci\u00f3n de la biomasa vegetal generada en entornos mineros, con alto contenido en metales, mediante procesos termoqu\u00edmicos de carbonizaci\u00f3n hidrotermal (HTC de sus siglas en ingl\u00e9s).<\/p>\n<p>4) Estudio de la viabilidad t\u00e9cnica de extracci\u00f3n de metales y tierras raras de inter\u00e9s contenidos en los RAEE y los RMA empleando bio-electroprocesos, con objeto de generar un efluente rico en metales.<\/p>\n<p>5) Estudio de la viabilidad t\u00e9cnica del proceso de bio-electro valorizaci\u00f3n energ\u00e9tica y material de los metales contenidos en el drenaje \u00e1cido de mina y en el efluente l\u00edquido, rico en metales, previamente obtenido en el proceso de extracci\u00f3n de metales realizados a los RMA y los RAEE.<\/p>\n<p>6) An\u00e1lisis econ\u00f3mico y ambiental de las medidas y tecnolog\u00edas estudiadas y realizaci\u00f3n de una propuesta de tratamiento combinado para la descontaminaci\u00f3n de los entornos mineros abandonados y la recuperaci\u00f3n de recursos.<\/p>\n<p>La consecuci\u00f3n de los objetivos establecidos permitir\u00e1 disponer de tecnolog\u00edas que puedan dar soluci\u00f3n a la gesti\u00f3n de los RMA, disminuyendo de este modo su impacto sobre el medioambiente, la salud y la econom\u00eda, lo que contribuir\u00eda al progreso y desarrollo de Castilla-La Mancha.<\/p>\n<p>La destacable experiencia y multidisciplinariedad del equipo que conforma la solicitud, as\u00ed como la participaci\u00f3n de dos EPOs, pertenecientes tanto al sector p\u00fablico como al privado, garantizan una adecuada transferencia de resultados al sector industrial (Fundaci\u00f3n ECOLEC), as\u00ed como a los organismos p\u00fablicos interesados (Junta de Comunidades de Castilla-La Mancha).<\/p>\n<p>GEOCENTRIC encaja perfectamente dentro de dos de las l\u00edneas prioritarias definidas en la Estrategia de Especializaci\u00f3n Inteligente (Smart Specialization Strategies, S3, por sus siglas en ingl\u00e9s) de Castilla-La Mancha para el periodo 2021-2027 (Desaf\u00edo 5: <em>Transici\u00f3n Energ\u00e9tica Justa e Inclusiva: Retos de la econom\u00eda circular<\/em> y Desaf\u00edo 6: <em>Fomento de la cultura innovadora en la regi\u00f3n<\/em>) as\u00ed como en las l\u00edneas estrat\u00e9gicas definidas en el Plan Nacional de Investigaci\u00f3n Cient\u00edfica, T\u00e9cnica y de Innovaci\u00f3n (PEICTI) 2020-2023 (Agrupaci\u00f3n tem\u00e1tica: Clima Energ\u00eda y Movilidad, L\u00ednea estrat\u00e9gica: Ciudades y Ecosistemas sostenibles). Las actuaciones del PEICTI est\u00e1n alineadas con los objetivos de Horizonte Europa y los 17 Objetivos de Desarrollo Sostenible (ODS) de la Agenda 2030. Asimismo, el objetivo se enmarca en el Reglamento de Disposiciones Comunes de los Fondos Europeos 2021-2027, concretamente en el art\u00edculo 5 \u201c<em>una Europa m\u00e1s verde, baja en carbono, en transici\u00f3n hacia una econom\u00eda con cero emisiones netas de carbono y resiliente, promoviendo una transici\u00f3n energ\u00e9tica limpia y equitativa, la inversi\u00f3n verde y azul, la econom\u00eda circular, la mitigaci\u00f3n y adaptaci\u00f3n al cambio clim\u00e1tico, la prevenci\u00f3n y gesti\u00f3n de riesgos y la movilidad urbana sostenible<\/em>\u201d y en el art\u00edculo 6, concretamente en el <em>Objetivo medioambiental y clim\u00e1tico<\/em>. Finalmente, los objetivo tambi\u00e9n se encuadran en el Programa Horizon Europe 2021-2027, concretamente dentro del cl\u00faster Clima, energ\u00eda y movilidad.<\/p>\n","protected":false},"excerpt":{"rendered":"<p>La descontaminaci\u00f3n del medio natural es uno de los principales retos de la sociedad actual. En Castilla-La Mancha, la contaminaci\u00f3n de las aguas cobra especial importancia debido a la escasez de la misma, como desafortunadamente se est\u00e1 comprobando estos a\u00f1os, &hellip; <a href=\"https:\/\/blog.uclm.es\/proyectogeocentric\/\">Sigue leyendo <span class=\"meta-nav\">&rarr;<\/span><\/a><\/p>\n","protected":false},"author":150,"featured_media":0,"parent":0,"menu_order":0,"comment_status":"closed","ping_status":"closed","template":"","meta":{"footnotes":""},"class_list":["post-31","page","type-page","status-publish","hentry"],"_links":{"self":[{"href":"https:\/\/blog.uclm.es\/proyectogeocentric\/wp-json\/wp\/v2\/pages\/31","targetHints":{"allow":["GET"]}}],"collection":[{"href":"https:\/\/blog.uclm.es\/proyectogeocentric\/wp-json\/wp\/v2\/pages"}],"about":[{"href":"https:\/\/blog.uclm.es\/proyectogeocentric\/wp-json\/wp\/v2\/types\/page"}],"author":[{"embeddable":true,"href":"https:\/\/blog.uclm.es\/proyectogeocentric\/wp-json\/wp\/v2\/users\/150"}],"replies":[{"embeddable":true,"href":"https:\/\/blog.uclm.es\/proyectogeocentric\/wp-json\/wp\/v2\/comments?post=31"}],"version-history":[{"count":1,"href":"https:\/\/blog.uclm.es\/proyectogeocentric\/wp-json\/wp\/v2\/pages\/31\/revisions"}],"predecessor-version":[{"id":109,"href":"https:\/\/blog.uclm.es\/proyectogeocentric\/wp-json\/wp\/v2\/pages\/31\/revisions\/109"}],"wp:attachment":[{"href":"https:\/\/blog.uclm.es\/proyectogeocentric\/wp-json\/wp\/v2\/media?parent=31"}],"curies":[{"name":"wp","href":"https:\/\/api.w.org\/{rel}","templated":true}]}}