{"id":87,"date":"2022-12-13T09:43:31","date_gmt":"2022-12-13T09:43:31","guid":{"rendered":"https:\/\/blog.uclm.es\/proyectofinanzasempiricas\/?page_id=87"},"modified":"2023-05-26T08:33:22","modified_gmt":"2023-05-26T08:33:22","slug":"congresos","status":"publish","type":"page","link":"https:\/\/blog.uclm.es\/proyectofinanzasempiricas\/congresos\/","title":{"rendered":"Congresos"},"content":{"rendered":"\n<p>Informaci\u00f3n relativa a la participaci\u00f3n de los equipos en congresos<\/p>\n\n\n\n<p>Boado, C. Nave, J.M., Oliva, L. and Toscano, D. (2022). Ponencia. Financial assets holding and retirement age of the UK population. VII Workshop in Economics and Finance. La R\u00e1bida, Huelva (Espa\u00f1a).<\/p>\n\n\n\n<p>Boado-Penas, M. C. (2023). Convention A, 19-23 September 2022 (online).<\/p>\n\n\n\n<p>Boado-Penas, M. C. (2022). 8<sup>th<\/sup> Hybrid Workshop on Risk Management and Insurance Research (RISK2022), Barcelona (Espa\u00f1a).<\/p>\n\n\n\n<p>Boado-Penas, M. C. (2023). Ponencia invitada. Pension system in the UK. European seminar on private pensions. Barcelona. (Espa\u00f1a)<\/p>\n\n\n\n<p>Boado-Penas, M. C. (2023). Ponencia invitada. Pension systems reforms. One World Actuarial Research Seminar. 26 April 2023. On-line.<\/p>\n\n\n\n<p>Boado-Penas, M. C. (2023). Ponencia invitada. Public pension systems: changing narratives, changing realities?. High level Event in cooperation with the Spanish Minister of Inclusion, Social Security and Migration. Brussels (B\u00e9lgica) 23 March. https:\/\/www.ceps.eu\/ceps-events\/public-pension-systems-changing-narratives-changing-realities\/<\/p>\n\n\n\n<p>Boado-Penas, M. C., Devolver, P. Sahin, S. and Sunyer, C (2022). Ponencia invitada., A Fixed Career Length versus a Fixed Retirement Age: An Analysis per Socio-Economic Groups. <em>Mathematical and Statistical Methods for Actuarial Sciences and Finance<\/em> (MAF), University of Salerno (Italia).<\/p>\n\n\n\n<p>Fullana, O., Priego, A.M. and Toscano, D. (2022). Ponencia: Risk-avoiding incentives and director compensation: Evidence from Spanish listed firms. World Finance Conference. Tur\u00edn (Italia). <\/p>\n\n\n\n<p>Fullana, O., Nave, J.M. and Ruiz, J. (2022). Eurozone GDP forecasting with micro-data: The role of conditional conservatism. VII Workshop in Economics and Finance. La R\u00e1bida, Huelva (Espa\u00f1a).<\/p>\n\n\n\n<p>Fullana, O., Nave, J.M. and Ruiz, J. (2022). Ponencia: Eurozone GDP forecasting with micro-data: The role of conditional conservatism. Cuenca Asset Pricing Meeting. Cuenca (Espa\u00f1a).<\/p>\n\n\n\n<p>Fullana, O., Nave, J.M. and Ruiz, J. (2022). Eurozone GDP forecasting with micro-data: The role of conditional conservatism. World Finance Conference. Turin (Italia).<\/p>\n\n\n\n<p>Garvey, A. M. (2022). True and Fair View\/Fair Presentation as a nexus between conventional accounting, sustainability accounting and Islamic accounting: Unifying three frameworks?. Conferencia invitada el 18 de noviembre de 2022, en Queens University Belfast (Irlanda del Norte).<\/p>\n\n\n\n<p>Garvey, A. M. (2022). True and Fair View\/Fair Presentation as a nexus between conventional accounting, sustainability accounting and Islamic accounting: Unifying three frameworks? Presentaci\u00f3n oral online en el 1<sup>st<\/sup> Disrupting Thinking Research Event. \u201cCOVID-19 Global Challenges &#8211; The Economic and Financial Dimensions\u201d el 18 de enero de 2022, Technology University Dublin (Irlanda).<\/p>\n\n\n\n<p>Garvey, A. M. (2022). True and Fair View\/Fair Presentation as a nexus between conventional accounting, sustainability accounting and Islamic accounting: Unifying three frameworks? Presentaci\u00f3n oral en el XX Encuentro Internacional ASEPUC el 8 al 10 de junio de 2022, Universidad de Sevilla. (Espa\u00f1a).<\/p>\n\n\n\n<p>Garvey, A. M. (2022). True and Fair View\/Fair Presentation as a nexus between conventional accounting, sustainability accounting and Islamic accounting: Unifying three frameworks? Presentaci\u00f3n oral en el Workshop on Accounting and Management Control Memorial Raymond Konopka el 23 al 24 de junio de 2022, Universidad de Burgos (Espa\u00f1a).<\/p>\n\n\n\n<p>Gonz\u00e1lez-S\u00e1nchez, M., Jim\u00e9nez, E.M.I. and Segovia San Juan, A.I. (2023). Responsabilidad social de las empresas, ampliaciones de capital y calidad de la informaci\u00f3n financiera: evidencia en pa\u00edses de la UE. XX Encuentro Internacional ASEPUC. Sevilla. (Espa\u00f1a).8-10 junio. Comunicaci\u00f3n premiada al mejor trabajo en \u201cAn\u00e1lisis de Estados Financieros y Mercados de Capitales\u201d.<\/p>\n\n\n\n<p>Gonz\u00e1lez-S\u00e1nchez, M. (2022). Ponencia: Where is the distribution tail threshold? A tale on tail and copulas in financial risk measurement. Cuenca Asset Pricing Meeting. Cuenca (Espa\u00f1a).<\/p>\n\n\n\n<p>Gonz\u00e1lez-S\u00e1nchez, M. (2023). Ponencia: Decomposing Beta. Cuenca&#8217;s Research in Security Prices. Cuenca. (Espa\u00f1a)<\/p>\n\n\n\n<p>Mar\u00edn, L., Nave, J.M., and Toscano, D. (2022). Ponencia. Did industry-specific ESG immunize US stock returns during COVID-19 crisis?&nbsp; VII Workshop in Economics and Finance. La R\u00e1bida, Huelva (Espa\u00f1a)<\/p>\n\n\n\n<p>Mart\u00ednez, J., Nave, J.M. and Ruiz, J. (2022). Risk Patterns in the European Tourism and Leisure Industry. La R\u00e1bida, Huelva (Espa\u00f1a).<\/p>\n\n\n\n<p>Mart\u00ednez, J., Nave, J.M. and Ruiz, J. (2022). Risk Patterns in the European Tourism and Leisure Industry. Cuenca Asset Pricing Meeting. Cuenca (Espa\u00f1a).<\/p>\n\n\n\n<p>Nave, J.M., Oliva, L y Toscano, D. (2022). Ponencia. Financial literacy and the financial behavior of adult Spaniards. Annual Event of Finance Research Letters. CEMLA Conference: New Advances In International Finance.<\/p>\n\n\n\n<p>Nave, J.M., Oliva, L. and Toscano, D. (2022). Ponencia. Home ownership, financial knowledge and financial behaviour of Spaniards. VII Workshop in Economics and Finance. La R\u00e1bida, Huelva (Espa\u00f1a)<\/p>\n\n\n\n<p>Vidal-Meli\u00e1, C. (2022). Life care annuities for retired couples: how costly would it actually be?. Conferencia invitada el 7 de septiembre de 2022, en el Instituto Complutense de An\u00e1lisis Econ\u00f3mico. UCM, Madrid. (Espa\u00f1a).<\/p>\n\n\n\n<p>Vidal-Meli\u00e1, C. (2022). Life care annuities for retired couples: how costly would it actually be?. Conferencia invitada el 15 de junio de 2022, en el marco del Ciclo WEBINAR-DEFC 2022, organizado por el Departamento de Econom\u00eda Financiera y Contabilidad de la ULPGC. Las Palmas de Gran Canaria. (Espa\u00f1a).<\/p>\n\n\n\n<p>Vidal Meli\u00e1, C., Garvey, A.M., Ventura Marco, M. y P\u00e9rez-Salamero Gonz\u00e1lez, J.M. (2022). A Country case study of the \u201cEXTENDED\u201d Table 29: ESPA\u00d1A. POSTER. XVIII Encuentro Internacional de la Asociaci\u00f3n Espa\u00f1ola de Profesores Universitarios de Matem\u00e1ticas para la econom\u00eda y la empresa. 16 y 17 de junio de 2022, Facultad de Econom\u00eda, Empresa y Turismo.&nbsp; Las Palmas de Gran Canaria. (Espa\u00f1a).<\/p>\n\n\n\n<p>Vidal Meli\u00e1, C., Ventura Marco, M. y P\u00e9rez-Salamero Gonz\u00e1lez, J.M (2022). Life Care Annuities for retired couples: How costly would it actually be?<em>. <\/em>POSTER. XVIII Encuentro Internacional de la Asociaci\u00f3n Espa\u00f1ola de Profesores Universitarios de Matem\u00e1ticas para la econom\u00eda y la empresa. 16 y 17 de junio de 2022, Facultad de Econom\u00eda, Empresa y Turismo. Las Palmas de Gran Canaria. (Espa\u00f1a).<\/p>\n","protected":false},"excerpt":{"rendered":"<p>Informaci\u00f3n relativa a la participaci\u00f3n de los equipos en congresos Boado, C. Nave, J.M., Oliva, L. and Toscano, D. (2022). Ponencia. Financial assets holding and retirement age of the UK population. VII Workshop in Economics and Finance. La R\u00e1bida, Huelva (Espa\u00f1a). Boado-Penas, M. C. (2023). Convention A, 19-23 September 2022 (online). Boado-Penas, M. C. (2022). &hellip; <a href=\"https:\/\/blog.uclm.es\/proyectofinanzasempiricas\/congresos\/\" class=\"more-link\">Seguir leyendo <span class=\"screen-reader-text\">Congresos<\/span> <span class=\"meta-nav\">&rarr;<\/span><\/a><\/p>\n","protected":false},"author":351,"featured_media":0,"parent":0,"menu_order":0,"comment_status":"closed","ping_status":"closed","template":"","meta":{"footnotes":""},"class_list":["post-87","page","type-page","status-publish","hentry"],"_links":{"self":[{"href":"https:\/\/blog.uclm.es\/proyectofinanzasempiricas\/wp-json\/wp\/v2\/pages\/87","targetHints":{"allow":["GET"]}}],"collection":[{"href":"https:\/\/blog.uclm.es\/proyectofinanzasempiricas\/wp-json\/wp\/v2\/pages"}],"about":[{"href":"https:\/\/blog.uclm.es\/proyectofinanzasempiricas\/wp-json\/wp\/v2\/types\/page"}],"author":[{"embeddable":true,"href":"https:\/\/blog.uclm.es\/proyectofinanzasempiricas\/wp-json\/wp\/v2\/users\/351"}],"replies":[{"embeddable":true,"href":"https:\/\/blog.uclm.es\/proyectofinanzasempiricas\/wp-json\/wp\/v2\/comments?post=87"}],"version-history":[{"count":3,"href":"https:\/\/blog.uclm.es\/proyectofinanzasempiricas\/wp-json\/wp\/v2\/pages\/87\/revisions"}],"predecessor-version":[{"id":146,"href":"https:\/\/blog.uclm.es\/proyectofinanzasempiricas\/wp-json\/wp\/v2\/pages\/87\/revisions\/146"}],"wp:attachment":[{"href":"https:\/\/blog.uclm.es\/proyectofinanzasempiricas\/wp-json\/wp\/v2\/media?parent=87"}],"curies":[{"name":"wp","href":"https:\/\/api.w.org\/{rel}","templated":true}]}}