{"id":418,"date":"2015-09-14T15:46:50","date_gmt":"2015-09-14T14:46:50","guid":{"rendered":"http:\/\/blog.uclm.es\/multilinguism\/?page_id=418"},"modified":"2023-03-10T09:55:13","modified_gmt":"2023-03-10T09:55:13","slug":"estudiantes-de-grado","status":"publish","type":"page","link":"https:\/\/blog.uclm.es\/proyectofelice\/research-2\/estudiantes-de-grado\/?lang=es","title":{"rendered":"Estudiantes de Grado"},"content":{"rendered":"<p>Los estudiantes de 4\u00ba curso de Grado (Estudios Ingleses, Lenguas Modernas) que deseen realizar un Trabajo de Fin de Grado relacionado con alguna de las tem\u00e1ticas tratadas por el proyecto FELICE pueden con el equipo del proyecto para discutir posibles temas de TFG.<\/p>\n<p>Cada curso acad\u00e9mico, un peque\u00f1o n\u00famero de alumnos podr\u00e1n colaborar con nuestro proyecto mediante la realizaci\u00f3n de un TFG sobre multiling\u00fcismo, di\u00e1logo intercultural y educaci\u00f3n ling\u00fc\u00edstica. Los estudiantes admitidos tendr\u00e1n acceso a los recursos que ofrece el proyecto (incluyendo bibliograf\u00eda y la posibilidad de asistir a nuestras actividades docentes).<\/p>\n<p>Una vez aprobado el TFG, el alumno recibir\u00e1 un certificado de su participaci\u00f3n en el Proyecto FELICE.<\/p>\n<p>Adem\u00e1s, los mejores TFG presentados cada a\u00f1o dentro de este proyecto se publicar\u00e1n en formato digital en la web del proyecto.<\/p>\n","protected":false},"excerpt":{"rendered":"<p>Los estudiantes de 4\u00ba curso de Grado (Estudios Ingleses, Lenguas Modernas) que deseen realizar un Trabajo de Fin de Grado relacionado con alguna de las tem\u00e1ticas tratadas por el proyecto FELICE pueden con el equipo del proyecto para discutir posibles temas de TFG. Cada curso acad\u00e9mico, un peque\u00f1o n\u00famero de alumnos podr\u00e1n colaborar con nuestro [&hellip;]<\/p>\n","protected":false},"author":62,"featured_media":0,"parent":381,"menu_order":0,"comment_status":"closed","ping_status":"closed","template":"","meta":{"footnotes":""},"class_list":["post-418","page","type-page","status-publish","hentry"],"_links":{"self":[{"href":"https:\/\/blog.uclm.es\/proyectofelice\/wp-json\/wp\/v2\/pages\/418","targetHints":{"allow":["GET"]}}],"collection":[{"href":"https:\/\/blog.uclm.es\/proyectofelice\/wp-json\/wp\/v2\/pages"}],"about":[{"href":"https:\/\/blog.uclm.es\/proyectofelice\/wp-json\/wp\/v2\/types\/page"}],"author":[{"embeddable":true,"href":"https:\/\/blog.uclm.es\/proyectofelice\/wp-json\/wp\/v2\/users\/62"}],"replies":[{"embeddable":true,"href":"https:\/\/blog.uclm.es\/proyectofelice\/wp-json\/wp\/v2\/comments?post=418"}],"version-history":[{"count":1,"href":"https:\/\/blog.uclm.es\/proyectofelice\/wp-json\/wp\/v2\/pages\/418\/revisions"}],"predecessor-version":[{"id":2309,"href":"https:\/\/blog.uclm.es\/proyectofelice\/wp-json\/wp\/v2\/pages\/418\/revisions\/2309"}],"up":[{"embeddable":true,"href":"https:\/\/blog.uclm.es\/proyectofelice\/wp-json\/wp\/v2\/pages\/381"}],"wp:attachment":[{"href":"https:\/\/blog.uclm.es\/proyectofelice\/wp-json\/wp\/v2\/media?parent=418"}],"curies":[{"name":"wp","href":"https:\/\/api.w.org\/{rel}","templated":true}]}}