{"id":381,"date":"2015-09-08T09:35:32","date_gmt":"2015-09-08T08:35:32","guid":{"rendered":"http:\/\/blog.uclm.es\/multilinguism\/?page_id=381"},"modified":"2023-03-10T08:59:24","modified_gmt":"2023-03-10T08:59:24","slug":"research-2","status":"publish","type":"page","link":"https:\/\/blog.uclm.es\/proyectofelice\/research-2\/?lang=es","title":{"rendered":"Investigaci\u00f3n"},"content":{"rendered":"<p>La investigaci\u00f3n en multiling\u00fcismo y pol\u00edticas ling\u00fc\u00edsticas en la UE constituye uno de los aspectos principales de este proyecto. Los resultados de nuestra investigaci\u00f3n acad\u00e9mica se presentar\u00e1n en distintos congresos y publicaciones. Dado que es nuestra intenci\u00f3n promover la participaci\u00f3n activa de los alumnos de postgrado, estamos interesados en colaborar con alumnos que des\u00e9en realizar sus tesis de m\u00e1ster y de doctorado dentre de este \u00e1mbito.<\/p>\n<p>Concebimos el multiling\u00fcismo europeo como un m\u00e9todo profesionalizante y como un \u00e1rea de profesionalizaci\u00f3n multidisciplinar. Dentro de este proyecto, analizaremos algunas de las maneras en las que los efectos combinados de las pol\u00edticas ling\u00fc\u00edsticas de la UE y los recientes procesos de inmigraci\u00f3n han afectado a una sociedad tradicionalmente monogl\u00f3tica, as\u00ed como el papel del multiling\u00fcismo como factor de integraci\u00f3n social y de desarrollo econ\u00f3mico.<\/p>\n<p>Una parte destacada de nuestra investigaci\u00f3n va a centrarse en el an\u00e1lisis de las iniciativas educativas de escuelas y profesores de Castilla-La Mancha, incluidos los programas de educaci\u00f3n multiling\u00fce que se est\u00e1n aplicando en las escuelas de la regi\u00f3n. Prestaremos atenci\u00f3n especial a las distintas formas en las que se promueve, dentro de estos programas, la comunicaci\u00f3n y el di\u00e1logo interculturales. , as\u00ed como el papel de las directivas nacionales y europeas.<\/p>\n<p>Promovemos la participaci\u00f3n directa en nuestro proyecto de <a href=\"http:\/\/blog.uclm.es\/multilinguism\/research-opportunities-for-undergraduate-students\/?lang=es\">alumnos de grado<\/a> de la UCLM, que podr\u00e1n preparar sus Trabajos de Fin de Grado (TFG), que podr\u00e1n preparar sus trabajos bajo la supervisi\u00f3n de alguno de los tres profesores de la UCLM implicados en este proyecto.<\/p>\n<p>Igualmente, los <a href=\"http:\/\/blog.uclm.es\/multilinguism\/research-oppor\u2026duate-students\/?lang=es\">alumnos de post-grado<\/a> que est\u00e9n escribiendo sus Trabajos de Fin de M\u00e1ster o tesis doctorales sobre temas relacionados con el nuestro pueden dirigirse a nosotros para intentar encontrar posibles v\u00edas de colaboraci\u00f3n.<\/p>\n","protected":false},"excerpt":{"rendered":"<p>La investigaci\u00f3n en multiling\u00fcismo y pol\u00edticas ling\u00fc\u00edsticas en la UE constituye uno de los aspectos principales de este proyecto. Los resultados de nuestra investigaci\u00f3n acad\u00e9mica se presentar\u00e1n en distintos congresos y publicaciones. Dado que es nuestra intenci\u00f3n promover la participaci\u00f3n activa de los alumnos de postgrado, estamos interesados en colaborar con alumnos que des\u00e9en realizar [&hellip;]<\/p>\n","protected":false},"author":62,"featured_media":0,"parent":0,"menu_order":0,"comment_status":"closed","ping_status":"closed","template":"","meta":{"footnotes":""},"class_list":["post-381","page","type-page","status-publish","hentry"],"_links":{"self":[{"href":"https:\/\/blog.uclm.es\/proyectofelice\/wp-json\/wp\/v2\/pages\/381","targetHints":{"allow":["GET"]}}],"collection":[{"href":"https:\/\/blog.uclm.es\/proyectofelice\/wp-json\/wp\/v2\/pages"}],"about":[{"href":"https:\/\/blog.uclm.es\/proyectofelice\/wp-json\/wp\/v2\/types\/page"}],"author":[{"embeddable":true,"href":"https:\/\/blog.uclm.es\/proyectofelice\/wp-json\/wp\/v2\/users\/62"}],"replies":[{"embeddable":true,"href":"https:\/\/blog.uclm.es\/proyectofelice\/wp-json\/wp\/v2\/comments?post=381"}],"version-history":[{"count":1,"href":"https:\/\/blog.uclm.es\/proyectofelice\/wp-json\/wp\/v2\/pages\/381\/revisions"}],"predecessor-version":[{"id":2308,"href":"https:\/\/blog.uclm.es\/proyectofelice\/wp-json\/wp\/v2\/pages\/381\/revisions\/2308"}],"wp:attachment":[{"href":"https:\/\/blog.uclm.es\/proyectofelice\/wp-json\/wp\/v2\/media?parent=381"}],"curies":[{"name":"wp","href":"https:\/\/api.w.org\/{rel}","templated":true}]}}