{"id":368,"date":"2015-09-14T08:58:55","date_gmt":"2015-09-14T07:58:55","guid":{"rendered":"http:\/\/blog.uclm.es\/multilinguism\/?page_id=368"},"modified":"2023-03-10T09:00:21","modified_gmt":"2023-03-10T09:00:21","slug":"javier-e-diaz-vera","status":"publish","type":"page","link":"https:\/\/blog.uclm.es\/proyectofelice\/faculty-2\/javier-e-diaz-vera\/?lang=es","title":{"rendered":"Javier E. D\u00edaz Vera"},"content":{"rendered":"<div align=\"center\">\n<table width=\"100%\" border=\"0\">\n<tbody>\n<tr>\n<td width=\"33%\" valign=\"top\" align=\"center\"><b>Javier E. D\u00edaz Vera<\/b><\/td>\n<td width=\"44%\" valign=\"top\" align=\"center\"><b><a href=\"\/proyectofelice?page_id=1279&amp;lang=es\" target=\"_self\" rel=\"noopener noreferrer\">M\u00aa Rosario Caballero Rodr\u00edguez<\/a><\/b><\/td>\n<td width=\"23%\" valign=\"top\" align=\"center\"><b><a href=\"\/proyectofelice?page_id=1288&amp;lang=es\" target=\"_self\" rel=\"noopener noreferrer\">Ana M\u00aa Rela\u00f1o Pastor<\/a><\/b><\/td>\n<\/tr>\n<\/tbody>\n<\/table>\n<\/div>\n<h3>Javier E. D\u00edaz Vera<\/h3>\n<p><img loading=\"lazy\" decoding=\"async\" class=\"alignnone\" src=\"https:\/\/0.academia-photos.com\/273707\/56720\/57970\/s200_javier_e..d_az-vera.273707\" width=\"200\" height=\"200\"><\/p>\n<p style=\"margin-top: 0;margin-bottom: 0\">Catedr\u00e1tico de Universidad<\/p>\n<p style=\"margin-top: 0;margin-bottom: 0\">Universidad de Castilla-La Mancha<\/p>\n<p style=\"margin-top: 0;margin-bottom: 0\"><a href=\"mailto:javierenrique.diaz@uclm.es\">JavierEnrique.Diaz@uclm.es<\/a><\/p>\n<p style=\"margin-top: 0;margin-bottom: 0\"><small style=\"font-size: 11.05px\"><br \/>\n<strong>Temas de docencia:<\/strong> Socioling\u00fc\u00edstica, Pol\u00edticas Ling\u00fc\u00edsticas, Comunicaci\u00f3n Intercultural<br \/>\n<strong>Temas de investigaci\u00f3n: <\/strong>Actitudes ling\u00fc\u00edsticas, Evoluci\u00f3n y cambio ling\u00fc\u00edsticos, Lenguaje y emociones, Dialectolog\u00eda, minor\u00edas ling\u00fc\u00edsticas y lenguas amenazadas.<\/small><\/p>\n","protected":false},"excerpt":{"rendered":"<p>Javier E. D\u00edaz Vera M\u00aa Rosario Caballero Rodr\u00edguez Ana M\u00aa Rela\u00f1o Pastor Javier E. D\u00edaz Vera Catedr\u00e1tico de Universidad Universidad de Castilla-La Mancha JavierEnrique.Diaz@uclm.es Temas de docencia: Socioling\u00fc\u00edstica, Pol\u00edticas Ling\u00fc\u00edsticas, Comunicaci\u00f3n Intercultural Temas de investigaci\u00f3n: Actitudes ling\u00fc\u00edsticas, Evoluci\u00f3n y cambio ling\u00fc\u00edsticos, Lenguaje y emociones, Dialectolog\u00eda, minor\u00edas ling\u00fc\u00edsticas y lenguas amenazadas.<\/p>\n","protected":false},"author":62,"featured_media":0,"parent":65,"menu_order":0,"comment_status":"closed","ping_status":"closed","template":"","meta":{"footnotes":""},"class_list":["post-368","page","type-page","status-publish","hentry"],"_links":{"self":[{"href":"https:\/\/blog.uclm.es\/proyectofelice\/wp-json\/wp\/v2\/pages\/368","targetHints":{"allow":["GET"]}}],"collection":[{"href":"https:\/\/blog.uclm.es\/proyectofelice\/wp-json\/wp\/v2\/pages"}],"about":[{"href":"https:\/\/blog.uclm.es\/proyectofelice\/wp-json\/wp\/v2\/types\/page"}],"author":[{"embeddable":true,"href":"https:\/\/blog.uclm.es\/proyectofelice\/wp-json\/wp\/v2\/users\/62"}],"replies":[{"embeddable":true,"href":"https:\/\/blog.uclm.es\/proyectofelice\/wp-json\/wp\/v2\/comments?post=368"}],"version-history":[{"count":2,"href":"https:\/\/blog.uclm.es\/proyectofelice\/wp-json\/wp\/v2\/pages\/368\/revisions"}],"predecessor-version":[{"id":2311,"href":"https:\/\/blog.uclm.es\/proyectofelice\/wp-json\/wp\/v2\/pages\/368\/revisions\/2311"}],"up":[{"embeddable":true,"href":"https:\/\/blog.uclm.es\/proyectofelice\/wp-json\/wp\/v2\/pages\/65"}],"wp:attachment":[{"href":"https:\/\/blog.uclm.es\/proyectofelice\/wp-json\/wp\/v2\/media?parent=368"}],"curies":[{"name":"wp","href":"https:\/\/api.w.org\/{rel}","templated":true}]}}