{"id":2328,"date":"2023-03-10T10:07:57","date_gmt":"2023-03-10T10:07:57","guid":{"rendered":"https:\/\/blog.uclm.es\/proyectofelice\/?page_id=2328"},"modified":"2023-03-10T09:57:24","modified_gmt":"2023-03-10T09:57:24","slug":"contact","status":"publish","type":"page","link":"https:\/\/blog.uclm.es\/proyectofelice\/contact\/","title":{"rendered":"Contact"},"content":{"rendered":"\n<p><strong>Universidad de Castilla-La Mancha<\/strong><br>Facultad de Letras<br>Edificio Garc\u00eda Pav\u00f3n<br>Avda. de Camilo Jos\u00e9 Cela s\/n<br>13071 Ciudad Real<br>SPAIN<\/p>\n\n\n\n<p><a href=\"mailto:proyecto.midle@uclm.es\">Proyecto.MIDLE@uclm.es<\/a><small style=\"font-size: 11.05px\"> <\/small><\/p>\n","protected":false},"excerpt":{"rendered":"<p>Universidad de Castilla-La ManchaFacultad de LetrasEdificio Garc\u00eda Pav\u00f3nAvda. de Camilo Jos\u00e9 Cela s\/n13071 Ciudad RealSPAIN Proyecto.MIDLE@uclm.es<\/p>\n","protected":false},"author":62,"featured_media":0,"parent":0,"menu_order":0,"comment_status":"closed","ping_status":"closed","template":"","meta":{"footnotes":""},"class_list":["post-2328","page","type-page","status-publish","hentry"],"_links":{"self":[{"href":"https:\/\/blog.uclm.es\/proyectofelice\/wp-json\/wp\/v2\/pages\/2328","targetHints":{"allow":["GET"]}}],"collection":[{"href":"https:\/\/blog.uclm.es\/proyectofelice\/wp-json\/wp\/v2\/pages"}],"about":[{"href":"https:\/\/blog.uclm.es\/proyectofelice\/wp-json\/wp\/v2\/types\/page"}],"author":[{"embeddable":true,"href":"https:\/\/blog.uclm.es\/proyectofelice\/wp-json\/wp\/v2\/users\/62"}],"replies":[{"embeddable":true,"href":"https:\/\/blog.uclm.es\/proyectofelice\/wp-json\/wp\/v2\/comments?post=2328"}],"version-history":[{"count":1,"href":"https:\/\/blog.uclm.es\/proyectofelice\/wp-json\/wp\/v2\/pages\/2328\/revisions"}],"predecessor-version":[{"id":2329,"href":"https:\/\/blog.uclm.es\/proyectofelice\/wp-json\/wp\/v2\/pages\/2328\/revisions\/2329"}],"wp:attachment":[{"href":"https:\/\/blog.uclm.es\/proyectofelice\/wp-json\/wp\/v2\/media?parent=2328"}],"curies":[{"name":"wp","href":"https:\/\/api.w.org\/{rel}","templated":true}]}}