{"id":2006,"date":"2022-11-04T07:46:24","date_gmt":"2022-11-04T07:46:24","guid":{"rendered":"https:\/\/blog.uclm.es\/proyectofelice\/?page_id=2006"},"modified":"2023-03-10T09:32:23","modified_gmt":"2023-03-10T09:32:23","slug":"rosario-caballero-rodriguez","status":"publish","type":"page","link":"https:\/\/blog.uclm.es\/proyectofelice\/rosario-caballero-rodriguez\/?lang=es","title":{"rendered":"Rosario Caballero Rodr\u00edguez"},"content":{"rendered":"\n<figure class=\"wp-block-table\"><table><tbody><tr><td><strong><a href=\"\/proyectofelice?page_id=234\">Javier E. D\u00edaz Vera<\/a><\/strong><\/td><td><strong>Rosario Caballero Rodr\u00edguez<\/strong><\/td><td><strong><a href=\"\/proyectofelice?page_id=251\">Ana M\u00aa Rela\u00f1o Pastor<\/a><\/strong><\/td><\/tr><\/tbody><\/table><\/figure>\n\n\n\n<h3 class=\"wp-block-heading\">Rosario Caballero Rodr\u00edguez<\/h3>\n\n\n\n<figure class=\"wp-block-image\"><img decoding=\"async\" src=\"https:\/\/0.academia-photos.com\/173065\/43335\/3546101\/s200_rosario.caballero.jpg\" alt=\"\" \/><\/figure>\n\n\n\n<p>Profesora Catedr\u00e1tica<br>Universidad de Castilla-La Mancha<br><a href=\"mailto:MRosario.Caballero@uclm.es\">MRosario.Caballero@uclm.es<\/a><\/p>\n\n\n\n<p><small><br><strong>Temas de docencia:<\/strong> Di\u00e1logo intercultural, educaci\u00f3n ling\u00fc\u00edstica, traducci\u00f3n e interpretaci\u00f3n.<br><strong>Temas de investigaci\u00f3n:<\/strong> Met\u00e1fora en g\u00e9neros discursivos, Tipolog\u00eda y ling\u00fc\u00edstica, Lenguaje de los sentidos, G\u00e9neros discursivos y aprendizaje de lenguas.<\/small><\/p>\n","protected":false},"excerpt":{"rendered":"<p>Javier E. D\u00edaz Vera Rosario Caballero Rodr\u00edguez Ana M\u00aa Rela\u00f1o Pastor Rosario Caballero Rodr\u00edguez Profesora Catedr\u00e1ticaUniversidad de Castilla-La ManchaMRosario.Caballero@uclm.es Temas de docencia: Di\u00e1logo intercultural, educaci\u00f3n ling\u00fc\u00edstica, traducci\u00f3n e interpretaci\u00f3n.Temas de investigaci\u00f3n: Met\u00e1fora en g\u00e9neros discursivos, Tipolog\u00eda y ling\u00fc\u00edstica, Lenguaje de los sentidos, G\u00e9neros discursivos y aprendizaje de lenguas.<\/p>\n","protected":false},"author":163,"featured_media":0,"parent":0,"menu_order":0,"comment_status":"closed","ping_status":"closed","template":"","meta":{"footnotes":""},"class_list":["post-2006","page","type-page","status-publish","hentry"],"_links":{"self":[{"href":"https:\/\/blog.uclm.es\/proyectofelice\/wp-json\/wp\/v2\/pages\/2006","targetHints":{"allow":["GET"]}}],"collection":[{"href":"https:\/\/blog.uclm.es\/proyectofelice\/wp-json\/wp\/v2\/pages"}],"about":[{"href":"https:\/\/blog.uclm.es\/proyectofelice\/wp-json\/wp\/v2\/types\/page"}],"author":[{"embeddable":true,"href":"https:\/\/blog.uclm.es\/proyectofelice\/wp-json\/wp\/v2\/users\/163"}],"replies":[{"embeddable":true,"href":"https:\/\/blog.uclm.es\/proyectofelice\/wp-json\/wp\/v2\/comments?post=2006"}],"version-history":[{"count":1,"href":"https:\/\/blog.uclm.es\/proyectofelice\/wp-json\/wp\/v2\/pages\/2006\/revisions"}],"predecessor-version":[{"id":2007,"href":"https:\/\/blog.uclm.es\/proyectofelice\/wp-json\/wp\/v2\/pages\/2006\/revisions\/2007"}],"wp:attachment":[{"href":"https:\/\/blog.uclm.es\/proyectofelice\/wp-json\/wp\/v2\/media?parent=2006"}],"curies":[{"name":"wp","href":"https:\/\/api.w.org\/{rel}","templated":true}]}}