{"id":1607,"date":"2019-10-07T08:12:02","date_gmt":"2019-10-07T07:12:02","guid":{"rendered":"http:\/\/blog.uclm.es\/proyectofelice\/research-module-european-identities-languages-and-cultures-forum-research-methods-in-eu-studies-for-the-humanities\/"},"modified":"2023-03-10T09:09:28","modified_gmt":"2023-03-10T09:09:28","slug":"research-module-european-identities-languages-and-cultures-forum-research-methods-in-eu-studies-for-the-humanities-2","status":"publish","type":"page","link":"https:\/\/blog.uclm.es\/proyectofelice\/research-module-european-identities-languages-and-cultures-forum-research-methods-in-eu-studies-for-the-humanities-2\/?lang=es","title":{"rendered":"M\u00f3dulo de Investigaci\u00f3n: &#8220;European Identities, Languages and Cultures Forum: Research Methods in EU Studies for the Humanities&#8221;"},"content":{"rendered":"<p><a href=\"http:\/\/cursosweb.uclm.es\/index.aspx?ccurso=196&amp;academico=17\/18\"><img loading=\"lazy\" decoding=\"async\" class=\"alignnone size-full wp-image-745\" src=\"https:\/\/blog.uclm.es\/proyectofelice\/wp-content\/uploads\/sites\/40\/2015\/09\/cursosWeben.jpg\" alt=\"cursosWebes\" width=\"150\" height=\"50\"><\/a><\/p>\n<p><strong>&#8220;European Identities, Languages and Cultures Forum: Research Methods in EU Studies for the Humanities&#8221; <\/strong> (0,5 ects)<\/p>\n<p><strong>Primera edici\u00f3n:<\/strong> De octubre del 2019 a juno del 2020 (conco reuniones de 3 horas cada una, en horario de tarde, m\u00e1s una presentaci\u00f3n oral). Descargar <a href=\"https:\/\/blog.uclm.es\/proyectofelice\/wp-content\/uploads\/sites\/40\/2019\/10\/JMCH2019-T01-BROCHURE.pdf\">folleto del m\u00f3dulo<\/a>.<\/p>\n<p><strong>Destinatarios:<\/strong> Estudiantes de TFG.<\/p>\n<p><strong>Idioma:<\/strong> Ingl\u00e9s<\/p>\n<p><strong>Metodolog\u00eda:<\/strong> Presencial.<\/p>\n<p><strong>Fechas y horarios:<\/strong> Consultar <a href=\"\/proyectofelice?tribe_events_cat=research-es\" target=\"_blank\" rel=\"noopener noreferrer\">horarios<\/a>.<\/p>\n<p><strong>Objetivos:<\/strong> Este m\u00f3dulo trata sobre algunos aspectos b\u00e1sicos de los Estudios de la UE como \u00e1rea de investigaci\u00f3n multidisciplinar. Los participantes podr\u00e1n descubrir nuevos caminos de investigaci\u00f3n dentro del campo general de las emociones europeas, entendido como el an\u00e1lisis y descripci\u00f3n de los principales valores, actitudes, intereses y objetivos de los europeos. Este curso est\u00e1 dise\u00f1ado para que los paticipantes se introduzcan en los distintos m\u00e9todos de estudio de las ciencias sociales y humanas.<\/p>\n<p><strong>Contenidos:<\/strong> Se trata de un curso introductivo a los estudios sobre la UE para estudiantes de humanidades. El programa incluye, entre otros, los siguientes puntos:<\/p>\n<p>\u2022 Bases de la investigaci\u00f3n en ciencias sociales;<br \/>\n\u2022 Introducci\u00f3n a los tipos de metodolog\u00edas de investigaci\u00f3n y sus aplicacines a los distintos campos;<br \/>\n\u2022 Revisi\u00f3n de estudios y protocolos;<br \/>\n\u2022 Planificaci\u00f3n de la investigaci\u00f3n \u2013 identificaci\u00f3n del problema de investigaci\u00f3n, conceptos de entendimiento y medida, escalas de medida e \u00edndices;<br \/>\n\u2022 Recopilaci\u00f3n y procesamiento de datos relevantes;<br \/>\n\u2022 M\u00e9todos estad\u00edsticos;<br \/>\n\u2022 An\u00e1lisis de datos, introducci\u00f3n al an\u00e1lisis estad\u00edstico y comprobaci\u00f3n de hip\u00f3tesis;<br \/>\n\u2022 Entrevistas, observaci\u00f3n y grupos de discusi\u00f3n;<br \/>\n\u2022 An\u00e1lisis textual: an\u00e1lisis interpretativo, an\u00e1lisis del discurso, teor\u00eda fundamentada, an\u00e1lisis de contenidos;<br \/>\n\u2022 Triangulaci\u00f3n;<br \/>\n\u2022 \u00c9tica en la investigaci\u00f3n.<\/p>\n<p><strong>Resultados de investigaci\u00f3n:<\/strong> Al final del m\u00f3dulo, los participantes har\u00e1n una presentaci\u00f3n oral de su trabajo de investigaci\u00f3n sobre la UE. Este trabajo ser\u00e1 evaluado por una comisi\u00f3n externa. Algunos trabajos se publicar\u00e1n en l\u00ednea (con ISBN) en esta web.<\/p>\n","protected":false},"excerpt":{"rendered":"<p>&#8220;European Identities, Languages and Cultures Forum: Research Methods in EU Studies for the Humanities&#8221; (0,5 ects) Primera edici\u00f3n: De octubre del 2019 a juno del 2020 (conco reuniones de 3 horas cada una, en horario de tarde, m\u00e1s una presentaci\u00f3n oral). Descargar folleto del m\u00f3dulo. Destinatarios: Estudiantes de TFG. Idioma: Ingl\u00e9s Metodolog\u00eda: Presencial. Fechas y [&hellip;]<\/p>\n","protected":false},"author":62,"featured_media":0,"parent":0,"menu_order":0,"comment_status":"closed","ping_status":"closed","template":"","meta":{"footnotes":""},"class_list":["post-1607","page","type-page","status-publish","hentry"],"_links":{"self":[{"href":"https:\/\/blog.uclm.es\/proyectofelice\/wp-json\/wp\/v2\/pages\/1607","targetHints":{"allow":["GET"]}}],"collection":[{"href":"https:\/\/blog.uclm.es\/proyectofelice\/wp-json\/wp\/v2\/pages"}],"about":[{"href":"https:\/\/blog.uclm.es\/proyectofelice\/wp-json\/wp\/v2\/types\/page"}],"author":[{"embeddable":true,"href":"https:\/\/blog.uclm.es\/proyectofelice\/wp-json\/wp\/v2\/users\/62"}],"replies":[{"embeddable":true,"href":"https:\/\/blog.uclm.es\/proyectofelice\/wp-json\/wp\/v2\/comments?post=1607"}],"version-history":[{"count":2,"href":"https:\/\/blog.uclm.es\/proyectofelice\/wp-json\/wp\/v2\/pages\/1607\/revisions"}],"predecessor-version":[{"id":2321,"href":"https:\/\/blog.uclm.es\/proyectofelice\/wp-json\/wp\/v2\/pages\/1607\/revisions\/2321"}],"wp:attachment":[{"href":"https:\/\/blog.uclm.es\/proyectofelice\/wp-json\/wp\/v2\/media?parent=1607"}],"curies":[{"name":"wp","href":"https:\/\/api.w.org\/{rel}","templated":true}]}}