{"id":1461,"date":"2021-07-04T11:09:27","date_gmt":"2021-07-04T10:09:27","guid":{"rendered":"http:\/\/blog.uclm.es\/proyectofelice\/?page_id=1461"},"modified":"2022-11-02T17:37:58","modified_gmt":"2022-11-02T17:37:58","slug":"feeling-europe-an-undergraduate-journal-in-european-multilingual-identities-issue-2-2021","status":"publish","type":"page","link":"https:\/\/blog.uclm.es\/proyectofelice\/feeling-europe-an-undergraduate-journal-in-european-multilingual-identities-issue-2-2021\/","title":{"rendered":"Feeling Europe: An Undergraduate Journal in European Multilingual Identities, Volume 2(1) (2021)"},"content":{"rendered":"<p><!-- #######  THIS IS A COMMENT - Visible only in the source editor #########--><\/p>\n<table style=\"width: 100%;float: left;height: 100%\">\n<tbody>\n<tr style=\"height: 4px\">\n<td style=\"width: 56px;height: 4px\"><\/td>\n<td style=\"width: 602px;height: 4px\">\n<h2>Current Issue, 2021: Vol. 2(1)<\/h2>\n<p><sup><a title=\"FELICE-2021.01\" href=\"https:\/\/pruebasaluuclm-my.sharepoint.com\/:b:\/g\/personal\/javierenrique_diaz_uclm_es\/ERuLo6v8F1dLhZ8cfeYXcjkBvhhJSLWPfwFqDaIks3NTEg?e=KxNcWX\" target=\"_blank\" rel=\"noopener noreferrer\"><img decoding=\"async\" src=\"https:\/\/blog.uclm.es\/proyectofelice\/wp-content\/uploads\/sites\/40\/2020\/11\/download.png\" alt=\"pdf download\" \/><\/a>Download whole volume<\/sup><\/td>\n<\/tr>\n<tr style=\"height: 21px\">\n<td style=\"width: 56px;height: 21px\"><\/td>\n<td style=\"width: 602px;height: 21px\">\n<h3><em>Articles<\/em><\/h3>\n<\/td>\n<\/tr>\n<tr style=\"height: 67px\">\n<td style=\"width: 56px;height: 67px\"><\/td>\n<td style=\"width: 602px;height: 67px\">BRAVO PALOMARES, SILVIA MAR\u00cdA (2021). The didactics of Spanish through John Minsheu\u2019s Pleasant and Delighfull Dialogues in Spanish and English (1599). <em>Feeling Europe, An Undergraduate Journal in European Multilingual Identities, 2<\/em>(1), 7-20.<\/p>\n<p><a title=\"BRAVO-2021\" href=\"https:\/\/pruebasaluuclm-my.sharepoint.com\/:b:\/g\/personal\/javierenrique_diaz_uclm_es\/EQjKbDMQmW1IoN17TN9ve04BgHZgx2OD6mW2JBaLPfYGdA?e=DTffKa\" target=\"_blank\" rel=\"noopener noreferrer\"><img decoding=\"async\" src=\"https:\/\/blog.uclm.es\/proyectofelice\/wp-content\/uploads\/sites\/40\/2020\/11\/download.png\" alt=\"pdf download\" \/><\/a><\/td>\n<\/tr>\n<tr style=\"height: 67px\">\n<td style=\"width: 56px;height: 67px\"><\/td>\n<td style=\"width: 602px;height: 67px\">GARC\u00cdA-PARRADO FERN\u00c1NDEZ, LUC\u00cdA (2021). Euro-English: A Linguistic Approach to an emerging variety of English. <em>Feeling Europe, An Undergraduate Journal in European Multilingual Identities, 2<\/em>(1), 21-34.<\/p>\n<p><a title=\"GARCIAPARRADO-2021\" href=\"\/g\/personal\/javierenrique_diaz_uclm_es\/Eesm8pNdLwFNuSWo1RWswJ8Bg6NAn3WBBh5akrxdZWJ76A?e=EXhi7P\" target=\"_blank\" rel=\"noopener noreferrer\"><img decoding=\"async\" src=\"https:\/\/blog.uclm.es\/proyectofelice\/wp-content\/uploads\/sites\/40\/2020\/11\/download.png\" alt=\"pdf download\" \/><\/a><\/td>\n<\/tr>\n<tr style=\"height: 67px\">\n<td style=\"width: 56px;height: 67px\"><\/td>\n<td style=\"width: 602px;height: 67px\">P\u00c9REZ ARRIAGA, SILVIA (2021). Metaphor and Symbolism in Syrian Refugee Cartoons: The Case of Aylan Kurdi. <em>Feeling Europe, An Undergraduate Journal in European Multilingual Identities, 2<\/em>(1), 35-45.<\/p>\n<p><a title=\"PEREZ-2021\" href=\"https:\/\/pruebasaluuclm-my.sharepoint.com\/:b:\/g\/personal\/javierenrique_diaz_uclm_es\/Eccs-fqPhb9BjJ6j9qSEH5MBRSM5PUP0QBnFXD0QzUC7gQ?e=Sk1jIj\"><img decoding=\"async\" src=\"https:\/\/blog.uclm.es\/proyectofelice\/wp-content\/uploads\/sites\/40\/2020\/11\/download.png\" alt=\"pdf download\" \/><\/a><\/td>\n<\/tr>\n<tr style=\"height: 67px\">\n<td style=\"width: 56px;height: 67px\"><\/td>\n<td style=\"width: 602px;height: 67px\">ROMERO GONZ\u00c1LEZ, CARLOS (2021). Translation and localization of proper names in the Spanish versions of videogames in English. <em>Feeling Europe, An Undergraduate Journal in European Multilingual Identities, 2<\/em>(1), 46-57.<\/p>\n<p><a title=\"ROMERO-2021\" href=\"https:\/\/pruebasaluuclm-my.sharepoint.com\/:b:\/g\/personal\/javierenrique_diaz_uclm_es\/ERiG2HRveDdBmTKuu0vaQvEB9ivDyV3X4v-T46zMwJOxxQ?e=jCEBe9\"><img decoding=\"async\" src=\"https:\/\/blog.uclm.es\/proyectofelice\/wp-content\/uploads\/sites\/40\/2020\/11\/download.png\" alt=\"pdf download\" \/><\/a><\/td>\n<\/tr>\n<tr style=\"height: 67px\">\n<td style=\"width: 56px;height: 67px\"><\/td>\n<td style=\"width: 602px;height: 67px\">S\u00c1NCHEZ BEN\u00cdTEZ, ESPERANZA (2021). Language Choice within Bilingual\/Multilingual Families Depending on their Emotions and Feelings. <em>Feeling Europe, An Undergraduate Journal in European Multilingual Identities, 2<\/em>(1), 46-55.<\/p>\n<p><a title=\"VALVERDE-2020\" href=\"https:\/\/pruebasaluuclm-my.sharepoint.com\/:b:\/g\/personal\/javierenrique_diaz_uclm_es\/EQHF1HknM-pJkMfH-kVXzYsBihEJbjzboDWD9jkti2XRJg?e=DJcaGa\"><img decoding=\"async\" src=\"https:\/\/blog.uclm.es\/proyectofelice\/wp-content\/uploads\/sites\/40\/2020\/11\/download.png\" alt=\"pdf download\" \/><\/a><\/td>\n<\/tr>\n<tr style=\"height: 24px\">\n<td style=\"width: 56px;height: 24px\"><\/td>\n<td style=\"width: 602px;height: 24px\"><\/td>\n<\/tr>\n<tr style=\"height: 67px\">\n<td style=\"width: 56px;height: 67px\"><\/td>\n<td style=\"width: 602px;height: 67px\">\n<h3><em><a title=\"FELICE journal\" href=\"\/proyectofelice?page_id=1700\">Back to main journal page<\/a><br \/>\n<\/em><\/h3>\n<\/td>\n<\/tr>\n<\/tbody>\n<\/table>\n","protected":false},"excerpt":{"rendered":"<p>Current Issue, 2021: Vol. 2(1) Download whole volume Articles BRAVO PALOMARES, SILVIA MAR\u00cdA (2021). The didactics of Spanish through John Minsheu\u2019s Pleasant and Delighfull Dialogues in Spanish and English (1599). Feeling Europe, An Undergraduate Journal in European Multilingual Identities, 2(1), 7-20. GARC\u00cdA-PARRADO FERN\u00c1NDEZ, LUC\u00cdA (2021). Euro-English: A Linguistic Approach to an emerging variety of English. [&hellip;]<\/p>\n","protected":false},"author":62,"featured_media":0,"parent":0,"menu_order":0,"comment_status":"closed","ping_status":"closed","template":"","meta":{"footnotes":""},"class_list":["post-1461","page","type-page","status-publish","hentry"],"_links":{"self":[{"href":"https:\/\/blog.uclm.es\/proyectofelice\/wp-json\/wp\/v2\/pages\/1461","targetHints":{"allow":["GET"]}}],"collection":[{"href":"https:\/\/blog.uclm.es\/proyectofelice\/wp-json\/wp\/v2\/pages"}],"about":[{"href":"https:\/\/blog.uclm.es\/proyectofelice\/wp-json\/wp\/v2\/types\/page"}],"author":[{"embeddable":true,"href":"https:\/\/blog.uclm.es\/proyectofelice\/wp-json\/wp\/v2\/users\/62"}],"replies":[{"embeddable":true,"href":"https:\/\/blog.uclm.es\/proyectofelice\/wp-json\/wp\/v2\/comments?post=1461"}],"version-history":[{"count":1,"href":"https:\/\/blog.uclm.es\/proyectofelice\/wp-json\/wp\/v2\/pages\/1461\/revisions"}],"predecessor-version":[{"id":1966,"href":"https:\/\/blog.uclm.es\/proyectofelice\/wp-json\/wp\/v2\/pages\/1461\/revisions\/1966"}],"wp:attachment":[{"href":"https:\/\/blog.uclm.es\/proyectofelice\/wp-json\/wp\/v2\/media?parent=1461"}],"curies":[{"name":"wp","href":"https:\/\/api.w.org\/{rel}","templated":true}]}}