{"id":63,"date":"2022-08-10T11:42:32","date_gmt":"2022-08-10T11:42:32","guid":{"rendered":"https:\/\/blog.uclm.es\/proyectoexotinet\/?page_id=63"},"modified":"2022-10-18T19:00:52","modified_gmt":"2022-10-18T19:00:52","slug":"vertebrados","status":"publish","type":"page","link":"https:\/\/blog.uclm.es\/proyectoexotinet\/inicio\/vertebrados\/","title":{"rendered":"Vertebrados"},"content":{"rendered":"\n<ul class=\"has-medium-font-size wp-block-list\"><li><a href=\"https:\/\/blog.uclm.es\/proyectoexotinet\/inicio\/vertebrados\/vertebrados-2\/\">Nombre cient\u00edfico<\/a><\/li><\/ul>\n\n\n\n<ul class=\"has-medium-font-size wp-block-list\"><li><a href=\"https:\/\/blog.uclm.es\/proyectoexotinet\/inicio\/vertebrados\/vertebrados-3\/\">Nombre com\u00fan<\/a><\/li><\/ul>\n\n\n\n<ul class=\"has-medium-font-size wp-block-list\"><li><a href=\"https:\/\/blog.uclm.es\/proyectoexotinet\/inicio\/vertebrados\/vertebrados-4\/\">Identificaci\u00f3n visual<\/a><\/li><\/ul>\n","protected":false},"excerpt":{"rendered":"<p>Nombre cient\u00edfico Nombre com\u00fan Identificaci\u00f3n visual<\/p>\n","protected":false},"author":254,"featured_media":0,"parent":46,"menu_order":2,"comment_status":"closed","ping_status":"closed","template":"","meta":{"footnotes":""},"class_list":["post-63","page","type-page","status-publish","hentry"],"_links":{"self":[{"href":"https:\/\/blog.uclm.es\/proyectoexotinet\/wp-json\/wp\/v2\/pages\/63","targetHints":{"allow":["GET"]}}],"collection":[{"href":"https:\/\/blog.uclm.es\/proyectoexotinet\/wp-json\/wp\/v2\/pages"}],"about":[{"href":"https:\/\/blog.uclm.es\/proyectoexotinet\/wp-json\/wp\/v2\/types\/page"}],"author":[{"embeddable":true,"href":"https:\/\/blog.uclm.es\/proyectoexotinet\/wp-json\/wp\/v2\/users\/254"}],"replies":[{"embeddable":true,"href":"https:\/\/blog.uclm.es\/proyectoexotinet\/wp-json\/wp\/v2\/comments?post=63"}],"version-history":[{"count":6,"href":"https:\/\/blog.uclm.es\/proyectoexotinet\/wp-json\/wp\/v2\/pages\/63\/revisions"}],"predecessor-version":[{"id":1154,"href":"https:\/\/blog.uclm.es\/proyectoexotinet\/wp-json\/wp\/v2\/pages\/63\/revisions\/1154"}],"up":[{"embeddable":true,"href":"https:\/\/blog.uclm.es\/proyectoexotinet\/wp-json\/wp\/v2\/pages\/46"}],"wp:attachment":[{"href":"https:\/\/blog.uclm.es\/proyectoexotinet\/wp-json\/wp\/v2\/media?parent=63"}],"curies":[{"name":"wp","href":"https:\/\/api.w.org\/{rel}","templated":true}]}}