{"id":46,"date":"2022-08-10T10:54:17","date_gmt":"2022-08-10T09:54:17","guid":{"rendered":"https:\/\/blog.uclm.es\/proyectoexotinet\/?page_id=46"},"modified":"2022-11-14T08:43:57","modified_gmt":"2022-11-14T08:43:57","slug":"inicio","status":"publish","type":"page","link":"https:\/\/blog.uclm.es\/proyectoexotinet\/","title":{"rendered":"Inicio"},"content":{"rendered":"\n<p class=\"has-large-font-size\"><strong>Las EEI en Castilla-La Mancha<\/strong><\/p>\n\n\n\n<p>La&nbsp;<a href=\"http:\/\/www.boe.es\/buscar\/act.php?id=BOE-A-2007-21490\">Ley 42\/2007<\/a>, de 13 de diciembre, del Patrimonio Natural y de la Biodiversidad, define una especie ex\u00f3tica invasora (EEI) como:<\/p>\n\n\n\n<p class=\"has-text-align-center\">&nbsp;<em>\u201caquella que se introduce o establece en un ecosistema o h\u00e1bitat natural o seminatural y que es un agente de cambio y amenaza para la diversidad biol\u00f3gica nativa, ya sea por su comportamiento invasor, o por el riesgo de contaminaci\u00f3n gen\u00e9tica\u201d<\/em><\/p>\n\n\n\n<p>En Castilla-La Mancha en el a\u00f1o 2020 hab\u00eda al menos 107 EEI: 60 especies de plantas, 2 de hongos y 43 de fauna<\/p>\n\n\n\n<p class=\"has-large-font-size\"><strong>C\u00f3mo navegar<\/strong><\/p>\n\n\n\n<p>En el men\u00fa superior se puede encontrar informaci\u00f3n relevante sobre el proyecto (\u00abProyecto ExotiNET\u00bb y \u00abQui\u00e9nes somos\u00bb), la normativa aplicable en relaci\u00f3n a las EEI (\u00abNormativa\u00bb), material complementario y proyectos afines (\u00abRecursos\u00bb) y un apartado con documentos did\u00e1cticos (\u00abRecursos did\u00e1cticos\u00bb)<\/p>\n\n\n\n<p>La informaci\u00f3n m\u00e1s relevante sobre cada EEI presente en Castilla-La Mancha est\u00e1 contenida en fichas individuales por especie, las cuales se pueden encontrar en el men\u00fa derecho y men\u00fa superior dentro del apartado \u00abFichas\u00bb. La informaci\u00f3n est\u00e1 estructurada por grupos taxon\u00f3micos: <\/p>\n\n\n\n<ul class=\"wp-block-list\">\n<li>Flora<\/li>\n\n\n\n<li>Vertebrados<\/li>\n\n\n\n<li>Invertebrados<\/li>\n\n\n\n<li>Hongos<\/li>\n<\/ul>\n\n\n\n<p>Dentro de cada grupo la informaci\u00f3n de las especies puede buscarse utilizando:<\/p>\n\n\n\n<ul class=\"wp-block-list\">\n<li>Nombre cient\u00edfico<\/li>\n\n\n\n<li>Nombre com\u00fan<\/li>\n\n\n\n<li>Identificaci\u00f3n visual de la especie<\/li>\n<\/ul>\n\n\n\n<div style=\"height:19px\" aria-hidden=\"true\" class=\"wp-block-spacer\"><\/div>\n\n\n<div class=\"wp-block-image\">\n<figure class=\"aligncenter size-large is-resized\"><img loading=\"lazy\" decoding=\"async\" src=\"https:\/\/blog.uclm.es\/proyectoexotinet\/wp-content\/uploads\/sites\/182\/2022\/11\/navegar-2-1024x454.jpg\" alt=\"\" class=\"wp-image-1873\" width=\"511\" height=\"226\" srcset=\"https:\/\/blog.uclm.es\/proyectoexotinet\/wp-content\/uploads\/sites\/182\/2022\/11\/navegar-2-1024x454.jpg 1024w, https:\/\/blog.uclm.es\/proyectoexotinet\/wp-content\/uploads\/sites\/182\/2022\/11\/navegar-2-300x133.jpg 300w, https:\/\/blog.uclm.es\/proyectoexotinet\/wp-content\/uploads\/sites\/182\/2022\/11\/navegar-2-768x341.jpg 768w, https:\/\/blog.uclm.es\/proyectoexotinet\/wp-content\/uploads\/sites\/182\/2022\/11\/navegar-2-1536x682.jpg 1536w, https:\/\/blog.uclm.es\/proyectoexotinet\/wp-content\/uploads\/sites\/182\/2022\/11\/navegar-2.jpg 1794w\" sizes=\"auto, (max-width: 511px) 100vw, 511px\" \/><\/figure>\n<\/div>","protected":false},"excerpt":{"rendered":"<p>Las EEI en Castilla-La Mancha La&nbsp;Ley 42\/2007, de 13 de diciembre, del Patrimonio Natural y de la Biodiversidad, define una especie ex\u00f3tica invasora (EEI) como: &nbsp;\u201caquella que se introduce o establece en un ecosistema o h\u00e1bitat natural o seminatural y que es un agente de cambio y amenaza para la diversidad biol\u00f3gica nativa, ya sea &hellip; <a href=\"https:\/\/blog.uclm.es\/proyectoexotinet\/\" class=\"more-link\">Seguir leyendo <span class=\"screen-reader-text\">Inicio<\/span> <span class=\"meta-nav\">&rarr;<\/span><\/a><\/p>\n","protected":false},"author":254,"featured_media":0,"parent":0,"menu_order":0,"comment_status":"closed","ping_status":"closed","template":"showcase.php","meta":{"footnotes":""},"class_list":["post-46","page","type-page","status-publish","hentry"],"_links":{"self":[{"href":"https:\/\/blog.uclm.es\/proyectoexotinet\/wp-json\/wp\/v2\/pages\/46","targetHints":{"allow":["GET"]}}],"collection":[{"href":"https:\/\/blog.uclm.es\/proyectoexotinet\/wp-json\/wp\/v2\/pages"}],"about":[{"href":"https:\/\/blog.uclm.es\/proyectoexotinet\/wp-json\/wp\/v2\/types\/page"}],"author":[{"embeddable":true,"href":"https:\/\/blog.uclm.es\/proyectoexotinet\/wp-json\/wp\/v2\/users\/254"}],"replies":[{"embeddable":true,"href":"https:\/\/blog.uclm.es\/proyectoexotinet\/wp-json\/wp\/v2\/comments?post=46"}],"version-history":[{"count":11,"href":"https:\/\/blog.uclm.es\/proyectoexotinet\/wp-json\/wp\/v2\/pages\/46\/revisions"}],"predecessor-version":[{"id":2643,"href":"https:\/\/blog.uclm.es\/proyectoexotinet\/wp-json\/wp\/v2\/pages\/46\/revisions\/2643"}],"wp:attachment":[{"href":"https:\/\/blog.uclm.es\/proyectoexotinet\/wp-json\/wp\/v2\/media?parent=46"}],"curies":[{"name":"wp","href":"https:\/\/api.w.org\/{rel}","templated":true}]}}