{"id":2675,"date":"2022-11-14T09:33:04","date_gmt":"2022-11-14T09:33:04","guid":{"rendered":"https:\/\/blog.uclm.es\/proyectoexotinet\/?page_id=2675"},"modified":"2022-11-14T09:35:33","modified_gmt":"2022-11-14T09:35:33","slug":"recursos-3","status":"publish","type":"page","link":"https:\/\/blog.uclm.es\/proyectoexotinet\/otros-recursos\/recursos-3\/","title":{"rendered":"Recursos"},"content":{"rendered":"\n<p style=\"font-size:35px\"><strong>PORTALES DE OTRAS CCAA<\/strong><\/p>\n\n\n\n<div class=\"wp-block-media-text is-stacked-on-mobile\" style=\"grid-template-columns:20% auto\"><figure class=\"wp-block-media-text__media\"><a href=\"https:\/\/www.invasara.es\/\"><img loading=\"lazy\" decoding=\"async\" width=\"204\" height=\"247\" src=\"https:\/\/blog.uclm.es\/proyectoexotinet\/wp-content\/uploads\/sites\/182\/2022\/11\/Imagen2.jpg\" alt=\"\" class=\"wp-image-1962 size-full\" \/><\/a><\/figure><div class=\"wp-block-media-text__content\">\n<p class=\"has-medium-font-size\">INVASARA: especies Ex\u00f3ticas  Arag\u00f3n<\/p>\n<\/div><\/div>\n\n\n\n<div class=\"wp-block-media-text is-stacked-on-mobile\" style=\"grid-template-columns:20% auto\"><figure class=\"wp-block-media-text__media\"><a href=\"http:\/\/exocatdb.creaf.cat\/base_dades\/\"><img loading=\"lazy\" decoding=\"async\" width=\"656\" height=\"657\" src=\"https:\/\/blog.uclm.es\/proyectoexotinet\/wp-content\/uploads\/sites\/182\/2022\/11\/Imagen5.png\" alt=\"\" class=\"wp-image-1964 size-full\" srcset=\"https:\/\/blog.uclm.es\/proyectoexotinet\/wp-content\/uploads\/sites\/182\/2022\/11\/Imagen5.png 656w, https:\/\/blog.uclm.es\/proyectoexotinet\/wp-content\/uploads\/sites\/182\/2022\/11\/Imagen5-300x300.png 300w, https:\/\/blog.uclm.es\/proyectoexotinet\/wp-content\/uploads\/sites\/182\/2022\/11\/Imagen5-150x150.png 150w\" sizes=\"auto, (max-width: 656px) 100vw, 656px\" \/><\/a><\/figure><div class=\"wp-block-media-text__content\">\n<p class=\"has-medium-font-size\">Exocat: sistema d&#8217;informaci\u00f3 de les esp\u00e8cies ex\u00f2tiques de Catalunya<\/p>\n<\/div><\/div>\n\n\n\n<div class=\"wp-block-media-text is-stacked-on-mobile\" style=\"grid-template-columns:20% auto\"><figure class=\"wp-block-media-text__media\"><a href=\"https:\/\/www3.gobiernodecanarias.org\/cptss\/sostenibilidad\/biodiversidad\/redexos\/\"><img loading=\"lazy\" decoding=\"async\" width=\"519\" height=\"216\" src=\"https:\/\/blog.uclm.es\/proyectoexotinet\/wp-content\/uploads\/sites\/182\/2022\/11\/Imagen6.png\" alt=\"\" class=\"wp-image-1966 size-full\" srcset=\"https:\/\/blog.uclm.es\/proyectoexotinet\/wp-content\/uploads\/sites\/182\/2022\/11\/Imagen6.png 519w, https:\/\/blog.uclm.es\/proyectoexotinet\/wp-content\/uploads\/sites\/182\/2022\/11\/Imagen6-300x125.png 300w\" sizes=\"auto, (max-width: 519px) 100vw, 519px\" \/><\/a><\/figure><div class=\"wp-block-media-text__content\">\n<p class=\"has-medium-font-size\">REDEXOS: red de alerta temprana de Canarias para la detecci\u00f3n e intervenci\u00f3n de especies ex\u00f3ticas invasoras<\/p>\n<\/div><\/div>\n\n\n\n<div class=\"wp-block-media-text is-stacked-on-mobile\" style=\"grid-template-columns:20% auto\"><figure class=\"wp-block-media-text__media\"><a href=\"https:\/\/www.caib.es\/sites\/proteccioespecies\/es\/fauna_introducida-6872\/\"><img loading=\"lazy\" decoding=\"async\" width=\"230\" height=\"230\" src=\"https:\/\/blog.uclm.es\/proyectoexotinet\/wp-content\/uploads\/sites\/182\/2022\/11\/Captura.jpg\" alt=\"\" class=\"wp-image-1967 size-full\" srcset=\"https:\/\/blog.uclm.es\/proyectoexotinet\/wp-content\/uploads\/sites\/182\/2022\/11\/Captura.jpg 230w, https:\/\/blog.uclm.es\/proyectoexotinet\/wp-content\/uploads\/sites\/182\/2022\/11\/Captura-150x150.jpg 150w\" sizes=\"auto, (max-width: 230px) 100vw, 230px\" \/><\/a><\/figure><div class=\"wp-block-media-text__content\">\n<p class=\"has-medium-font-size\">Fauna introducida en Baleares<\/p>\n<\/div><\/div>\n\n\n\n<div class=\"wp-block-media-text is-stacked-on-mobile\" style=\"grid-template-columns:20% auto\"><figure class=\"wp-block-media-text__media\"><a href=\"http:\/\/extremambiente.juntaex.es\/index.php?option=com_content&amp;view=article&amp;id=5382&amp;Itemid=654\"><img loading=\"lazy\" decoding=\"async\" width=\"585\" height=\"390\" src=\"https:\/\/blog.uclm.es\/proyectoexotinet\/wp-content\/uploads\/sites\/182\/2022\/11\/Logotipo_de_la_Junta_de_Extremadura_-1024x683-1-585x390-1.jpg\" alt=\"\" class=\"wp-image-1968 size-full\" srcset=\"https:\/\/blog.uclm.es\/proyectoexotinet\/wp-content\/uploads\/sites\/182\/2022\/11\/Logotipo_de_la_Junta_de_Extremadura_-1024x683-1-585x390-1.jpg 585w, https:\/\/blog.uclm.es\/proyectoexotinet\/wp-content\/uploads\/sites\/182\/2022\/11\/Logotipo_de_la_Junta_de_Extremadura_-1024x683-1-585x390-1-300x200.jpg 300w\" sizes=\"auto, (max-width: 585px) 100vw, 585px\" \/><\/a><\/figure><div class=\"wp-block-media-text__content\">\n<p class=\"has-medium-font-size\">Especies ex\u00f3ticas invasoras en Extremadura y su distribuci\u00f3n<\/p>\n<\/div><\/div>\n\n\n\n<div class=\"wp-block-media-text is-stacked-on-mobile\" style=\"grid-template-columns:20% auto\"><figure class=\"wp-block-media-text__media\"><a href=\"https:\/\/agroambient.gva.es\/es\/web\/biodiversidad\/especies-invasoras\"><img loading=\"lazy\" decoding=\"async\" width=\"630\" height=\"320\" src=\"https:\/\/blog.uclm.es\/proyectoexotinet\/wp-content\/uploads\/sites\/182\/2022\/11\/logo-generalitat-valenciana.jpg\" alt=\"\" class=\"wp-image-1970 size-full\" srcset=\"https:\/\/blog.uclm.es\/proyectoexotinet\/wp-content\/uploads\/sites\/182\/2022\/11\/logo-generalitat-valenciana.jpg 630w, https:\/\/blog.uclm.es\/proyectoexotinet\/wp-content\/uploads\/sites\/182\/2022\/11\/logo-generalitat-valenciana-300x152.jpg 300w\" sizes=\"auto, (max-width: 630px) 100vw, 630px\" \/><\/a><\/figure><div class=\"wp-block-media-text__content\">\n<p class=\"has-medium-font-size\">Fichas de detecci\u00f3n e investigaci\u00f3n de especies invasoras<\/p>\n<\/div><\/div>\n\n\n\n<div class=\"wp-block-media-text is-stacked-on-mobile\" style=\"grid-template-columns:20% auto\"><figure class=\"wp-block-media-text__media\"><a href=\"https:\/\/www.larioja.org\/medio-ambiente\/es\/biodiversidad\/especies-exotico-invasoras\"><img loading=\"lazy\" decoding=\"async\" width=\"380\" height=\"133\" src=\"https:\/\/blog.uclm.es\/proyectoexotinet\/wp-content\/uploads\/sites\/182\/2022\/11\/Imagen7.png\" alt=\"\" class=\"wp-image-1971 size-full\" srcset=\"https:\/\/blog.uclm.es\/proyectoexotinet\/wp-content\/uploads\/sites\/182\/2022\/11\/Imagen7.png 380w, https:\/\/blog.uclm.es\/proyectoexotinet\/wp-content\/uploads\/sites\/182\/2022\/11\/Imagen7-300x105.png 300w\" sizes=\"auto, (max-width: 380px) 100vw, 380px\" \/><\/a><\/figure><div class=\"wp-block-media-text__content\">\n<p class=\"has-medium-font-size\">Portal de especies ex\u00f3tico invasoras de La Rioja<\/p>\n<\/div><\/div>\n\n\n\n<div class=\"wp-block-media-text is-stacked-on-mobile\" style=\"grid-template-columns:20% auto\"><figure class=\"wp-block-media-text__media\"><a href=\"https:\/\/www.juntadeandalucia.es\/medioambiente\/portal\/areas-tematicas\/biodiversidad-y-vegetacion\/especies-exoticas-invasoras\"><img loading=\"lazy\" decoding=\"async\" width=\"310\" height=\"63\" src=\"https:\/\/blog.uclm.es\/proyectoexotinet\/wp-content\/uploads\/sites\/182\/2022\/11\/Imagen8.png\" alt=\"\" class=\"wp-image-1973 size-full\" srcset=\"https:\/\/blog.uclm.es\/proyectoexotinet\/wp-content\/uploads\/sites\/182\/2022\/11\/Imagen8.png 310w, https:\/\/blog.uclm.es\/proyectoexotinet\/wp-content\/uploads\/sites\/182\/2022\/11\/Imagen8-300x61.png 300w\" sizes=\"auto, (max-width: 310px) 100vw, 310px\" \/><\/a><\/figure><div class=\"wp-block-media-text__content\">\n<p class=\"has-medium-font-size\">Portal de especies ex\u00f3ticas invasoras de Andaluc\u00eda<\/p>\n<\/div><\/div>\n\n\n\n<div class=\"wp-block-media-text is-stacked-on-mobile\" style=\"grid-template-columns:20% auto\"><figure class=\"wp-block-media-text__media\"><a href=\"https:\/\/www.castillalamancha.es\/gobierno\/desarrollosostenible\/estructura\/dgapfyen\/actuaciones\/especies-ex%C3%B3ticas-invasoras\"><img loading=\"lazy\" decoding=\"async\" width=\"1024\" height=\"686\" src=\"https:\/\/blog.uclm.es\/proyectoexotinet\/wp-content\/uploads\/sites\/182\/2022\/11\/logo_clm-1-1024x686.png\" alt=\"\" class=\"wp-image-1980 size-full\" srcset=\"https:\/\/blog.uclm.es\/proyectoexotinet\/wp-content\/uploads\/sites\/182\/2022\/11\/logo_clm-1-1024x686.png 1024w, https:\/\/blog.uclm.es\/proyectoexotinet\/wp-content\/uploads\/sites\/182\/2022\/11\/logo_clm-1-300x201.png 300w, https:\/\/blog.uclm.es\/proyectoexotinet\/wp-content\/uploads\/sites\/182\/2022\/11\/logo_clm-1-768x514.png 768w, https:\/\/blog.uclm.es\/proyectoexotinet\/wp-content\/uploads\/sites\/182\/2022\/11\/logo_clm-1.png 1083w\" sizes=\"auto, (max-width: 1024px) 100vw, 1024px\" \/><\/a><\/figure><div class=\"wp-block-media-text__content\">\n<p class=\"has-medium-font-size\">Portal de especies ex\u00f3ticas invasoras de Castilla-La Mancha<\/p>\n<\/div><\/div>\n\n\n\n<div class=\"wp-block-media-text is-stacked-on-mobile\" style=\"grid-template-columns:20% auto\"><figure class=\"wp-block-media-text__media\"><a href=\"https:\/\/www.euskadi.eus\/gobierno-vasco\/-\/especies-invasoras\/\"><img loading=\"lazy\" decoding=\"async\" width=\"640\" height=\"213\" src=\"https:\/\/blog.uclm.es\/proyectoexotinet\/wp-content\/uploads\/sites\/182\/2022\/11\/fotonoticia_20190303111240_640.jpg\" alt=\"\" class=\"wp-image-1981 size-full\" srcset=\"https:\/\/blog.uclm.es\/proyectoexotinet\/wp-content\/uploads\/sites\/182\/2022\/11\/fotonoticia_20190303111240_640.jpg 640w, https:\/\/blog.uclm.es\/proyectoexotinet\/wp-content\/uploads\/sites\/182\/2022\/11\/fotonoticia_20190303111240_640-300x100.jpg 300w\" sizes=\"auto, (max-width: 640px) 100vw, 640px\" \/><\/a><\/figure><div class=\"wp-block-media-text__content\">\n<p class=\"has-medium-font-size\">Especies invasoras de Euskadi<\/p>\n<\/div><\/div>\n","protected":false},"excerpt":{"rendered":"<p>PORTALES DE OTRAS CCAA INVASARA: especies Ex\u00f3ticas Arag\u00f3n Exocat: sistema d&#8217;informaci\u00f3 de les esp\u00e8cies ex\u00f2tiques de Catalunya REDEXOS: red de alerta temprana de Canarias para la detecci\u00f3n e intervenci\u00f3n de especies ex\u00f3ticas invasoras Fauna introducida en Baleares Especies ex\u00f3ticas invasoras en Extremadura y su distribuci\u00f3n Fichas de detecci\u00f3n e investigaci\u00f3n de especies invasoras Portal de &hellip; <a href=\"https:\/\/blog.uclm.es\/proyectoexotinet\/otros-recursos\/recursos-3\/\" class=\"more-link\">Seguir leyendo <span class=\"screen-reader-text\">Recursos<\/span> <span class=\"meta-nav\">&rarr;<\/span><\/a><\/p>\n","protected":false},"author":254,"featured_media":0,"parent":1031,"menu_order":2,"comment_status":"closed","ping_status":"closed","template":"","meta":{"footnotes":""},"class_list":["post-2675","page","type-page","status-publish","hentry"],"_links":{"self":[{"href":"https:\/\/blog.uclm.es\/proyectoexotinet\/wp-json\/wp\/v2\/pages\/2675","targetHints":{"allow":["GET"]}}],"collection":[{"href":"https:\/\/blog.uclm.es\/proyectoexotinet\/wp-json\/wp\/v2\/pages"}],"about":[{"href":"https:\/\/blog.uclm.es\/proyectoexotinet\/wp-json\/wp\/v2\/types\/page"}],"author":[{"embeddable":true,"href":"https:\/\/blog.uclm.es\/proyectoexotinet\/wp-json\/wp\/v2\/users\/254"}],"replies":[{"embeddable":true,"href":"https:\/\/blog.uclm.es\/proyectoexotinet\/wp-json\/wp\/v2\/comments?post=2675"}],"version-history":[{"count":2,"href":"https:\/\/blog.uclm.es\/proyectoexotinet\/wp-json\/wp\/v2\/pages\/2675\/revisions"}],"predecessor-version":[{"id":2679,"href":"https:\/\/blog.uclm.es\/proyectoexotinet\/wp-json\/wp\/v2\/pages\/2675\/revisions\/2679"}],"up":[{"embeddable":true,"href":"https:\/\/blog.uclm.es\/proyectoexotinet\/wp-json\/wp\/v2\/pages\/1031"}],"wp:attachment":[{"href":"https:\/\/blog.uclm.es\/proyectoexotinet\/wp-json\/wp\/v2\/media?parent=2675"}],"curies":[{"name":"wp","href":"https:\/\/api.w.org\/{rel}","templated":true}]}}