{"id":2655,"date":"2022-11-14T09:04:51","date_gmt":"2022-11-14T09:04:51","guid":{"rendered":"https:\/\/blog.uclm.es\/proyectoexotinet\/?page_id=2655"},"modified":"2022-11-14T09:32:21","modified_gmt":"2022-11-14T09:32:21","slug":"recursos-2","status":"publish","type":"page","link":"https:\/\/blog.uclm.es\/proyectoexotinet\/otros-recursos\/recursos-2\/","title":{"rendered":"Recursos"},"content":{"rendered":"\n<p style=\"font-size:35px\"><strong>RECURSOS ELECTR\u00d3NICOS<\/strong><\/p>\n\n\n\n<div class=\"wp-block-media-text is-stacked-on-mobile\" style=\"grid-template-columns:21% auto\"><figure class=\"wp-block-media-text__media\"><a href=\"http:\/\/www.mosquitoalert.com\/\"><img loading=\"lazy\" decoding=\"async\" width=\"700\" height=\"423\" src=\"https:\/\/blog.uclm.es\/proyectoexotinet\/wp-content\/uploads\/sites\/182\/2022\/11\/logo_mosquito_alert_tamano_correcto.jpg\" alt=\"\" class=\"wp-image-1949 size-full\" srcset=\"https:\/\/blog.uclm.es\/proyectoexotinet\/wp-content\/uploads\/sites\/182\/2022\/11\/logo_mosquito_alert_tamano_correcto.jpg 700w, https:\/\/blog.uclm.es\/proyectoexotinet\/wp-content\/uploads\/sites\/182\/2022\/11\/logo_mosquito_alert_tamano_correcto-300x181.jpg 300w\" sizes=\"auto, (max-width: 700px) 100vw, 700px\" \/><\/a><\/figure><div class=\"wp-block-media-text__content\">\n<p class=\"has-medium-font-size\">APP Mosquito Alert: ciencia ciudadana para investigar y controlar mosquitos transmisores de enfermedades <\/p>\n<\/div><\/div>\n\n\n\n<div class=\"wp-block-media-text is-stacked-on-mobile\" style=\"grid-template-columns:20% auto\"><figure class=\"wp-block-media-text__media\"><a href=\"https:\/\/visitors-centre.jrc.ec.europa.eu\/en\/media\/tools\/tracking-invasive-alien-species-europe-mobile-app\"><img loading=\"lazy\" decoding=\"async\" width=\"768\" height=\"755\" src=\"https:\/\/blog.uclm.es\/proyectoexotinet\/wp-content\/uploads\/sites\/182\/2022\/11\/default-portraitipad_.png\" alt=\"\" class=\"wp-image-1951 size-full\" srcset=\"https:\/\/blog.uclm.es\/proyectoexotinet\/wp-content\/uploads\/sites\/182\/2022\/11\/default-portraitipad_.png 768w, https:\/\/blog.uclm.es\/proyectoexotinet\/wp-content\/uploads\/sites\/182\/2022\/11\/default-portraitipad_-300x295.png 300w\" sizes=\"auto, (max-width: 768px) 100vw, 768px\" \/><\/a><\/figure><div class=\"wp-block-media-text__content\">\n<p class=\"has-medium-font-size\">APP Invasive Alien Species in Europe: informaci\u00f3n sobre especies ex\u00f3ticas en Europa promoviendo la ciencia ciudadana en el \u00e1mbito europeo <\/p>\n<\/div><\/div>\n\n\n\n<div class=\"wp-block-media-text is-stacked-on-mobile\" style=\"grid-template-columns:20% auto\"><figure class=\"wp-block-media-text__media\"><a href=\"http:\/\/www.invasep.eu\/index.php\"><img loading=\"lazy\" decoding=\"async\" width=\"360\" height=\"140\" src=\"https:\/\/blog.uclm.es\/proyectoexotinet\/wp-content\/uploads\/sites\/182\/2022\/11\/INVASEP.png\" alt=\"\" class=\"wp-image-2659 size-full\" srcset=\"https:\/\/blog.uclm.es\/proyectoexotinet\/wp-content\/uploads\/sites\/182\/2022\/11\/INVASEP.png 360w, https:\/\/blog.uclm.es\/proyectoexotinet\/wp-content\/uploads\/sites\/182\/2022\/11\/INVASEP-300x117.png 300w\" sizes=\"auto, (max-width: 360px) 100vw, 360px\" \/><\/a><\/figure><div class=\"wp-block-media-text__content\">\n<p class=\"has-medium-font-size\">Life INVASEP: lucha contra las especies invasoras en las cuencas hidrogr\u00e1ficas de los r\u00edos Tajo y Guadiana en la Pen\u00ednsula Ib\u00e9rica<\/p>\n<\/div><\/div>\n\n\n\n<div class=\"wp-block-media-text is-stacked-on-mobile\" style=\"grid-template-columns:21% auto\"><figure class=\"wp-block-media-text__media\"><a href=\"https:\/\/irecord.org.uk\/\"><img loading=\"lazy\" decoding=\"async\" width=\"184\" height=\"100\" src=\"https:\/\/blog.uclm.es\/proyectoexotinet\/wp-content\/uploads\/sites\/182\/2022\/11\/irecord_logo.png\" alt=\"\" class=\"wp-image-2662 size-full\" \/><\/a><\/figure><div class=\"wp-block-media-text__content\">\n<p class=\"has-medium-font-size\">iRecord: plataforma de avistamientos cotejados y revisados por expertos <\/p>\n<\/div><\/div>\n\n\n\n<div class=\"wp-block-media-text is-stacked-on-mobile\" style=\"grid-template-columns:21% auto\"><figure class=\"wp-block-media-text__media\"><a href=\"https:\/\/www.chguadiana.es\/cuenca-hidrografica\/especies-exoticas-invasoras\/app\"><img loading=\"lazy\" decoding=\"async\" width=\"900\" height=\"900\" src=\"https:\/\/blog.uclm.es\/proyectoexotinet\/wp-content\/uploads\/sites\/182\/2022\/11\/unnamed.jpg\" alt=\"\" class=\"wp-image-2664 size-full\" srcset=\"https:\/\/blog.uclm.es\/proyectoexotinet\/wp-content\/uploads\/sites\/182\/2022\/11\/unnamed.jpg 900w, https:\/\/blog.uclm.es\/proyectoexotinet\/wp-content\/uploads\/sites\/182\/2022\/11\/unnamed-300x300.jpg 300w, https:\/\/blog.uclm.es\/proyectoexotinet\/wp-content\/uploads\/sites\/182\/2022\/11\/unnamed-150x150.jpg 150w, https:\/\/blog.uclm.es\/proyectoexotinet\/wp-content\/uploads\/sites\/182\/2022\/11\/unnamed-768x768.jpg 768w\" sizes=\"auto, (max-width: 900px) 100vw, 900px\" \/><\/a><\/figure><div class=\"wp-block-media-text__content\">\n<p class=\"has-medium-font-size\">APP sobre Especies ex\u00f3ticas invasoras en la cuenca del Guadiana<\/p>\n<\/div><\/div>\n\n\n\n<div class=\"wp-block-media-text is-stacked-on-mobile\" style=\"grid-template-columns:21% auto\"><figure class=\"wp-block-media-text__media\"><a href=\"https:\/\/www.thigis.com\/portfolio-item\/exoticapp\/\"><img loading=\"lazy\" decoding=\"async\" width=\"200\" height=\"62\" src=\"https:\/\/blog.uclm.es\/proyectoexotinet\/wp-content\/uploads\/sites\/182\/2022\/11\/thigis_small.png\" alt=\"\" class=\"wp-image-2666 size-full\" \/><\/a><\/figure><div class=\"wp-block-media-text__content\">\n<p class=\"has-medium-font-size\">ExoticApp: datos georreferenciados de especies ex\u00f3ticas en el Parque Natural del Delta del Ebro<\/p>\n<\/div><\/div>\n\n\n\n<div class=\"wp-block-media-text is-stacked-on-mobile\" style=\"grid-template-columns:20% auto\"><figure class=\"wp-block-media-text__media\"><a href=\"http:\/\/vespapp.uib.es\/es\/\"><img loading=\"lazy\" decoding=\"async\" width=\"225\" height=\"225\" src=\"https:\/\/blog.uclm.es\/proyectoexotinet\/wp-content\/uploads\/sites\/182\/2022\/11\/descarga-2.png\" alt=\"\" class=\"wp-image-2668 size-full\" srcset=\"https:\/\/blog.uclm.es\/proyectoexotinet\/wp-content\/uploads\/sites\/182\/2022\/11\/descarga-2.png 225w, https:\/\/blog.uclm.es\/proyectoexotinet\/wp-content\/uploads\/sites\/182\/2022\/11\/descarga-2-150x150.png 150w\" sizes=\"auto, (max-width: 225px) 100vw, 225px\" \/><\/a><\/figure><div class=\"wp-block-media-text__content\">\n<p class=\"has-medium-font-size\">Vespapp: lucha contra la avispa asi\u00e1tica<\/p>\n<\/div><\/div>\n\n\n\n<div class=\"wp-block-media-text is-stacked-on-mobile\" style=\"grid-template-columns:20% auto\"><figure class=\"wp-block-media-text__media\"><a href=\"https:\/\/www.lifelampropeltis.com\/\"><img loading=\"lazy\" decoding=\"async\" width=\"391\" height=\"233\" src=\"https:\/\/blog.uclm.es\/proyectoexotinet\/wp-content\/uploads\/sites\/182\/2022\/11\/lampropeltis.jpg\" alt=\"\" class=\"wp-image-2670 size-full\" srcset=\"https:\/\/blog.uclm.es\/proyectoexotinet\/wp-content\/uploads\/sites\/182\/2022\/11\/lampropeltis.jpg 391w, https:\/\/blog.uclm.es\/proyectoexotinet\/wp-content\/uploads\/sites\/182\/2022\/11\/lampropeltis-300x179.jpg 300w\" sizes=\"auto, (max-width: 391px) 100vw, 391px\" \/><\/a><\/figure><div class=\"wp-block-media-text__content\">\n<p class=\"has-medium-font-size\">Life LAMPROPELTIS: control de la culebra real de California\u00a0(<em>Lampropeltis getula californiae)\u00a0<\/em>en la isla de Gran Canaria<\/p>\n<\/div><\/div>\n","protected":false},"excerpt":{"rendered":"<p>RECURSOS ELECTR\u00d3NICOS APP Mosquito Alert: ciencia ciudadana para investigar y controlar mosquitos transmisores de enfermedades APP Invasive Alien Species in Europe: informaci\u00f3n sobre especies ex\u00f3ticas en Europa promoviendo la ciencia ciudadana en el \u00e1mbito europeo Life INVASEP: lucha contra las especies invasoras en las cuencas hidrogr\u00e1ficas de los r\u00edos Tajo y Guadiana en la Pen\u00ednsula &hellip; <a href=\"https:\/\/blog.uclm.es\/proyectoexotinet\/otros-recursos\/recursos-2\/\" class=\"more-link\">Seguir leyendo <span class=\"screen-reader-text\">Recursos<\/span> <span class=\"meta-nav\">&rarr;<\/span><\/a><\/p>\n","protected":false},"author":254,"featured_media":0,"parent":1031,"menu_order":2,"comment_status":"closed","ping_status":"closed","template":"","meta":{"footnotes":""},"class_list":["post-2655","page","type-page","status-publish","hentry"],"_links":{"self":[{"href":"https:\/\/blog.uclm.es\/proyectoexotinet\/wp-json\/wp\/v2\/pages\/2655","targetHints":{"allow":["GET"]}}],"collection":[{"href":"https:\/\/blog.uclm.es\/proyectoexotinet\/wp-json\/wp\/v2\/pages"}],"about":[{"href":"https:\/\/blog.uclm.es\/proyectoexotinet\/wp-json\/wp\/v2\/types\/page"}],"author":[{"embeddable":true,"href":"https:\/\/blog.uclm.es\/proyectoexotinet\/wp-json\/wp\/v2\/users\/254"}],"replies":[{"embeddable":true,"href":"https:\/\/blog.uclm.es\/proyectoexotinet\/wp-json\/wp\/v2\/comments?post=2655"}],"version-history":[{"count":9,"href":"https:\/\/blog.uclm.es\/proyectoexotinet\/wp-json\/wp\/v2\/pages\/2655\/revisions"}],"predecessor-version":[{"id":2673,"href":"https:\/\/blog.uclm.es\/proyectoexotinet\/wp-json\/wp\/v2\/pages\/2655\/revisions\/2673"}],"up":[{"embeddable":true,"href":"https:\/\/blog.uclm.es\/proyectoexotinet\/wp-json\/wp\/v2\/pages\/1031"}],"wp:attachment":[{"href":"https:\/\/blog.uclm.es\/proyectoexotinet\/wp-json\/wp\/v2\/media?parent=2655"}],"curies":[{"name":"wp","href":"https:\/\/api.w.org\/{rel}","templated":true}]}}