{"id":2650,"date":"2022-11-14T08:53:52","date_gmt":"2022-11-14T08:53:52","guid":{"rendered":"https:\/\/blog.uclm.es\/proyectoexotinet\/?page_id=2650"},"modified":"2022-11-14T09:01:49","modified_gmt":"2022-11-14T09:01:49","slug":"recursos","status":"publish","type":"page","link":"https:\/\/blog.uclm.es\/proyectoexotinet\/otros-recursos\/recursos\/","title":{"rendered":"Recursos"},"content":{"rendered":"\n<p style=\"font-size:35px\"><strong>PROYECTOS AFINES<\/strong><\/p>\n\n\n\n<div class=\"wp-block-media-text is-stacked-on-mobile\" style=\"grid-template-columns:21% auto\"><figure class=\"wp-block-media-text__media\"><a href=\"https:\/\/lifeinvasaqua.com\/\"><img loading=\"lazy\" decoding=\"async\" width=\"1024\" height=\"597\" src=\"https:\/\/blog.uclm.es\/proyectoexotinet\/wp-content\/uploads\/sites\/182\/2022\/11\/logo-life-invasaqua2-1024x597.png\" alt=\"\" class=\"wp-image-1948 size-full\" srcset=\"https:\/\/blog.uclm.es\/proyectoexotinet\/wp-content\/uploads\/sites\/182\/2022\/11\/logo-life-invasaqua2-1024x597.png 1024w, https:\/\/blog.uclm.es\/proyectoexotinet\/wp-content\/uploads\/sites\/182\/2022\/11\/logo-life-invasaqua2-300x175.png 300w, https:\/\/blog.uclm.es\/proyectoexotinet\/wp-content\/uploads\/sites\/182\/2022\/11\/logo-life-invasaqua2-768x448.png 768w, https:\/\/blog.uclm.es\/proyectoexotinet\/wp-content\/uploads\/sites\/182\/2022\/11\/logo-life-invasaqua2-1536x895.png 1536w, https:\/\/blog.uclm.es\/proyectoexotinet\/wp-content\/uploads\/sites\/182\/2022\/11\/logo-life-invasaqua2-2048x1194.png 2048w\" sizes=\"auto, (max-width: 1024px) 100vw, 1024px\" \/><\/a><\/figure><div class=\"wp-block-media-text__content\">\n<p class=\"has-medium-font-size\">Life Invasaqua<\/p>\n<\/div><\/div>\n\n\n\n<div class=\"wp-block-media-text is-stacked-on-mobile\" style=\"grid-template-columns:20% auto\"><figure class=\"wp-block-media-text__media\"><a href=\"https:\/\/easin.jrc.ec.europa.eu\/easin\"><img loading=\"lazy\" decoding=\"async\" width=\"820\" height=\"462\" src=\"https:\/\/blog.uclm.es\/proyectoexotinet\/wp-content\/uploads\/sites\/182\/2022\/11\/49660109_2238623896149332_6202645241778929664_n.jpg\" alt=\"\" class=\"wp-image-1953 size-full\" srcset=\"https:\/\/blog.uclm.es\/proyectoexotinet\/wp-content\/uploads\/sites\/182\/2022\/11\/49660109_2238623896149332_6202645241778929664_n.jpg 820w, https:\/\/blog.uclm.es\/proyectoexotinet\/wp-content\/uploads\/sites\/182\/2022\/11\/49660109_2238623896149332_6202645241778929664_n-300x169.jpg 300w, https:\/\/blog.uclm.es\/proyectoexotinet\/wp-content\/uploads\/sites\/182\/2022\/11\/49660109_2238623896149332_6202645241778929664_n-768x433.jpg 768w\" sizes=\"auto, (max-width: 820px) 100vw, 820px\" \/><\/a><\/figure><div class=\"wp-block-media-text__content\">\n<p class=\"has-medium-font-size\">EASIN &#8211; European Alien Species Information Network<\/p>\n<\/div><\/div>\n\n\n\n<div class=\"wp-block-media-text is-stacked-on-mobile\" style=\"grid-template-columns:20% auto\"><figure class=\"wp-block-media-text__media\"><a href=\"http:\/\/invasiber2.org\/fitxa_llista.php?taxonomic=2\"><img loading=\"lazy\" decoding=\"async\" width=\"250\" height=\"132\" src=\"https:\/\/blog.uclm.es\/proyectoexotinet\/wp-content\/uploads\/sites\/182\/2022\/11\/invasiber_contorn2.jpg\" alt=\"\" class=\"wp-image-1960 size-full\" \/><\/a><\/figure><div class=\"wp-block-media-text__content\">\n<p class=\"has-medium-font-size\">invasIBER: listado de especies ex\u00f3ticas invasoras de la Pen\u00ednsula Ib\u00e9rica<\/p>\n<\/div><\/div>\n\n\n\n<div class=\"wp-block-media-text is-stacked-on-mobile\" style=\"grid-template-columns:20% auto\"><figure class=\"wp-block-media-text__media\"><a href=\"https:\/\/www.wwf.es\/nuestro_trabajo\/especies_y_habitats\/especies_invasoras\/\"><img loading=\"lazy\" decoding=\"async\" width=\"750\" height=\"600\" src=\"https:\/\/blog.uclm.es\/proyectoexotinet\/wp-content\/uploads\/sites\/182\/2022\/11\/wwf_logo_750_x_600.jpg\" alt=\"\" class=\"wp-image-1978 size-full\" srcset=\"https:\/\/blog.uclm.es\/proyectoexotinet\/wp-content\/uploads\/sites\/182\/2022\/11\/wwf_logo_750_x_600.jpg 750w, https:\/\/blog.uclm.es\/proyectoexotinet\/wp-content\/uploads\/sites\/182\/2022\/11\/wwf_logo_750_x_600-300x240.jpg 300w\" sizes=\"auto, (max-width: 750px) 100vw, 750px\" \/><\/a><\/figure><div class=\"wp-block-media-text__content\">\n<p class=\"has-medium-font-size\">Especies y h\u00e1bitats: especies ex\u00f3ticas invasoras<\/p>\n<\/div><\/div>\n\n\n\n<div class=\"wp-block-media-text is-stacked-on-mobile\" style=\"grid-template-columns:20% auto\"><figure class=\"wp-block-media-text__media\"><a href=\"https:\/\/www.efsa.europa.eu\/es\/topics\/topic\/invasive-alien-species\"><img loading=\"lazy\" decoding=\"async\" width=\"1024\" height=\"484\" src=\"https:\/\/blog.uclm.es\/proyectoexotinet\/wp-content\/uploads\/sites\/182\/2022\/11\/EFSA_logo-1024x484.jpg\" alt=\"\" class=\"wp-image-1979 size-full\" srcset=\"https:\/\/blog.uclm.es\/proyectoexotinet\/wp-content\/uploads\/sites\/182\/2022\/11\/EFSA_logo-1024x484.jpg 1024w, https:\/\/blog.uclm.es\/proyectoexotinet\/wp-content\/uploads\/sites\/182\/2022\/11\/EFSA_logo-300x142.jpg 300w, https:\/\/blog.uclm.es\/proyectoexotinet\/wp-content\/uploads\/sites\/182\/2022\/11\/EFSA_logo-768x363.jpg 768w, https:\/\/blog.uclm.es\/proyectoexotinet\/wp-content\/uploads\/sites\/182\/2022\/11\/EFSA_logo-1536x726.jpg 1536w, https:\/\/blog.uclm.es\/proyectoexotinet\/wp-content\/uploads\/sites\/182\/2022\/11\/EFSA_logo.jpg 1808w\" sizes=\"auto, (max-width: 1024px) 100vw, 1024px\" \/><\/a><\/figure><div class=\"wp-block-media-text__content\">\n<p class=\"has-medium-font-size\">Autoridad Europea de Seguridad Alimentaria: especies ex\u00f3ticas invasoras<\/p>\n<\/div><\/div>\n\n\n\n<div class=\"wp-block-media-text is-stacked-on-mobile\" style=\"grid-template-columns:20% auto\"><figure class=\"wp-block-media-text__media\"><a href=\"http:\/\/www.vertebradosibericos.org\/\"><img loading=\"lazy\" decoding=\"async\" width=\"411\" height=\"298\" src=\"https:\/\/blog.uclm.es\/proyectoexotinet\/wp-content\/uploads\/sites\/182\/2022\/11\/Tortuga-Bastarda-copy.jpg\" alt=\"\" class=\"wp-image-1957 size-full\" srcset=\"https:\/\/blog.uclm.es\/proyectoexotinet\/wp-content\/uploads\/sites\/182\/2022\/11\/Tortuga-Bastarda-copy.jpg 411w, https:\/\/blog.uclm.es\/proyectoexotinet\/wp-content\/uploads\/sites\/182\/2022\/11\/Tortuga-Bastarda-copy-300x218.jpg 300w\" sizes=\"auto, (max-width: 411px) 100vw, 411px\" \/><\/a><\/figure><div class=\"wp-block-media-text__content\">\n<p class=\"has-medium-font-size\">Enciclopedia virtual de los vertebrados espa\u00f1oles <em>(especies ex\u00f3ticas en rojo)<\/em><\/p>\n<\/div><\/div>\n\n\n\n<div class=\"wp-block-media-text is-stacked-on-mobile\" style=\"grid-template-columns:20% auto\"><figure class=\"wp-block-media-text__media\"><a href=\"https:\/\/www.miteco.gob.es\/es\/biodiversidad\/temas\/inventarios-nacionales\/inventario-especies-terrestres\/inventario-nacional-de-biodiversidad\/ieet_flora_vasc_aloct_invas.aspx\"><img loading=\"lazy\" decoding=\"async\" width=\"388\" height=\"130\" src=\"https:\/\/blog.uclm.es\/proyectoexotinet\/wp-content\/uploads\/sites\/182\/2022\/11\/descarga-1.png\" alt=\"\" class=\"wp-image-1955 size-full\" srcset=\"https:\/\/blog.uclm.es\/proyectoexotinet\/wp-content\/uploads\/sites\/182\/2022\/11\/descarga-1.png 388w, https:\/\/blog.uclm.es\/proyectoexotinet\/wp-content\/uploads\/sites\/182\/2022\/11\/descarga-1-300x101.png 300w\" sizes=\"auto, (max-width: 388px) 100vw, 388px\" \/><\/a><\/figure><div class=\"wp-block-media-text__content\">\n<p class=\"has-medium-font-size\">Atlas de las plantas al\u00f3ctonas invasoras de Espa\u00f1a<\/p>\n<\/div><\/div>\n\n\n\n<div class=\"wp-block-media-text is-stacked-on-mobile\" style=\"grid-template-columns:20% auto\"><figure class=\"wp-block-media-text__media\"><a href=\"https:\/\/www.miteco.gob.es\/es\/biodiversidad\/temas\/conservacion-de-especies\/especies-exoticas-invasoras\/ce-eei-catalogo.aspx\"><img loading=\"lazy\" decoding=\"async\" width=\"388\" height=\"130\" src=\"https:\/\/blog.uclm.es\/proyectoexotinet\/wp-content\/uploads\/sites\/182\/2022\/11\/descarga-1.png\" alt=\"\" class=\"wp-image-1955 size-full\" srcset=\"https:\/\/blog.uclm.es\/proyectoexotinet\/wp-content\/uploads\/sites\/182\/2022\/11\/descarga-1.png 388w, https:\/\/blog.uclm.es\/proyectoexotinet\/wp-content\/uploads\/sites\/182\/2022\/11\/descarga-1-300x101.png 300w\" sizes=\"auto, (max-width: 388px) 100vw, 388px\" \/><\/a><\/figure><div class=\"wp-block-media-text__content\">\n<p class=\"has-medium-font-size\">Cat\u00e1logo espa\u00f1ol de especies ex\u00f3ticas invasoras<\/p>\n<\/div><\/div>\n","protected":false},"excerpt":{"rendered":"<p>PROYECTOS AFINES Life Invasaqua EASIN &#8211; European Alien Species Information Network invasIBER: listado de especies ex\u00f3ticas invasoras de la Pen\u00ednsula Ib\u00e9rica Especies y h\u00e1bitats: especies ex\u00f3ticas invasoras Autoridad Europea de Seguridad Alimentaria: especies ex\u00f3ticas invasoras Enciclopedia virtual de los vertebrados espa\u00f1oles (especies ex\u00f3ticas en rojo) Atlas de las plantas al\u00f3ctonas invasoras de Espa\u00f1a Cat\u00e1logo espa\u00f1ol &hellip; <a href=\"https:\/\/blog.uclm.es\/proyectoexotinet\/otros-recursos\/recursos\/\" class=\"more-link\">Seguir leyendo <span class=\"screen-reader-text\">Recursos<\/span> <span class=\"meta-nav\">&rarr;<\/span><\/a><\/p>\n","protected":false},"author":254,"featured_media":0,"parent":1031,"menu_order":2,"comment_status":"closed","ping_status":"closed","template":"","meta":{"footnotes":""},"class_list":["post-2650","page","type-page","status-publish","hentry"],"_links":{"self":[{"href":"https:\/\/blog.uclm.es\/proyectoexotinet\/wp-json\/wp\/v2\/pages\/2650","targetHints":{"allow":["GET"]}}],"collection":[{"href":"https:\/\/blog.uclm.es\/proyectoexotinet\/wp-json\/wp\/v2\/pages"}],"about":[{"href":"https:\/\/blog.uclm.es\/proyectoexotinet\/wp-json\/wp\/v2\/types\/page"}],"author":[{"embeddable":true,"href":"https:\/\/blog.uclm.es\/proyectoexotinet\/wp-json\/wp\/v2\/users\/254"}],"replies":[{"embeddable":true,"href":"https:\/\/blog.uclm.es\/proyectoexotinet\/wp-json\/wp\/v2\/comments?post=2650"}],"version-history":[{"count":3,"href":"https:\/\/blog.uclm.es\/proyectoexotinet\/wp-json\/wp\/v2\/pages\/2650\/revisions"}],"predecessor-version":[{"id":2656,"href":"https:\/\/blog.uclm.es\/proyectoexotinet\/wp-json\/wp\/v2\/pages\/2650\/revisions\/2656"}],"up":[{"embeddable":true,"href":"https:\/\/blog.uclm.es\/proyectoexotinet\/wp-json\/wp\/v2\/pages\/1031"}],"wp:attachment":[{"href":"https:\/\/blog.uclm.es\/proyectoexotinet\/wp-json\/wp\/v2\/media?parent=2650"}],"curies":[{"name":"wp","href":"https:\/\/api.w.org\/{rel}","templated":true}]}}