{"id":1925,"date":"2022-11-01T11:51:45","date_gmt":"2022-11-01T11:51:45","guid":{"rendered":"https:\/\/blog.uclm.es\/proyectoexotinet\/?page_id=1925"},"modified":"2022-11-01T12:30:15","modified_gmt":"2022-11-01T12:30:15","slug":"normativa-2-4","status":"publish","type":"page","link":"https:\/\/blog.uclm.es\/proyectoexotinet\/normativa\/normativa-2-4\/","title":{"rendered":"Normativa"},"content":{"rendered":"\n<p class=\"has-large-font-size\"><strong>Legislaci\u00f3n Regional: Castilla-La Mancha<\/strong><\/p>\n\n\n\n<div style=\"height:28px\" aria-hidden=\"true\" class=\"wp-block-spacer\"><\/div>\n\n\n\n<ul class=\"has-medium-font-size wp-block-list\"><li><a href=\"https:\/\/www.boe.es\/buscar\/doc.php?id=BOE-A-1992-22500\">Ley 1\/1992, de 7 de mayo, de Pesca Fluvial<\/a><\/li><\/ul>\n\n\n\n<p class=\"has-text-align-center\"><em>T\u00cdTULO II. Clasificaci\u00f3n de los cursos y masas de agua y de las especies<br>CAP\u00cdTULO II. Clasificaci\u00f3n de las especies<br>Art\u00edculo 16. Para la aplicaci\u00f3n de la presente Ley, las especies de la fauna acu\u00e1tica se clasificar\u00e1n en las siguientes categor\u00edas: a) Amenazadas: Las incluidas en el Cat\u00e1logo Nacional de Especies Amenazada y las que el Consejo, de Gobierno declare como tales en el \u00e1mbito territorial de Castilla\u00b7La Mancha. b) De inter\u00e9s preferente: Las consideradas de alto valor deportivo o significado ecol\u00f3gico y sean sensibles a su aprovechamiento. Su declaraci\u00f3n corresponde al consejero de Agricultura. c) De car\u00e1cter invasor. Las al\u00f3ctonas que puedan alterar el equilibrio del medio acu\u00e1tico o el tama\u00f1o. de las poblaciones aut\u00f3ctonas. d) Otras especies: Las no contempladas en los apartados anteriores.<br>Art\u00edculo 18. Para las especies de car\u00e1cter invasor la Consejer\u00eda de Agricultura podr\u00e1 establecer las medidas necesarias destinadas a reducir los efectos perjudiciales que ocasionen a la fauna aut\u00f3ctona.<\/em><\/p>\n\n\n\n<div style=\"height:28px\" aria-hidden=\"true\" class=\"wp-block-spacer\"><\/div>\n\n\n\n<ul class=\"has-medium-font-size wp-block-list\"><li><a href=\"https:\/\/docm.jccm.es\/docm\/descargarArchivo.do?ruta=27662.doc&amp;tipo=rutaCodigoLegislativo\">Decreto 91\/1994, de 13 de septiembre, por el que se aprueba el Reglamento que desarrolla los T\u00edtulos I, II, IV, V, VI y parcialmente el T\u00edtulo VII de la Ley 1\/1992, de 7 de mayo, de Pesca Fluvial<\/a><\/li><\/ul>\n\n\n\n<p class=\"has-text-align-center\"><em>CAPITULO III De las especies de fauna acu\u00e1tica<br>SECCI\u00d3N 1\u00aa. Definici\u00f3n y clasificaci\u00f3n<br>Art\u00edculo 18.- Clasificaci\u00f3n de las especies \u201cA los efectos de aplicaci\u00f3n del presente Reglamento se considerar\u00e1n especies de la fauna acu\u00e1tica aquellas que desarrollen al menos una fase de su ciclo biol\u00f3gico en el interior del medio acu\u00e1tico. Las especies de la fauna acu\u00e1tica se clasificar\u00e1n dentro de las siguientes categor\u00edas: a) Amenazadas: Las incluidas en el Cat\u00e1logo Nacional de Especies Amenazadas, y las que el Consejo de Gobierno declare como tales en el \u00e1mbito territorial de Castilla-La Mancha. b) De inter\u00e9s preferente: Las especies pescables consideradas de alto valor deportivo o significado ecol\u00f3gico y sensibles a su aprovechamiento. Su declaraci\u00f3n, as\u00ed como el establecimiento de las aguas habitadas por la especie a efectos de aplicaci\u00f3n de este Reglamento, corresponde, mediante Orden, al Consejero de Agricultura y Medio Ambiente. La relaci\u00f3n de aguas habitadas por la especie incluir\u00e1 tanto las pobladas de forma estable por la misma como las no pobladas que formen parte de su h\u00e1bitat potencial en las que se prevea su introducci\u00f3n por el Plan de Gesti\u00f3n correspondiente. c) De car\u00e1cter invasor: Las al\u00f3ctonas que puedan alterar el equilibrio del medio acu\u00e1tico o el tama\u00f1o de las poblaciones aut\u00f3ctonas, y sean declaradas como tales en la totalidad o parte del Territorio Auton\u00f3mico.\u201d<br><\/em><\/p>\n\n\n\n<p class=\"has-text-align-center\"><em>SECCI\u00d3N SEGUNDA Planes que afectan a las especies<br>Art\u00edculo 19 Tipos de Planes \u201cDe acuerdo con la clasificaci\u00f3n del art\u00edculo anterior, el manejo de las especies se planificar\u00e1 mediante: 1 Planes de Recuperaci\u00f3n, Conservaci\u00f3n o Manejo para las especies amenazadas, establecidos por su legislaci\u00f3n espec\u00edfica. 2 Planes de Gesti\u00f3n, en el caso de especies de inter\u00e9s preferente. 3 Medidas de Control, para las especies de car\u00e1cter invasor. Los Planes de Gesti\u00f3n y las medidas de control de especies de car\u00e1cter invasor estar\u00e1n subordinados a los Planes de Ordenaci\u00f3n de los Recursos Naturales y a los enumerados en el punto 1) del p\u00e1rrafo anterior, establecidos por su legislaci\u00f3n espec\u00edfica, en las aguas que resulten afectadas por los mismos.\u201d<br>Art\u00edculo 24 -Medidas de control de especies de car\u00e1cter invasor \u201cPara las especies de car\u00e1cter invasor, la Consejer\u00eda de Agricultura y Medio Ambiente podr\u00e1 adoptar las medidas necesarias destinadas a reducir o eliminar los efectos perjudiciales que dichas especies ocasionen a la fauna o flora aut\u00f3ctona, incluyendo la autorizaci\u00f3n excepcional de las artes o m\u00e9todos de pesca que resulten m\u00e1s eficaces al objeto. Cuando la problem\u00e1tica creada por la especie tenga car\u00e1cter Regional, dichas medidas se establecer\u00e1n mediante Resoluci\u00f3n de la Direcci\u00f3n General de Montes y Medio Ambiente Natural en la que figuren, entre otros, el \u00e1mbito territorial y temporal de aplicaci\u00f3n, personal autorizado, tipo de artes y m\u00e9todos a emplear, condicionado aplicable y formas de control. Las Delegaciones Provinciales de la Consejer\u00eda podr\u00e1n adoptar, previa autorizaci\u00f3n de la Direcci\u00f3n General de Montes y Medio Ambiente Natural, medidas de control cuando los efectos perjudiciales que cause alguna especie tengan car\u00e1cter local, mediante resoluciones en que figuren los puntos expresados en el p\u00e1rrafo anterior.\u201d<\/em><\/p>\n\n\n\n<div style=\"height:28px\" aria-hidden=\"true\" class=\"wp-block-spacer\"><\/div>\n\n\n\n<ul class=\"has-medium-font-size wp-block-list\"><li><a href=\"https:\/\/docm.jccm.es\/portaldocm\/verDisposicionAntigua.do?ruta=1994\/11\/25&amp;idDisposicion=123061911913620685\">Resoluci\u00f3n de 10 de noviembre de 1994, de la Direcci\u00f3n General de Montes y Medio Ambiente Natural, por la que se declara a las especies pisc\u00edcolas percasol y gobio especies de car\u00e1cter invasor y se establecen medidas para su control<\/a><\/li><\/ul>\n\n\n\n<div style=\"height:28px\" aria-hidden=\"true\" class=\"wp-block-spacer\"><\/div>\n\n\n\n<ul class=\"has-medium-font-size wp-block-list\"><li><a href=\"https:\/\/www.boe.es\/buscar\/doc.php?id=BOE-A-1999-16378\">Ley 9\/1999, de 26 de mayo, de Conservaci\u00f3n de la Naturaleza de Castilla-La Mancha<\/a><\/li><\/ul>\n\n\n\n<p class=\"has-text-align-center\"><em>T\u00cdTULO IV. De la protecci\u00f3n de las especies de fauna y flora silvestres.<br>CAP\u00cdTULO I. Del r\u00e9gimen general de protecci\u00f3n de las especies.<br>Art\u00edculo 71. Tenencia, cr\u00eda en cautividad y comercio de especies ex\u00f3ticas.<br>1. Se proh\u00edbe la tenencia, cultivo o cr\u00eda de especies ex\u00f3ticas en instalaciones o circunstancias que posibiliten el escape o dispersi\u00f3n de la especie y su invasi\u00f3n del medio natural.<br>2. Se entender\u00e1n excluidos de la anterior prohibici\u00f3n la tenencia o cultivo de especies utilizadas en jardiner\u00eda, agricultura o ganader\u00eda que por sus requerimientos ecol\u00f3gicos no pueden sobrevivir ni multiplicarse fuera del medio confinado en que artificialmente se encuentren.<br><\/em><\/p>\n\n\n\n<p class=\"has-text-align-center\"><em>Art\u00edculo 72. Protecci\u00f3n de las especies aut\u00f3ctonas frente a las ex\u00f3ticas.<br>1. Se proh\u00edbe la introducci\u00f3n de una especie ex\u00f3tica en el medio natural fuera de los recintos donde se pudiera realizar su cr\u00eda o cultivo confinado de acuerdo con el art\u00edculo 71.2, salvo que se disponga de autorizaci\u00f3n expresa y motivada de la Consejer\u00eda, que s\u00f3lo se podr\u00e1 otorgar en circunstancias que garanticen que la especie a introducir no proliferar\u00e1 ni causar\u00e1 da\u00f1os directos o indirectos a las aut\u00f3ctonas, as\u00ed como que no alterar\u00e1 los equilibrios ecol\u00f3gicos ni la estructura y funcionalidad de los ecosistemas.<br>2. Si se comprobara que la introducci\u00f3n, presencia o proliferaci\u00f3n de una especie no aut\u00f3ctona causa da\u00f1os a las aut\u00f3ctonas o a sus h\u00e1bitats, la Consejer\u00eda podr\u00e1 establecer medidas de control, cuyas prescripciones ser\u00e1n de obligado cumplimiento para los que posean u ostenten alg\u00fan derecho sobre los ejemplares afectados.<br><\/em><\/p>\n\n\n\n<p class=\"has-text-align-center\"><em>Art\u00edculo 73. Preservaci\u00f3n de la pureza gen\u00e9tica. No se podr\u00e1 autorizar la liberaci\u00f3n en el medio natural de organismos de car\u00e1cter h\u00edbrido o modificados gen\u00e9ticamente bajo condiciones en que puedan alterar la pureza y diversidad gen\u00e9tica de las poblaciones naturales de las especies aut\u00f3ctonas o poner en riesgo cualquier otro valor natural amparado por la presente Ley, salvo cuando esta acci\u00f3n se derive de un plan de conservaci\u00f3n de alguna especie cuya supervivencia dependa de aqu\u00e9lla.<\/em><\/p>\n\n\n\n<div style=\"height:28px\" aria-hidden=\"true\" class=\"wp-block-spacer\"><\/div>\n\n\n\n<ul class=\"has-medium-font-size wp-block-list\"><li><a href=\"https:\/\/docm.jccm.es\/portaldocm\/verDisposicionAntigua.do?ruta=2002\/02\/11&amp;idDisposicion=123062664073130904\">Orden de 31 de enero de 2002, de la Consejer\u00eda de Agricultura y Medio Ambiente, por la que se declaran especies de car\u00e1cter invasor las especies de peces alburno y lucioperca, y se establecen medidas para su control<\/a><\/li><\/ul>\n\n\n\n<div style=\"height:28px\" aria-hidden=\"true\" class=\"wp-block-spacer\"><\/div>\n\n\n\n<ul class=\"has-medium-font-size wp-block-list\"><li><a href=\"https:\/\/docm.jccm.es\/portaldocm\/verDisposicionAntigua.do?ruta=2007\/02\/09&amp;idDisposicion=123061410720951409\">Orden de 19 de enero de 2007, de la Consejer\u00eda de Medio Ambiente y Desarrollo Rural, para regulaci\u00f3n de los permisos de transporte en vivo de cangrejo rojo (<em>Procambarus clarkii<\/em>)<\/a><\/li><\/ul>\n\n\n\n<div style=\"height:28px\" aria-hidden=\"true\" class=\"wp-block-spacer\"><\/div>\n\n\n\n<ul class=\"has-medium-font-size wp-block-list\"><li><a href=\"https:\/\/docm.jccm.es\/docm\/descargarArchivo.do?ruta=2009\/01\/22\/pdf\/2009_669.pdf&amp;tipo=rutaDocm\">Orden de 14 de enero de 2009, de la Consejer\u00eda de Agricultura y Desarrollo Rural, por la que se declaran especies ex\u00f3ticas de car\u00e1cter invasor las especies cangrejo rojo (<em>Procambarus clarkii <\/em>(Girad, 1852), cangrejo se\u00f1al (<em>Pacifasciatus leniusculus<\/em> (Dana, 1852)) y siluro (<em>Silurus glanis<\/em>, Linnaeus, 1758) y se establecen medidas para su control<\/a><\/li><\/ul>\n\n\n\n<div style=\"height:28px\" aria-hidden=\"true\" class=\"wp-block-spacer\"><\/div>\n\n\n\n<ul class=\"has-medium-font-size wp-block-list\"><li><a href=\"https:\/\/docm.jccm.es\/portaldocm\/descargarArchivo.do?ruta=2011\/01\/13\/pdf\/2011_195.pdf&amp;tipo=rutaDocm\">Orden de 22 de diciembre de 2010, por la que se declaran especies ex\u00f3ticas de car\u00e1cter invasor las especies pez gato negro y pez gato punteado y se establecen medidas para su control<\/a><\/li><\/ul>\n\n\n\n<div style=\"height:28px\" aria-hidden=\"true\" class=\"wp-block-spacer\"><\/div>\n\n\n\n<ul class=\"has-medium-font-size wp-block-list\"><li><a href=\"https:\/\/www.boe.es\/diario_boe\/txt.php?id=BOE-A-2015-6877\">Ley 3\/2015, de 5 de marzo, de Caza de Castilla-La Mancha<\/a> (ver en detalle los apartados siguientes)<\/li><\/ul>\n\n\n\n<p class=\"has-text-align-center\"><em>T\u00cdTULO II. De las especies de caza y sus h\u00e1bitats.<br>Art\u00edculo 7. Especies objeto de caza y de control de poblaciones.<\/em><\/p>\n\n\n\n<p class=\"has-text-align-center\"><em>T\u00cdTULO III. Del ejercicio de la caza<br>CAP\u00cdTULO IV. De las prohibiciones generales y de las autorizaciones excepcionales para el control de poblaciones<br>Art\u00edculo 28. Autorizaciones excepcionales para control de poblaciones cineg\u00e9ticas.<br>Art\u00edculo 57. Planes de Ordenaci\u00f3n Cineg\u00e9tica.<br>Art\u00edculo 59. \u00d3rdenes Anuales de Vedas.<br>Art\u00edculo 75. Infracciones muy graves.<br>Disposici\u00f3n final tercera. Modificaci\u00f3n de la Ley 9\/1999, de 26 de mayo, de Conservaci\u00f3n de la Naturaleza.<\/em><\/p>\n\n\n\n<div style=\"height:28px\" aria-hidden=\"true\" class=\"wp-block-spacer\"><\/div>\n\n\n\n<ul class=\"has-medium-font-size wp-block-list\"><li><a href=\"https:\/\/www.boe.es\/diario_boe\/txt.php?id=BOE-A-2020-13916\">Ley 7\/2020, de 31 de agosto, de Bienestar, Protecci\u00f3n y Defensa de los Animales de Castilla-La Mancha<\/a><\/li><\/ul>\n\n\n\n<p class=\"has-text-align-center\"><em>T\u00cdTULO I. Disposiciones generales.<br>Art\u00edculo 1. Objeto y \u00e1mbito de aplicaci\u00f3n.<\/em><\/p>\n\n\n\n<ol class=\"wp-block-list\"><li><em>Esta ley tiene por objeto establecer las normas para la protecci\u00f3n, bienestar y defensa de los animales en el territorio de Castilla-La Mancha.<\/em><\/li><li><em>La presente ley no ser\u00e1 de aplicaci\u00f3n a los siguientes animales, que se regir\u00e1n por su legislaci\u00f3n espec\u00edfica:<br>a) La fauna silvestre, especies ex\u00f3ticas invasoras y aves de cetrer\u00eda<\/em>.<\/li><\/ol>\n","protected":false},"excerpt":{"rendered":"<p>Legislaci\u00f3n Regional: Castilla-La Mancha Ley 1\/1992, de 7 de mayo, de Pesca Fluvial T\u00cdTULO II. Clasificaci\u00f3n de los cursos y masas de agua y de las especiesCAP\u00cdTULO II. Clasificaci\u00f3n de las especiesArt\u00edculo 16. Para la aplicaci\u00f3n de la presente Ley, las especies de la fauna acu\u00e1tica se clasificar\u00e1n en las siguientes categor\u00edas: a) Amenazadas: Las &hellip; <a href=\"https:\/\/blog.uclm.es\/proyectoexotinet\/normativa\/normativa-2-4\/\" class=\"more-link\">Seguir leyendo <span class=\"screen-reader-text\">Normativa<\/span> <span class=\"meta-nav\">&rarr;<\/span><\/a><\/p>\n","protected":false},"author":254,"featured_media":0,"parent":1890,"menu_order":2,"comment_status":"closed","ping_status":"closed","template":"","meta":{"footnotes":""},"class_list":["post-1925","page","type-page","status-publish","hentry"],"_links":{"self":[{"href":"https:\/\/blog.uclm.es\/proyectoexotinet\/wp-json\/wp\/v2\/pages\/1925","targetHints":{"allow":["GET"]}}],"collection":[{"href":"https:\/\/blog.uclm.es\/proyectoexotinet\/wp-json\/wp\/v2\/pages"}],"about":[{"href":"https:\/\/blog.uclm.es\/proyectoexotinet\/wp-json\/wp\/v2\/types\/page"}],"author":[{"embeddable":true,"href":"https:\/\/blog.uclm.es\/proyectoexotinet\/wp-json\/wp\/v2\/users\/254"}],"replies":[{"embeddable":true,"href":"https:\/\/blog.uclm.es\/proyectoexotinet\/wp-json\/wp\/v2\/comments?post=1925"}],"version-history":[{"count":4,"href":"https:\/\/blog.uclm.es\/proyectoexotinet\/wp-json\/wp\/v2\/pages\/1925\/revisions"}],"predecessor-version":[{"id":1934,"href":"https:\/\/blog.uclm.es\/proyectoexotinet\/wp-json\/wp\/v2\/pages\/1925\/revisions\/1934"}],"up":[{"embeddable":true,"href":"https:\/\/blog.uclm.es\/proyectoexotinet\/wp-json\/wp\/v2\/pages\/1890"}],"wp:attachment":[{"href":"https:\/\/blog.uclm.es\/proyectoexotinet\/wp-json\/wp\/v2\/media?parent=1925"}],"curies":[{"name":"wp","href":"https:\/\/api.w.org\/{rel}","templated":true}]}}