{"id":1914,"date":"2022-11-01T11:33:53","date_gmt":"2022-11-01T11:33:53","guid":{"rendered":"https:\/\/blog.uclm.es\/proyectoexotinet\/?page_id=1914"},"modified":"2022-11-01T11:48:29","modified_gmt":"2022-11-01T11:48:29","slug":"normativa-2-2","status":"publish","type":"page","link":"https:\/\/blog.uclm.es\/proyectoexotinet\/normativa\/normativa-2-2\/","title":{"rendered":"Normativa"},"content":{"rendered":"\n<p class=\"has-large-font-size\"><strong>Legislaci\u00f3n Europea<\/strong><\/p>\n\n\n\n<div style=\"height:28px\" aria-hidden=\"true\" class=\"wp-block-spacer\"><\/div>\n\n\n\n<ul class=\"has-medium-font-size wp-block-list\"><li><a href=\"http:\/\/europa.eu\/legislation_summaries\/environment\/nature_and_biodiversity\/l28050_es.htm\">Convenio relativo a la conservaci\u00f3n de la vida silvestre y del medio natural en Europa (Convenio de Berna, 1979)<\/a><\/li><\/ul>\n\n\n\n<p class=\"has-text-align-center\"><em>CAP\u00cdTULO V. Disposiciones suplementarias<br>Art\u00edculo 11 (2). \u201cCada Parte contratante se obliga a \u2026 b) controlar estrictamente la introducci\u00f3n de especies no ind\u00edgenas.\u201d<\/em><\/p>\n\n\n\n<div style=\"height:28px\" aria-hidden=\"true\" class=\"wp-block-spacer\"><\/div>\n\n\n\n<ul class=\"has-medium-font-size wp-block-list\"><li><a href=\"http:\/\/europa.eu\/legislation_summaries\/customs\/l11023_es.htm\">Reglamento (CE) 338\/97 del Consejo, de 9 de diciembre de 1996, relativo a la protecci\u00f3n de especies de la fauna y flora silvestres mediante el control de su comercio (Implementaci\u00f3n en Europa del Convenio CITES)<\/a><\/li><\/ul>\n\n\n\n<p class=\"has-text-align-center\"><em>Art\u00edculo 4. Introducci\u00f3n en la comunidad. Apartado 6. \u201cEn consulta con los pa\u00edses de origen afectados, de conformidad con el procedimiento establecido en el Art\u00edculo 18 y teniendo en cuenta el dictamen del Grupo de revisi\u00f3n cient\u00edfica, la Comisi\u00f3n podr\u00e1 fijar limitaciones, bien de car\u00e1cter general o bien con relaci\u00f3n a determinados pa\u00edses de origen, para la introducci\u00f3n en la Comunidad \u2026 d) de espec\u00edmenes vivos de especies con respecto a los cuales se haya comprobado que su introducci\u00f3n en el medio ambiente natural de la Comunidad constituye una amenaza ecol\u00f3gica para las especies de la fauna y flora silvestres aut\u00f3ctonas de la Comunidad.\u201d<\/em><\/p>\n\n\n\n<p class=\"has-text-align-center\"><em>Art\u00edculo 9. Traslado de espec\u00edmenes vivos. Apartado 6. \u201cAteni\u00e9ndose al procedimiento establecido en el Art\u00edculo 18, la Comisi\u00f3n podr\u00e1 limitar la tenencia o el traslado de espec\u00edmenes vivos de especies cuya introducci\u00f3n en la Comunidad est\u00e9 sujeta a restricciones de conformidad con el apartado 6 del art\u00edculo 4.\u201d<\/em><\/p>\n\n\n\n<div style=\"height:28px\" aria-hidden=\"true\" class=\"wp-block-spacer\"><\/div>\n\n\n\n<ul class=\"has-medium-font-size wp-block-list\"><li><a href=\"http:\/\/europa.eu\/legislation_summaries\/environment\/nature_and_biodiversity\/l28046_es.htm\">Directiva 79\/409\/CEE, de 2 de abril de 1979, relativa a la conservaci\u00f3n de aves silvestres (Directiva Aves, 1979)<\/a><\/li><\/ul>\n\n\n\n<p class=\"has-text-align-center\"><em>Art\u00edculo 11. \u201cLos Estados miembros velar\u00e1n por evitar que la eventual introducci\u00f3n de especies de aves que no vivan normalmente en estado salvaje en el territorio europeo de los Estados miembros perjudique a la flora y la fauna locales.\u201d<\/em><\/p>\n\n\n\n<div style=\"height:28px\" aria-hidden=\"true\" class=\"wp-block-spacer\"><\/div>\n\n\n\n<ul class=\"has-medium-font-size wp-block-list\"><li><a href=\"http:\/\/europa.eu\/legislation_summaries\/environment\/nature_and_biodiversity\/l28076_es.htm\">Directiva 92\/43\/CEE del Consejo, de 21 de mayo de 1992, relativa a la conservaci\u00f3n de los h\u00e1bitats naturales y de la fauna y flora silvestres (Directiva H\u00e1bitat, 1992)<\/a><\/li><\/ul>\n\n\n\n<p class=\"has-text-align-center\"><em>Art\u00edculo 22 (b). \u201cEn la aplicaci\u00f3n de las disposiciones de la presente Directiva, los Estados miembros garantizar\u00e1n que la introducci\u00f3n intencionada en la naturaleza de una especie que no sea aut\u00f3ctona de su territorio se regule de modo que no perjudique a la fauna y flora silvestres aut\u00f3ctonas ni a sus h\u00e1bitats naturales en su zona de distribuci\u00f3n natural y, si lo consideraran necesario, prohibir\u00e1n dicha introducci\u00f3n.\u201d<\/em><\/p>\n\n\n\n<div style=\"height:28px\" aria-hidden=\"true\" class=\"wp-block-spacer\"><\/div>\n\n\n\n<ul class=\"has-medium-font-size wp-block-list\"><li><a href=\"http:\/\/europa.eu\/legislation_summaries\/environment\/water_protection_management\/l28084_es.htm\">Protocolo sobre las zonas especialmente protegidas y la diversidad biol\u00f3gica en el Mediterr\u00e1neo (Convenio de Barcelona, 1976, 1995)<\/a><\/li><\/ul>\n\n\n\n<p class=\"has-text-align-center\"><em>PARTE II. Protecci\u00f3n de las zonas.<br>PRIMERA SECCI\u00d3N. Zonas especialmente protegidas.<br>Art\u00edculo 6. Medidas de protecci\u00f3n. \u201cLas Partes, de conformidad con el derecho internacional y teniendo en cuenta las caracter\u00edsticas de cada zona protegida, adoptar\u00e1n las medidas de protecci\u00f3n debidas, en particular: \u2026 d) la reglamentaci\u00f3n de la introducci\u00f3n de cualquier especie no ind\u00edgena en la zona protegida de que se trate; o de especies gen\u00e9ticamente modificadas, as\u00ed como la introducci\u00f3n o reintroducci\u00f3n de especies que est\u00e1n o han estado presentes en la zona protegida.\u201d<\/em><\/p>\n\n\n\n<p class=\"has-text-align-center\"><em>PARTE III. Protecci\u00f3n y conservaci\u00f3n de las especies.<br>Art\u00edculo 13. Introducci\u00f3n de especies no ind\u00edgenas o modificadas gen\u00e9ticamente. \u201c1. Las Partes tomar\u00e1n todas las medidas adecuadas para reglamentar la introducci\u00f3n intencional o accidental de especies no ind\u00edgenas o gen\u00e9ticamente modificadas en las especies silvestres y prohibir\u00e1n las que puedan tener repercusiones nocivas en los ecosistemas, h\u00e1bitat o especies en la zona en la que se aplica el presente Protocolo. 2. Las Partes se esforzar\u00e1n por aplicar todas las medidas posibles para erradicar especies que ya se han introducido cuando, despu\u00e9s de una evaluaci\u00f3n cient\u00edfica, resulte que esas especies causan o es probable que causen da\u00f1os a los ecosistemas, h\u00e1bitat o especies de la zona en la que se aplica el presente Protocolo.\u201d<\/em><\/p>\n\n\n\n<div style=\"height:28px\" aria-hidden=\"true\" class=\"wp-block-spacer\"><\/div>\n\n\n\n<ul class=\"has-medium-font-size wp-block-list\"><li><a href=\"http:\/\/europa.eu\/legislation_summaries\/environment\/nature_and_biodiversity\/l28069_es.htm\">Directiva 1999\/22\/CE, de 29 de marzo de 1999, relativa al mantenimiento de animales salvajes en parques zool\u00f3gicos<\/a><\/li><\/ul>\n\n\n\n<p class=\"has-text-align-center\"><em>Art\u00edculo 3. Requisitos aplicables a los parques zool\u00f3gicos. \u201cLos Estados miembros deber\u00e1n adoptar medidas\u2026 para garantizar que todos los parques zool\u00f3gicos cumplan las siguientes medidas de conservaci\u00f3n: \u2026prevenci\u00f3n de la huida de los animales para evitar posibles amenazas ecol\u00f3gicas a las especies ind\u00edgenas y prevenci\u00f3n de la introducci\u00f3n de plagas y par\u00e1sitos de procedencia exterior.\u201d<\/em><\/p>\n\n\n\n<div style=\"height:28px\" aria-hidden=\"true\" class=\"wp-block-spacer\"><\/div>\n\n\n\n<ul class=\"has-medium-font-size wp-block-list\"><li><a href=\"http:\/\/europa.eu\/legislation_summaries\/environment\/nature_and_biodiversity\/l28179_es.htm\">Reglamento (CE) 708\/2007 del Consejo, de 11 de junio de 2007, sobre el uso de las especies ex\u00f3ticas y las especies localmente ausentes en la acuicultura<\/a><\/li><\/ul>\n\n\n\n<p class=\"has-text-align-center\"><em>Art\u00edculo 4. Medidas destinadas a evitar efectos adversos. Los Estados miembros se asegurar\u00e1n de que se adopten todas las medidas adecuadas con vistas a evitar cualquier efecto adverso para la biodiversidad y, especialmente, para las especies, los h\u00e1bitats y las funciones de los ecosistemas que quepa esperar como consecuencia de la introducci\u00f3n o la translocaci\u00f3n de organismos acu\u00e1ticos y especies localmente ausentes en la acuicultura y de la propagaci\u00f3n de esas especies en el medio natural.<\/em><\/p>\n\n\n\n<div style=\"height:28px\" aria-hidden=\"true\" class=\"wp-block-spacer\"><\/div>\n\n\n\n<ul class=\"has-medium-font-size wp-block-list\"><li><a href=\"http:\/\/ec.europa.eu\/environment\/nature\/invasivealien\">Reglamento (UE) 1143\/2014 del Parlamento Europeo y del Consejo, de 22 de octubre de 2014, sobre la prevenci\u00f3n y la gesti\u00f3n de la introducci\u00f3n y propagaci\u00f3n de especies ex\u00f3ticas invasoras<\/a><\/li><\/ul>\n\n\n\n<p class=\"has-text-align-center\"><em>Art\u00edculo 1. Objeto. El presente Reglamento establece las normas para evitar, reducir al m\u00e1ximo y mitigar los efectos adversos sobre la biodiversidad de la introducci\u00f3n y propagaci\u00f3n en la Uni\u00f3n, tanto de forma intencionada como no intencionada, de especies ex\u00f3ticas invasoras.<\/em><\/p>\n\n\n\n<div style=\"height:28px\" aria-hidden=\"true\" class=\"wp-block-spacer\"><\/div>\n\n\n\n<ul class=\"has-medium-font-size wp-block-list\"><li><a href=\"https:\/\/eur-lex.europa.eu\/legal-content\/ES\/TXT\/PDF\/?uri=CELEX:32016R1141&amp;from=EN\">Reglamento de ejecuci\u00f3n (UE) 2016\/1141 de la Comisi\u00f3n, de 13 de julio de 2016, por el que se adopta una lista de especies ex\u00f3ticas invasoras preocupantes para la Uni\u00f3n de conformidad con el Reglamento (UE) 1143\/2014<\/a><\/li><\/ul>\n\n\n\n<p class=\"has-text-align-center\"><em>Art\u00edculo 1. La lista que figura en el anexo del presente Reglamento constituir\u00e1 la lista inicial de especies ex\u00f3ticas invasoras preocupantes para la Uni\u00f3n con arreglo a lo dispuesto en el art\u00edculo 4, apartado1, del Reglamento (UE) n\u00ba 1143\/2014.<\/em><\/p>\n\n\n\n<div style=\"height:28px\" aria-hidden=\"true\" class=\"wp-block-spacer\"><\/div>\n\n\n\n<ul class=\"has-medium-font-size wp-block-list\"><li><a href=\"https:\/\/eur-lex.europa.eu\/legal-content\/ES\/TXT\/?uri=celex%3A32016R0429\">Reglamento (UE) 2016\/429 del Parlamento Europeo y del Consejo, de 9 de marzo de 2016, relativo a las enfermedades transmisibles de los animales y por el que se modifican o derogan algunos actos en materia de sanidad animal<\/a><\/li><\/ul>\n\n\n\n<p class=\"has-text-align-center\"><em>Consideraci\u00f3n 21: Las enfermedades de los animales pueden tener efectos perjudiciales en la distribuci\u00f3n de las especies en libertad y, de este modo, afectar a la biodiversidad. Los microorganismos que causan dichas enfermedades de los animales pueden considerarse, por tanto, especies ex\u00f3ticas invasoras en el marco del Convenio sobre la Diversidad Biol\u00f3gica de las Naciones Unidas. Las medidas establecidas en el presente Reglamento tambi\u00e9n tienen en cuenta la biodiversidad, por lo que las especies de animales y los agentes pat\u00f3genos, incluidos los definidos como especies ex\u00f3ticas invasoras, que intervienen en la transmisi\u00f3n de enfermedades contempladas en dicho Reglamento o que resultan afectados por tales enfermedades deben entrar en el \u00e1mbito de aplicaci\u00f3n del mismo.<\/em><\/p>\n\n\n\n<div style=\"height:28px\" aria-hidden=\"true\" class=\"wp-block-spacer\"><\/div>\n\n\n\n<ul class=\"has-medium-font-size wp-block-list\"><li><a href=\"https:\/\/eur-lex.europa.eu\/legal-content\/ES\/ALL\/?uri=CELEX%3A32016R0145\">Reglamento de ejecuci\u00f3n (UE) 2016\/145 de la Comisi\u00f3n de 4 de febrero de 2016 por el que se adopta el formato del documento que ha de servir de prueba para el permiso expedido por las autoridades competentes de los Estados miembros que permita a los establecimientos llevar a cabo ciertas actividades sobre las especies ex\u00f3ticas invasoras preocupantes para la Uni\u00f3n de conformidad con el Reglamento (UE) n.o 1143\/2014 del Parlamento Europeo y del Consejo<\/a><\/li><\/ul>\n\n\n\n<div style=\"height:28px\" aria-hidden=\"true\" class=\"wp-block-spacer\"><\/div>\n\n\n\n<ul class=\"has-medium-font-size wp-block-list\"><li><a href=\"https:\/\/eur-lex.europa.eu\/legal-content\/ES\/TXT\/?uri=CELEX%3A32017R1263\">Reglamento de ejecuci\u00f3n (UE) 2017\/1263 de la Comisi\u00f3n, de 12 de julio de 2017 por el que se actualiza la lista de especies ex\u00f3ticas invasoras preocupantes para la Uni\u00f3n establecida por el Reglamento de Ejecuci\u00f3n (UE) 2016\/1141 de conformidad con el Reglamento (UE) n\u00ba 1143\/2014 del Parlamento Europeo y del Consejo<\/a><\/li><\/ul>\n\n\n\n<p class=\"has-text-align-center\"><em>Art\u00edculo 1. Queda modificado el anexo del Reglamento de Ejecuci\u00f3n (UE) 2016\/1141 de conformidad con el anexo del presente Reglamento.<\/em><\/p>\n\n\n\n<div style=\"height:28px\" aria-hidden=\"true\" class=\"wp-block-spacer\"><\/div>\n\n\n\n<ul class=\"has-medium-font-size wp-block-list\"><li><a href=\"https:\/\/eur-lex.europa.eu\/legal-content\/ES\/TXT\/PDF\/?uri=CELEX:32017R1454&amp;from=EN\">Reglamento de ejecuci\u00f3n (UE) 2017\/1454 de la Comisi\u00f3n de 10 de agosto de 2017 que especifica los formatos t\u00e9cnicos para los informes de los Estados miembros de conformidad con el Reglamento (UE) n.o 1143\/2014 del Parlamento Europeo y del Consejo<\/a><\/li><\/ul>\n\n\n\n<div style=\"height:28px\" aria-hidden=\"true\" class=\"wp-block-spacer\"><\/div>\n\n\n\n<ul class=\"has-medium-font-size wp-block-list\"><li><a href=\"https:\/\/eur-lex.europa.eu\/legal-content\/ES\/TXT\/?uri=CELEX%3A32017R1263\">Reglamento de ejecuci\u00f3n (UE) 2017\/1263 de la Comisi\u00f3n de 12 de julio de 2017 por el que se actualiza la lista de especies ex\u00f3ticas invasoras preocupantes para la Uni\u00f3n establecida por el Reglamento de Ejecuci\u00f3n (UE) 2016\/1141 de conformidad con el Reglamento (UE) n\u00ba 1143\/2014 del Parlamento Europeo y del Consejo<\/a><\/li><\/ul>\n\n\n\n<div style=\"height:28px\" aria-hidden=\"true\" class=\"wp-block-spacer\"><\/div>\n\n\n\n<ul class=\"has-medium-font-size wp-block-list\"><li><a href=\"https:\/\/eur-lex.europa.eu\/legal-content\/ES\/TXT\/?uri=CELEX:32019R1262\">Reglamento de ejecuci\u00f3n (UE) 2019\/1262 de la Comisi\u00f3n de 25 de julio de 2019 por el que se modifica el Reglamento de Ejecuci\u00f3n (UE) 2016\/1141 con el fin de actualizar la lista de especies ex\u00f3ticas invasoras preocupantes para la Uni\u00f3n<\/a><\/li><\/ul>\n","protected":false},"excerpt":{"rendered":"<p>Legislaci\u00f3n Europea Convenio relativo a la conservaci\u00f3n de la vida silvestre y del medio natural en Europa (Convenio de Berna, 1979) CAP\u00cdTULO V. Disposiciones suplementariasArt\u00edculo 11 (2). \u201cCada Parte contratante se obliga a \u2026 b) controlar estrictamente la introducci\u00f3n de especies no ind\u00edgenas.\u201d Reglamento (CE) 338\/97 del Consejo, de 9 de diciembre de 1996, relativo &hellip; <a href=\"https:\/\/blog.uclm.es\/proyectoexotinet\/normativa\/normativa-2-2\/\" class=\"more-link\">Seguir leyendo <span class=\"screen-reader-text\">Normativa<\/span> <span class=\"meta-nav\">&rarr;<\/span><\/a><\/p>\n","protected":false},"author":254,"featured_media":0,"parent":1890,"menu_order":2,"comment_status":"closed","ping_status":"closed","template":"","meta":{"footnotes":""},"class_list":["post-1914","page","type-page","status-publish","hentry"],"_links":{"self":[{"href":"https:\/\/blog.uclm.es\/proyectoexotinet\/wp-json\/wp\/v2\/pages\/1914","targetHints":{"allow":["GET"]}}],"collection":[{"href":"https:\/\/blog.uclm.es\/proyectoexotinet\/wp-json\/wp\/v2\/pages"}],"about":[{"href":"https:\/\/blog.uclm.es\/proyectoexotinet\/wp-json\/wp\/v2\/types\/page"}],"author":[{"embeddable":true,"href":"https:\/\/blog.uclm.es\/proyectoexotinet\/wp-json\/wp\/v2\/users\/254"}],"replies":[{"embeddable":true,"href":"https:\/\/blog.uclm.es\/proyectoexotinet\/wp-json\/wp\/v2\/comments?post=1914"}],"version-history":[{"count":4,"href":"https:\/\/blog.uclm.es\/proyectoexotinet\/wp-json\/wp\/v2\/pages\/1914\/revisions"}],"predecessor-version":[{"id":1919,"href":"https:\/\/blog.uclm.es\/proyectoexotinet\/wp-json\/wp\/v2\/pages\/1914\/revisions\/1919"}],"up":[{"embeddable":true,"href":"https:\/\/blog.uclm.es\/proyectoexotinet\/wp-json\/wp\/v2\/pages\/1890"}],"wp:attachment":[{"href":"https:\/\/blog.uclm.es\/proyectoexotinet\/wp-json\/wp\/v2\/media?parent=1914"}],"curies":[{"name":"wp","href":"https:\/\/api.w.org\/{rel}","templated":true}]}}