{"id":1903,"date":"2022-11-01T11:19:10","date_gmt":"2022-11-01T11:19:10","guid":{"rendered":"https:\/\/blog.uclm.es\/proyectoexotinet\/?page_id=1903"},"modified":"2022-11-01T11:32:50","modified_gmt":"2022-11-01T11:32:50","slug":"normativa-2","status":"publish","type":"page","link":"https:\/\/blog.uclm.es\/proyectoexotinet\/normativa\/normativa-2\/","title":{"rendered":"Normativa"},"content":{"rendered":"\n<p class=\"has-large-font-size\"><strong>Convenios Internacionales<\/strong><\/p>\n\n\n\n<div style=\"height:28px\" aria-hidden=\"true\" class=\"wp-block-spacer\"><\/div>\n\n\n\n<ul class=\"has-medium-font-size wp-block-list\"><li><a href=\"http:\/\/www.cbd.int\/convention\/convention.shtml\">Convenio sobre la diversidad biol\u00f3gica (Convenio de R\u00edo, 1992<\/a>)<\/li><\/ul>\n\n\n\n<div class=\"wp-block-columns is-layout-flex wp-container-core-columns-is-layout-9d6595d7 wp-block-columns-is-layout-flex\">\n<div class=\"wp-block-column is-layout-flow wp-block-column-is-layout-flow\" style=\"flex-basis:100%\">\n<p class=\"has-text-align-center\"><em>Art\u00edculo 8. Conservaci\u00f3n in situ \u201ch) Cada parte contratante, en la medida de lo posible y seg\u00fan proceda, impedir\u00e1 que se introduzcan, controlar\u00e1 o erradicar\u00e1 las especies ex\u00f3ticas que amenacen a ecosistemas, h\u00e1bitat o especies.\u201d<\/em><\/p>\n<\/div>\n<\/div>\n\n\n\n<div style=\"height:28px\" aria-hidden=\"true\" class=\"wp-block-spacer\"><\/div>\n\n\n\n<ul class=\"has-medium-font-size wp-block-list\"><li><a href=\"http:\/\/www.cites.org\/esp\/disc\/text.php\">Convenio sobre el comercio internacional de especies amenazadas de fauna y flora silvestres (Convenio CITES, 1973)<\/a><\/li><\/ul>\n\n\n\n<p class=\"has-text-align-center\"><em>Resoluci\u00f3n 13.10 sobre el comercio de especies invasoras<\/em><\/p>\n\n\n\n<div style=\"height:28px\" aria-hidden=\"true\" class=\"wp-block-spacer\"><\/div>\n\n\n\n<ul class=\"has-medium-font-size wp-block-list\"><li><a href=\"https:\/\/www.cms.int\/en\/convention-text\">Convenio sobre la conservaci\u00f3n de las especies migratorias de vida silvestre (Convenio de Bonn, 1979)<\/a><\/li><\/ul>\n\n\n\n<p class=\"has-text-align-center\"><em>Art\u00edculo III (4). \u201cLas Partes que sean Estados del \u00e1rea de distribuci\u00f3n de una especie migratoria que figura en el Ap\u00e9ndice I se esforzar\u00e1n por \u2026 c) prevenir, reducir o controlar, cuando sea posible y apropiado, los factores que actualmente ponen en peligro o implican el riesgo de poner en peligro en adelante a dicha especie, inclusive controlando estrictamente la introducci\u00f3n de especies ex\u00f3ticas, o vigilando o eliminando las que hayan sido ya introducidas.\u201d<\/em><\/p>\n\n\n\n<p class=\"has-text-align-center\"><em>Art\u00edculo V (5). \u201cTodo Acuerdo, en la medida en que sea adecuado y posible, deber\u00eda prever, sin limitarse sin embargo a esto, lo siguiente \u2026 e) la conservaci\u00f3n y, cuando sea necesario y posible, la restauraci\u00f3n de los h\u00e1bitats que sean importantes para el mantenimiento de un estado de conservaci\u00f3n favorable, y la protecci\u00f3n de dichos h\u00e1bitats contra perturbaciones incluido el estricto control de la introducci\u00f3n de especies ex\u00f3ticas nocivas para la especie migratoria en cuesti\u00f3n, o el control de tales especies ya introducidas.\u201d<\/em><\/p>\n","protected":false},"excerpt":{"rendered":"<p>Convenios Internacionales Convenio sobre la diversidad biol\u00f3gica (Convenio de R\u00edo, 1992) Art\u00edculo 8. Conservaci\u00f3n in situ \u201ch) Cada parte contratante, en la medida de lo posible y seg\u00fan proceda, impedir\u00e1 que se introduzcan, controlar\u00e1 o erradicar\u00e1 las especies ex\u00f3ticas que amenacen a ecosistemas, h\u00e1bitat o especies.\u201d Convenio sobre el comercio internacional de especies amenazadas de &hellip; <a href=\"https:\/\/blog.uclm.es\/proyectoexotinet\/normativa\/normativa-2\/\" class=\"more-link\">Seguir leyendo <span class=\"screen-reader-text\">Normativa<\/span> <span class=\"meta-nav\">&rarr;<\/span><\/a><\/p>\n","protected":false},"author":254,"featured_media":0,"parent":1890,"menu_order":2,"comment_status":"closed","ping_status":"closed","template":"","meta":{"footnotes":""},"class_list":["post-1903","page","type-page","status-publish","hentry"],"_links":{"self":[{"href":"https:\/\/blog.uclm.es\/proyectoexotinet\/wp-json\/wp\/v2\/pages\/1903","targetHints":{"allow":["GET"]}}],"collection":[{"href":"https:\/\/blog.uclm.es\/proyectoexotinet\/wp-json\/wp\/v2\/pages"}],"about":[{"href":"https:\/\/blog.uclm.es\/proyectoexotinet\/wp-json\/wp\/v2\/types\/page"}],"author":[{"embeddable":true,"href":"https:\/\/blog.uclm.es\/proyectoexotinet\/wp-json\/wp\/v2\/users\/254"}],"replies":[{"embeddable":true,"href":"https:\/\/blog.uclm.es\/proyectoexotinet\/wp-json\/wp\/v2\/comments?post=1903"}],"version-history":[{"count":5,"href":"https:\/\/blog.uclm.es\/proyectoexotinet\/wp-json\/wp\/v2\/pages\/1903\/revisions"}],"predecessor-version":[{"id":1912,"href":"https:\/\/blog.uclm.es\/proyectoexotinet\/wp-json\/wp\/v2\/pages\/1903\/revisions\/1912"}],"up":[{"embeddable":true,"href":"https:\/\/blog.uclm.es\/proyectoexotinet\/wp-json\/wp\/v2\/pages\/1890"}],"wp:attachment":[{"href":"https:\/\/blog.uclm.es\/proyectoexotinet\/wp-json\/wp\/v2\/media?parent=1903"}],"curies":[{"name":"wp","href":"https:\/\/api.w.org\/{rel}","templated":true}]}}