{"id":1502,"date":"2022-10-21T09:47:16","date_gmt":"2022-10-21T09:47:16","guid":{"rendered":"https:\/\/blog.uclm.es\/proyectoexotinet\/?page_id=1502"},"modified":"2022-10-26T14:49:54","modified_gmt":"2022-10-26T14:49:54","slug":"vertebrados-3","status":"publish","type":"page","link":"https:\/\/blog.uclm.es\/proyectoexotinet\/inicio\/vertebrados\/vertebrados-4\/vertebrados-3\/","title":{"rendered":"Vertebrados"},"content":{"rendered":"\n<p><strong>Identificaci\u00f3n visual de los vertebrados ex\u00f3ticos invasores en Castilla-La Mancha<\/strong><\/p>\n\n\n\n<p class=\"has-text-align-center has-large-font-size\"><strong>MAM\u00cdFEROS<\/strong><\/p>\n\n\n\n<div style=\"height:27px\" aria-hidden=\"true\" class=\"wp-block-spacer\"><\/div>\n\n\n\n<figure class=\"wp-block-gallery has-nested-images columns-default is-cropped wp-block-gallery-1 is-layout-flex wp-block-gallery-is-layout-flex\">\n<figure class=\"wp-block-image size-full\"><img loading=\"lazy\" decoding=\"async\" width=\"1000\" height=\"1000\" data-id=\"1521\" src=\"https:\/\/blog.uclm.es\/proyectoexotinet\/wp-content\/uploads\/sites\/182\/2022\/10\/ammotragus_lervia_01-1.jpg\" alt=\"\" class=\"wp-image-1521\" srcset=\"https:\/\/blog.uclm.es\/proyectoexotinet\/wp-content\/uploads\/sites\/182\/2022\/10\/ammotragus_lervia_01-1.jpg 1000w, https:\/\/blog.uclm.es\/proyectoexotinet\/wp-content\/uploads\/sites\/182\/2022\/10\/ammotragus_lervia_01-1-300x300.jpg 300w, https:\/\/blog.uclm.es\/proyectoexotinet\/wp-content\/uploads\/sites\/182\/2022\/10\/ammotragus_lervia_01-1-150x150.jpg 150w, https:\/\/blog.uclm.es\/proyectoexotinet\/wp-content\/uploads\/sites\/182\/2022\/10\/ammotragus_lervia_01-1-768x768.jpg 768w\" sizes=\"auto, (max-width: 1000px) 100vw, 1000px\" \/><\/figure>\n\n\n\n<figure class=\"wp-block-image size-large\"><img loading=\"lazy\" decoding=\"async\" width=\"1024\" height=\"682\" data-id=\"1520\" src=\"https:\/\/blog.uclm.es\/proyectoexotinet\/wp-content\/uploads\/sites\/182\/2022\/10\/ammotragus_lervia_02.jpg-1024x682.jpg\" alt=\"\" class=\"wp-image-1520\" srcset=\"https:\/\/blog.uclm.es\/proyectoexotinet\/wp-content\/uploads\/sites\/182\/2022\/10\/ammotragus_lervia_02.jpg-1024x682.jpg 1024w, https:\/\/blog.uclm.es\/proyectoexotinet\/wp-content\/uploads\/sites\/182\/2022\/10\/ammotragus_lervia_02.jpg-300x200.jpg 300w, https:\/\/blog.uclm.es\/proyectoexotinet\/wp-content\/uploads\/sites\/182\/2022\/10\/ammotragus_lervia_02.jpg-768x512.jpg 768w, https:\/\/blog.uclm.es\/proyectoexotinet\/wp-content\/uploads\/sites\/182\/2022\/10\/ammotragus_lervia_02.jpg.jpg 1280w\" sizes=\"auto, (max-width: 1024px) 100vw, 1024px\" \/><\/figure>\n<figcaption class=\"blocks-gallery-caption\"><a href=\"https:\/\/blog.uclm.es\/proyectoexotinet\/ammotragus-lervia\/\"><em><em>Ammotragus lervia<\/em><\/em> \/ Arru\u00ed<\/a><\/figcaption><\/figure>\n\n\n\n<div style=\"height:27px\" aria-hidden=\"true\" class=\"wp-block-spacer\"><\/div>\n\n\n\n<figure class=\"wp-block-gallery has-nested-images columns-default is-cropped wp-block-gallery-2 is-layout-flex wp-block-gallery-is-layout-flex\">\n<figure class=\"wp-block-image size-large\"><img loading=\"lazy\" decoding=\"async\" width=\"1024\" height=\"870\" data-id=\"1534\" src=\"https:\/\/blog.uclm.es\/proyectoexotinet\/wp-content\/uploads\/sites\/182\/2022\/10\/dama_dama_02.jpg-1024x870.jpg\" alt=\"\" class=\"wp-image-1534\" srcset=\"https:\/\/blog.uclm.es\/proyectoexotinet\/wp-content\/uploads\/sites\/182\/2022\/10\/dama_dama_02.jpg-1024x870.jpg 1024w, https:\/\/blog.uclm.es\/proyectoexotinet\/wp-content\/uploads\/sites\/182\/2022\/10\/dama_dama_02.jpg-300x255.jpg 300w, https:\/\/blog.uclm.es\/proyectoexotinet\/wp-content\/uploads\/sites\/182\/2022\/10\/dama_dama_02.jpg-768x652.jpg 768w, https:\/\/blog.uclm.es\/proyectoexotinet\/wp-content\/uploads\/sites\/182\/2022\/10\/dama_dama_02.jpg.jpg 1280w\" sizes=\"auto, (max-width: 1024px) 100vw, 1024px\" \/><\/figure>\n\n\n\n<figure class=\"wp-block-image size-large\"><img loading=\"lazy\" decoding=\"async\" width=\"683\" height=\"1024\" data-id=\"1533\" src=\"https:\/\/blog.uclm.es\/proyectoexotinet\/wp-content\/uploads\/sites\/182\/2022\/10\/dama_dama_04.jpg-683x1024.jpg\" alt=\"\" class=\"wp-image-1533\" srcset=\"https:\/\/blog.uclm.es\/proyectoexotinet\/wp-content\/uploads\/sites\/182\/2022\/10\/dama_dama_04.jpg-683x1024.jpg 683w, https:\/\/blog.uclm.es\/proyectoexotinet\/wp-content\/uploads\/sites\/182\/2022\/10\/dama_dama_04.jpg-200x300.jpg 200w, https:\/\/blog.uclm.es\/proyectoexotinet\/wp-content\/uploads\/sites\/182\/2022\/10\/dama_dama_04.jpg-768x1152.jpg 768w, https:\/\/blog.uclm.es\/proyectoexotinet\/wp-content\/uploads\/sites\/182\/2022\/10\/dama_dama_04.jpg-1024x1536.jpg 1024w, https:\/\/blog.uclm.es\/proyectoexotinet\/wp-content\/uploads\/sites\/182\/2022\/10\/dama_dama_04.jpg.jpg 1280w\" sizes=\"auto, (max-width: 683px) 100vw, 683px\" \/><\/figure>\n<figcaption class=\"blocks-gallery-caption\"><a href=\"https:\/\/blog.uclm.es\/proyectoexotinet\/dama-dama\/\"><em>Dama dama<\/em> \/ Gamo com\u00fan o europeo<\/a><\/figcaption><\/figure>\n\n\n\n<div style=\"height:27px\" aria-hidden=\"true\" class=\"wp-block-spacer\"><\/div>\n\n\n\n<figure class=\"wp-block-gallery has-nested-images columns-default is-cropped wp-block-gallery-3 is-layout-flex wp-block-gallery-is-layout-flex\">\n<figure class=\"wp-block-image size-full\"><img loading=\"lazy\" decoding=\"async\" width=\"1023\" height=\"682\" data-id=\"1734\" src=\"https:\/\/blog.uclm.es\/proyectoexotinet\/wp-content\/uploads\/sites\/182\/2022\/10\/mustela_vison_02.jpg\" alt=\"\" class=\"wp-image-1734\" srcset=\"https:\/\/blog.uclm.es\/proyectoexotinet\/wp-content\/uploads\/sites\/182\/2022\/10\/mustela_vison_02.jpg 1023w, https:\/\/blog.uclm.es\/proyectoexotinet\/wp-content\/uploads\/sites\/182\/2022\/10\/mustela_vison_02-300x200.jpg 300w, https:\/\/blog.uclm.es\/proyectoexotinet\/wp-content\/uploads\/sites\/182\/2022\/10\/mustela_vison_02-768x512.jpg 768w\" sizes=\"auto, (max-width: 1023px) 100vw, 1023px\" \/><\/figure>\n\n\n\n<figure class=\"wp-block-image size-full\"><img loading=\"lazy\" decoding=\"async\" width=\"1023\" height=\"678\" data-id=\"1733\" src=\"https:\/\/blog.uclm.es\/proyectoexotinet\/wp-content\/uploads\/sites\/182\/2022\/10\/mustela_vison_01.jpg\" alt=\"\" class=\"wp-image-1733\" srcset=\"https:\/\/blog.uclm.es\/proyectoexotinet\/wp-content\/uploads\/sites\/182\/2022\/10\/mustela_vison_01.jpg 1023w, https:\/\/blog.uclm.es\/proyectoexotinet\/wp-content\/uploads\/sites\/182\/2022\/10\/mustela_vison_01-300x199.jpg 300w, https:\/\/blog.uclm.es\/proyectoexotinet\/wp-content\/uploads\/sites\/182\/2022\/10\/mustela_vison_01-768x509.jpg 768w\" sizes=\"auto, (max-width: 1023px) 100vw, 1023px\" \/><\/figure>\n\n\n\n<figure class=\"wp-block-image size-full\"><img loading=\"lazy\" decoding=\"async\" width=\"1023\" height=\"682\" data-id=\"1732\" src=\"https:\/\/blog.uclm.es\/proyectoexotinet\/wp-content\/uploads\/sites\/182\/2022\/10\/mustela_vison_03.jpg\" alt=\"\" class=\"wp-image-1732\" srcset=\"https:\/\/blog.uclm.es\/proyectoexotinet\/wp-content\/uploads\/sites\/182\/2022\/10\/mustela_vison_03.jpg 1023w, https:\/\/blog.uclm.es\/proyectoexotinet\/wp-content\/uploads\/sites\/182\/2022\/10\/mustela_vison_03-300x200.jpg 300w, https:\/\/blog.uclm.es\/proyectoexotinet\/wp-content\/uploads\/sites\/182\/2022\/10\/mustela_vison_03-768x512.jpg 768w\" sizes=\"auto, (max-width: 1023px) 100vw, 1023px\" \/><\/figure>\n<figcaption class=\"blocks-gallery-caption\"><a href=\"https:\/\/blog.uclm.es\/proyectoexotinet\/mustela-vison-neovison-vison\/\"><em><em>Mustela vison<\/em>\u00a0&#8211;\u00a0<em>Neovison vison<\/em><\/em> \/ Vis\u00f3n americano<\/a><\/figcaption><\/figure>\n\n\n\n<div style=\"height:27px\" aria-hidden=\"true\" class=\"wp-block-spacer\"><\/div>\n\n\n\n<figure class=\"wp-block-gallery has-nested-images columns-default is-cropped wp-block-gallery-4 is-layout-flex wp-block-gallery-is-layout-flex\">\n<figure class=\"wp-block-image size-large\"><img loading=\"lazy\" decoding=\"async\" width=\"1024\" height=\"652\" data-id=\"1567\" src=\"https:\/\/blog.uclm.es\/proyectoexotinet\/wp-content\/uploads\/sites\/182\/2022\/10\/ovis_musimon_01.jpg-1024x652.jpg\" alt=\"\" class=\"wp-image-1567\" srcset=\"https:\/\/blog.uclm.es\/proyectoexotinet\/wp-content\/uploads\/sites\/182\/2022\/10\/ovis_musimon_01.jpg-1024x652.jpg 1024w, https:\/\/blog.uclm.es\/proyectoexotinet\/wp-content\/uploads\/sites\/182\/2022\/10\/ovis_musimon_01.jpg-300x191.jpg 300w, https:\/\/blog.uclm.es\/proyectoexotinet\/wp-content\/uploads\/sites\/182\/2022\/10\/ovis_musimon_01.jpg-768x489.jpg 768w, https:\/\/blog.uclm.es\/proyectoexotinet\/wp-content\/uploads\/sites\/182\/2022\/10\/ovis_musimon_01.jpg.jpg 1280w\" sizes=\"auto, (max-width: 1024px) 100vw, 1024px\" \/><\/figure>\n\n\n\n<figure class=\"wp-block-image size-large\"><img loading=\"lazy\" decoding=\"async\" width=\"1024\" height=\"819\" data-id=\"1569\" src=\"https:\/\/blog.uclm.es\/proyectoexotinet\/wp-content\/uploads\/sites\/182\/2022\/10\/ovis_musimon_02.jpg-1024x819.jpg\" alt=\"\" class=\"wp-image-1569\" srcset=\"https:\/\/blog.uclm.es\/proyectoexotinet\/wp-content\/uploads\/sites\/182\/2022\/10\/ovis_musimon_02.jpg-1024x819.jpg 1024w, https:\/\/blog.uclm.es\/proyectoexotinet\/wp-content\/uploads\/sites\/182\/2022\/10\/ovis_musimon_02.jpg-300x240.jpg 300w, https:\/\/blog.uclm.es\/proyectoexotinet\/wp-content\/uploads\/sites\/182\/2022\/10\/ovis_musimon_02.jpg-768x614.jpg 768w, https:\/\/blog.uclm.es\/proyectoexotinet\/wp-content\/uploads\/sites\/182\/2022\/10\/ovis_musimon_02.jpg.jpg 1280w\" sizes=\"auto, (max-width: 1024px) 100vw, 1024px\" \/><\/figure>\n\n\n\n<figure class=\"wp-block-image size-large\"><img loading=\"lazy\" decoding=\"async\" width=\"1024\" height=\"682\" data-id=\"1568\" src=\"https:\/\/blog.uclm.es\/proyectoexotinet\/wp-content\/uploads\/sites\/182\/2022\/10\/ovis_musimon_03.jpg-1024x682.jpg\" alt=\"\" class=\"wp-image-1568\" srcset=\"https:\/\/blog.uclm.es\/proyectoexotinet\/wp-content\/uploads\/sites\/182\/2022\/10\/ovis_musimon_03.jpg-1024x682.jpg 1024w, https:\/\/blog.uclm.es\/proyectoexotinet\/wp-content\/uploads\/sites\/182\/2022\/10\/ovis_musimon_03.jpg-300x200.jpg 300w, https:\/\/blog.uclm.es\/proyectoexotinet\/wp-content\/uploads\/sites\/182\/2022\/10\/ovis_musimon_03.jpg-768x512.jpg 768w, https:\/\/blog.uclm.es\/proyectoexotinet\/wp-content\/uploads\/sites\/182\/2022\/10\/ovis_musimon_03.jpg.jpg 1280w\" sizes=\"auto, (max-width: 1024px) 100vw, 1024px\" \/><\/figure>\n<figcaption class=\"blocks-gallery-caption\"><a href=\"https:\/\/blog.uclm.es\/proyectoexotinet\/ovis-musimon-ovis-orientalis\/\"><em>Ovis musimon &#8211; Ovis orientalis<\/em> \/ Mufl\u00f3n<\/a><\/figcaption><\/figure>\n\n\n\n<div style=\"height:27px\" aria-hidden=\"true\" class=\"wp-block-spacer\"><\/div>\n\n\n\n<figure class=\"wp-block-gallery has-nested-images columns-default is-cropped wp-block-gallery-5 is-layout-flex wp-block-gallery-is-layout-flex\">\n<figure class=\"wp-block-image size-full\"><img loading=\"lazy\" decoding=\"async\" width=\"1024\" height=\"683\" data-id=\"1764\" src=\"https:\/\/blog.uclm.es\/proyectoexotinet\/wp-content\/uploads\/sites\/182\/2022\/10\/procyon_lotor_02.jpg\" alt=\"\" class=\"wp-image-1764\" srcset=\"https:\/\/blog.uclm.es\/proyectoexotinet\/wp-content\/uploads\/sites\/182\/2022\/10\/procyon_lotor_02.jpg 1024w, https:\/\/blog.uclm.es\/proyectoexotinet\/wp-content\/uploads\/sites\/182\/2022\/10\/procyon_lotor_02-300x200.jpg 300w, https:\/\/blog.uclm.es\/proyectoexotinet\/wp-content\/uploads\/sites\/182\/2022\/10\/procyon_lotor_02-768x512.jpg 768w\" sizes=\"auto, (max-width: 1024px) 100vw, 1024px\" \/><\/figure>\n\n\n\n<figure class=\"wp-block-image size-full\"><img loading=\"lazy\" decoding=\"async\" width=\"960\" height=\"641\" data-id=\"1763\" src=\"https:\/\/blog.uclm.es\/proyectoexotinet\/wp-content\/uploads\/sites\/182\/2022\/10\/procyon_lotor_01.jpg\" alt=\"\" class=\"wp-image-1763\" srcset=\"https:\/\/blog.uclm.es\/proyectoexotinet\/wp-content\/uploads\/sites\/182\/2022\/10\/procyon_lotor_01.jpg 960w, https:\/\/blog.uclm.es\/proyectoexotinet\/wp-content\/uploads\/sites\/182\/2022\/10\/procyon_lotor_01-300x200.jpg 300w, https:\/\/blog.uclm.es\/proyectoexotinet\/wp-content\/uploads\/sites\/182\/2022\/10\/procyon_lotor_01-768x513.jpg 768w\" sizes=\"auto, (max-width: 960px) 100vw, 960px\" \/><\/figure>\n<figcaption class=\"blocks-gallery-caption\"><a href=\"https:\/\/blog.uclm.es\/proyectoexotinet\/procyon-lotor\/\"><em><em>Procyon lotor<\/em><\/em> \/ Mapache<\/a><\/figcaption><\/figure>\n","protected":false},"excerpt":{"rendered":"<p>Identificaci\u00f3n visual de los vertebrados ex\u00f3ticos invasores en Castilla-La Mancha MAM\u00cdFEROS<\/p>\n","protected":false},"author":254,"featured_media":0,"parent":1109,"menu_order":3,"comment_status":"closed","ping_status":"closed","template":"","meta":{"footnotes":""},"class_list":["post-1502","page","type-page","status-publish","hentry"],"_links":{"self":[{"href":"https:\/\/blog.uclm.es\/proyectoexotinet\/wp-json\/wp\/v2\/pages\/1502","targetHints":{"allow":["GET"]}}],"collection":[{"href":"https:\/\/blog.uclm.es\/proyectoexotinet\/wp-json\/wp\/v2\/pages"}],"about":[{"href":"https:\/\/blog.uclm.es\/proyectoexotinet\/wp-json\/wp\/v2\/types\/page"}],"author":[{"embeddable":true,"href":"https:\/\/blog.uclm.es\/proyectoexotinet\/wp-json\/wp\/v2\/users\/254"}],"replies":[{"embeddable":true,"href":"https:\/\/blog.uclm.es\/proyectoexotinet\/wp-json\/wp\/v2\/comments?post=1502"}],"version-history":[{"count":9,"href":"https:\/\/blog.uclm.es\/proyectoexotinet\/wp-json\/wp\/v2\/pages\/1502\/revisions"}],"predecessor-version":[{"id":1771,"href":"https:\/\/blog.uclm.es\/proyectoexotinet\/wp-json\/wp\/v2\/pages\/1502\/revisions\/1771"}],"up":[{"embeddable":true,"href":"https:\/\/blog.uclm.es\/proyectoexotinet\/wp-json\/wp\/v2\/pages\/1109"}],"wp:attachment":[{"href":"https:\/\/blog.uclm.es\/proyectoexotinet\/wp-json\/wp\/v2\/media?parent=1502"}],"curies":[{"name":"wp","href":"https:\/\/api.w.org\/{rel}","templated":true}]}}