{"id":1333,"date":"2022-10-20T10:31:41","date_gmt":"2022-10-20T10:31:41","guid":{"rendered":"https:\/\/blog.uclm.es\/proyectoexotinet\/?page_id=1333"},"modified":"2022-10-24T09:38:26","modified_gmt":"2022-10-24T09:38:26","slug":"invertebrados-2","status":"publish","type":"page","link":"https:\/\/blog.uclm.es\/proyectoexotinet\/inicio\/invertebrados\/invertebrados-3\/invertebrados-2\/","title":{"rendered":"Invertebrados"},"content":{"rendered":"\n<p><strong>Identificaci\u00f3n visual de los invertebrados ex\u00f3ticos invasores en Castilla-La Mancha<\/strong><\/p>\n\n\n\n<p class=\"has-text-align-center has-large-font-size\"><strong>ARTR\u00d3PODOS NO CRUST\u00c1CEOS<\/strong> <\/p>\n\n\n\n<div style=\"height:27px\" aria-hidden=\"true\" class=\"wp-block-spacer\"><\/div>\n\n\n\n<figure class=\"wp-block-gallery has-nested-images columns-default is-cropped wp-block-gallery-1 is-layout-flex wp-block-gallery-is-layout-flex\">\n<figure class=\"wp-block-image size-large\"><img loading=\"lazy\" decoding=\"async\" width=\"1024\" height=\"768\" data-id=\"1346\" src=\"https:\/\/blog.uclm.es\/proyectoexotinet\/wp-content\/uploads\/sites\/182\/2022\/10\/bactrocera_oleae_02-1024x768.jpg\" alt=\"\" class=\"wp-image-1346\" srcset=\"https:\/\/blog.uclm.es\/proyectoexotinet\/wp-content\/uploads\/sites\/182\/2022\/10\/bactrocera_oleae_02-1024x768.jpg 1024w, https:\/\/blog.uclm.es\/proyectoexotinet\/wp-content\/uploads\/sites\/182\/2022\/10\/bactrocera_oleae_02-300x225.jpg 300w, https:\/\/blog.uclm.es\/proyectoexotinet\/wp-content\/uploads\/sites\/182\/2022\/10\/bactrocera_oleae_02-768x576.jpg 768w, https:\/\/blog.uclm.es\/proyectoexotinet\/wp-content\/uploads\/sites\/182\/2022\/10\/bactrocera_oleae_02-1536x1152.jpg 1536w, https:\/\/blog.uclm.es\/proyectoexotinet\/wp-content\/uploads\/sites\/182\/2022\/10\/bactrocera_oleae_02.jpg 2048w\" sizes=\"auto, (max-width: 1024px) 100vw, 1024px\" \/><\/figure>\n\n\n\n<figure class=\"wp-block-image size-large\"><img loading=\"lazy\" decoding=\"async\" width=\"1024\" height=\"874\" data-id=\"1345\" src=\"https:\/\/blog.uclm.es\/proyectoexotinet\/wp-content\/uploads\/sites\/182\/2022\/10\/bactrocera_oleae_01-1024x874.jpg\" alt=\"\" class=\"wp-image-1345\" srcset=\"https:\/\/blog.uclm.es\/proyectoexotinet\/wp-content\/uploads\/sites\/182\/2022\/10\/bactrocera_oleae_01-1024x874.jpg 1024w, https:\/\/blog.uclm.es\/proyectoexotinet\/wp-content\/uploads\/sites\/182\/2022\/10\/bactrocera_oleae_01-300x256.jpg 300w, https:\/\/blog.uclm.es\/proyectoexotinet\/wp-content\/uploads\/sites\/182\/2022\/10\/bactrocera_oleae_01-768x656.jpg 768w, https:\/\/blog.uclm.es\/proyectoexotinet\/wp-content\/uploads\/sites\/182\/2022\/10\/bactrocera_oleae_01.jpg 1265w\" sizes=\"auto, (max-width: 1024px) 100vw, 1024px\" \/><\/figure>\n\n\n\n<figure class=\"wp-block-image size-large\"><img loading=\"lazy\" decoding=\"async\" width=\"1024\" height=\"768\" data-id=\"1344\" src=\"https:\/\/blog.uclm.es\/proyectoexotinet\/wp-content\/uploads\/sites\/182\/2022\/10\/bactrocera_oleae_03-1024x768.jpg\" alt=\"\" class=\"wp-image-1344\" srcset=\"https:\/\/blog.uclm.es\/proyectoexotinet\/wp-content\/uploads\/sites\/182\/2022\/10\/bactrocera_oleae_03-1024x768.jpg 1024w, https:\/\/blog.uclm.es\/proyectoexotinet\/wp-content\/uploads\/sites\/182\/2022\/10\/bactrocera_oleae_03-300x225.jpg 300w, https:\/\/blog.uclm.es\/proyectoexotinet\/wp-content\/uploads\/sites\/182\/2022\/10\/bactrocera_oleae_03-768x576.jpg 768w, https:\/\/blog.uclm.es\/proyectoexotinet\/wp-content\/uploads\/sites\/182\/2022\/10\/bactrocera_oleae_03.jpg 1280w\" sizes=\"auto, (max-width: 1024px) 100vw, 1024px\" \/><\/figure>\n<figcaption class=\"blocks-gallery-caption\"><a href=\"https:\/\/blog.uclm.es\/proyectoexotinet\/bactrocera-oleae\/\"><em><em>Bactrocera oleae<\/em><\/em> \/ Mosca del olivo<\/a><\/figcaption><\/figure>\n\n\n\n<div style=\"height:27px\" aria-hidden=\"true\" class=\"wp-block-spacer\"><\/div>\n\n\n\n<figure class=\"wp-block-gallery has-nested-images columns-default is-cropped wp-block-gallery-2 is-layout-flex wp-block-gallery-is-layout-flex\">\n<figure class=\"wp-block-image size-large\"><img loading=\"lazy\" decoding=\"async\" width=\"1002\" height=\"1024\" data-id=\"1360\" src=\"https:\/\/blog.uclm.es\/proyectoexotinet\/wp-content\/uploads\/sites\/182\/2022\/10\/bemisia_tabaci_01-1002x1024.jpg\" alt=\"\" class=\"wp-image-1360\" srcset=\"https:\/\/blog.uclm.es\/proyectoexotinet\/wp-content\/uploads\/sites\/182\/2022\/10\/bemisia_tabaci_01-1002x1024.jpg 1002w, https:\/\/blog.uclm.es\/proyectoexotinet\/wp-content\/uploads\/sites\/182\/2022\/10\/bemisia_tabaci_01-294x300.jpg 294w, https:\/\/blog.uclm.es\/proyectoexotinet\/wp-content\/uploads\/sites\/182\/2022\/10\/bemisia_tabaci_01-768x785.jpg 768w, https:\/\/blog.uclm.es\/proyectoexotinet\/wp-content\/uploads\/sites\/182\/2022\/10\/bemisia_tabaci_01.jpg 1057w\" sizes=\"auto, (max-width: 1002px) 100vw, 1002px\" \/><\/figure>\n\n\n\n<figure class=\"wp-block-image size-full\"><img loading=\"lazy\" decoding=\"async\" width=\"950\" height=\"631\" data-id=\"1361\" src=\"https:\/\/blog.uclm.es\/proyectoexotinet\/wp-content\/uploads\/sites\/182\/2022\/10\/bemisia_tabaci_02.jpg\" alt=\"\" class=\"wp-image-1361\" srcset=\"https:\/\/blog.uclm.es\/proyectoexotinet\/wp-content\/uploads\/sites\/182\/2022\/10\/bemisia_tabaci_02.jpg 950w, https:\/\/blog.uclm.es\/proyectoexotinet\/wp-content\/uploads\/sites\/182\/2022\/10\/bemisia_tabaci_02-300x199.jpg 300w, https:\/\/blog.uclm.es\/proyectoexotinet\/wp-content\/uploads\/sites\/182\/2022\/10\/bemisia_tabaci_02-768x510.jpg 768w\" sizes=\"auto, (max-width: 950px) 100vw, 950px\" \/><\/figure>\n<figcaption class=\"blocks-gallery-caption\"><a href=\"https:\/\/blog.uclm.es\/proyectoexotinet\/bemisia-tabaci\/\"><em><em>Bemisia tabaci<\/em><\/em> \/ Mosca blanca<\/a><\/figcaption><\/figure>\n\n\n\n<div style=\"height:27px\" aria-hidden=\"true\" class=\"wp-block-spacer\"><\/div>\n\n\n\n<figure class=\"wp-block-gallery has-nested-images columns-default is-cropped wp-block-gallery-3 is-layout-flex wp-block-gallery-is-layout-flex\">\n<figure class=\"wp-block-image size-full\"><img loading=\"lazy\" decoding=\"async\" width=\"384\" height=\"245\" data-id=\"1370\" src=\"https:\/\/blog.uclm.es\/proyectoexotinet\/wp-content\/uploads\/sites\/182\/2022\/10\/eurytoma_amygdali_01.jpg\" alt=\"\" class=\"wp-image-1370\" srcset=\"https:\/\/blog.uclm.es\/proyectoexotinet\/wp-content\/uploads\/sites\/182\/2022\/10\/eurytoma_amygdali_01.jpg 384w, https:\/\/blog.uclm.es\/proyectoexotinet\/wp-content\/uploads\/sites\/182\/2022\/10\/eurytoma_amygdali_01-300x191.jpg 300w\" sizes=\"auto, (max-width: 384px) 100vw, 384px\" \/><\/figure>\n<figcaption class=\"blocks-gallery-caption\"><a href=\"https:\/\/blog.uclm.es\/proyectoexotinet\/eurytoma-amygdali\/\"><em><em>Eurytoma amygdali<\/em><\/em> \/ Avispilla del almendro<\/a><\/figcaption><\/figure>\n\n\n\n<div style=\"height:27px\" aria-hidden=\"true\" class=\"wp-block-spacer\"><\/div>\n\n\n\n<figure class=\"wp-block-gallery has-nested-images columns-default is-cropped wp-block-gallery-4 is-layout-flex wp-block-gallery-is-layout-flex\">\n<figure class=\"wp-block-image size-large\"><img loading=\"lazy\" decoding=\"async\" width=\"1024\" height=\"616\" data-id=\"1378\" src=\"https:\/\/blog.uclm.es\/proyectoexotinet\/wp-content\/uploads\/sites\/182\/2022\/10\/frankliniella_occidentalis_01-1024x616.jpg\" alt=\"\" class=\"wp-image-1378\" srcset=\"https:\/\/blog.uclm.es\/proyectoexotinet\/wp-content\/uploads\/sites\/182\/2022\/10\/frankliniella_occidentalis_01-1024x616.jpg 1024w, https:\/\/blog.uclm.es\/proyectoexotinet\/wp-content\/uploads\/sites\/182\/2022\/10\/frankliniella_occidentalis_01-300x181.jpg 300w, https:\/\/blog.uclm.es\/proyectoexotinet\/wp-content\/uploads\/sites\/182\/2022\/10\/frankliniella_occidentalis_01-768x462.jpg 768w, https:\/\/blog.uclm.es\/proyectoexotinet\/wp-content\/uploads\/sites\/182\/2022\/10\/frankliniella_occidentalis_01.jpg 1196w\" sizes=\"auto, (max-width: 1024px) 100vw, 1024px\" \/><\/figure>\n<figcaption class=\"blocks-gallery-caption\"><a href=\"https:\/\/blog.uclm.es\/proyectoexotinet\/frankliniella-occidentalis\/\"><em><em>Frankliniella occidentalis<\/em><\/em> \/ Trips occidental de las flores<\/a><\/figcaption><\/figure>\n\n\n\n<div style=\"height:27px\" aria-hidden=\"true\" class=\"wp-block-spacer\"><\/div>\n\n\n\n<figure class=\"wp-block-gallery has-nested-images columns-default is-cropped wp-block-gallery-5 is-layout-flex wp-block-gallery-is-layout-flex\">\n<figure class=\"wp-block-image size-large\"><img loading=\"lazy\" decoding=\"async\" width=\"1024\" height=\"682\" data-id=\"1388\" src=\"https:\/\/blog.uclm.es\/proyectoexotinet\/wp-content\/uploads\/sites\/182\/2022\/10\/paysandisia_archon_02.jpg-1024x682.jpg\" alt=\"\" class=\"wp-image-1388\" srcset=\"https:\/\/blog.uclm.es\/proyectoexotinet\/wp-content\/uploads\/sites\/182\/2022\/10\/paysandisia_archon_02.jpg-1024x682.jpg 1024w, https:\/\/blog.uclm.es\/proyectoexotinet\/wp-content\/uploads\/sites\/182\/2022\/10\/paysandisia_archon_02.jpg-300x200.jpg 300w, https:\/\/blog.uclm.es\/proyectoexotinet\/wp-content\/uploads\/sites\/182\/2022\/10\/paysandisia_archon_02.jpg-768x512.jpg 768w, https:\/\/blog.uclm.es\/proyectoexotinet\/wp-content\/uploads\/sites\/182\/2022\/10\/paysandisia_archon_02.jpg.jpg 1280w\" sizes=\"auto, (max-width: 1024px) 100vw, 1024px\" \/><\/figure>\n\n\n\n<figure class=\"wp-block-image size-large\"><img loading=\"lazy\" decoding=\"async\" width=\"1024\" height=\"682\" data-id=\"1387\" src=\"https:\/\/blog.uclm.es\/proyectoexotinet\/wp-content\/uploads\/sites\/182\/2022\/10\/paysandisia_archon_01.jpg-1024x682.jpg\" alt=\"\" class=\"wp-image-1387\" srcset=\"https:\/\/blog.uclm.es\/proyectoexotinet\/wp-content\/uploads\/sites\/182\/2022\/10\/paysandisia_archon_01.jpg-1024x682.jpg 1024w, https:\/\/blog.uclm.es\/proyectoexotinet\/wp-content\/uploads\/sites\/182\/2022\/10\/paysandisia_archon_01.jpg-300x200.jpg 300w, https:\/\/blog.uclm.es\/proyectoexotinet\/wp-content\/uploads\/sites\/182\/2022\/10\/paysandisia_archon_01.jpg-768x512.jpg 768w, https:\/\/blog.uclm.es\/proyectoexotinet\/wp-content\/uploads\/sites\/182\/2022\/10\/paysandisia_archon_01.jpg.jpg 1280w\" sizes=\"auto, (max-width: 1024px) 100vw, 1024px\" \/><\/figure>\n\n\n\n<figure class=\"wp-block-image size-large\"><img loading=\"lazy\" decoding=\"async\" width=\"683\" height=\"1024\" data-id=\"1389\" src=\"https:\/\/blog.uclm.es\/proyectoexotinet\/wp-content\/uploads\/sites\/182\/2022\/10\/paysandisia_archon_03.jpg-683x1024.jpg\" alt=\"\" class=\"wp-image-1389\" srcset=\"https:\/\/blog.uclm.es\/proyectoexotinet\/wp-content\/uploads\/sites\/182\/2022\/10\/paysandisia_archon_03.jpg-683x1024.jpg 683w, https:\/\/blog.uclm.es\/proyectoexotinet\/wp-content\/uploads\/sites\/182\/2022\/10\/paysandisia_archon_03.jpg-200x300.jpg 200w, https:\/\/blog.uclm.es\/proyectoexotinet\/wp-content\/uploads\/sites\/182\/2022\/10\/paysandisia_archon_03.jpg-768x1152.jpg 768w, https:\/\/blog.uclm.es\/proyectoexotinet\/wp-content\/uploads\/sites\/182\/2022\/10\/paysandisia_archon_03.jpg-1024x1536.jpg 1024w, https:\/\/blog.uclm.es\/proyectoexotinet\/wp-content\/uploads\/sites\/182\/2022\/10\/paysandisia_archon_03.jpg.jpg 1280w\" sizes=\"auto, (max-width: 683px) 100vw, 683px\" \/><\/figure>\n<figcaption class=\"blocks-gallery-caption\"><a href=\"https:\/\/blog.uclm.es\/proyectoexotinet\/paysandisia-archon\/\" data-type=\"URL\"><em><em>Paysandisia archon<\/em><\/em> \/ Oruga barrenadora de las palmeras<\/a><\/figcaption><\/figure>\n\n\n\n<div style=\"height:27px\" aria-hidden=\"true\" class=\"wp-block-spacer\"><\/div>\n\n\n\n<figure class=\"wp-block-gallery has-nested-images columns-default is-cropped wp-block-gallery-6 is-layout-flex wp-block-gallery-is-layout-flex\">\n<figure class=\"wp-block-image size-large\"><img loading=\"lazy\" decoding=\"async\" width=\"1024\" height=\"704\" data-id=\"1408\" src=\"https:\/\/blog.uclm.es\/proyectoexotinet\/wp-content\/uploads\/sites\/182\/2022\/10\/prays_oleae_01.jpg-1024x704.jpg\" alt=\"\" class=\"wp-image-1408\" srcset=\"https:\/\/blog.uclm.es\/proyectoexotinet\/wp-content\/uploads\/sites\/182\/2022\/10\/prays_oleae_01.jpg-1024x704.jpg 1024w, https:\/\/blog.uclm.es\/proyectoexotinet\/wp-content\/uploads\/sites\/182\/2022\/10\/prays_oleae_01.jpg-300x206.jpg 300w, https:\/\/blog.uclm.es\/proyectoexotinet\/wp-content\/uploads\/sites\/182\/2022\/10\/prays_oleae_01.jpg-768x528.jpg 768w, https:\/\/blog.uclm.es\/proyectoexotinet\/wp-content\/uploads\/sites\/182\/2022\/10\/prays_oleae_01.jpg.jpg 1280w\" sizes=\"auto, (max-width: 1024px) 100vw, 1024px\" \/><\/figure>\n<figcaption class=\"blocks-gallery-caption\"><a href=\"https:\/\/blog.uclm.es\/proyectoexotinet\/prays-oleae\/\"><em><em>Prays oleae<\/em><\/em> \/ Polilla del olivo<\/a><\/figcaption><\/figure>\n\n\n\n<div style=\"height:27px\" aria-hidden=\"true\" class=\"wp-block-spacer\"><\/div>\n\n\n\n<figure class=\"wp-block-gallery has-nested-images columns-default is-cropped wp-block-gallery-7 is-layout-flex wp-block-gallery-is-layout-flex\">\n<figure class=\"wp-block-image size-large\"><img loading=\"lazy\" decoding=\"async\" width=\"1024\" height=\"768\" data-id=\"1418\" src=\"https:\/\/blog.uclm.es\/proyectoexotinet\/wp-content\/uploads\/sites\/182\/2022\/10\/rhynchophorus_ferrugineus_03.jpg-1024x768.jpg\" alt=\"\" class=\"wp-image-1418\" srcset=\"https:\/\/blog.uclm.es\/proyectoexotinet\/wp-content\/uploads\/sites\/182\/2022\/10\/rhynchophorus_ferrugineus_03.jpg-1024x768.jpg 1024w, https:\/\/blog.uclm.es\/proyectoexotinet\/wp-content\/uploads\/sites\/182\/2022\/10\/rhynchophorus_ferrugineus_03.jpg-300x225.jpg 300w, https:\/\/blog.uclm.es\/proyectoexotinet\/wp-content\/uploads\/sites\/182\/2022\/10\/rhynchophorus_ferrugineus_03.jpg-768x576.jpg 768w, https:\/\/blog.uclm.es\/proyectoexotinet\/wp-content\/uploads\/sites\/182\/2022\/10\/rhynchophorus_ferrugineus_03.jpg.jpg 1280w\" sizes=\"auto, (max-width: 1024px) 100vw, 1024px\" \/><\/figure>\n\n\n\n<figure class=\"wp-block-image size-large\"><img loading=\"lazy\" decoding=\"async\" width=\"1024\" height=\"577\" data-id=\"1417\" src=\"https:\/\/blog.uclm.es\/proyectoexotinet\/wp-content\/uploads\/sites\/182\/2022\/10\/rhynchophorus_ferrugineus_01.jpg-1024x577.jpg\" alt=\"\" class=\"wp-image-1417\" srcset=\"https:\/\/blog.uclm.es\/proyectoexotinet\/wp-content\/uploads\/sites\/182\/2022\/10\/rhynchophorus_ferrugineus_01.jpg-1024x577.jpg 1024w, https:\/\/blog.uclm.es\/proyectoexotinet\/wp-content\/uploads\/sites\/182\/2022\/10\/rhynchophorus_ferrugineus_01.jpg-300x169.jpg 300w, https:\/\/blog.uclm.es\/proyectoexotinet\/wp-content\/uploads\/sites\/182\/2022\/10\/rhynchophorus_ferrugineus_01.jpg-768x433.jpg 768w, https:\/\/blog.uclm.es\/proyectoexotinet\/wp-content\/uploads\/sites\/182\/2022\/10\/rhynchophorus_ferrugineus_01.jpg.jpg 1280w\" sizes=\"auto, (max-width: 1024px) 100vw, 1024px\" \/><\/figure>\n\n\n\n<figure class=\"wp-block-image size-large\"><img loading=\"lazy\" decoding=\"async\" width=\"1280\" height=\"960\" data-id=\"1416\" src=\"https:\/\/blog.uclm.es\/proyectoexotinet\/wp-content\/uploads\/sites\/182\/2022\/10\/rhynchophorus_ferrugineus_02-1.jpg-1.jpg\" alt=\"\" class=\"wp-image-1416\" srcset=\"https:\/\/blog.uclm.es\/proyectoexotinet\/wp-content\/uploads\/sites\/182\/2022\/10\/rhynchophorus_ferrugineus_02-1.jpg-1.jpg 1280w, https:\/\/blog.uclm.es\/proyectoexotinet\/wp-content\/uploads\/sites\/182\/2022\/10\/rhynchophorus_ferrugineus_02-1.jpg-1-300x225.jpg 300w, https:\/\/blog.uclm.es\/proyectoexotinet\/wp-content\/uploads\/sites\/182\/2022\/10\/rhynchophorus_ferrugineus_02-1.jpg-1-1024x768.jpg 1024w, https:\/\/blog.uclm.es\/proyectoexotinet\/wp-content\/uploads\/sites\/182\/2022\/10\/rhynchophorus_ferrugineus_02-1.jpg-1-768x576.jpg 768w\" sizes=\"auto, (max-width: 1280px) 100vw, 1280px\" \/><\/figure>\n<figcaption class=\"blocks-gallery-caption\"><a href=\"https:\/\/blog.uclm.es\/proyectoexotinet\/rhynchophorus-ferrugineus\/\" data-type=\"URL\" data-id=\"https:\/\/blog.uclm.es\/proyectoexotinet\/rhynchophorus-ferrugineus\/\"><em><em>Rhynchophorus ferrugineus<\/em><\/em> \/ Picudo rojo<\/a><\/figcaption><\/figure>\n\n\n\n<div style=\"height:27px\" aria-hidden=\"true\" class=\"wp-block-spacer\"><\/div>\n\n\n\n<figure class=\"wp-block-gallery has-nested-images columns-default is-cropped wp-block-gallery-8 is-layout-flex wp-block-gallery-is-layout-flex\">\n<figure class=\"wp-block-image size-full\"><img loading=\"lazy\" decoding=\"async\" width=\"384\" height=\"283\" data-id=\"1426\" src=\"https:\/\/blog.uclm.es\/proyectoexotinet\/wp-content\/uploads\/sites\/182\/2022\/10\/tomicus_destruens_01.jpg\" alt=\"\" class=\"wp-image-1426\" srcset=\"https:\/\/blog.uclm.es\/proyectoexotinet\/wp-content\/uploads\/sites\/182\/2022\/10\/tomicus_destruens_01.jpg 384w, https:\/\/blog.uclm.es\/proyectoexotinet\/wp-content\/uploads\/sites\/182\/2022\/10\/tomicus_destruens_01-300x221.jpg 300w\" sizes=\"auto, (max-width: 384px) 100vw, 384px\" \/><\/figure>\n<figcaption class=\"blocks-gallery-caption\"><a href=\"https:\/\/blog.uclm.es\/proyectoexotinet\/tomicus-destruens\/\"><em><em>Tomicus destruens<\/em><\/em> \/ Barrenillo de los brotes del pino<\/a><\/figcaption><\/figure>\n\n\n\n<div style=\"height:27px\" aria-hidden=\"true\" class=\"wp-block-spacer\"><\/div>\n\n\n\n<figure class=\"wp-block-gallery has-nested-images columns-default is-cropped wp-block-gallery-9 is-layout-flex wp-block-gallery-is-layout-flex\">\n<figure class=\"wp-block-image size-full\"><img loading=\"lazy\" decoding=\"async\" width=\"768\" height=\"527\" data-id=\"1437\" src=\"https:\/\/blog.uclm.es\/proyectoexotinet\/wp-content\/uploads\/sites\/182\/2022\/10\/tuta_absoluta_01.jpg\" alt=\"\" class=\"wp-image-1437\" srcset=\"https:\/\/blog.uclm.es\/proyectoexotinet\/wp-content\/uploads\/sites\/182\/2022\/10\/tuta_absoluta_01.jpg 768w, https:\/\/blog.uclm.es\/proyectoexotinet\/wp-content\/uploads\/sites\/182\/2022\/10\/tuta_absoluta_01-300x206.jpg 300w\" sizes=\"auto, (max-width: 768px) 100vw, 768px\" \/><\/figure>\n\n\n\n<figure class=\"wp-block-image size-full\"><img loading=\"lazy\" decoding=\"async\" width=\"799\" height=\"584\" data-id=\"1436\" src=\"https:\/\/blog.uclm.es\/proyectoexotinet\/wp-content\/uploads\/sites\/182\/2022\/10\/tuta_absoluta_02-1.jpg\" alt=\"\" class=\"wp-image-1436\" srcset=\"https:\/\/blog.uclm.es\/proyectoexotinet\/wp-content\/uploads\/sites\/182\/2022\/10\/tuta_absoluta_02-1.jpg 799w, https:\/\/blog.uclm.es\/proyectoexotinet\/wp-content\/uploads\/sites\/182\/2022\/10\/tuta_absoluta_02-1-300x219.jpg 300w, https:\/\/blog.uclm.es\/proyectoexotinet\/wp-content\/uploads\/sites\/182\/2022\/10\/tuta_absoluta_02-1-768x561.jpg 768w\" sizes=\"auto, (max-width: 799px) 100vw, 799px\" \/><\/figure>\n<figcaption class=\"blocks-gallery-caption\"><a href=\"https:\/\/blog.uclm.es\/proyectoexotinet\/tuta-absoluta\/\"><em><em>Tuta absoluta<\/em><\/em> \/ Polilla del tomate<\/a><\/figcaption><\/figure>\n","protected":false},"excerpt":{"rendered":"<p>Identificaci\u00f3n visual de los invertebrados ex\u00f3ticos invasores en Castilla-La Mancha ARTR\u00d3PODOS NO CRUST\u00c1CEOS<\/p>\n","protected":false},"author":254,"featured_media":0,"parent":1130,"menu_order":3,"comment_status":"closed","ping_status":"closed","template":"","meta":{"footnotes":""},"class_list":["post-1333","page","type-page","status-publish","hentry"],"_links":{"self":[{"href":"https:\/\/blog.uclm.es\/proyectoexotinet\/wp-json\/wp\/v2\/pages\/1333","targetHints":{"allow":["GET"]}}],"collection":[{"href":"https:\/\/blog.uclm.es\/proyectoexotinet\/wp-json\/wp\/v2\/pages"}],"about":[{"href":"https:\/\/blog.uclm.es\/proyectoexotinet\/wp-json\/wp\/v2\/types\/page"}],"author":[{"embeddable":true,"href":"https:\/\/blog.uclm.es\/proyectoexotinet\/wp-json\/wp\/v2\/users\/254"}],"replies":[{"embeddable":true,"href":"https:\/\/blog.uclm.es\/proyectoexotinet\/wp-json\/wp\/v2\/comments?post=1333"}],"version-history":[{"count":12,"href":"https:\/\/blog.uclm.es\/proyectoexotinet\/wp-json\/wp\/v2\/pages\/1333\/revisions"}],"predecessor-version":[{"id":1587,"href":"https:\/\/blog.uclm.es\/proyectoexotinet\/wp-json\/wp\/v2\/pages\/1333\/revisions\/1587"}],"up":[{"embeddable":true,"href":"https:\/\/blog.uclm.es\/proyectoexotinet\/wp-json\/wp\/v2\/pages\/1130"}],"wp:attachment":[{"href":"https:\/\/blog.uclm.es\/proyectoexotinet\/wp-json\/wp\/v2\/media?parent=1333"}],"curies":[{"name":"wp","href":"https:\/\/api.w.org\/{rel}","templated":true}]}}