{"id":1330,"date":"2022-10-20T10:29:07","date_gmt":"2022-10-20T10:29:07","guid":{"rendered":"https:\/\/blog.uclm.es\/proyectoexotinet\/?page_id=1330"},"modified":"2022-10-24T09:46:48","modified_gmt":"2022-10-24T09:46:48","slug":"invertebrados","status":"publish","type":"page","link":"https:\/\/blog.uclm.es\/proyectoexotinet\/inicio\/invertebrados\/invertebrados-3\/invertebrados\/","title":{"rendered":"Invertebrados"},"content":{"rendered":"\n<p><strong>Identificaci\u00f3n visual de los invertebrados ex\u00f3ticos invasores en Castilla-La Mancha<\/strong><\/p>\n\n\n\n<p class=\"has-text-align-center has-large-font-size\"><strong>INVERTEBRADOS NO ARTR\u00d3PODOS<\/strong><\/p>\n\n\n\n<div style=\"height:27px\" aria-hidden=\"true\" class=\"wp-block-spacer\"><\/div>\n\n\n\n<figure class=\"wp-block-gallery has-nested-images columns-default is-cropped wp-block-gallery-1 is-layout-flex wp-block-gallery-is-layout-flex\">\n<figure class=\"wp-block-image size-large\"><img loading=\"lazy\" decoding=\"async\" width=\"1024\" height=\"681\" data-id=\"1451\" src=\"https:\/\/blog.uclm.es\/proyectoexotinet\/wp-content\/uploads\/sites\/182\/2022\/10\/corbicula_fluminea_01-1024x681.jpg\" alt=\"\" class=\"wp-image-1451\" srcset=\"https:\/\/blog.uclm.es\/proyectoexotinet\/wp-content\/uploads\/sites\/182\/2022\/10\/corbicula_fluminea_01-1024x681.jpg 1024w, https:\/\/blog.uclm.es\/proyectoexotinet\/wp-content\/uploads\/sites\/182\/2022\/10\/corbicula_fluminea_01-300x199.jpg 300w, https:\/\/blog.uclm.es\/proyectoexotinet\/wp-content\/uploads\/sites\/182\/2022\/10\/corbicula_fluminea_01-768x511.jpg 768w, https:\/\/blog.uclm.es\/proyectoexotinet\/wp-content\/uploads\/sites\/182\/2022\/10\/corbicula_fluminea_01-1536x1021.jpg 1536w, https:\/\/blog.uclm.es\/proyectoexotinet\/wp-content\/uploads\/sites\/182\/2022\/10\/corbicula_fluminea_01-2048x1362.jpg 2048w\" sizes=\"auto, (max-width: 1024px) 100vw, 1024px\" \/><\/figure>\n\n\n\n<figure class=\"wp-block-image size-full\"><img loading=\"lazy\" decoding=\"async\" width=\"500\" height=\"398\" data-id=\"1450\" src=\"https:\/\/blog.uclm.es\/proyectoexotinet\/wp-content\/uploads\/sites\/182\/2022\/10\/corbicula_fluminea_02.jpg\" alt=\"\" class=\"wp-image-1450\" srcset=\"https:\/\/blog.uclm.es\/proyectoexotinet\/wp-content\/uploads\/sites\/182\/2022\/10\/corbicula_fluminea_02.jpg 500w, https:\/\/blog.uclm.es\/proyectoexotinet\/wp-content\/uploads\/sites\/182\/2022\/10\/corbicula_fluminea_02-300x239.jpg 300w\" sizes=\"auto, (max-width: 500px) 100vw, 500px\" \/><\/figure>\n\n\n\n<figure class=\"wp-block-image size-full\"><img loading=\"lazy\" decoding=\"async\" width=\"500\" height=\"472\" data-id=\"1449\" src=\"https:\/\/blog.uclm.es\/proyectoexotinet\/wp-content\/uploads\/sites\/182\/2022\/10\/corbicula_fluminea_03.jpg\" alt=\"\" class=\"wp-image-1449\" srcset=\"https:\/\/blog.uclm.es\/proyectoexotinet\/wp-content\/uploads\/sites\/182\/2022\/10\/corbicula_fluminea_03.jpg 500w, https:\/\/blog.uclm.es\/proyectoexotinet\/wp-content\/uploads\/sites\/182\/2022\/10\/corbicula_fluminea_03-300x283.jpg 300w\" sizes=\"auto, (max-width: 500px) 100vw, 500px\" \/><\/figure>\n<figcaption class=\"blocks-gallery-caption\"><a href=\"https:\/\/blog.uclm.es\/proyectoexotinet\/corbicula-fluminea\/\"><em><em>Corbicula fluminea<\/em><\/em> \/ Almeja de r\u00edo asi\u00e1tica<\/a><\/figcaption><\/figure>\n\n\n\n<div style=\"height:27px\" aria-hidden=\"true\" class=\"wp-block-spacer\"><\/div>\n\n\n\n<figure class=\"wp-block-gallery has-nested-images columns-default is-cropped wp-block-gallery-2 is-layout-flex wp-block-gallery-is-layout-flex\">\n<figure class=\"wp-block-image size-full\"><img loading=\"lazy\" decoding=\"async\" width=\"1024\" height=\"429\" data-id=\"1480\" src=\"https:\/\/blog.uclm.es\/proyectoexotinet\/wp-content\/uploads\/sites\/182\/2022\/10\/Dreissena_polymorpha_01.jpg\" alt=\"\" class=\"wp-image-1480\" srcset=\"https:\/\/blog.uclm.es\/proyectoexotinet\/wp-content\/uploads\/sites\/182\/2022\/10\/Dreissena_polymorpha_01.jpg 1024w, https:\/\/blog.uclm.es\/proyectoexotinet\/wp-content\/uploads\/sites\/182\/2022\/10\/Dreissena_polymorpha_01-300x126.jpg 300w, https:\/\/blog.uclm.es\/proyectoexotinet\/wp-content\/uploads\/sites\/182\/2022\/10\/Dreissena_polymorpha_01-768x322.jpg 768w\" sizes=\"auto, (max-width: 1024px) 100vw, 1024px\" \/><\/figure>\n<figcaption class=\"blocks-gallery-caption\"><a href=\"https:\/\/blog.uclm.es\/proyectoexotinet\/dreissena-polymorpha\/\"><em><em>Dreissena polymorpha<\/em><\/em> \/ Mejill\u00f3n cebra<\/a><\/figcaption><\/figure>\n\n\n\n<div style=\"height:27px\" aria-hidden=\"true\" class=\"wp-block-spacer\"><\/div>\n\n\n\n<figure class=\"wp-block-gallery has-nested-images columns-default wp-block-gallery-3 is-layout-flex wp-block-gallery-is-layout-flex\">\n<figure class=\"wp-block-image size-full\"><img loading=\"lazy\" decoding=\"async\" width=\"735\" height=\"803\" data-id=\"1398\" src=\"https:\/\/blog.uclm.es\/proyectoexotinet\/wp-content\/uploads\/sites\/182\/2022\/10\/potamopyrgus_antipodarum_01.jpg\" alt=\"\" class=\"wp-image-1398\" srcset=\"https:\/\/blog.uclm.es\/proyectoexotinet\/wp-content\/uploads\/sites\/182\/2022\/10\/potamopyrgus_antipodarum_01.jpg 735w, https:\/\/blog.uclm.es\/proyectoexotinet\/wp-content\/uploads\/sites\/182\/2022\/10\/potamopyrgus_antipodarum_01-275x300.jpg 275w\" sizes=\"auto, (max-width: 735px) 100vw, 735px\" \/><\/figure>\n\n\n\n<figure class=\"wp-block-image size-full\"><img loading=\"lazy\" decoding=\"async\" width=\"568\" height=\"350\" data-id=\"1397\" src=\"https:\/\/blog.uclm.es\/proyectoexotinet\/wp-content\/uploads\/sites\/182\/2022\/10\/potamopyrgus_antipodarum_02-1.jpg\" alt=\"\" class=\"wp-image-1397\" srcset=\"https:\/\/blog.uclm.es\/proyectoexotinet\/wp-content\/uploads\/sites\/182\/2022\/10\/potamopyrgus_antipodarum_02-1.jpg 568w, https:\/\/blog.uclm.es\/proyectoexotinet\/wp-content\/uploads\/sites\/182\/2022\/10\/potamopyrgus_antipodarum_02-1-300x185.jpg 300w\" sizes=\"auto, (max-width: 568px) 100vw, 568px\" \/><\/figure>\n<figcaption class=\"blocks-gallery-caption\"><a href=\"https:\/\/blog.uclm.es\/proyectoexotinet\/potamopyrgus-antipodarum\/\"><em><em>Potamopyrgus antipodarum<\/em><\/em> \/ Caracol del cieno<\/a><\/figcaption><\/figure>\n","protected":false},"excerpt":{"rendered":"<p>Identificaci\u00f3n visual de los invertebrados ex\u00f3ticos invasores en Castilla-La Mancha INVERTEBRADOS NO ARTR\u00d3PODOS<\/p>\n","protected":false},"author":254,"featured_media":0,"parent":1130,"menu_order":3,"comment_status":"closed","ping_status":"closed","template":"","meta":{"footnotes":""},"class_list":["post-1330","page","type-page","status-publish","hentry"],"_links":{"self":[{"href":"https:\/\/blog.uclm.es\/proyectoexotinet\/wp-json\/wp\/v2\/pages\/1330","targetHints":{"allow":["GET"]}}],"collection":[{"href":"https:\/\/blog.uclm.es\/proyectoexotinet\/wp-json\/wp\/v2\/pages"}],"about":[{"href":"https:\/\/blog.uclm.es\/proyectoexotinet\/wp-json\/wp\/v2\/types\/page"}],"author":[{"embeddable":true,"href":"https:\/\/blog.uclm.es\/proyectoexotinet\/wp-json\/wp\/v2\/users\/254"}],"replies":[{"embeddable":true,"href":"https:\/\/blog.uclm.es\/proyectoexotinet\/wp-json\/wp\/v2\/comments?post=1330"}],"version-history":[{"count":6,"href":"https:\/\/blog.uclm.es\/proyectoexotinet\/wp-json\/wp\/v2\/pages\/1330\/revisions"}],"predecessor-version":[{"id":1589,"href":"https:\/\/blog.uclm.es\/proyectoexotinet\/wp-json\/wp\/v2\/pages\/1330\/revisions\/1589"}],"up":[{"embeddable":true,"href":"https:\/\/blog.uclm.es\/proyectoexotinet\/wp-json\/wp\/v2\/pages\/1130"}],"wp:attachment":[{"href":"https:\/\/blog.uclm.es\/proyectoexotinet\/wp-json\/wp\/v2\/media?parent=1330"}],"curies":[{"name":"wp","href":"https:\/\/api.w.org\/{rel}","templated":true}]}}