{"id":1130,"date":"2022-10-18T18:44:30","date_gmt":"2022-10-18T18:44:30","guid":{"rendered":"https:\/\/blog.uclm.es\/proyectoexotinet\/?page_id=1130"},"modified":"2022-10-20T10:36:06","modified_gmt":"2022-10-20T10:36:06","slug":"invertebrados-3","status":"publish","type":"page","link":"https:\/\/blog.uclm.es\/proyectoexotinet\/inicio\/invertebrados\/invertebrados-3\/","title":{"rendered":"Invertebrados"},"content":{"rendered":"\n<p style=\"font-size:16px\"><strong>Identificaci\u00f3n visual de los invertebrados ex\u00f3ticos invasores en Castilla-La Mancha<\/strong><\/p>\n\n\n\n<div class=\"wp-block-media-text is-stacked-on-mobile is-vertically-aligned-center\" style=\"grid-template-columns:33% auto\"><figure class=\"wp-block-media-text__media\"><a href=\"https:\/\/blog.uclm.es\/proyectoexotinet\/inicio\/invertebrados\/invertebrados-3\/invertebrados\/\"><img loading=\"lazy\" decoding=\"async\" width=\"568\" height=\"350\" src=\"https:\/\/blog.uclm.es\/proyectoexotinet\/wp-content\/uploads\/sites\/182\/2022\/10\/potamopyrgus_antipodarum_02.jpg\" alt=\"\" class=\"wp-image-1326 size-full\" srcset=\"https:\/\/blog.uclm.es\/proyectoexotinet\/wp-content\/uploads\/sites\/182\/2022\/10\/potamopyrgus_antipodarum_02.jpg 568w, https:\/\/blog.uclm.es\/proyectoexotinet\/wp-content\/uploads\/sites\/182\/2022\/10\/potamopyrgus_antipodarum_02-300x185.jpg 300w\" sizes=\"auto, (max-width: 568px) 100vw, 568px\" \/><\/a><\/figure><div class=\"wp-block-media-text__content\">\n<p class=\"has-medium-font-size\">Invertebrados no artr\u00f3podos<\/p>\n<\/div><\/div>\n\n\n\n<div class=\"wp-block-media-text is-stacked-on-mobile is-vertically-aligned-center\" style=\"grid-template-columns:33% auto\"><figure class=\"wp-block-media-text__media\"><a href=\"https:\/\/blog.uclm.es\/proyectoexotinet\/inicio\/invertebrados\/invertebrados-3\/invertebrados-2\/\"><img loading=\"lazy\" decoding=\"async\" width=\"1024\" height=\"768\" src=\"https:\/\/blog.uclm.es\/proyectoexotinet\/wp-content\/uploads\/sites\/182\/2022\/10\/rhynchophorus_ferrugineus_02.jpg-1024x768.jpg\" alt=\"\" class=\"wp-image-1327 size-full\" srcset=\"https:\/\/blog.uclm.es\/proyectoexotinet\/wp-content\/uploads\/sites\/182\/2022\/10\/rhynchophorus_ferrugineus_02.jpg-1024x768.jpg 1024w, https:\/\/blog.uclm.es\/proyectoexotinet\/wp-content\/uploads\/sites\/182\/2022\/10\/rhynchophorus_ferrugineus_02.jpg-300x225.jpg 300w, https:\/\/blog.uclm.es\/proyectoexotinet\/wp-content\/uploads\/sites\/182\/2022\/10\/rhynchophorus_ferrugineus_02.jpg-768x576.jpg 768w, https:\/\/blog.uclm.es\/proyectoexotinet\/wp-content\/uploads\/sites\/182\/2022\/10\/rhynchophorus_ferrugineus_02.jpg.jpg 1280w\" sizes=\"auto, (max-width: 1024px) 100vw, 1024px\" \/><\/a><\/figure><div class=\"wp-block-media-text__content\">\n<p class=\"has-medium-font-size\">Artr\u00f3podos no crust\u00e1ceos<\/p>\n<\/div><\/div>\n\n\n\n<div class=\"wp-block-media-text is-stacked-on-mobile is-vertically-aligned-center\" style=\"grid-template-columns:33% auto\"><figure class=\"wp-block-media-text__media\"><a href=\"https:\/\/blog.uclm.es\/proyectoexotinet\/inicio\/invertebrados\/invertebrados-3\/invertebrados-3\/\"><img loading=\"lazy\" decoding=\"async\" width=\"1024\" height=\"633\" src=\"https:\/\/blog.uclm.es\/proyectoexotinet\/wp-content\/uploads\/sites\/182\/2022\/10\/Procambarus_clarkii-_01.jpg\" alt=\"\" class=\"wp-image-1328 size-full\" srcset=\"https:\/\/blog.uclm.es\/proyectoexotinet\/wp-content\/uploads\/sites\/182\/2022\/10\/Procambarus_clarkii-_01.jpg 1024w, https:\/\/blog.uclm.es\/proyectoexotinet\/wp-content\/uploads\/sites\/182\/2022\/10\/Procambarus_clarkii-_01-300x185.jpg 300w, https:\/\/blog.uclm.es\/proyectoexotinet\/wp-content\/uploads\/sites\/182\/2022\/10\/Procambarus_clarkii-_01-768x475.jpg 768w\" sizes=\"auto, (max-width: 1024px) 100vw, 1024px\" \/><\/a><\/figure><div class=\"wp-block-media-text__content\">\n<p class=\"has-medium-font-size\">Crust\u00e1ceos<\/p>\n<\/div><\/div>\n","protected":false},"excerpt":{"rendered":"<p>Identificaci\u00f3n visual de los invertebrados ex\u00f3ticos invasores en Castilla-La Mancha Invertebrados no artr\u00f3podos Artr\u00f3podos no crust\u00e1ceos Crust\u00e1ceos<\/p>\n","protected":false},"author":254,"featured_media":0,"parent":1021,"menu_order":2,"comment_status":"closed","ping_status":"closed","template":"","meta":{"footnotes":""},"class_list":["post-1130","page","type-page","status-publish","hentry"],"_links":{"self":[{"href":"https:\/\/blog.uclm.es\/proyectoexotinet\/wp-json\/wp\/v2\/pages\/1130","targetHints":{"allow":["GET"]}}],"collection":[{"href":"https:\/\/blog.uclm.es\/proyectoexotinet\/wp-json\/wp\/v2\/pages"}],"about":[{"href":"https:\/\/blog.uclm.es\/proyectoexotinet\/wp-json\/wp\/v2\/types\/page"}],"author":[{"embeddable":true,"href":"https:\/\/blog.uclm.es\/proyectoexotinet\/wp-json\/wp\/v2\/users\/254"}],"replies":[{"embeddable":true,"href":"https:\/\/blog.uclm.es\/proyectoexotinet\/wp-json\/wp\/v2\/comments?post=1130"}],"version-history":[{"count":6,"href":"https:\/\/blog.uclm.es\/proyectoexotinet\/wp-json\/wp\/v2\/pages\/1130\/revisions"}],"predecessor-version":[{"id":1337,"href":"https:\/\/blog.uclm.es\/proyectoexotinet\/wp-json\/wp\/v2\/pages\/1130\/revisions\/1337"}],"up":[{"embeddable":true,"href":"https:\/\/blog.uclm.es\/proyectoexotinet\/wp-json\/wp\/v2\/pages\/1021"}],"wp:attachment":[{"href":"https:\/\/blog.uclm.es\/proyectoexotinet\/wp-json\/wp\/v2\/media?parent=1130"}],"curies":[{"name":"wp","href":"https:\/\/api.w.org\/{rel}","templated":true}]}}