{"id":1127,"date":"2022-10-18T18:42:31","date_gmt":"2022-10-18T18:42:31","guid":{"rendered":"https:\/\/blog.uclm.es\/proyectoexotinet\/?page_id=1127"},"modified":"2022-10-21T09:27:02","modified_gmt":"2022-10-21T09:27:02","slug":"invertebrados-2","status":"publish","type":"page","link":"https:\/\/blog.uclm.es\/proyectoexotinet\/inicio\/invertebrados\/invertebrados-2\/","title":{"rendered":"Invertebrados"},"content":{"rendered":"\n<p style=\"font-size:17px\"><strong>Nombre com\u00fan de los invertebrados ex\u00f3ticos invasores en Castilla-La Mancha<\/strong><\/p>\n\n\n<form role=\"search\" method=\"get\" action=\"https:\/\/blog.uclm.es\/proyectoexotinet\/\" class=\"wp-block-search__button-outside wp-block-search__text-button wp-block-search\"    ><label class=\"wp-block-search__label\" for=\"wp-block-search__input-1\" >Buscar<\/label><div class=\"wp-block-search__inside-wrapper\" ><input class=\"wp-block-search__input\" id=\"wp-block-search__input-1\" placeholder=\"\" value=\"\" type=\"search\" name=\"s\" required \/><button aria-label=\"Buscar\" class=\"wp-block-search__button wp-element-button\" type=\"submit\" >Buscar<\/button><\/div><\/form>\n\n\n<div style=\"height:55px\" aria-hidden=\"true\" class=\"wp-block-spacer\"><\/div>\n\n\n\n<div class=\"wp-block-columns is-layout-flex wp-container-core-columns-is-layout-9d6595d7 wp-block-columns-is-layout-flex\">\n<div class=\"wp-block-column is-layout-flow wp-block-column-is-layout-flow\" style=\"flex-basis:33.33%\">\n<p class=\"has-text-align-right has-large-font-size\"><strong>A<\/strong><\/p>\n<\/div>\n\n\n\n<div class=\"wp-block-column is-layout-flow wp-block-column-is-layout-flow\" style=\"flex-basis:66.66%\">\n<ul class=\"wp-block-list\"><li><a href=\"https:\/\/blog.uclm.es\/proyectoexotinet\/corbicula-fluminea\/\">Almeja de r\u00edo asi\u00e1tica<\/a><\/li><li><a href=\"https:\/\/blog.uclm.es\/proyectoexotinet\/eurytoma-amygdali\/\">Avispilla del almendro<\/a><\/li><\/ul>\n<\/div>\n<\/div>\n\n\n\n<div class=\"wp-block-columns is-layout-flex wp-container-core-columns-is-layout-9d6595d7 wp-block-columns-is-layout-flex\">\n<div class=\"wp-block-column is-layout-flow wp-block-column-is-layout-flow\" style=\"flex-basis:33.33%\">\n<p class=\"has-text-align-right has-large-font-size\"><strong>B<\/strong><\/p>\n<\/div>\n\n\n\n<div class=\"wp-block-column is-layout-flow wp-block-column-is-layout-flow\" style=\"flex-basis:66.66%\">\n<ul class=\"wp-block-list\"><li><a href=\"https:\/\/blog.uclm.es\/proyectoexotinet\/tomicus-destruens\/\">Barrenillo de los brotes del pino<\/a><\/li><\/ul>\n<\/div>\n<\/div>\n\n\n\n<div class=\"wp-block-columns is-layout-flex wp-container-core-columns-is-layout-9d6595d7 wp-block-columns-is-layout-flex\">\n<div class=\"wp-block-column is-layout-flow wp-block-column-is-layout-flow\" style=\"flex-basis:33.33%\">\n<p class=\"has-text-align-right has-large-font-size\"><strong>C<\/strong><\/p>\n<\/div>\n\n\n\n<div class=\"wp-block-column is-layout-flow wp-block-column-is-layout-flow\" style=\"flex-basis:66.66%\">\n<ul class=\"wp-block-list\"><li><a href=\"https:\/\/blog.uclm.es\/proyectoexotinet\/procambarus-clarkii\/\">Cangrejo americano<\/a><\/li><li><a href=\"https:\/\/blog.uclm.es\/proyectoexotinet\/pacifastacus-leniusculus\/\">Cangrejo del Pac\u00edfico<\/a><\/li><li><a href=\"https:\/\/blog.uclm.es\/proyectoexotinet\/pacifastacus-leniusculus\/\">Cangrejo de California<\/a><\/li><li><a href=\"https:\/\/blog.uclm.es\/proyectoexotinet\/potamopyrgus-antipodarum\/\">Caracol del cieno<\/a><\/li><li><a href=\"https:\/\/blog.uclm.es\/proyectoexotinet\/procambarus-clarkii\/\">Cangrejo rojo<\/a><\/li><li><a href=\"https:\/\/blog.uclm.es\/proyectoexotinet\/pacifastacus-leniusculus\/\">Cangrejo se\u00f1al<\/a><\/li><\/ul>\n<\/div>\n<\/div>\n\n\n\n<div class=\"wp-block-columns is-layout-flex wp-container-core-columns-is-layout-9d6595d7 wp-block-columns-is-layout-flex\">\n<div class=\"wp-block-column is-layout-flow wp-block-column-is-layout-flow\" style=\"flex-basis:33.33%\">\n<p class=\"has-text-align-right has-large-font-size\"><strong>M<\/strong><\/p>\n<\/div>\n\n\n\n<div class=\"wp-block-column is-layout-flow wp-block-column-is-layout-flow\" style=\"flex-basis:66.66%\">\n<ul class=\"wp-block-list\"><li><a href=\"https:\/\/blog.uclm.es\/proyectoexotinet\/dreissena-polymorpha\/\">Mejill\u00f3n cebra<\/a><\/li><li><a href=\"https:\/\/blog.uclm.es\/proyectoexotinet\/bemisia-tabaci\/\">Mosca blanca<\/a><\/li><li><a href=\"https:\/\/blog.uclm.es\/proyectoexotinet\/bactrocera-oleae\/\">Mosca del olivo<\/a><\/li><\/ul>\n<\/div>\n<\/div>\n\n\n\n<div class=\"wp-block-columns is-layout-flex wp-container-core-columns-is-layout-9d6595d7 wp-block-columns-is-layout-flex\">\n<div class=\"wp-block-column is-layout-flow wp-block-column-is-layout-flow\" style=\"flex-basis:33.33%\">\n<p class=\"has-text-align-right has-large-font-size\"><strong>O<\/strong><\/p>\n<\/div>\n\n\n\n<div class=\"wp-block-column is-layout-flow wp-block-column-is-layout-flow\" style=\"flex-basis:66.66%\">\n<ul class=\"wp-block-list\"><li><a href=\"https:\/\/blog.uclm.es\/proyectoexotinet\/paysandisia-archon\/\">Oruga barrenadora de las palmeras<\/a><\/li><\/ul>\n<\/div>\n<\/div>\n\n\n\n<div class=\"wp-block-columns is-layout-flex wp-container-core-columns-is-layout-9d6595d7 wp-block-columns-is-layout-flex\">\n<div class=\"wp-block-column is-layout-flow wp-block-column-is-layout-flow\" style=\"flex-basis:33.33%\">\n<p class=\"has-text-align-right has-large-font-size\"><strong>P<\/strong><\/p>\n<\/div>\n\n\n\n<div class=\"wp-block-column is-layout-flow wp-block-column-is-layout-flow\" style=\"flex-basis:66.66%\">\n<ul class=\"wp-block-list\"><li><a href=\"https:\/\/blog.uclm.es\/proyectoexotinet\/rhynchophorus-ferrugineus\/\">Picudo rojo<\/a><\/li><li><a href=\"https:\/\/blog.uclm.es\/proyectoexotinet\/prays-oleae\/\">Polilla del olivo<\/a><\/li><li><a href=\"https:\/\/blog.uclm.es\/proyectoexotinet\/tuta-absoluta\/\">Polilla del tomate<\/a><\/li><\/ul>\n<\/div>\n<\/div>\n\n\n\n<div class=\"wp-block-columns is-layout-flex wp-container-core-columns-is-layout-9d6595d7 wp-block-columns-is-layout-flex\">\n<div class=\"wp-block-column is-layout-flow wp-block-column-is-layout-flow\" style=\"flex-basis:33.33%\">\n<p class=\"has-text-align-right has-large-font-size\"><strong>T<\/strong><\/p>\n<\/div>\n\n\n\n<div class=\"wp-block-column is-layout-flow wp-block-column-is-layout-flow\" style=\"flex-basis:66.66%\">\n<ul class=\"wp-block-list\"><li><a href=\"https:\/\/blog.uclm.es\/proyectoexotinet\/frankliniella-occidentalis\/\">Trips occidental de las flores<\/a><\/li><\/ul>\n<\/div>\n<\/div>\n","protected":false},"excerpt":{"rendered":"<p>Nombre com\u00fan de los invertebrados ex\u00f3ticos invasores en Castilla-La Mancha A Almeja de r\u00edo asi\u00e1tica Avispilla del almendro B Barrenillo de los brotes del pino C Cangrejo americano Cangrejo del Pac\u00edfico Cangrejo de California Caracol del cieno Cangrejo rojo Cangrejo se\u00f1al M Mejill\u00f3n cebra Mosca blanca Mosca del olivo O Oruga barrenadora de las palmeras &hellip; <a href=\"https:\/\/blog.uclm.es\/proyectoexotinet\/inicio\/invertebrados\/invertebrados-2\/\" class=\"more-link\">Seguir leyendo <span class=\"screen-reader-text\">Invertebrados<\/span> <span class=\"meta-nav\">&rarr;<\/span><\/a><\/p>\n","protected":false},"author":254,"featured_media":0,"parent":1021,"menu_order":2,"comment_status":"closed","ping_status":"closed","template":"","meta":{"footnotes":""},"class_list":["post-1127","page","type-page","status-publish","hentry"],"_links":{"self":[{"href":"https:\/\/blog.uclm.es\/proyectoexotinet\/wp-json\/wp\/v2\/pages\/1127","targetHints":{"allow":["GET"]}}],"collection":[{"href":"https:\/\/blog.uclm.es\/proyectoexotinet\/wp-json\/wp\/v2\/pages"}],"about":[{"href":"https:\/\/blog.uclm.es\/proyectoexotinet\/wp-json\/wp\/v2\/types\/page"}],"author":[{"embeddable":true,"href":"https:\/\/blog.uclm.es\/proyectoexotinet\/wp-json\/wp\/v2\/users\/254"}],"replies":[{"embeddable":true,"href":"https:\/\/blog.uclm.es\/proyectoexotinet\/wp-json\/wp\/v2\/comments?post=1127"}],"version-history":[{"count":18,"href":"https:\/\/blog.uclm.es\/proyectoexotinet\/wp-json\/wp\/v2\/pages\/1127\/revisions"}],"predecessor-version":[{"id":1486,"href":"https:\/\/blog.uclm.es\/proyectoexotinet\/wp-json\/wp\/v2\/pages\/1127\/revisions\/1486"}],"up":[{"embeddable":true,"href":"https:\/\/blog.uclm.es\/proyectoexotinet\/wp-json\/wp\/v2\/pages\/1021"}],"wp:attachment":[{"href":"https:\/\/blog.uclm.es\/proyectoexotinet\/wp-json\/wp\/v2\/media?parent=1127"}],"curies":[{"name":"wp","href":"https:\/\/api.w.org\/{rel}","templated":true}]}}