{"id":1109,"date":"2022-10-18T16:33:31","date_gmt":"2022-10-18T16:33:31","guid":{"rendered":"https:\/\/blog.uclm.es\/proyectoexotinet\/?page_id=1109"},"modified":"2022-10-26T21:06:38","modified_gmt":"2022-10-26T21:06:38","slug":"vertebrados-4","status":"publish","type":"page","link":"https:\/\/blog.uclm.es\/proyectoexotinet\/inicio\/vertebrados\/vertebrados-4\/","title":{"rendered":"Vertebrados"},"content":{"rendered":"\n<p style=\"font-size:17px\"><strong>Identificaci\u00f3n visual de los vertebrados ex\u00f3ticos invasores en Castilla-La Mancha<\/strong><\/p>\n\n\n\n<div class=\"wp-block-media-text is-stacked-on-mobile is-vertically-aligned-center\" style=\"grid-template-columns:33% auto\"><figure class=\"wp-block-media-text__media\"><a href=\"https:\/\/blog.uclm.es\/proyectoexotinet\/inicio\/vertebrados\/vertebrados-4\/vertebrados\/\"><img loading=\"lazy\" decoding=\"async\" width=\"1024\" height=\"768\" src=\"https:\/\/blog.uclm.es\/proyectoexotinet\/wp-content\/uploads\/sites\/182\/2022\/10\/Scardinius_erythrophthalmus_02-1024x768.jpg\" alt=\"\" class=\"wp-image-1497 size-full\" srcset=\"https:\/\/blog.uclm.es\/proyectoexotinet\/wp-content\/uploads\/sites\/182\/2022\/10\/Scardinius_erythrophthalmus_02-1024x768.jpg 1024w, https:\/\/blog.uclm.es\/proyectoexotinet\/wp-content\/uploads\/sites\/182\/2022\/10\/Scardinius_erythrophthalmus_02-300x225.jpg 300w, https:\/\/blog.uclm.es\/proyectoexotinet\/wp-content\/uploads\/sites\/182\/2022\/10\/Scardinius_erythrophthalmus_02-768x576.jpg 768w, https:\/\/blog.uclm.es\/proyectoexotinet\/wp-content\/uploads\/sites\/182\/2022\/10\/Scardinius_erythrophthalmus_02-1536x1152.jpg 1536w, https:\/\/blog.uclm.es\/proyectoexotinet\/wp-content\/uploads\/sites\/182\/2022\/10\/Scardinius_erythrophthalmus_02-2048x1536.jpg 2048w\" sizes=\"auto, (max-width: 1024px) 100vw, 1024px\" \/><\/a><\/figure><div class=\"wp-block-media-text__content\">\n<p class=\"has-medium-font-size\">Peces<\/p>\n<\/div><\/div>\n\n\n\n<div class=\"wp-block-media-text is-stacked-on-mobile is-vertically-aligned-center\" style=\"grid-template-columns:33% auto\"><figure class=\"wp-block-media-text__media\"><a href=\"https:\/\/blog.uclm.es\/proyectoexotinet\/inicio\/vertebrados\/vertebrados-4\/vertebrados-2\/\"><img loading=\"lazy\" decoding=\"async\" width=\"300\" height=\"227\" src=\"https:\/\/blog.uclm.es\/proyectoexotinet\/wp-content\/uploads\/sites\/182\/2022\/10\/amandava_amandava_03-300x227.jpg\" alt=\"\" class=\"wp-image-1493 size-medium\" srcset=\"https:\/\/blog.uclm.es\/proyectoexotinet\/wp-content\/uploads\/sites\/182\/2022\/10\/amandava_amandava_03-300x227.jpg 300w, https:\/\/blog.uclm.es\/proyectoexotinet\/wp-content\/uploads\/sites\/182\/2022\/10\/amandava_amandava_03-768x582.jpg 768w, https:\/\/blog.uclm.es\/proyectoexotinet\/wp-content\/uploads\/sites\/182\/2022\/10\/amandava_amandava_03.jpg 800w\" sizes=\"auto, (max-width: 300px) 100vw, 300px\" \/><\/a><\/figure><div class=\"wp-block-media-text__content\">\n<p class=\"has-medium-font-size\">Aves<\/p>\n<\/div><\/div>\n\n\n\n<div class=\"wp-block-media-text is-stacked-on-mobile is-vertically-aligned-center\" style=\"grid-template-columns:33% auto\"><figure class=\"wp-block-media-text__media\"><a href=\"https:\/\/blog.uclm.es\/proyectoexotinet\/inicio\/vertebrados\/vertebrados-4\/vertebrados-3\/\"><img loading=\"lazy\" decoding=\"async\" width=\"1000\" height=\"1000\" src=\"https:\/\/blog.uclm.es\/proyectoexotinet\/wp-content\/uploads\/sites\/182\/2022\/10\/ammotragus_lervia_01.jpg\" alt=\"\" class=\"wp-image-1494 size-full\" srcset=\"https:\/\/blog.uclm.es\/proyectoexotinet\/wp-content\/uploads\/sites\/182\/2022\/10\/ammotragus_lervia_01.jpg 1000w, https:\/\/blog.uclm.es\/proyectoexotinet\/wp-content\/uploads\/sites\/182\/2022\/10\/ammotragus_lervia_01-300x300.jpg 300w, https:\/\/blog.uclm.es\/proyectoexotinet\/wp-content\/uploads\/sites\/182\/2022\/10\/ammotragus_lervia_01-150x150.jpg 150w, https:\/\/blog.uclm.es\/proyectoexotinet\/wp-content\/uploads\/sites\/182\/2022\/10\/ammotragus_lervia_01-768x768.jpg 768w\" sizes=\"auto, (max-width: 1000px) 100vw, 1000px\" \/><\/a><\/figure><div class=\"wp-block-media-text__content\">\n<p class=\"has-medium-font-size\">Mam\u00edferos<\/p>\n<\/div><\/div>\n\n\n\n<div class=\"wp-block-media-text is-stacked-on-mobile is-vertically-aligned-center\" style=\"grid-template-columns:32% auto\"><figure class=\"wp-block-media-text__media\"><a href=\"https:\/\/blog.uclm.es\/proyectoexotinet\/inicio\/vertebrados\/vertebrados-4\/vertebrados-4\/\"><img loading=\"lazy\" decoding=\"async\" width=\"960\" height=\"640\" src=\"https:\/\/blog.uclm.es\/proyectoexotinet\/wp-content\/uploads\/sites\/182\/2022\/10\/trachemys_scripta_01.jpg\" alt=\"\" class=\"wp-image-1831 size-full\" srcset=\"https:\/\/blog.uclm.es\/proyectoexotinet\/wp-content\/uploads\/sites\/182\/2022\/10\/trachemys_scripta_01.jpg 960w, https:\/\/blog.uclm.es\/proyectoexotinet\/wp-content\/uploads\/sites\/182\/2022\/10\/trachemys_scripta_01-300x200.jpg 300w, https:\/\/blog.uclm.es\/proyectoexotinet\/wp-content\/uploads\/sites\/182\/2022\/10\/trachemys_scripta_01-768x512.jpg 768w\" sizes=\"auto, (max-width: 960px) 100vw, 960px\" \/><\/a><\/figure><div class=\"wp-block-media-text__content\">\n<p class=\"has-medium-font-size\">Reptiles<\/p>\n<\/div><\/div>\n","protected":false},"excerpt":{"rendered":"<p>Identificaci\u00f3n visual de los vertebrados ex\u00f3ticos invasores en Castilla-La Mancha Peces Aves Mam\u00edferos Reptiles<\/p>\n","protected":false},"author":254,"featured_media":0,"parent":63,"menu_order":3,"comment_status":"closed","ping_status":"closed","template":"","meta":{"footnotes":""},"class_list":["post-1109","page","type-page","status-publish","hentry"],"_links":{"self":[{"href":"https:\/\/blog.uclm.es\/proyectoexotinet\/wp-json\/wp\/v2\/pages\/1109","targetHints":{"allow":["GET"]}}],"collection":[{"href":"https:\/\/blog.uclm.es\/proyectoexotinet\/wp-json\/wp\/v2\/pages"}],"about":[{"href":"https:\/\/blog.uclm.es\/proyectoexotinet\/wp-json\/wp\/v2\/types\/page"}],"author":[{"embeddable":true,"href":"https:\/\/blog.uclm.es\/proyectoexotinet\/wp-json\/wp\/v2\/users\/254"}],"replies":[{"embeddable":true,"href":"https:\/\/blog.uclm.es\/proyectoexotinet\/wp-json\/wp\/v2\/comments?post=1109"}],"version-history":[{"count":7,"href":"https:\/\/blog.uclm.es\/proyectoexotinet\/wp-json\/wp\/v2\/pages\/1109\/revisions"}],"predecessor-version":[{"id":1832,"href":"https:\/\/blog.uclm.es\/proyectoexotinet\/wp-json\/wp\/v2\/pages\/1109\/revisions\/1832"}],"up":[{"embeddable":true,"href":"https:\/\/blog.uclm.es\/proyectoexotinet\/wp-json\/wp\/v2\/pages\/63"}],"wp:attachment":[{"href":"https:\/\/blog.uclm.es\/proyectoexotinet\/wp-json\/wp\/v2\/media?parent=1109"}],"curies":[{"name":"wp","href":"https:\/\/api.w.org\/{rel}","templated":true}]}}