{"id":1025,"date":"2022-10-18T12:05:37","date_gmt":"2022-10-18T12:05:37","guid":{"rendered":"https:\/\/blog.uclm.es\/proyectoexotinet\/?page_id=1025"},"modified":"2022-11-13T10:56:20","modified_gmt":"2022-11-13T10:56:20","slug":"quienes-somos","status":"publish","type":"page","link":"https:\/\/blog.uclm.es\/proyectoexotinet\/quienes-somos\/","title":{"rendered":"Qui\u00e9nes somos"},"content":{"rendered":"\n<div class=\"wp-block-columns is-layout-flex wp-container-core-columns-is-layout-9d6595d7 wp-block-columns-is-layout-flex\">\n<div class=\"wp-block-column is-layout-flow wp-block-column-is-layout-flow\" style=\"flex-basis:33.33%\">\n<figure class=\"wp-block-gallery has-nested-images columns-default is-cropped wp-block-gallery-1 is-layout-flex wp-block-gallery-is-layout-flex\">\n<figure class=\"wp-block-image size-full is-style-rounded\"><img loading=\"lazy\" decoding=\"async\" width=\"756\" height=\"720\" data-id=\"2641\" src=\"https:\/\/blog.uclm.es\/proyectoexotinet\/wp-content\/uploads\/sites\/182\/2022\/11\/FotoRAB-2.jpg\" alt=\"\" class=\"wp-image-2641\" srcset=\"https:\/\/blog.uclm.es\/proyectoexotinet\/wp-content\/uploads\/sites\/182\/2022\/11\/FotoRAB-2.jpg 756w, https:\/\/blog.uclm.es\/proyectoexotinet\/wp-content\/uploads\/sites\/182\/2022\/11\/FotoRAB-2-300x286.jpg 300w\" sizes=\"auto, (max-width: 756px) 100vw, 756px\" \/><\/figure>\n<\/figure>\n<\/div>\n\n\n\n<div class=\"wp-block-column is-layout-flow wp-block-column-is-layout-flow\" style=\"flex-basis:66.66%\">\n<p class=\"has-medium-font-size\"><strong>Dra. Roc\u00edo A. Baquero<\/strong><\/p>\n\n\n\n<p>Es Doctora en Biolog\u00eda por la Universidad Complutense de Madrid (UCM) y M\u00e1ster en Cooperaci\u00f3n para el Desarrollo por la Universidad de Castilla-La Mancha (UCLM). Profesora de la Facultad de Ciencias Ambientales y Bioqu\u00edmica de la UCLM desde 2005. Desarrolla su actividad cient\u00edfica en el campo de la Biolog\u00eda de la Conservaci\u00f3n, est\u00e1 especializada en biogeograf\u00eda y macroecolog\u00eda de vertebrados terrestres y su aplicaci\u00f3n en la conservaci\u00f3n del patrimonio natural. Actualmente, sus l\u00edneas de investigaci\u00f3n incluyen el estudio de los efectos del cambio global en la biodiversidad, especialmente centrada en el an\u00e1lisis de los factores ambientales y socioecon\u00f3micos que influyen en el establecimiento y la dispersi\u00f3n de especies ex\u00f3ticas invasoras. Colabora habitualmente con la Consejer\u00eda de Desarrollo Sostenible como investigadora en la elaboraci\u00f3n de informes cient\u00edfico-t\u00e9cnicos relacionados con el seguimiento de peces nativos y de especies invasoras. Adem\u00e1s de su actividad investigadora y docente, asesora y participa de forma continuada con varias ONGD en proyectos que promueven el desarrollo humano sostenible con enfoque de derechos.<\/p>\n<\/div>\n<\/div>\n\n\n\n<div class=\"wp-block-columns is-layout-flex wp-container-core-columns-is-layout-9d6595d7 wp-block-columns-is-layout-flex\">\n<div class=\"wp-block-column is-layout-flow wp-block-column-is-layout-flow\" style=\"flex-basis:33.33%\">\n<figure class=\"wp-block-image size-full is-style-rounded\"><img loading=\"lazy\" decoding=\"async\" width=\"410\" height=\"410\" src=\"https:\/\/blog.uclm.es\/proyectoexotinet\/wp-content\/uploads\/sites\/182\/2022\/10\/graciela-1.jpg\" alt=\"\" class=\"wp-image-1282\" srcset=\"https:\/\/blog.uclm.es\/proyectoexotinet\/wp-content\/uploads\/sites\/182\/2022\/10\/graciela-1.jpg 410w, https:\/\/blog.uclm.es\/proyectoexotinet\/wp-content\/uploads\/sites\/182\/2022\/10\/graciela-1-300x300.jpg 300w, https:\/\/blog.uclm.es\/proyectoexotinet\/wp-content\/uploads\/sites\/182\/2022\/10\/graciela-1-150x150.jpg 150w\" sizes=\"auto, (max-width: 410px) 100vw, 410px\" \/><\/figure>\n<\/div>\n\n\n\n<div class=\"wp-block-column is-layout-flow wp-block-column-is-layout-flow\" style=\"flex-basis:66.66%\">\n<p class=\"has-medium-font-size\"><strong>Dra. Graciela G. Nicola<\/strong><\/p>\n\n\n\n<p>Es Doctora en Biolog\u00eda por la Universidad Complutense de Madrid (UCM). Actualmente, trabaja como Profesora Titular de Universidad en la Facultad de Ciencias Biol\u00f3gicas de la Universidad Complutense de Madrid, en el Departamento de Biodiversidad, Ecolog\u00eda y Evoluci\u00f3n. Es especialista en peces fluviales y sistemas acu\u00e1ticos continentales, aunque entre sus l\u00edneas actuales de investigaci\u00f3n tambi\u00e9n cabe destacar el estudio de los patrones de distribuci\u00f3n de especies invasoras. Colabora habitualmente con la Consejer\u00eda de Desarrollo Sostenible, como vocal en los consejos provinciales y regional de pesca, como directora del Observatorio de Biodiversidad del Aeropuerto de Ciudad Real y como investigadora en la elaboraci\u00f3n de informes cient\u00edfico-t\u00e9cnicos relacionados con el seguimiento de peces nativos y de especies invasoras.<\/p>\n<\/div>\n<\/div>\n\n\n\n<div class=\"wp-block-columns is-layout-flex wp-container-core-columns-is-layout-9d6595d7 wp-block-columns-is-layout-flex\">\n<div class=\"wp-block-column is-layout-flow wp-block-column-is-layout-flow\" style=\"flex-basis:33.33%\">\n<figure class=\"wp-block-image size-full is-style-rounded\"><img loading=\"lazy\" decoding=\"async\" width=\"747\" height=\"746\" src=\"https:\/\/blog.uclm.es\/proyectoexotinet\/wp-content\/uploads\/sites\/182\/2022\/11\/WhatsApp-Image-2022-11-01-at-15.53.53-2.jpeg\" alt=\"\" class=\"wp-image-1944\" srcset=\"https:\/\/blog.uclm.es\/proyectoexotinet\/wp-content\/uploads\/sites\/182\/2022\/11\/WhatsApp-Image-2022-11-01-at-15.53.53-2.jpeg 747w, https:\/\/blog.uclm.es\/proyectoexotinet\/wp-content\/uploads\/sites\/182\/2022\/11\/WhatsApp-Image-2022-11-01-at-15.53.53-2-300x300.jpeg 300w, https:\/\/blog.uclm.es\/proyectoexotinet\/wp-content\/uploads\/sites\/182\/2022\/11\/WhatsApp-Image-2022-11-01-at-15.53.53-2-150x150.jpeg 150w\" sizes=\"auto, (max-width: 747px) 100vw, 747px\" \/><\/figure>\n<\/div>\n\n\n\n<div class=\"wp-block-column is-layout-flow wp-block-column-is-layout-flow\" style=\"flex-basis:66.66%\">\n<p class=\"has-medium-font-size\"><strong><strong>Dra. Roxana Triguero<\/strong><\/strong><\/p>\n\n\n\n<p>Es Doctora en Ciencias Agrarias y Ambientales por la Universidad de Castilla-La Mancha (UCLM) desde 2019. En la actualidad trabaja como investigadora aut\u00f3noma dando apoyo a distintos proyectos de investigaci\u00f3n. Su carrera investigadora se ha centrado en el campo de la epidemiolog\u00eda, en concreto en el estudio de enfermedades compartidas en la interfaz ganado &#8211; fauna silvestre, aplicando herramientas procedentes de diversas \u00e1reas del conocimiento y realizando estudios de epidemiolog\u00eda espacial y an\u00e1lisis de factores de riesgo.<\/p>\n<\/div>\n<\/div>\n","protected":false},"excerpt":{"rendered":"<p>Dra. Roc\u00edo A. Baquero Es Doctora en Biolog\u00eda por la Universidad Complutense de Madrid (UCM) y M\u00e1ster en Cooperaci\u00f3n para el Desarrollo por la Universidad de Castilla-La Mancha (UCLM). Profesora de la Facultad de Ciencias Ambientales y Bioqu\u00edmica de la UCLM desde 2005. Desarrolla su actividad cient\u00edfica en el campo de la Biolog\u00eda de la &hellip; <a href=\"https:\/\/blog.uclm.es\/proyectoexotinet\/quienes-somos\/\" class=\"more-link\">Seguir leyendo <span class=\"screen-reader-text\">Qui\u00e9nes somos<\/span> <span class=\"meta-nav\">&rarr;<\/span><\/a><\/p>\n","protected":false},"author":254,"featured_media":0,"parent":0,"menu_order":0,"comment_status":"closed","ping_status":"closed","template":"","meta":{"footnotes":""},"class_list":["post-1025","page","type-page","status-publish","hentry"],"_links":{"self":[{"href":"https:\/\/blog.uclm.es\/proyectoexotinet\/wp-json\/wp\/v2\/pages\/1025","targetHints":{"allow":["GET"]}}],"collection":[{"href":"https:\/\/blog.uclm.es\/proyectoexotinet\/wp-json\/wp\/v2\/pages"}],"about":[{"href":"https:\/\/blog.uclm.es\/proyectoexotinet\/wp-json\/wp\/v2\/types\/page"}],"author":[{"embeddable":true,"href":"https:\/\/blog.uclm.es\/proyectoexotinet\/wp-json\/wp\/v2\/users\/254"}],"replies":[{"embeddable":true,"href":"https:\/\/blog.uclm.es\/proyectoexotinet\/wp-json\/wp\/v2\/comments?post=1025"}],"version-history":[{"count":16,"href":"https:\/\/blog.uclm.es\/proyectoexotinet\/wp-json\/wp\/v2\/pages\/1025\/revisions"}],"predecessor-version":[{"id":2642,"href":"https:\/\/blog.uclm.es\/proyectoexotinet\/wp-json\/wp\/v2\/pages\/1025\/revisions\/2642"}],"wp:attachment":[{"href":"https:\/\/blog.uclm.es\/proyectoexotinet\/wp-json\/wp\/v2\/media?parent=1025"}],"curies":[{"name":"wp","href":"https:\/\/api.w.org\/{rel}","templated":true}]}}