{"id":1023,"date":"2022-10-18T12:05:16","date_gmt":"2022-10-18T12:05:16","guid":{"rendered":"https:\/\/blog.uclm.es\/proyectoexotinet\/?page_id=1023"},"modified":"2022-11-13T10:09:09","modified_gmt":"2022-11-13T10:09:09","slug":"proyecto-exotinet","status":"publish","type":"page","link":"https:\/\/blog.uclm.es\/proyectoexotinet\/proyecto-exotinet\/","title":{"rendered":"Proyecto ExotiNET"},"content":{"rendered":"\n<p class=\"has-large-font-size\"><strong>Proyecto de investigaci\u00f3n \u2013 ExotiNET<\/strong><\/p>\n\n\n\n<p class=\"has-medium-font-size\"><strong>Especies ex\u00f3ticas invasoras de Castilla-La Mancha<\/strong><\/p>\n\n\n\n<p>Las especies ex\u00f3ticas invasoras constituyen, tras la destrucci\u00f3n de los h\u00e1bitats, el segundo factor de riesgo de p\u00e9rdida de biodiversidad a nivel mundial, sobre todo en aquellos ecosistemas geogr\u00e1fica y evolutivamente aislados. Estas especies afectan profundamente a la estructura y el funcionamiento de los ecosistemas que invaden y muchas causan da\u00f1os socioecon\u00f3micos muy significativos, lo cual es especialmente relevante debido a fen\u00f3menos que incrementan la tasa de invasi\u00f3n de estas especies, como son el incremento del comercio mundial, el transporte internacional, el turismo y el cambio clim\u00e1tico.<\/p>\n\n\n\n<p>Dada la relevancia de estas especies, la <strong>finalidad de proyecto ExotiNET<\/strong>:<\/p>\n\n\n\n<ul class=\"wp-block-list\">\n<li>Generar una base de datos de referencia con la informaci\u00f3n m\u00e1s completa de las especies ex\u00f3ticas presentes en Castilla-La Mancha, como parte de la futura Red de Alerta de Invasiones Biol\u00f3gicas de la regi\u00f3n, en cumplimiento de las normativas europeas<\/li>\n\n\n\n<li>Crear una plataforma web de referencia que permita informar y sensibilizar a la ciudadan\u00eda en el grave problema ambiental que suponen las especies ex\u00f3ticas invasoras y que adem\u00e1s sirva como herramienta de consulta sobre las mismas<\/li>\n<\/ul>\n\n\n\n<div style=\"height:39px\" aria-hidden=\"true\" class=\"wp-block-spacer\"><\/div>\n\n\n\n<p>Proyecto financiado por la Junta de Comunidades de Castilla-La Mancha y el Fondo Europeo de Desarrollo Regional (FEDER) (N\u00ba Expediente: SBPLY\/19\/180501\/000122)<\/p>\n","protected":false},"excerpt":{"rendered":"<p>Proyecto de investigaci\u00f3n \u2013 ExotiNET Especies ex\u00f3ticas invasoras de Castilla-La Mancha Las especies ex\u00f3ticas invasoras constituyen, tras la destrucci\u00f3n de los h\u00e1bitats, el segundo factor de riesgo de p\u00e9rdida de biodiversidad a nivel mundial, sobre todo en aquellos ecosistemas geogr\u00e1fica y evolutivamente aislados. Estas especies afectan profundamente a la estructura y el funcionamiento de los &hellip; <a href=\"https:\/\/blog.uclm.es\/proyectoexotinet\/proyecto-exotinet\/\" class=\"more-link\">Seguir leyendo <span class=\"screen-reader-text\">Proyecto ExotiNET<\/span> <span class=\"meta-nav\">&rarr;<\/span><\/a><\/p>\n","protected":false},"author":254,"featured_media":0,"parent":0,"menu_order":1,"comment_status":"closed","ping_status":"closed","template":"","meta":{"footnotes":""},"class_list":["post-1023","page","type-page","status-publish","hentry"],"_links":{"self":[{"href":"https:\/\/blog.uclm.es\/proyectoexotinet\/wp-json\/wp\/v2\/pages\/1023","targetHints":{"allow":["GET"]}}],"collection":[{"href":"https:\/\/blog.uclm.es\/proyectoexotinet\/wp-json\/wp\/v2\/pages"}],"about":[{"href":"https:\/\/blog.uclm.es\/proyectoexotinet\/wp-json\/wp\/v2\/types\/page"}],"author":[{"embeddable":true,"href":"https:\/\/blog.uclm.es\/proyectoexotinet\/wp-json\/wp\/v2\/users\/254"}],"replies":[{"embeddable":true,"href":"https:\/\/blog.uclm.es\/proyectoexotinet\/wp-json\/wp\/v2\/comments?post=1023"}],"version-history":[{"count":6,"href":"https:\/\/blog.uclm.es\/proyectoexotinet\/wp-json\/wp\/v2\/pages\/1023\/revisions"}],"predecessor-version":[{"id":2636,"href":"https:\/\/blog.uclm.es\/proyectoexotinet\/wp-json\/wp\/v2\/pages\/1023\/revisions\/2636"}],"wp:attachment":[{"href":"https:\/\/blog.uclm.es\/proyectoexotinet\/wp-json\/wp\/v2\/media?parent=1023"}],"curies":[{"name":"wp","href":"https:\/\/api.w.org\/{rel}","templated":true}]}}