{"id":1021,"date":"2022-10-18T12:04:13","date_gmt":"2022-10-18T12:04:13","guid":{"rendered":"https:\/\/blog.uclm.es\/proyectoexotinet\/?page_id=1021"},"modified":"2022-10-18T19:02:40","modified_gmt":"2022-10-18T19:02:40","slug":"invertebrados","status":"publish","type":"page","link":"https:\/\/blog.uclm.es\/proyectoexotinet\/inicio\/invertebrados\/","title":{"rendered":"Invertebrados"},"content":{"rendered":"\n<ul class=\"has-medium-font-size wp-block-list\"><li><a href=\"https:\/\/blog.uclm.es\/proyectoexotinet\/inicio\/invertebrados\/invertebrados\/\">Nombre cient\u00edfico<\/a><\/li><\/ul>\n\n\n\n<ul class=\"has-medium-font-size wp-block-list\"><li><a href=\"https:\/\/blog.uclm.es\/proyectoexotinet\/inicio\/invertebrados\/invertebrados-2\/\">Nombre com\u00fan<\/a><\/li><\/ul>\n\n\n\n<ul class=\"has-medium-font-size wp-block-list\"><li><a href=\"https:\/\/blog.uclm.es\/proyectoexotinet\/inicio\/invertebrados\/invertebrados-3\/\">Identificaci\u00f3n visual<\/a><\/li><\/ul>\n","protected":false},"excerpt":{"rendered":"<p>Nombre cient\u00edfico Nombre com\u00fan Identificaci\u00f3n visual<\/p>\n","protected":false},"author":254,"featured_media":0,"parent":46,"menu_order":1,"comment_status":"closed","ping_status":"closed","template":"","meta":{"footnotes":""},"class_list":["post-1021","page","type-page","status-publish","hentry"],"_links":{"self":[{"href":"https:\/\/blog.uclm.es\/proyectoexotinet\/wp-json\/wp\/v2\/pages\/1021","targetHints":{"allow":["GET"]}}],"collection":[{"href":"https:\/\/blog.uclm.es\/proyectoexotinet\/wp-json\/wp\/v2\/pages"}],"about":[{"href":"https:\/\/blog.uclm.es\/proyectoexotinet\/wp-json\/wp\/v2\/types\/page"}],"author":[{"embeddable":true,"href":"https:\/\/blog.uclm.es\/proyectoexotinet\/wp-json\/wp\/v2\/users\/254"}],"replies":[{"embeddable":true,"href":"https:\/\/blog.uclm.es\/proyectoexotinet\/wp-json\/wp\/v2\/comments?post=1021"}],"version-history":[{"count":6,"href":"https:\/\/blog.uclm.es\/proyectoexotinet\/wp-json\/wp\/v2\/pages\/1021\/revisions"}],"predecessor-version":[{"id":1155,"href":"https:\/\/blog.uclm.es\/proyectoexotinet\/wp-json\/wp\/v2\/pages\/1021\/revisions\/1155"}],"up":[{"embeddable":true,"href":"https:\/\/blog.uclm.es\/proyectoexotinet\/wp-json\/wp\/v2\/pages\/46"}],"wp:attachment":[{"href":"https:\/\/blog.uclm.es\/proyectoexotinet\/wp-json\/wp\/v2\/media?parent=1021"}],"curies":[{"name":"wp","href":"https:\/\/api.w.org\/{rel}","templated":true}]}}