{"id":1019,"date":"2022-10-18T12:03:29","date_gmt":"2022-10-18T12:03:29","guid":{"rendered":"https:\/\/blog.uclm.es\/proyectoexotinet\/?page_id=1019"},"modified":"2022-10-18T19:04:55","modified_gmt":"2022-10-18T19:04:55","slug":"hongos","status":"publish","type":"page","link":"https:\/\/blog.uclm.es\/proyectoexotinet\/inicio\/hongos\/","title":{"rendered":"Hongos"},"content":{"rendered":"\n<ul class=\"has-medium-font-size wp-block-list\"><li><a href=\"https:\/\/blog.uclm.es\/proyectoexotinet\/inicio\/hongos\/hongos-2\/\">Nombre cient\u00edfico<\/a><\/li><\/ul>\n\n\n\n<ul class=\"has-medium-font-size wp-block-list\"><li><a href=\"https:\/\/blog.uclm.es\/proyectoexotinet\/inicio\/hongos\/hongos\/\">Nombre com\u00fan<\/a><\/li><\/ul>\n\n\n\n<ul class=\"has-medium-font-size wp-block-list\"><li><a href=\"https:\/\/blog.uclm.es\/proyectoexotinet\/inicio\/hongos\/hongos-2-2\/\">Identificaci\u00f3n visual<\/a><\/li><\/ul>\n","protected":false},"excerpt":{"rendered":"<p>Nombre cient\u00edfico Nombre com\u00fan Identificaci\u00f3n visual<\/p>\n","protected":false},"author":254,"featured_media":0,"parent":46,"menu_order":1,"comment_status":"closed","ping_status":"closed","template":"","meta":{"footnotes":""},"class_list":["post-1019","page","type-page","status-publish","hentry"],"_links":{"self":[{"href":"https:\/\/blog.uclm.es\/proyectoexotinet\/wp-json\/wp\/v2\/pages\/1019","targetHints":{"allow":["GET"]}}],"collection":[{"href":"https:\/\/blog.uclm.es\/proyectoexotinet\/wp-json\/wp\/v2\/pages"}],"about":[{"href":"https:\/\/blog.uclm.es\/proyectoexotinet\/wp-json\/wp\/v2\/types\/page"}],"author":[{"embeddable":true,"href":"https:\/\/blog.uclm.es\/proyectoexotinet\/wp-json\/wp\/v2\/users\/254"}],"replies":[{"embeddable":true,"href":"https:\/\/blog.uclm.es\/proyectoexotinet\/wp-json\/wp\/v2\/comments?post=1019"}],"version-history":[{"count":7,"href":"https:\/\/blog.uclm.es\/proyectoexotinet\/wp-json\/wp\/v2\/pages\/1019\/revisions"}],"predecessor-version":[{"id":1159,"href":"https:\/\/blog.uclm.es\/proyectoexotinet\/wp-json\/wp\/v2\/pages\/1019\/revisions\/1159"}],"up":[{"embeddable":true,"href":"https:\/\/blog.uclm.es\/proyectoexotinet\/wp-json\/wp\/v2\/pages\/46"}],"wp:attachment":[{"href":"https:\/\/blog.uclm.es\/proyectoexotinet\/wp-json\/wp\/v2\/media?parent=1019"}],"curies":[{"name":"wp","href":"https:\/\/api.w.org\/{rel}","templated":true}]}}