{"id":37,"date":"2023-09-17T10:21:41","date_gmt":"2023-09-17T08:21:41","guid":{"rendered":"https:\/\/blog.uclm.es\/proyectoetechu\/?page_id=37"},"modified":"2023-09-17T10:21:41","modified_gmt":"2023-09-17T08:21:41","slug":"doctoral-thesis","status":"publish","type":"page","link":"https:\/\/blog.uclm.es\/proyectoetechu\/doctoral-thesis\/","title":{"rendered":"Doctoral Thesis"},"content":{"rendered":"\n<figure class=\"wp-block-table\"><table><tbody><tr><td><strong>Nombre:<\/strong> Miguel Herraiz Carbon\u00e9. <strong>Director\/a:<\/strong> Cristina S\u00e1ez Jim\u00e9nez y Engracia Lacasa Fern\u00e1ndez <strong>T\u00edtulo:<\/strong> Electrochemical technologies to reduce the environmental and sanitary impact of hospital urines <strong>Organismo: <\/strong>UCLM <strong>Calificaci\u00f3n:<\/strong> Sobresaliente cum Laude por Unanimidad (diciembre 2021)<\/td><\/tr><tr><td><strong>Nombre:<\/strong> Aline Doria <strong>Director\/a:<\/strong> Cristina S\u00e1ez Jim\u00e9nez y Katlin I. B. Eguiluz <strong>T\u00edtulo:<\/strong> Estudio de m\u00e9todos no convencionales para la s\u00edntesis de \u00e1nodos de tipo mezcla de \u00f3xidos met\u00e1licos aplicados en la degradaci\u00f3n electroqu\u00edmica de compuestos org\u00e1nicos <strong>Organismo: <\/strong>UCLM-U. Tiradentes (Brasil) Tesis en cotutela <strong>Calificaci\u00f3n:<\/strong> Sobresaliente cum Laude por Unanimidad (febrero 2023)<\/td><\/tr><tr><td><strong>Nombre:<\/strong> \u00c0ngela Moratalla Tolosa. <strong>Director\/a:<\/strong> Cristina S\u00e1ez Jim\u00e9nez y Pablo Ca\u00f1izares <strong>T\u00edtulo:<\/strong> &nbsp;Towards the development of electrochemical technologies to decrease the chemical risk of hospital urine<strong><\/strong> <strong>Organismo: <\/strong>UCLM <strong>Calificaci\u00f3n:<\/strong> en dep\u00f3sito (fecha estimada lectura octubre 2023)<\/td><\/tr><tr><td><strong>Nombre:<\/strong> &nbsp;Sergio E. Correia Alonso <strong>Director\/a:<\/strong> Cristina S\u00e1ez Jim\u00e9nez y Pablo Ca\u00f1izares Ca\u00f1izares <strong>T\u00edtulo:<\/strong> &nbsp;&nbsp;Nuevos reactores electroqu\u00edmicos para el tratamiento de efluentes hospitalarios <strong>Organismo: <\/strong>UCLM <strong>Calificaci\u00f3n:<\/strong> en realizaci\u00f3n (iniciada en Julio 2021)<\/td><\/tr><tr><td><strong>Nombre:<\/strong> V\u00edctor Pertegal P\u00e9rez. <strong>Director\/a:<\/strong> Cristina S\u00e1ez Jim\u00e9nez y Engracia Lacasa Fern\u00e1ndez <strong>T\u00edtulo: <\/strong>Tratamiento de Bioaerosoles con oxidantes generados electroqu\u00edmicamente <strong>Organismo: <\/strong>UCLM <strong>Calificaci\u00f3n:<\/strong> en realizaci\u00f3n (iniciada en Octubre 2020)<\/td><\/tr><\/tbody><\/table><\/figure>\n","protected":false},"excerpt":{"rendered":"<p>Nombre: Miguel Herraiz Carbon\u00e9. Director\/a: Cristina S\u00e1ez Jim\u00e9nez y Engracia Lacasa Fern\u00e1ndez T\u00edtulo: Electrochemical technologies to reduce the environmental and sanitary impact of hospital urines Organismo: UCLM Calificaci\u00f3n: Sobresaliente cum Laude por Unanimidad (diciembre 2021) Nombre: Aline Doria Director\/a: Cristina &hellip; <a href=\"https:\/\/blog.uclm.es\/proyectoetechu\/doctoral-thesis\/\">Sigue leyendo <span class=\"meta-nav\">&rarr;<\/span><\/a><\/p>\n","protected":false},"author":437,"featured_media":0,"parent":0,"menu_order":0,"comment_status":"closed","ping_status":"closed","template":"","meta":{"footnotes":""},"class_list":["post-37","page","type-page","status-publish","hentry"],"_links":{"self":[{"href":"https:\/\/blog.uclm.es\/proyectoetechu\/wp-json\/wp\/v2\/pages\/37","targetHints":{"allow":["GET"]}}],"collection":[{"href":"https:\/\/blog.uclm.es\/proyectoetechu\/wp-json\/wp\/v2\/pages"}],"about":[{"href":"https:\/\/blog.uclm.es\/proyectoetechu\/wp-json\/wp\/v2\/types\/page"}],"author":[{"embeddable":true,"href":"https:\/\/blog.uclm.es\/proyectoetechu\/wp-json\/wp\/v2\/users\/437"}],"replies":[{"embeddable":true,"href":"https:\/\/blog.uclm.es\/proyectoetechu\/wp-json\/wp\/v2\/comments?post=37"}],"version-history":[{"count":1,"href":"https:\/\/blog.uclm.es\/proyectoetechu\/wp-json\/wp\/v2\/pages\/37\/revisions"}],"predecessor-version":[{"id":38,"href":"https:\/\/blog.uclm.es\/proyectoetechu\/wp-json\/wp\/v2\/pages\/37\/revisions\/38"}],"wp:attachment":[{"href":"https:\/\/blog.uclm.es\/proyectoetechu\/wp-json\/wp\/v2\/media?parent=37"}],"curies":[{"name":"wp","href":"https:\/\/api.w.org\/{rel}","templated":true}]}}