{"id":33,"date":"2023-09-17T10:17:55","date_gmt":"2023-09-17T08:17:55","guid":{"rendered":"https:\/\/blog.uclm.es\/proyectoetechu\/?page_id=33"},"modified":"2023-09-18T15:49:12","modified_gmt":"2023-09-18T13:49:12","slug":"contributions-to-scientific-meetings","status":"publish","type":"page","link":"https:\/\/blog.uclm.es\/proyectoetechu\/contributions-to-scientific-meetings\/","title":{"rendered":"Communications in scientific meetings"},"content":{"rendered":"\n<figure class=\"wp-block-table\"><table><tbody><tr><td><strong>Nombre del congreso\/conferencia\/ workshop:<\/strong> V Workshop de la Red E3TECH \/ I Workshop Iberoamericano a Distancia (Aplicaciones Medioambientales y Energ\u00e9ticas de la Tecnolog\u00eda Electroqu\u00edmica, V E3TECH). <strong>Tipo de comunicaci\u00f3n: <\/strong>Ponencia invitada <strong>T\u00edtulo: <\/strong>Electrochemical technologies facing the challenge of treating bio-sanitary effluents <strong>Autores\/as*:<\/strong> <strong>Cristina S\u00e1ez<\/strong>, Angela Moratalla, Miguel Herraiz-Carbon\u00e9, Salvador Cotillas, <strong>Engracia Lacasa, Pablo Ca\u00f1izares<\/strong>, Manuel A. Rodrigo. <strong>A\u00f1o:<\/strong> 2020<br><strong>Nombre del congreso\/conferencia\/ workshop:<\/strong> V Workshop de la Red E3TECH \/ I Workshop Iberoamericano a Distancia (Aplicaciones Medioambientales y Energ\u00e9ticas de la Tecnolog\u00eda Electroqu\u00edmica, V E3TECH) <strong>Tipo de comunicaci\u00f3n: <\/strong>P\u00f3ster <strong>T\u00edtulo: <\/strong>Reducci\u00f3n del impacto ambiental y sanitario de orinas hospitalarias mediante tecnolog\u00edas electroqu\u00edmicas <strong>Autores\/as*:<\/strong> M. Herraiz; <strong>S. Cotillas; E. Lacasa; C. Sainz de Baranda; E. Riquelme; P. Ca\u00f1izares; <\/strong>M. A. Rodrigo<strong>; C. S\u00e1ez.<\/strong> <strong>A\u00f1o: <\/strong>2020 <br><strong>Nombre del congreso\/conferencia\/ workshop:<\/strong> V Workshop de la Red E3TECH \/ I Workshop Iberoamericano a Distancia (Aplicaciones Medioambientales y Energ\u00e9ticas de la Tecnolog\u00eda Electroqu\u00edmica, V E3TECH) <strong>Tipo de comunicaci\u00f3n: <\/strong>Comunicaci\u00f3n oral <strong>T\u00edtulo: <\/strong>Nuevas tecnolog\u00edas electroqu\u00edmicas para el tratamiento de f\u00e1rmacos <strong>Autores\/as*:<\/strong> \u00c1. Moratalla, <strong>E. Lacasa<\/strong>, S. Ruiz, <strong>P. Ca\u00f1izares<\/strong>, M. A. Rodrigo, <strong>C. S\u00e1ez<\/strong>. <strong>A\u00f1o: <\/strong>2020 <strong>Nombre del congreso\/conferencia\/ workshop:<\/strong> XXIV Congreso de la Sociedad Iberoamericana de Electroqu\u00edmica (SIBAE) <strong>Tipo de comunicaci\u00f3n: <\/strong>P\u00f3ster <strong>T\u00edtulo: <\/strong>Influencia de las variables de operaci\u00f3n en la eliminaci\u00f3n de bacterias resistentes a los antibi\u00f3ticos mediante oxidaci\u00f3n electroqu\u00edmica <strong>Autores\/as*:<\/strong> M. Herraiz; <strong>S. Cotillas; E. Lacasa; C. Sainz de Baranda; E. Riquelme; P. Ca\u00f1izares; <\/strong>M. A. Rodrigo<strong>; C. S\u00e1ez<\/strong> <strong>A\u00f1o: <\/strong>2020 <br><strong>Nombre del congreso\/conferencia\/ workshop:<\/strong> XXIV Congreso de la Sociedad Iberoamericana de Electroqu\u00edmica (SIBAE) <strong>Tipo de comunicaci\u00f3n: <\/strong>P\u00f3ster <strong>T\u00edtulo: <\/strong>Reducci\u00f3n de la peligrosidad de antibi\u00f3ticos en aguas hospitalarias <strong>Autores\/as*:<\/strong> \u00c1. Moratalla, <strong>E. Lacasa, P. Ca\u00f1izares, <\/strong>M.A. Rodrigo<strong>, C. S\u00e1ez<\/strong> <strong>A\u00f1o: <\/strong>2020 <br><strong>Nombre del congreso\/conferencia\/ workshop:<\/strong> 29<sup>th<\/sup>&nbsp;Topical Meeting of the International Society of Electrochemistry <strong>Tipo de comunicaci\u00f3n: <\/strong>Comunicaci\u00f3n oral <strong>T\u00edtulo: <\/strong>Towards the removal of antibiotic-resistant bacteria in polymicrobial urines by electrochemical oxidation <strong>Autores\/as*:<\/strong> M. Herraiz; <strong>S. Cotillas; E. Lacasa; C. Sainz de Baranda; E. Riquelme; P. Ca\u00f1izares; <\/strong>M. A. Rodrigo<strong>; C. S\u00e1ez<\/strong> <strong>A\u00f1o: <\/strong>2021 <br><strong>Nombre del congreso\/conferencia\/ workshop:<\/strong> 29<sup>th<\/sup>&nbsp;Topical Meeting of the International Society of Electrochemistry <strong>Tipo de comunicaci\u00f3n: <\/strong>Comunicaci\u00f3n oral <strong>T\u00edtulo: <\/strong>New 3D anode for antibiotics removal in urine of polymedicated patients <strong>Autores\/as*:<\/strong> \u00c1. Moratalla, I.M.D. Gonzaga, <strong>C. S\u00e1ez<\/strong>, A.Doria, K.I.B. Eguiluz, G. R. Salazar-Banda <strong>P. Ca\u00f1izares,<\/strong> M.A. Rodrigo <strong>A\u00f1o: <\/strong>2021 <br><strong>Nombre del congreso\/conferencia\/ workshop:<\/strong> 72<sup>nd<\/sup>&nbsp;Annual Meeting of the International Society of Electrochemistry <strong>Tipo de comunicaci\u00f3n: <\/strong>Comunicaci\u00f3n oral <strong>T\u00edtulo: <\/strong>Removal of iodinated radiocontrast iopamidol in hospital urines by electrochemical technologies: electrolysis vs. electrocoagulation <strong>Autores\/as*:<\/strong> M. Herraiz; \u00c1. Moratalla; <strong>S. Cotillas; E. Lacasa; A. Valladolid<\/strong>; S. Ruiz; <strong>P. Ca\u00f1izares<\/strong>; M. A. Rodrigo; <strong>C. S\u00e1ez<\/strong> <strong>A\u00f1o: <\/strong>2021 <br><strong>Nombre del congreso\/conferencia\/ workshop:<\/strong> 72<sup>nd<\/sup>&nbsp;Annual Meeting of the International Society of Electrochemistry <strong>Tipo de comunicaci\u00f3n: <\/strong>P\u00f3ster <strong>T\u00edtulo: <\/strong>Electrochemical technology as a key tool to reduce the hazardousness of hospital urines <strong>Autores\/as*:<\/strong> M. Herraiz; \u00c1. Moratalla; V. Pertegal; <strong>S. Cotillas; E. Lacasa; C. Sainz de Baranda; E. Riquelme; P. Ca\u00f1izares; <\/strong>M. A. Rodrigo<strong>; C. S\u00e1ez<\/strong> <strong>A\u00f1o: <\/strong>2021 <br><strong>Nombre del congreso\/conferencia\/ workshop:<\/strong> Symposium of the Spanish Royal Society of Chemistry <strong>Tipo de comunicaci\u00f3n: <\/strong>P\u00f3ster <strong>T\u00edtulo: <\/strong>Reducing the spread of antibiotic-resistant bacteria (ARB) in complex urines with electrochemical technology <strong>Autores\/as*:<\/strong> M. Herraiz; <strong>S. Cotillas; E. Lacasa; P. Ca\u00f1izares; <\/strong>M. A. Rodrigo<strong>; C. S\u00e1ez<\/strong> <strong>A\u00f1o: <\/strong>2021 <br><strong>Nombre del congreso\/conferencia\/ workshop:<\/strong> IV Seminario UPMWater <strong>Tipo de comunicaci\u00f3n: <\/strong>Comunicaci\u00f3n oral <strong>T\u00edtulo: <\/strong>Influencia de las variables de operaci\u00f3n en la eliminaci\u00f3n de bacterias resistentes a los antibi\u00f3ticos mediante oxidaci\u00f3n electroqu\u00edmica <strong>Autores\/as*:<\/strong> M. Herraiz; <strong>S. Cotillas; E. Lacasa; C. Sainz de Baranda; E. Riquelme; P. Ca\u00f1izares; <\/strong>M. A. Rodrigo<strong>; C. S\u00e1ez<\/strong> <strong>A\u00f1o: <\/strong>2021 <br><strong>Nombre del congreso\/conferencia\/ workshop:<\/strong>&nbsp;IV Seminario UPMWater  <strong>Tipo de comunicaci\u00f3n: <\/strong>Comunicaci\u00f3n oral <strong>T\u00edtulo: <\/strong>Desarrollo de procesos electroqu\u00edmicos de oxidaci\u00f3n avanzada para el tratamiento de efluentes hospitalarios <strong>Autores\/as*:<\/strong> \u00c1. Moratalla, <strong>E. Lacasa, P. Ca\u00f1izares, <\/strong>M. A. Rodrigo<strong>, C. S\u00e1ez<\/strong> <strong>A\u00f1o: <\/strong>2021 <br><strong>Nombre del congreso\/conferencia\/ workshop:<\/strong>&nbsp; XV Young Science Symposium. Faculty of Chemical Sciences and Technologies of the University of Castilla-La Mancha <strong>Tipo de comunicaci\u00f3n: <\/strong>Flash video <strong>T\u00edtulo: <\/strong>Treatment of bioaerosol with electrochemically generated oxidants <strong>Autores\/as*:<\/strong> V. Pertegal, <strong>E. Lacasa, P. Ca\u00f1izares, <\/strong>M.A. Rodrigo<strong>, C. S\u00e1ez<\/strong> <strong>A\u00f1o: <\/strong>2021 <br><strong>Nombre del congreso\/conferencia\/ workshop:<\/strong>&nbsp;I Certamen P\u00f3ster Cient\u00edfico Digital. San Alberto  <strong>Tipo de comunicaci\u00f3n: <\/strong>P\u00f3ster <strong>T\u00edtulo: <\/strong>Tratamiento de bioaerosoles con oxidantes generados electroqu\u00edmicamente <strong>Autores\/as*:<\/strong> &nbsp;V. Pertegal, <strong>E. Lacasa, P. Ca\u00f1izares, <\/strong>M.A. Rodrigo<strong>, C. S\u00e1ez<\/strong> <strong>A\u00f1o: <\/strong>2021 <strong>Nombre del congreso\/conferencia\/ workshop:<\/strong>&nbsp; XV Young Science Symposium. Faculty of Chemical Sciences and Technologies of the University of Castilla-La Mancha <strong>Tipo de comunicaci\u00f3n: <\/strong>Flash video <strong>T\u00edtulo: <\/strong>Improving the biodegradability of hospital urines by electrochemical advanced oxidation processes <strong>Autores\/as*:<\/strong> \u00c1. Moratalla, <strong>E. Lacasa,<\/strong> S. Ruiz, <strong>P. Ca\u00f1izares, <\/strong>M. A. Rodrigo<strong>, C. S\u00e1ez<\/strong> <strong>A\u00f1o:<\/strong> 2021 <br><strong>Nombre del congreso\/conferencia\/ workshop:<\/strong> V Seminario UPMWater Agua, Energ\u00eda y medioambiente <strong>Tipo de comunicaci\u00f3n: <\/strong>Comunicaci\u00f3n oral <strong>T\u00edtulo: <\/strong>El rol del di\u00f3xido de cloro en la oxidaci\u00f3n de f\u00e1rmacos en orinas hospitalarias <strong>Autores\/as*:<\/strong> \u00c1. Moratalla, <strong>E. Lacasa, P. Ca\u00f1izares, <\/strong>M.A. Rodrigo<strong>, C. S\u00e1ez<\/strong> <strong>A\u00f1o:<\/strong> 2022 <strong>Nombre del congreso\/conferencia\/ workshop: <\/strong>&nbsp; XXV Congreso M\u00e9xico de la Sociedad Iberoamericana de Electroqu\u00edmica <strong>Tipo de comunicaci\u00f3n: <\/strong>Comunicaci\u00f3n oral <strong>T\u00edtulo: <\/strong>Eliminaci\u00f3n de bacterias resistentes a los antibi\u00f3ticos en el aire mediante oxidantes generados electroqu\u00edmicamente <strong>Autores\/as*:<\/strong> V. Pertegal, &nbsp;<strong>E. Lacasa, P. Ca\u00f1izares, <\/strong>M.A. Rodrigo<strong>, C. S\u00e1ez<\/strong> <strong>A\u00f1o: <\/strong>2022 <br><strong>Nombre del congreso\/conferencia\/ workshop:<\/strong>&nbsp; XXV Congreso M\u00e9xico de la Sociedad Iberoamericana de Electroqu\u00edmica <strong>Tipo de comunicaci\u00f3n: <\/strong>Comunicaci\u00f3n oral <strong>T\u00edtulo: <\/strong>Degradaci\u00f3n de medios de contraste de rayos X yodados en orinas hospitalarias mediante tecnolog\u00edas electroqu\u00edmicas <strong>Autores\/as*:<\/strong> S.E. Correia, \u00c1. Moratalla, <strong>S. Cotillas, E. Lacasa, P. Ca\u00f1izares, <\/strong>M.A. Rodrigo<strong>, C. S\u00e1ez.<\/strong> <strong>A\u00f1o: <\/strong>2022 <br><strong>Nombre del congreso\/conferencia\/ workshop: <\/strong>&nbsp; XVI Young Science Symposium. Faculty of Chemical Sciences and Technologies of the University of Castilla-La Mancha <strong>Tipo de comunicaci\u00f3n: <\/strong>Flash video <strong>T\u00edtulo: <\/strong>Remove of antibiotic resistant bacteria on air with electrochemically oxidants generated <strong>Autores\/as*:<\/strong> V. Pertegal, &nbsp;<strong>E. Lacasa, P. Ca\u00f1izares, <\/strong>M.A. Rodrigo<strong>, C. S\u00e1ez<\/strong> <strong>A\u00f1o: <\/strong>2022 <br><strong>Nombre del congreso\/conferencia\/ workshop:<\/strong>&nbsp; XVI Young Science Symposium. Faculty of Chemical Sciences and Technologies of the University of Castilla-La Mancha <strong>Tipo de comunicaci\u00f3n: <\/strong>Flash video <strong>T\u00edtulo: <\/strong>Use of electrogenerated ozone gas in PEM cells for disinfection of urine <strong>Autores\/as*:<\/strong> S. E. Correia, A. Moratalla, V. Pertegal, &nbsp;<strong>E. Lacasa, P. Ca\u00f1izares, <\/strong>M.A. Rodrigo<strong>, C. S\u00e1ez<\/strong> <strong>A\u00f1o: <\/strong>2022 <br><strong>Nombre del congreso\/conferencia\/ workshop:<\/strong> XVI Young Science Symposium. Faculty of Chemical Sciences and Technologies of the University of Castilla-La Mancha<strong> <\/strong> <strong>Tipo de comunicaci\u00f3n: <\/strong>Comunicaci\u00f3n oral <strong>T\u00edtulo: <\/strong>Comparison of the effect of ozone and chlorine dioxide dosing on hospital urine polluted with pharmaceuticals <strong>Autores\/as*:<\/strong> \u00c1. Moratalla, S. E. Correia, <strong>E. Lacasa, <\/strong>S. Ruiz, <strong>A. Valladolid, P. Ca\u00f1izares, <\/strong>M. A. Rodrigo,<strong> C. S\u00e1ez<\/strong> <strong>A\u00f1o:<\/strong> 2022 <br><strong>Nombre del congreso\/conferencia\/ workshop:<\/strong> XLII Reuni\u00f3n del Grupo Especializado de Electroqu\u00edmica de la RSEQ (42 GERSEQ 2022) <strong>Tipo de comunicaci\u00f3n: <\/strong>comunicaci\u00f3n oral <strong>T\u00edtulo: <\/strong>Ozono electroqu\u00edmico en fase gas para la degradaci\u00f3n selectiva de f\u00e1rmacos en orinas hospitalarias <strong>Autores\/as*:<\/strong> \u00c1. Moratalla, S.E. Correia, Manuel A. Rodrigo, <strong>Cristina S\u00e1ez<\/strong> <strong>A\u00f1o: <\/strong>2022 <br><a><strong>Nombre del congreso\/conferencia\/ workshop:<\/strong><\/a> X Jornadas Doctorales de la Universidad de Castilla-La Mancha <strong>Tipo de comunicaci\u00f3n: <\/strong>P\u00f3ster <strong>T\u00edtulo: <\/strong>Occurrence and removal of pharmaceuticals in hospital urines using electrochemical technology <strong>Autores\/as*:<\/strong> \u00c1. Moratalla, S. E. Correia, &nbsp;<strong>E. Lacasa, P. Ca\u00f1izares, <\/strong>M.A. Rodrigo<strong>, C. S\u00e1ez<\/strong> <strong>A\u00f1o:<\/strong> 2022 <strong>Nombre del congreso\/conferencia\/ workshop:<\/strong> X Jornadas Doctorales de la Universidad de Castilla-La Mancha <strong>Tipo de comunicaci\u00f3n: <\/strong>P\u00f3ster <strong>T\u00edtulo: <\/strong>Influencia del m\u00e9todo de calcinaci\u00f3n en las propiedades electroqu\u00edmicas de los \u00e1nodos de Ti\/RuO<sub>2<\/sub>-TiO<sub>2<\/sub> <strong>Autores\/as*:<\/strong> A. R. Doria, \u00c1. Moratalla, G.R. Salazar-Banda, K.I.B. Eguiluz, M. A. Rodrigo, <strong>C. S\u00e1ez<\/strong> <strong>A\u00f1o:<\/strong> 2022 <br><strong>Nombre del congreso\/conferencia\/ workshop:<\/strong> X Jornadas Doctorales de la Universidad de Castilla-La Mancha <strong>Tipo de comunicaci\u00f3n: <\/strong>P\u00f3ster <strong>T\u00edtulo: <\/strong>Influencia del m\u00e9todo de calcinaci\u00f3n en las propiedades electroqu\u00edmicas de los \u00e1nodos de Ti\/RuO<sub>2<\/sub>-TiO<sub>2<\/sub> <strong>Autores\/as*:<\/strong> A. R. Doria, \u00c1. Moratalla, G.R. Salazar-Banda, K.I.B. Eguiluz, M. A. Rodrigo, <strong>C. S\u00e1ez<\/strong> <strong>A\u00f1o:<\/strong> 2022 <br><strong>Nombre del congreso\/conferencia\/ workshop:<\/strong> X Jornadas Doctorales de la Universidad de Castilla-La Mancha <strong>Tipo de comunicaci\u00f3n: <\/strong>P\u00f3ster <strong>T\u00edtulo: <\/strong>Inactivation of airborne antibiotic-resistant bacteria using electrochemically generated oxidants <strong>Autores\/as*:<\/strong> V. Pertegal, &nbsp;<strong>E. Lacasa, P. Ca\u00f1izares, <\/strong>M.A. Rodrigo<strong>, C. S\u00e1ez<\/strong> &nbsp; <strong>A\u00f1o:<\/strong> 2022 <br><strong>Nombre del congreso\/conferencia\/ workshop:<\/strong> X Jornadas Doctorales de la Universidad de Castilla-La Mancha <strong>Tipo de comunicaci\u00f3n: <\/strong>P\u00f3ster <strong>T\u00edtulo: <\/strong>Generaci\u00f3n electroqu\u00edmica de ozono gas en celdas PEM para el tratamiento de efluentes hospitalarios <strong>Autores\/as*:<\/strong> S. E. Correia, A. Moratalla, &nbsp;<strong>E. Lacasa, P. Ca\u00f1izares, <\/strong>M.A. Rodrigo<strong>, C. S\u00e1ez &nbsp;<\/strong> <strong>A\u00f1o:<\/strong> 2022 <br><strong>Nombre del congreso\/conferencia\/ workshop:<\/strong> 13th European Symposium on Electrochemical Engineering (13thESEE2023) <strong>Tipo de comunicaci\u00f3n: <\/strong>Comunicaci\u00f3n oral <strong>T\u00edtulo: <\/strong>Selective degradation of pharmaceutics in hospital effluents using gaseous ozone electrochemically generated <strong>Autores\/as*:<\/strong> S. E. Correia, A. Moratalla, V. Pertegal, &nbsp;<strong>E. Lacasa, P. Ca\u00f1izares, <\/strong>M.A. Rodrigo<strong>, C. S\u00e1ez<\/strong> <strong>A\u00f1o: <\/strong>2023 <br><strong>Nombre del congreso\/conferencia\/ workshop:<\/strong> 13th European Symposium on Electrochemical Engineering (13thESEE2023) <strong>Tipo de comunicaci\u00f3n: <\/strong>P\u00f3ster&nbsp; <strong>T\u00edtulo: <\/strong>Inactivation of airborne antibiotic-resistant bacteria using an ozone gas stream produced by electro-ozonizers <strong>Autores\/as*:<\/strong> V. Pertegal, S. E. Correia, J. Lara, &nbsp;<strong>E. Lacasa, P. Ca\u00f1izares, <\/strong>M.A. Rodrigo<strong>, C. S\u00e1ez<\/strong> <strong>A\u00f1o: <\/strong>2023 &nbsp; <br><strong>Nombre del congreso\/conferencia\/ workshop:<\/strong> XXXIX Reuni\u00f3n Bienal de la Sociedad Espa\u00f1ola de Qu\u00edmica <strong>Tipo de comunicaci\u00f3n: <\/strong>Comunicaci\u00f3n oral <strong>T\u00edtulo: <\/strong>Evaluation and inactivation of airborne microorganisms in hospital indoor air&nbsp; <strong>Autores\/as*:<\/strong> V. Pertegal, S.E. Correia, <strong>E. Lacasa, E. Riquelme, C. Sainz de Baranda, P. Ca\u00f1izares, <\/strong>M.A. Rodrigo<strong>, C. S\u00e1ez&nbsp;<\/strong> <strong>A\u00f1o: <\/strong>2023 <br><strong>Nombre del congreso\/conferencia\/ workshop:<\/strong> XXXIX Reuni\u00f3n del Grupo Especializado de Electroqu\u00edmica de la Real Sociedad Espa\u00f1ola de Qu\u00edmica&nbsp; <strong>Tipo de comunicaci\u00f3n: <\/strong>P\u00f3ster <strong>T\u00edtulo: <\/strong>Integraci\u00f3n de una corriente de ozono gas generada mediante celdas tipo PEM en conductos de aire, para la inactivaci\u00f3n de bioaerosoles <strong>Autores\/as*:<\/strong> V. Pertegal, S.E. Correia, J. Lara, &nbsp;<strong>E. Lacasa, P. Ca\u00f1izares, <\/strong>M.A. Rodrigo<strong>, C. S\u00e1ez<\/strong> &nbsp; <strong>A\u00f1o:<\/strong> 2023&nbsp; <strong>Nombre del congreso\/conferencia\/ workshop:<\/strong> XXXIX Reuni\u00f3n del Grupo Especializado de Electroqu\u00edmica de la Real Sociedad Espa\u00f1ola de Qu\u00edmica&nbsp; <strong>Tipo de comunicaci\u00f3n: <\/strong>Comunicaci\u00f3n oral&nbsp; <strong>T\u00edtulo: <\/strong>Purificaci\u00f3n del aire interior en hospitales utilizando una corriente gaseosa de ozono generado mediante tecnolog\u00eda PEM&nbsp; <strong>Autores\/as*:<\/strong> V. Pertegal, S.E. Correia, &nbsp;<strong>E. Lacasa, P. Ca\u00f1izares, <\/strong>M.A. Rodrigo<strong>, C. S\u00e1ez<\/strong> &nbsp; <strong>A\u00f1o:<\/strong> 2023&nbsp; <strong>Nombre del congreso\/conferencia\/ workshop:<\/strong> XXXIX Reuni\u00f3n del Grupo Especializado de Electroqu\u00edmica de la Real Sociedad Espa\u00f1ola de Qu\u00edmica&nbsp; <strong>Tipo de comunicaci\u00f3n: <\/strong>Comunicaci\u00f3n oral&nbsp; <strong>T\u00edtulo: <\/strong>Producci\u00f3n de di\u00f3xido de cloro a partir de reactivos electrogenerados: usos en el tratamiento de efluentes hospitalarios <strong>Autores\/as*:<\/strong> Sergio E. Correia, \u00c1ngela Moratalla, G\u00e9ssica O. S. Santos, Ra\u00edra S. S. Castro, <strong>E. Lacasa, P. Ca\u00f1izares, <\/strong>M.A. Rodrigo<strong>, C. S\u00e1ez<\/strong> <strong>A\u00f1o:<\/strong> 2023&nbsp; <br><strong>Nombre del congreso\/conferencia\/ workshop:<\/strong> XVII Young Science Symposium. Faculty of Chemical Sciences and Technologies of the University of Castilla-La Mancha <strong>Tipo de comunicaci\u00f3n: <\/strong>Comunicaci\u00f3n oral&nbsp; <strong>T\u00edtulo: <\/strong>Electrochemical generation of ozone using a PEM electrolyzer: uses in the treatment of hospital urine&nbsp; <strong>Autores\/as*:<\/strong> S. E. Correia, \u00c1. Moratalla, V. Pertegal, &nbsp;<strong>E. Lacasa, P. Ca\u00f1izares, <\/strong>M.A. Rodrigo<strong>, C. S\u00e1ez<\/strong> <strong>A\u00f1o:<\/strong> 2023&nbsp; <strong>Nombre del congreso\/conferencia\/ workshop:<\/strong> 74th Annual Meeting of the International Society of Electrochemistry <strong>Tipo de comunicaci\u00f3n: <\/strong>P\u00f3ster <strong>T\u00edtulo: <\/strong>Inactivation of Klebsiella pneumoniae in hospital effluents by electrochemical ozone generation <strong>Autores\/as*: <\/strong>S. E. Correia, V. Pertegal, E. Lacasa, P. Ca\u00f1izares, M. A. Rodrigo, C. S\u00e1ez <strong>A\u00f1o:<\/strong> 2023&nbsp; <br><strong>Nombre del congreso\/conferencia\/ workshop:<\/strong> 74th Annual Meeting of the International Society of Electrochemistry <strong>Tipo de comunicaci\u00f3n: <\/strong>P\u00f3ster <strong>T\u00edtulo: <\/strong>Inactivation of airborne pathogens by coupling chlorine-based processes to the thermal installations in hospitals for indoor air cleaning <strong>Autores\/as*: <\/strong>V. Pertegal, S. E. Correia, R. Sanz, E. Lacasa, P. Ca\u00f1izares, M. A. Rodrigo, C. S\u00e1ez. <strong>A\u00f1o:<\/strong> 2023&nbsp;<\/td><\/tr><\/tbody><\/table><\/figure>\n","protected":false},"excerpt":{"rendered":"<p>Nombre del congreso\/conferencia\/ workshop: V Workshop de la Red E3TECH \/ I Workshop Iberoamericano a Distancia (Aplicaciones Medioambientales y Energ\u00e9ticas de la Tecnolog\u00eda Electroqu\u00edmica, V E3TECH). Tipo de comunicaci\u00f3n: Ponencia invitada T\u00edtulo: Electrochemical technologies facing the challenge of treating bio-sanitary &hellip; <a href=\"https:\/\/blog.uclm.es\/proyectoetechu\/contributions-to-scientific-meetings\/\">Sigue leyendo <span class=\"meta-nav\">&rarr;<\/span><\/a><\/p>\n","protected":false},"author":437,"featured_media":0,"parent":0,"menu_order":0,"comment_status":"closed","ping_status":"closed","template":"","meta":{"footnotes":""},"class_list":["post-33","page","type-page","status-publish","hentry"],"_links":{"self":[{"href":"https:\/\/blog.uclm.es\/proyectoetechu\/wp-json\/wp\/v2\/pages\/33","targetHints":{"allow":["GET"]}}],"collection":[{"href":"https:\/\/blog.uclm.es\/proyectoetechu\/wp-json\/wp\/v2\/pages"}],"about":[{"href":"https:\/\/blog.uclm.es\/proyectoetechu\/wp-json\/wp\/v2\/types\/page"}],"author":[{"embeddable":true,"href":"https:\/\/blog.uclm.es\/proyectoetechu\/wp-json\/wp\/v2\/users\/437"}],"replies":[{"embeddable":true,"href":"https:\/\/blog.uclm.es\/proyectoetechu\/wp-json\/wp\/v2\/comments?post=33"}],"version-history":[{"count":3,"href":"https:\/\/blog.uclm.es\/proyectoetechu\/wp-json\/wp\/v2\/pages\/33\/revisions"}],"predecessor-version":[{"id":53,"href":"https:\/\/blog.uclm.es\/proyectoetechu\/wp-json\/wp\/v2\/pages\/33\/revisions\/53"}],"wp:attachment":[{"href":"https:\/\/blog.uclm.es\/proyectoetechu\/wp-json\/wp\/v2\/media?parent=33"}],"curies":[{"name":"wp","href":"https:\/\/api.w.org\/{rel}","templated":true}]}}