{"id":27,"date":"2023-09-17T10:10:42","date_gmt":"2023-09-17T08:10:42","guid":{"rendered":"https:\/\/blog.uclm.es\/proyectoetechu\/?page_id=27"},"modified":"2023-09-17T10:16:34","modified_gmt":"2023-09-17T08:16:34","slug":"scientific-manuscripts","status":"publish","type":"page","link":"https:\/\/blog.uclm.es\/proyectoetechu\/scientific-manuscripts\/","title":{"rendered":"Scientific manuscripts"},"content":{"rendered":"\n<figure class=\"wp-block-table\"><table><tbody><tr><td><strong>1.<\/strong><\/td><td>Miguel Herraiz-Carbon\u00e9, <strong>Salvador Cotillas<\/strong>, <strong>Engracia Lacasa, Pablo Ca\u00f1izares<\/strong>, Manuel A. Rodrigo, <strong>Cristina S\u00e1ez<\/strong>. Removal of antibiotic resistant bacteria by electrolysis with diamond anodes: A pretreatment or a tertiary treatment? Journal of Water Process Engineering, 2020, 38, 101557. <a href=\"https:\/\/doi.org\/10.1016\/j.jwpe.2020.101557\" target=\"_blank\" rel=\"noreferrer noopener\">https:\/\/doi.org\/10.1016\/j.jwpe.2020.101557<\/a><\/td><\/tr><tr><td><strong>2.<\/strong><\/td><td>Miguel Herraiz-Carbon\u00e9, <strong>Salvador Cotillas, Engracia Lacasa, Pablo Ca\u00f1izares<\/strong>, Manuel A. Rodrigo, <strong>Cristina S\u00e1ez<\/strong>. Enhancement of UV disinfection of urine matrixes by electrochemical oxidation. Journal of Hazardous Materials, 410 (2021) 124548. <a href=\"https:\/\/doi.org\/10.1016\/j.jhazmat.2020.124548\" target=\"_blank\" rel=\"noreferrer noopener\">https:\/\/doi.org\/10.1016\/j.jhazmat.2020.124548<\/a><\/td><\/tr><tr><td><strong>3.<\/strong><\/td><td>Miguel Herraiz-Carbon\u00e9, <strong>Salvador Cotillas, Engracia Lacasa, Pablo Ca\u00f1izares<\/strong>, Manuel A. Rodrigo, <strong>Cristina S\u00e1ez<\/strong>. The role of chloramines on the electrodisinfection of Klebsiella pneumnioae in hospital urines. Chemical Engineering Journal, 2021, 409, 128253. <a href=\"https:\/\/doi.org\/10.1016\/j.cej.2020.128253\" target=\"_blank\" rel=\"noreferrer noopener\">https:\/\/doi.org\/10.1016\/j.cej.2020.128253<\/a><\/td><\/tr><tr><td><strong>4.<\/strong><\/td><td>Miguel Herraiz-Carbon\u00e9, <strong>Salvador Cotillas, Engracia Lacasa, Pablo Ca\u00f1izares<\/strong>, Manuel A. Rodrigo, <strong>Cristina S\u00e1ez<\/strong>. Disinfection of urines using an electro-ozonizer. Electrochimica Acta 382 (2021) 138343. <a href=\"https:\/\/doi.org\/10.1016\/j.electacta.2021.138343\" target=\"_blank\" rel=\"noreferrer noopener\">https:\/\/doi.org\/10.1016\/j.electacta.2021.138343<\/a><\/td><\/tr><tr><td><strong>5.<\/strong><\/td><td>Miguel Herraiz-Carbon\u00e9, <strong>Salvador Cotillas, Engracia Lacasa, Caridad Sainz de Baranda, Eva Riquelme, P. Ca\u00f1izares, <\/strong>M.A. Rodrigo, <strong>C. S\u00e1ez<\/strong>. A review on disinfection technologies for controlling the antibiotic resistance spread. Science of the Total Environment 797 (2021) 149150. <a href=\"https:\/\/doi.org\/10.1016\/j.scitotenv.2021.149150\">https:\/\/doi.org\/10.1016\/j.scitotenv.2021.149150<\/a><\/td><\/tr><tr><td><strong>6.<\/strong><\/td><td>Miguel Herraiz-Carbon\u00e9, <strong>Salvador Cotillas, Engracia Lacasa, Caridad Sainz de Baranda, Eva Riquelme<\/strong>, <strong>Pablo Ca\u00f1izares<\/strong>, Manuel A. Rodrigo, <strong>Cristina S\u00e1ez<\/strong>. Are we correctly targeting the research on disinfection of antibiotic-resistant bacteria (ARB)?. Journal of Cleaner Production 320 (2021) 128865. <a href=\"https:\/\/doi.org\/10.1016\/j.jclepro.2021.128865\">https:\/\/doi.org\/10.1016\/j.jclepro.2021.128865<\/a><\/td><\/tr><tr><td><strong>7.<\/strong><\/td><td>Lorena A. Goulart, Angela Moratalla, Marcos R.V. Lanza, <strong>Cristina S\u00e1ez<\/strong>, Manuel A. Rodrigo. Photocatalytic performance of Ti\/MMO\/ZnO at degradation of levofloxacin: Effect of pH and chloride anions. Journal of Electroanalytical Chemistry 880 (2021) 114894. <a href=\"https:\/\/doi.org\/10.1016\/j.jelechem.2020.114894\" target=\"_blank\" rel=\"noreferrer noopener\">https:\/\/doi.org\/10.1016\/j.jelechem.2020.114894<\/a><\/td><\/tr><tr><td><strong>8.<\/strong><\/td><td>Ver\u00f3nica Poza-Nogueiras, \u00c1ngela Moratalla, Marta Pazos, \u00c1ngeles Sanrom\u00e1n, <strong>Cristina S\u00e1ez<\/strong>, Manuel A. Rodrigo. Towards a more realistic heterogeneous electro-Fenton. Journal of Electroanalytical Chemistry 895 (2021) 115475. <a href=\"https:\/\/doi.org\/10.1016\/j.jelechem.2021.115475\">https:\/\/doi.org\/10.1016\/j.jelechem.2021.115475<\/a><\/td><\/tr><tr><td><strong>9.<\/strong><\/td><td>Lorena A. Goulart, Angela Moratalla, Marcos R.V. Lanza, <strong>Cristina S\u00e1ez<\/strong>, Manuel A. Rodrigo. Photoelectrocatalytic treatment of levofloxacin using Ti\/MMO\/ZnO electrode. Chemosphere 284 (2021) 131303. <a href=\"https:\/\/doi.org\/10.1016\/j.chemosphere.2021.131303\">https:\/\/doi.org\/10.1016\/j.chemosphere.2021.131303<\/a><\/td><\/tr><tr><td><strong>10.<\/strong><\/td><td>Isabelle M.D. Gonzaga, Angela Moratalla, Katlin I.B. Eguiluz , Giancarlo R. Salazar-Banda, <strong>Pablo Ca\u00f1izares<\/strong>, Manuel A. Rodrigo, <strong>Cristina S\u00e1ez<\/strong>. Outstanding performance of the microwave-made MMO-Ti\/RuO2IrO2 anode on the removal of antimicrobial activity of Penicillin G by photoelectrolysis. Chemical Engineering Journal 420 (2021) 129999 <a href=\"https:\/\/doi.org\/10.1016\/j.cej.2021.129999\">https:\/\/doi.org\/10.1016\/j.cej.2021.129999<\/a><\/td><\/tr><tr><td><strong>11.<\/strong><\/td><td>Isabelle M.D. Gonzaga, Aline R. D\u00f3ria, Angela Moratalla, Katlin I.B. Eguiluz, Giancarlo R. Salazar-Banda, <strong>Pablo Ca\u00f1izares<\/strong>, Manuel A. Rodrigo, <strong>Cristina S\u00e1ez<\/strong>. Electrochemical systems equipped with 2D and 3D microwave-made anodes for the highly efficient degradation of antibiotics in urine. Electrochimica Acta 392 (2021) 139012 <a href=\"https:\/\/doi.org\/10.1016\/j.electacta.2021.139012\">https:\/\/doi.org\/10.1016\/j.electacta.2021.139012<\/a><\/td><\/tr><tr><td><strong>12.<\/strong><\/td><td>\u00c1ngela Moratalla, Danyelle M. Ara\u00fajo, Gabriel O.M.A. Moura, <strong>Engracia Lacasa, Pablo Ca\u00f1izares<\/strong>, Manuel A. Rodrigo, <strong>Cristina S\u00e1ez<\/strong>. Pressurized electro-Fenton for the reduction of the environmental impact of antibiotics. Separation and Purification Technology 276 (2021) 119398. <a href=\"https:\/\/doi.org\/10.1016\/j.seppur.2021.119398\">https:\/\/doi.org\/10.1016\/j.seppur.2021.119398<\/a><\/td><\/tr><tr><td><strong>13.<\/strong><\/td><td>F.L. Souza, M. Zougagh, <strong>C. S\u00e1ez, P. Ca\u00f1izares,<\/strong> A. R\u00edos, M.A. Rodrigo. Electrochemically-based hybrid oxidative technologies for the treatment of micropollutants in drinking water. Chemical Engineering Journal 414 (2021) 128531. <a><\/a><a href=\"https:\/\/doi.org\/10.1016\/j.cej.2021.128531\">https:\/\/doi.org\/10.1016\/j.cej.2021.128531<\/a><\/td><\/tr><tr><td><strong>14.<\/strong><\/td><td>Isabelle M.D. Gonzaga, Aline R. D\u00f3ria, Gessica de O.Santos, Angela Moratalla, Katlin I.B.Eguiluz, Giancarlo R. Salazar-Banda, Manuel A.Rodrigo, Cristina Sa\u00e9z. Scale-up of Ru-based mesh anodes for the degradation of synthetic hospital wastewater. Separation and Purification Technology 285 (2022) 120260. <a href=\"https:\/\/doi.org\/10.1016\/j.seppur.2021.120260\" target=\"_blank\" rel=\"noreferrer noopener\">https:\/\/doi.org\/10.1016\/j.seppur.2021.120260<\/a><\/td><\/tr><tr><td><strong>15.<\/strong><\/td><td>Miguel Herraiz-Carbon\u00e9, <strong>Salvador Cotillas, Engracia Lacasa<\/strong>, Marina Vasileva, <strong>Caridad Sainz de Baranda, Eva Riquelme, Pablo Ca\u00f1iizares, Cristina S\u00e1ez<\/strong>. Disinfection of polymicrobial urines by electrochemical oxidation: Removal of antibiotic-resistant bacteria and genes. Journal of Hazardous Materials 426 (2022) 128028. <a href=\"https:\/\/doi.org\/10.1016\/j.jhazmat.2021.128028\" target=\"_blank\" rel=\"noreferrer noopener\">https:\/\/doi.org\/10.1016\/j.jhazmat.2021.128028<\/a><\/td><\/tr><tr><td><strong>16.<\/strong><\/td><td>Ver\u00f3nica Poza Nogueiras, \u00c1ngela Moratalla, Marta Pazos, \u00c1ngeles Sanrom\u00e1n, Cristina S\u00e1ez, Manuel A. Rodrigo. Exploring the pressurized heterogeneous electro-Fenton process and modelling the system. Chemical Engineering Journal 431 (2022) 133280. <a href=\"https:\/\/doi.org\/10.1016\/j.cej.2021.133280\" target=\"_blank\" rel=\"noreferrer noopener\">https:\/\/doi.org\/10.1016\/j.cej.2021.133280<\/a>.<\/td><\/tr><tr><td><strong>17.<\/strong><\/td><td>Angela Moratalla, <strong>Salvador Cotillas, Engracia Lacasa<\/strong>, Carmen M. Fern\u00e1ndez-Marchante, Sonia Ruiz, <strong>Ana Valladolid, Pablo Canizares,<\/strong> Manuel A. Rodrigo, <strong>Cristina S\u00e1ez. <\/strong>Occurrence and toxicity impact of pharmaceuticals in hospital effluents: Simulation based on a case of study. <a href=\"https:\/\/www.sciencedirect.com\/journal\/process-safety-and-environmental-protection\">Process Safety and Environmental Protection<\/a> 168<em> (<\/em>2022) 10-21. <a href=\"https:\/\/doi.org\/10.1016\/j.psep.2022.09.066\" target=\"_blank\" rel=\"noreferrer noopener\">https:\/\/doi.org\/10.1016\/j.psep.2022.09.066<\/a><\/td><\/tr><tr><td><strong>18.<\/strong><\/td><td>F.L. Souza, J.B. Attig, L. Latrousc, <strong>C. S\u00e1ez, P. Ca\u00f1izares<\/strong>, M.A. Rodrigo, M. Zougagh, A. R\u00edos. Electrochemical removal of pharmaceutical micropollutants from groundwater. Journal of Electroanalytical Chemistry 910 (2022) 116173. https:\/\/doi.org\/10.1016\/j.jelechem.2022.116173<\/td><\/tr><tr><td><strong>19.<\/strong><\/td><td>\u00c1ngela Moratalla, Sergio E. Correia, <strong>Salvador Cotillas, Engracia Lacasa, Pablo Canizares<\/strong>, Manuel A. Rodrigo, <strong>Cristina S\u00e1ez<\/strong>. The integration of ZVI-dehalogenation and electrochemical oxidation for the treatment of complex effluents polluted with iodinated compounds. Journal of Environmental Chemical Engineering 10 (2022) 107587. https:\/\/doi.org\/10.1016\/j.jece.2022.107587<\/td><\/tr><tr><td><strong>20.<\/strong><\/td><td>Miguel Herraiz-Carbon\u00e9, <strong>Salvador Cotillas, Engracia Lacasa, Pablo Canizares<\/strong>, Manuel A. Rodrigo, <strong>Cristina S\u00e1ez<\/strong>. Depletion of ARGs in antibiotic-resistance Klebsiella, Pseudomonas and Staphylococcus in hospital urines by electro and photo-electro disinfection. Journal of Water Process Engineering 49 (2022) 103035. https:\/\/doi.org\/10.1016\/j.jwpe.2022.103035<\/td><\/tr><tr><td><strong>21.<\/strong><\/td><td><em>Mayra Kerolly Sales Monteiro, \u00c1ngela Moratalla, <strong>Cristina S\u00e1ez, <\/strong>Elisama Vieira Dos Santos, Manuel Andr\u00e9s Rodrigo Towards the production of chlorine dioxide from electrochemically in-situ produced solutions of chlorate<\/em><em>. Journal of Chemic<\/em><em>al Technology and Biotechnology 97 (2022) 2024-2031. <\/em><em><a href=\"https:\/\/doi.org\/10.1002\/jctb.7073\">https:\/\/doi.org\/10.1002\/jctb.7073<\/a><\/em><\/td><\/tr><tr><td><strong>22.<\/strong><\/td><td><em>Mayra Kerolly Sales Monteiro, \u00c1ngela Moratalla, <strong>Cristina S\u00e1ez<\/strong>, Elisama Vieira Dos Santos, Manuel Andr\u00e9s Rodrigo.<\/em><em> <\/em>Electrochemical Production of Hydrogen Peroxide in Perchloric Acid Supporting Electrolytes for the Synthesis of Chlorine Dioxide. Ind. Eng. Chem. Res.&nbsp;2022, 61, 9, 3263\u20133271. <a href=\"https:\/\/doi.org\/10.1021\/acs.iecr.1c04845\">https:\/\/doi.org\/10.1021\/acs.iecr.1c04845<\/a><\/td><\/tr><tr><td><strong>23.<\/strong><\/td><td>\u00c1. Moratalla, <strong>E. Lacasa<\/strong>, P. Murillo, <strong>P. Ca\u00f1izares<\/strong>, M. A. Rodrigo, <strong>C. S\u00e1ez<\/strong>. Assessing the targeted breakdown of pharmaceutical compounds via the generation of chlorine dioxide gas in situ. Journal of Environmental Chemical Engineering 11 (2023) 110510. https:\/\/doi.org\/10.1016\/j.jece.2023.110510<\/td><\/tr><tr><td><strong>24.<\/strong><\/td><td>Aline R. Doria, Angela Moratalla, Caio V.S. Almeida, Ronaldo S. Silva, Katlin I. B. Eguiluz, Giancarlo R. Salazar-Banda, Manuel A. Rodrigo, <strong>Cristina S\u00e1ez<\/strong>. Influence of the calcination method and anode composition on the generation of disinfectants. Separation and Purification Technology 319 (2023) 124053. https:\/\/doi.org\/10.1016\/j.seppur.2023.124053<\/td><\/tr><tr><td><strong>25.<\/strong><\/td><td>Aline R.&nbsp;D\u00f3ria,&nbsp;Isabelle M.D.&nbsp;Gonzaga,&nbsp;Gessica O.S.&nbsp;Santos,&nbsp;Caio V.S.&nbsp;Almeida,&nbsp;Deyvid C.&nbsp;Silva,&nbsp;Ronaldo S.&nbsp;Silva,&nbsp;Luciane P.C.&nbsp;Rom\u00e3o,&nbsp;<strong>Cristina<\/strong><strong>S\u00e1ez<\/strong>,&nbsp;Giancarlo R.&nbsp;Salazar-Banda,&nbsp;Katlin I.B.&nbsp;Eguiluz. &nbsp;Strong influence of the heating method on Ti\/RuO2-TiO2 anode electrochemical and photoassisted electrochemical performance. &nbsp;Applied Catalysis B: Environmental (2023) 123092 &nbsp;https:\/\/doi.org\/10.1016\/j.apcatb.2023.123092<\/td><\/tr><tr><td><strong>26.<\/strong><\/td><td>\u00c1ngela Moratalla, Sergio E. Correia, <strong>Engracia Lacasa<\/strong>, Pablo Murillo, <strong>Pablo Ca\u00f1izares<\/strong>, Manuel A. Rodrigo, <strong>Cristina S\u00e1ez<\/strong>. Facing the treatment of polymedicated effluents using gaseous ozone electrochemically generated. &nbsp;Journal of Water Process Engineering. <em>En revisi\u00f3n<\/em><\/td><\/tr><tr><td><strong>27.<\/strong><\/td><td>Sergio E. Correia, V\u00edctor Pertegal, Miguel Herraiz-Carbon\u00e9, <strong>Engracia Lacasa, Pablo Ca\u00f1izares<\/strong>, Manuel A. Rodrigo, <strong>Cristina S\u00e1ez<\/strong>. Inactivation of waterborne Klebsiella pneumoniae with ozone to diminish the risk of hospital effluents using an absorption-based process. Journal of Water Process Engineering. <em>En revision.<\/em><strong><\/strong><\/td><\/tr><tr><td><strong><em>28.<\/em><\/strong><strong><em><\/em><\/strong><\/td><td>Carla Santos, Miguel Herraiz-Carbon\u00e9, <strong>Engracia Lacasa, Cristina S<\/strong><strong>\u00e1ez<\/strong>, Rosa Montes, Jos\u00e9 B. Quintana, Rosario Rodil, Ana I. Gomes, V\u00edtor J.P Continuous-flow titration of low iron doses to promote photo-Fenton and photo-Fenton-like processes at neutral pH: Assessment of CECs removal from urban wastewater after secondary treatment. &nbsp;Journal of Environmental Chemical Engineering. <em>En revisi\u00f3n.<\/em><\/td><\/tr><\/tbody><\/table><\/figure>\n\n\n\n<p>Related manuscripts: <\/p>\n\n\n\n<figure class=\"wp-block-table\"><table><tbody><tr><td>L.A. Goulart, G.O.S. Santos, K.I.B. Eguiluz, G.R. Salazar-Banda, M.R.V. Lanza, <strong>C. Saez<\/strong>, M. A. Rodrigo. Towards a higher photostability of ZnO photo-electrocatalysts in the degradation of organics by using MMO substrates. Chemosphere 271 (2021) 129451. <a href=\"https:\/\/doi.org\/10.1016\/j.chemosphere.2020.129451\">https:\/\/doi.org\/10.1016\/j.chemosphere.2020.129451<\/a><\/td><\/tr><tr><td>F.L. Souza, <strong>C. S\u00e1ez<\/strong>, <strong>P. Ca\u00f1izares<\/strong>, M.A. Rodrigo. Improving the degradation of low concentration of microcystin-LR with PEM electrolyzers and photo-electrolyzers. Separation and Purification Technology 259 (2021) 118189. <a href=\"https:\/\/doi.org\/10.1016\/j.seppur.2020.118189\">https:\/\/doi.org\/10.1016\/j.seppur.2020.118189<\/a><\/td><\/tr><tr><td>J. Isidro, <strong>C. S\u00e1ez<\/strong>, J. Llanos, J. Lobato, <strong>P. Ca\u00f1izares<\/strong>, T. Matth\u00e9e, M.A. Rodrigo. Adapting the low-cost pre-disinfection column PREDICO for simultaneous softening and disinfection of pore water. Chemosphere 287 (2022) 132334. https:\/\/doi.org\/ 10.1016\/j.chemosphere.2021.132334<\/td><\/tr><tr><td>V. Pertegal, <strong>E. Lacasa, P. Ca\u00f1izares<\/strong>, M.A. Rodrigo, <strong>C. S\u00e1ez.<\/strong> Understanding the influence of the bioaerosol source on the distribution of airborne bacteria in hospital indoor air. Environmental Research 216 (2023) 114458. https:\/\/doi.org\/10.1016\/j.envres.2022.114458<\/td><\/tr><\/tbody><\/table><\/figure>\n\n\n\n<p>Others Open access manuscripts:<\/p>\n\n\n\n<figure class=\"wp-block-table\"><table><tbody><tr><td>\u00c1ngela Moratalla, <strong>Salvador Cotillas, Engracia Lacasa, Pablo Ca\u00f1izares<\/strong>, Manuel A. Rodrigo, <strong>Cristina S\u00e1ez<\/strong>. Electrochemical Technologies to Decrease the Chemical Risk of Hospital Wastewater and Urine. Molecules (2021) 26(22) 6813. <a href=\"https:\/\/doi.org\/10.3390\/molecules26226813\">https:\/\/doi.org\/10.3390\/molecules26226813<\/a><\/td><\/tr><tr><td>\u00c1. Moratalla, <strong>E. Lacasa, P. Ca\u00f1izares<\/strong>, M.A. Rodrigo, <strong>C. S\u00e1ez,<\/strong> Electro-Fenton-Based Technologies for Selectively Degrading Antibiotics in Aqueous Media, Catalysts, 12 (2022) 602. <a href=\"https:\/\/doi.org\/10.3390\/catal12060602\">https:\/\/doi.org\/10.3390\/catal12060602<\/a><\/td><\/tr><tr><td><em>\u00c1ngela Moratalla, Mayra K. S. Monteiro, <strong>Cristina S\u00e1ez,<\/strong> Elisama V. Dos Santos and Manuel A. Rodrigo. <\/em><em>Full and Sustainable Electrochemical Production of Chlorine Dioxide. Catalysts<\/em><em>&nbsp;2022,&nbsp;<\/em><em>12<\/em><em>(3), 315;&nbsp;<\/em><em><a href=\"https:\/\/doi.org\/10.3390\/catal12030315\">https:\/\/doi.org\/10.3390\/catal12030315<\/a><\/em><strong><\/strong><\/td><\/tr><\/tbody><\/table><\/figure>\n\n\n\n<p><\/p>\n","protected":false},"excerpt":{"rendered":"<p>1. Miguel Herraiz-Carbon\u00e9, Salvador Cotillas, Engracia Lacasa, Pablo Ca\u00f1izares, Manuel A. Rodrigo, Cristina S\u00e1ez. Removal of antibiotic resistant bacteria by electrolysis with diamond anodes: A pretreatment or a tertiary treatment? Journal of Water Process Engineering, 2020, 38, 101557. https:\/\/doi.org\/10.1016\/j.jwpe.2020.101557 2. &hellip; <a href=\"https:\/\/blog.uclm.es\/proyectoetechu\/scientific-manuscripts\/\">Sigue leyendo <span class=\"meta-nav\">&rarr;<\/span><\/a><\/p>\n","protected":false},"author":437,"featured_media":0,"parent":0,"menu_order":0,"comment_status":"closed","ping_status":"closed","template":"","meta":{"footnotes":""},"class_list":["post-27","page","type-page","status-publish","hentry"],"_links":{"self":[{"href":"https:\/\/blog.uclm.es\/proyectoetechu\/wp-json\/wp\/v2\/pages\/27","targetHints":{"allow":["GET"]}}],"collection":[{"href":"https:\/\/blog.uclm.es\/proyectoetechu\/wp-json\/wp\/v2\/pages"}],"about":[{"href":"https:\/\/blog.uclm.es\/proyectoetechu\/wp-json\/wp\/v2\/types\/page"}],"author":[{"embeddable":true,"href":"https:\/\/blog.uclm.es\/proyectoetechu\/wp-json\/wp\/v2\/users\/437"}],"replies":[{"embeddable":true,"href":"https:\/\/blog.uclm.es\/proyectoetechu\/wp-json\/wp\/v2\/comments?post=27"}],"version-history":[{"count":4,"href":"https:\/\/blog.uclm.es\/proyectoetechu\/wp-json\/wp\/v2\/pages\/27\/revisions"}],"predecessor-version":[{"id":32,"href":"https:\/\/blog.uclm.es\/proyectoetechu\/wp-json\/wp\/v2\/pages\/27\/revisions\/32"}],"wp:attachment":[{"href":"https:\/\/blog.uclm.es\/proyectoetechu\/wp-json\/wp\/v2\/media?parent=27"}],"curies":[{"name":"wp","href":"https:\/\/api.w.org\/{rel}","templated":true}]}}