{"id":2,"date":"2023-09-14T13:12:48","date_gmt":"2023-09-14T11:12:48","guid":{"rendered":"https:\/\/blog.uclm.es\/proyectoetechu\/?page_id=2"},"modified":"2023-09-18T15:50:02","modified_gmt":"2023-09-18T13:50:02","slug":"xxxxxxxxxxx","status":"publish","type":"page","link":"https:\/\/blog.uclm.es\/proyectoetechu\/xxxxxxxxxxx\/","title":{"rendered":"ABSTRACT ETECHU"},"content":{"rendered":"\n<p class=\"has-text-align-left\">MINISTERIO DE CIENCIA E INNOVACI\u00d3N. <strong>PROYECTOS DE I+D+i. MODALIDADES \u201cGENERACI\u00d3N DEL CONOCIMIENTO\u201d Y \u201cRETOS INVESTIGACI\u00d3N\u201d 2019<\/strong><\/p>\n\n\n\n<p class=\"has-text-align-left\">Tecnolog\u00edas electroqu\u00edmicas ante el reto del tratamiento de orinas hospitalarias, ETECHU (<strong>PID2019-110904RB-I00<\/strong>):<\/p>\n\n\n\n<p class=\"has-text-align-left\">ETECHU tiene por objetivo el desarrollo de nuevas tecnolog\u00edas electroqu\u00edmicas para reducir la peligrosidad de los efluentes procedentes de entornos sanitarios, a trav\u00e9s del tratamiento directo de las orinas hospitalarias. Se pretende desarrollar tecnolog\u00eda que permita transformar los productos farmac\u00e9uticos potencialmente peligrosos en otros compuestos intermedios con menor peligrosidad, reduciendo as\u00ed el impacto medioambiental y sanitario de las aguas residuales hospitalarias. Para lograr este objetivo, se planea trabajar en: <\/p>\n\n\n\n<p>1. Generaci\u00f3n de conocimiento: para definir el problema de las orinas hospitalarias, tomando como caso de estudio el Complejo Hospitalario Universitario de Albacete (CHUA);<\/p>\n\n\n\n<p>2. Estudio cient\u00edfico-t\u00e9cnico: desarrollando tecnolog\u00eda electroqu\u00edmica f\u00e1cilmente escalable y<br>automatizable para reducir la peligrosidad de orinas hospitalarias. As\u00ed, ETECHU contribuir\u00e1 a alcanzar varios de los Retos del Plan Estatal: 5 Cambio clim\u00e1tico y utilizaci\u00f3n de recursos y materias primas y 1 Salud, cambio demogr\u00e1fico y bienestar. Asimismo, ETECHU<br>est\u00e1 en l\u00ednea con la estrategia europea H2020 dentro de los retos espec\u00edficos de \u00abAcci\u00f3n por el clima, medio ambiente, eficiencia de los recursos y materias primas\u00bb y \u00abSalud, cambio demogr\u00e1fico y bienestar\u00bb. <\/p>\n\n\n\n<p>ETECHU parte de la experiencia adquirida en proyectos anteriores y, en base a la misma, se va a desarrollar tecnolog\u00eda novedosa consistente en:<\/p>\n\n\n\n<ul class=\"wp-block-list\">\n<li>Reactores eficientes para la desinfecci\u00f3n de orinas hospitalarias mediante la generaci\u00f3n de per\u00f3xido de hidr\u00f3geno a partir del ox\u00edgeno atmosf\u00e9rico y sinergias con otros procesos de desinfecci\u00f3n qu\u00edmica (O3) y\/o fotoqu\u00edmica (luz UV).<\/li>\n\n\n\n<li>Reactores electroqu\u00edmicos 3D de flujo a trav\u00e9s y\/o lecho fluidizado, que permitan superar las limitaciones de transferencia de materia de los reactores electroqu\u00edmicos convencionales.<\/li>\n\n\n\n<li>Reactores electroqu\u00edmicos de oxidaci\u00f3n avanzada de flujo continuo para su uso en procesos de electrooxidaci\u00f3n y de electroFenton y fotoelectroFenton mediante la implementaci\u00f3n de lechos catal\u00edtico y\/o puntos de emisi\u00f3n de luz.<\/li>\n\n\n\n<li>Reactores electroqu\u00edmicos de oxidaci\u00f3n avanzada presurizados para el tratamiento de orinas hospitalarias.<\/li>\n\n\n\n<li>Desarrollo de nuevos materiales an\u00f3dicos que permitan una degradaci\u00f3n efectiva de los f\u00e1rmacos, evitando la formaci\u00f3n de subproductos no deseados.<br>Adem\u00e1s, en la \u00faltima etapa del proyecto se espera que ETECHU contribuya a aumentar el nivel de madurez de la tecnolog\u00eda (TRL4 a TRL5), lo que aportar\u00e1 un valor adicional a los resultados esperados.<br>El equipo investigador es multidisciplinar, activo, con amplia experiencia y con el suficientemente bagaje como para alcanzar los hitos propuestos. Los miembros de la UCLM han investigado juntos durante a\u00f1os y llevan colaborando un a\u00f1o con los miembros del CHUA, al amparo de proyecto regional relacionado con esta propuesta. Su participaci\u00f3n junto con el apoyo de CHUA, como EPO, se consideran cruciales en la etapa de generaci\u00f3n de conocimiento. Los resultados se difundir\u00e1n en revistas y conferencias de alto impacto. La<br>participaci\u00f3n activa de 4 EPOs (pertenecientes a los sectores de salud, servicios de agua o tecnol\u00f3gicos) ayudar\u00e1 a transferir los principales resultados alcanzados al sector industrial y garantizar\u00e1 una transferencia adecuada de resultados a la sociedad.<\/li>\n<\/ul>\n\n\n\n<blockquote class=\"wp-block-quote is-layout-flow wp-block-quote-is-layout-flow\">\n<p><\/p>\n<\/blockquote>\n\n\n\n<blockquote class=\"wp-block-quote is-layout-flow wp-block-quote-is-layout-flow\">\n<p><\/p>\n\n\n\n<p><\/p>\n<\/blockquote>\n","protected":false},"excerpt":{"rendered":"<p>MINISTERIO DE CIENCIA E INNOVACI\u00d3N. PROYECTOS DE I+D+i. MODALIDADES \u201cGENERACI\u00d3N DEL CONOCIMIENTO\u201d Y \u201cRETOS INVESTIGACI\u00d3N\u201d 2019 Tecnolog\u00edas electroqu\u00edmicas ante el reto del tratamiento de orinas hospitalarias, ETECHU (PID2019-110904RB-I00): ETECHU tiene por objetivo el desarrollo de nuevas tecnolog\u00edas electroqu\u00edmicas para reducir &hellip; <a href=\"https:\/\/blog.uclm.es\/proyectoetechu\/xxxxxxxxxxx\/\">Sigue leyendo <span class=\"meta-nav\">&rarr;<\/span><\/a><\/p>\n","protected":false},"author":437,"featured_media":0,"parent":0,"menu_order":0,"comment_status":"closed","ping_status":"closed","template":"","meta":{"footnotes":""},"class_list":["post-2","page","type-page","status-publish","hentry"],"_links":{"self":[{"href":"https:\/\/blog.uclm.es\/proyectoetechu\/wp-json\/wp\/v2\/pages\/2","targetHints":{"allow":["GET"]}}],"collection":[{"href":"https:\/\/blog.uclm.es\/proyectoetechu\/wp-json\/wp\/v2\/pages"}],"about":[{"href":"https:\/\/blog.uclm.es\/proyectoetechu\/wp-json\/wp\/v2\/types\/page"}],"author":[{"embeddable":true,"href":"https:\/\/blog.uclm.es\/proyectoetechu\/wp-json\/wp\/v2\/users\/437"}],"replies":[{"embeddable":true,"href":"https:\/\/blog.uclm.es\/proyectoetechu\/wp-json\/wp\/v2\/comments?post=2"}],"version-history":[{"count":8,"href":"https:\/\/blog.uclm.es\/proyectoetechu\/wp-json\/wp\/v2\/pages\/2\/revisions"}],"predecessor-version":[{"id":54,"href":"https:\/\/blog.uclm.es\/proyectoetechu\/wp-json\/wp\/v2\/pages\/2\/revisions\/54"}],"wp:attachment":[{"href":"https:\/\/blog.uclm.es\/proyectoetechu\/wp-json\/wp\/v2\/media?parent=2"}],"curies":[{"name":"wp","href":"https:\/\/api.w.org\/{rel}","templated":true}]}}