{"id":37,"date":"2023-10-15T19:59:29","date_gmt":"2023-10-15T17:59:29","guid":{"rendered":"https:\/\/blog.uclm.es\/proyectoelectrorefin4o\/?page_id=37"},"modified":"2024-05-20T20:17:13","modified_gmt":"2024-05-20T18:17:13","slug":"agradecimientos","status":"publish","type":"page","link":"https:\/\/blog.uclm.es\/proyectoelectrorefin4o\/agradecimientos\/","title":{"rendered":"Agradecimientos"},"content":{"rendered":"\n<p>PROYECTOS DE GENERACI\u00d3N DE CONOCIMIENTO 2022<\/p>\n\n\n\n<p>PID2022-138401OB-I00<\/p>\n\n\n\n<p>Organic Electrorefineries: towards a new paradigm in electrochemical environmental technology (<strong>ElectroRefin4O<\/strong>) (Electrorrefinerias Org\u00e1nicas: hacia un nuevo paradigma en tecnolog\u00eda electroqu\u00edmica medioambiental)<\/p>\n\n\n\n<p>Proyecto PID2022-138401OB-I00 financiado por MCIN \/AEI \/10.13039\/501100011033 \/ y por FEDER Una manera de hacer Europa<\/p>\n\n\n\n<figure class=\"wp-block-image size-full\"><img loading=\"lazy\" decoding=\"async\" width=\"501\" height=\"150\" src=\"https:\/\/blog.uclm.es\/proyectoelectrorefin4o\/wp-content\/uploads\/sites\/270\/2024\/05\/logo.png\" alt=\"\" class=\"wp-image-52\" srcset=\"https:\/\/blog.uclm.es\/proyectoelectrorefin4o\/wp-content\/uploads\/sites\/270\/2024\/05\/logo.png 501w, https:\/\/blog.uclm.es\/proyectoelectrorefin4o\/wp-content\/uploads\/sites\/270\/2024\/05\/logo-300x90.png 300w\" sizes=\"auto, (max-width: 501px) 100vw, 501px\" \/><\/figure>\n","protected":false},"excerpt":{"rendered":"<p>PROYECTOS DE GENERACI\u00d3N DE CONOCIMIENTO 2022 PID2022-138401OB-I00 Organic Electrorefineries: towards a new paradigm in electrochemical environmental technology (ElectroRefin4O) (Electrorrefinerias Org\u00e1nicas: hacia un nuevo paradigma en tecnolog\u00eda electroqu\u00edmica medioambiental) Proyecto PID2022-138401OB-I00 financiado por MCIN \/AEI \/10.13039\/501100011033 \/ y por FEDER Una manera de hacer Europa<\/p>\n","protected":false},"author":213,"featured_media":0,"parent":0,"menu_order":0,"comment_status":"closed","ping_status":"closed","template":"","meta":{"footnotes":""},"class_list":["post-37","page","type-page","status-publish","hentry"],"_links":{"self":[{"href":"https:\/\/blog.uclm.es\/proyectoelectrorefin4o\/wp-json\/wp\/v2\/pages\/37","targetHints":{"allow":["GET"]}}],"collection":[{"href":"https:\/\/blog.uclm.es\/proyectoelectrorefin4o\/wp-json\/wp\/v2\/pages"}],"about":[{"href":"https:\/\/blog.uclm.es\/proyectoelectrorefin4o\/wp-json\/wp\/v2\/types\/page"}],"author":[{"embeddable":true,"href":"https:\/\/blog.uclm.es\/proyectoelectrorefin4o\/wp-json\/wp\/v2\/users\/213"}],"replies":[{"embeddable":true,"href":"https:\/\/blog.uclm.es\/proyectoelectrorefin4o\/wp-json\/wp\/v2\/comments?post=37"}],"version-history":[{"count":3,"href":"https:\/\/blog.uclm.es\/proyectoelectrorefin4o\/wp-json\/wp\/v2\/pages\/37\/revisions"}],"predecessor-version":[{"id":53,"href":"https:\/\/blog.uclm.es\/proyectoelectrorefin4o\/wp-json\/wp\/v2\/pages\/37\/revisions\/53"}],"wp:attachment":[{"href":"https:\/\/blog.uclm.es\/proyectoelectrorefin4o\/wp-json\/wp\/v2\/media?parent=37"}],"curies":[{"name":"wp","href":"https:\/\/api.w.org\/{rel}","templated":true}]}}