{"id":27,"date":"2023-10-15T19:54:28","date_gmt":"2023-10-15T17:54:28","guid":{"rendered":"https:\/\/blog.uclm.es\/proyectoelectrorefin4o\/?page_id=27"},"modified":"2025-12-08T07:07:40","modified_gmt":"2025-12-08T06:07:40","slug":"resultados","status":"publish","type":"page","link":"https:\/\/blog.uclm.es\/proyectoelectrorefin4o\/resultados\/","title":{"rendered":"Resultados"},"content":{"rendered":"\n<figure class=\"wp-block-table\"><table class=\"has-fixed-layout\"><tbody><tr><td><strong>Art\u00edculos publicados<\/strong> \u00a0 <br>Oliveira Silva T., Granados-Fern\u00e1ndez R., Lobato J., Lanza M.R.V., Rodrigo M.A. Boosting New Electrochemical Reactor Designs to Improve the Performance in H2O2 Production Using Gas Diffusion Electrodes (2025) ACS Sustainable Chemistry and Engineering, 13 (8), pp. 3172 &#8211; 3182, Cited 0 times. DOI: 10.1021\/acssuschemeng.4c08826 \u00a0<br>Fernandez-Cascan J., Isidro J., Tiban-Anrango B.A., Guada\u00f1o J., Saez C., Rodrigo M.A. Electrochemically assisted remediation of a highly chlorinated organic polluted sludge: A full-scale case study (2024) Journal of Hazardous Materials, 480, art. no. 135945, Cited 1 times. DOI: 10.1016\/j.jhazmat.2024.135945 \u00a0 <br>Granados-Fern\u00e1ndez R., Navarro-Cacho C.P., Fern\u00e1ndez-Marchante C.M., Lobato J., Rodrigo M.A. On the manufacturing of tailored electrochemical cells using 3-D printing technology: A case study (2024) Chemical Engineering Journal, 496, art. no. 153765, Cited 1 times. DOI: 10.1016\/j.cej.2024.153765 OPEN ACCESS: All Open Access; Hybrid Gold Open Access \u00a0 <br>G. Vernasqui L., O. S. Santos G., Rodr\u00edguez-G\u00f3mez A., R. V. Lanza M., G. Ferreira N., A. Rodrigo M. New diamond coatings for peroxosulphate production (2024) Journal of Electroanalytical Chemistry, 954, art. no. 118021, Cited 5 times. DOI: 10.1016\/j.jelechem.2023.118021 OPEN ACCESS: All Open Access; Hybrid Gold Open Access \u00a0 <br>O.S. Santos G., S\u00e1ez C., R.V. Lanza M., A. Rodrigo M. Treatment of limonene-polluted air streams by sequential GAC adsorption and electrochemically H2O2-based oxidation: Challenges and perspectives (2025) Process Safety and Environmental Protection, 197, art. no. 107054, Cited 0 times. DOI: 10.1016\/j.psep.2025.107054 \u00a0 <br>Oliveira Silva T., de Oliveira Santiago Santos G., Colombo R., de Vasconcelos Lanza M.R., Rodrigo Rodrigo M.A. Degradation of diethyl phthalate by photolysis of hydrogen peroxide electrogenerated using a Printex L6 carbon modified with Benzophenone cathode in an improved tangential flow cell (2024) Process Safety and Environmental Protection, 188, pp. 86 &#8211; 95, Cited 3 times. DOI: 10.1016\/j.psep.2024.05.092 OPEN ACCESS: All Open Access; Hybrid Gold Open Access \u00a0 <br>S. S. Castro R., O. S. Santos G., V. Lanza M.R., R. Salazar-Banda G., I. B. Eguiluz K., S\u00e1ez C., Rodrigo M.A. Towards an electrochemically-based circular economy: Electro-refinery for valorizing phenolic wastewater (2025) Separation and Purification Technology, 354, art. no. 128828, Cited 1 times. DOI: 10.1016\/j.seppur.2024.128828 OPEN ACCESS: All Open Access; Hybrid Gold Open Access \u00a0 <br>Castro R.S.S., Santos G.O.S., Lanza M.R.V., Salaza-Banda G.R., Eguiluz K.I.B., Rodrigo M.A., S\u00e1ez C. New MMO coatings for electro-refinery applications: Promoting the production of carboxylates (2024) Chemosphere, 363, art. no. 142941, Cited 2 times. DOI: 10.1016\/j.chemosphere.2024.142941 OPEN ACCESS: All Open Access; Hybrid Gold Open Access \u00a0 <br>Mahmoudian F., Rodrigo M.A., Nabizadeh Chianeh F. From limitations to efforts: Improvement of Ti\/SnO2 electrodes (2025) Electrochimica Acta, 525, art. no. 146073, Cited 0 times. DOI: 10.1016\/j.electacta.2025.146073 \u00a0 <br>Parrilla J., Segundo I.D.B., Marchante C.M.F., Santos E.V.D., Lobato J., Castro S.S.L., Mart\u00ednez-Huitle C.A., Rodrigo M.A. Proof of Concept for the Organic Electrorefinery Technology with Actual Effluents (2024) Industrial and Engineering Chemistry Research, 63 (44), pp. 18734 &#8211; 18745, Cited 3 times. DOI: 10.1021\/acs.iecr.4c02235 OPEN ACCESS: All Open Access; Green Open Access; Hybrid Gold Open Access \u00a0 <br>Vernasqui L.G., Barbosa Segundo I.D., Mart\u00ednez-Huitle C.A., Ferreira N.G., Rodrigo M.A. Unraveling the Environmental Applications of Nanoporous Ultrananocrystalline Diamond Films (2024) Catalysts, 14 (12), art. no. 872, Cited 1 times. DOI: 10.3390\/catal14120872 OPEN ACCESS: All Open Access; Gold Open Access \u00a0 <br>Tiban-Anrango, B.A., Arias-S\u00e1nchez, A.N. Lobato, J. Rodrigo, M.A. Scale-up of a BTX electrochemically assisted reactive absorption (2025) Journal of Electroanalytical Chemistry, 981, 118998<\/td><\/tr><\/tbody><\/table><\/figure>\n\n\n\n<figure class=\"wp-block-table\"><table class=\"has-fixed-layout\"><tbody><tr><td><strong>Patentes<\/strong><br><br>Lobato Bajo, J., S\u00e1ez Jim\u00e9nez, C., Rodrigo Rodrigo M.A., Montiel L\u00f3pez M.A., Granados-Fern\u00e1ndez, R., Ca\u00f1izares Ca\u00f1izares P., Fern\u00e1ndez Marchante, C., (2024). <em>Unidad de electro-absorci\u00f3n para la eliminaci\u00f3n de compuestos org\u00e1nicos vol\u00e1tiles y odorantes en corrientes gaseosas<\/em>. (Patente Espa\u00f1ola <strong>N\u00ba ES 2 967 558 B2<\/strong>). Oficina Espa\u00f1ola de Patentes y Marcas.<br><br><strong>Keynotes<\/strong><br><a>M.A. Rodrigo, P. Ca\u00f1izares, J. Lobato,C. Saez, E. Lacasa. C.M. Fern\u00e1ndez-Marchante.\u00a0 On the way of increasing TRL in electrochemical advanced processes<\/a> CIPOA &#8211; VI Iberoamerican Conference on Advanced Oxidation Technologies, October 7-11, 2024, Florianop\u00f3lis, Brazil. <strong>Keynote<\/strong><br>M.A. Rodrigo, R. Garc\u00eda Cervilla, M. Richa, E. Lacasa, J. Lobato, C. Saez, P. Ca\u00f1izares. Organic Electrorefineries: towards a new paradigm in electrochemical environmental technology. \u00a039th Topical Meeting of the International Society of Electrochemistry 23 &#8211; 26 March 2025 Natal, Brazil. <strong>Keynote<\/strong><br><strong>\u00a0<\/strong><br><strong>Comunicaciones Orales<\/strong><br>R. Alves de Sousa, S. da Silva Mendon\u00e7a de Paiva, C.A. Martinez-Huitle, E. Vieira dos Santos, J. Lobato, M.A. Rodrigo-Rodrigo, R. Garc\u00eda-Cervilla. Electrocatalytic acid reduction of carboxylic acids by using Cu electrode. SIDISA 2024 International Conference.1-4 October 2024. Palermo (Italy) <strong>\u00a0Comunicacion oral.<\/strong><br><a>S. Maldonado, R. Garc\u00eda-Cervilla, G. Roa-Morales, R. Natividad, J. Lobato, M.A. Rodrigo-Rodrigo. <\/a>Microalgae CO2 capture a new pathway to electro-refinery. \u00a0SIDISA 2024 International Conference.1-4 October 2024. <strong>Comunicacion oral.<\/strong><br>M. Risha, J. Lobato, M.A. Rodrigo-Rodrigo, R. Garc\u00eda-Cervilla. Effect of pH on electrodialysis for selective separation and purification of carboxylic acids. from wastewater. \u00a0SIDISA 2024 International Conference.1-4 October 2024.<strong> \u00a0Comunicacion oral.<\/strong><br>R. Granados-Fern\u00e1ndez, C.M. Fern\u00e1ndez-Marchante, M. A. Rodrigo, J. Lobato. Scaling up Customized Electro-Absorber for Oxidants Production and Benzene Degradation. 19th International Symposium on Electrokinetic Remediation. 2-4 September 2024. Jeonju (Korea). <strong>Comunicacion oral.<\/strong><br>Andr\u00e9s Tiban-Anrango, Jes\u00fas Fernandez-Cascan, Julia Isidro, Cristina Saez , Joaqu\u00edn Guada\u00f1o, Manuel A. Rodrigo\u00a0 Electrochemically assisted remediation of a highly chlorinated organic polluted sludge: a full-scale case study. 19th International Symposium on Electrokinetic Remediation 2-4 September 2024. Jeonju (Korea). Presentacion Oral<br>S. Maldonado, R. Garc\u00eda-Cervilla, G. Roa-Morales, R. Natividad, J. Lobato, M.A. Rodrigo-Rodrigo. Microalgae-Based Strategies for CO\u2082 Capture and Valorization XIX YOUNG SCIENCE SYMPOSIUM 2025.\u00a0 Ciudad Real (Spain) <strong>Comunicaci\u00f3n oral.<\/strong><br>Andrea N. Arias, Fatemeh Mahmoudian, Cristina Saez, Justo Lobato, Farideh Nabizadeh Chianeh, Manuel A. Rodrigo. Gas-Liquid Electrolyzer for the Efficient Catalyst-less Electrochemical Production of Hydrogen Peroxide GERSEQ 44\u00a0 3-5 Julio 2024. Bilbao (Spain). <strong>Comunicaci\u00f3n oral.<\/strong><br>Andrea N. Arias, Rafael Granados Fern\u00e1ndez, Justo Lobato, Manuel A. Rodrigo. \u00a0 Direct Electro-oxidation of Gaseous Streams Polluted with VOCs using Membrane Electrodes Assembly Type Cell: A Proof of Concept 75th Annual Meeting ISE. 18-23 agosto.\u00a0 Montreal (Canada). <strong>Comunicaci\u00f3n oral.<\/strong><br>S. Maldonado, R. Garc\u00eda-Cervilla, G. Roa-Morales, R. Natividad, J. Lobato, M.A. Rodrigo-Rodrigo. Algae as a new alternative in electrorefinery. XVIII YOUNG SCIENCE SYMPOSIUM 2024. Ciudad Real (Spain) <strong>Presentaci\u00f3n flash.<\/strong><br>\u00a0<br><strong>P\u00f3ster<\/strong><br>R. Granados-Fern\u00e1ndez, C. M. Fern\u00e1ndez-Marchante, M. A. Rodrigo, J. Lobato.\u00a0 Design of a New Electrochemically Assisted Absorber with a GDE as Cathode for Removal VOCs from Gaseous Streams.\u00a0 19th International Symposium on Electrokinetic Remediation. 2-4 September 2024. Jeonju (Korea). <strong>P\u00f3ster<\/strong><br>R. Y. Nacimiento-Reis, A. R. G\u00f3mez, L. H. Mascaro, C. S\u00e1ez-Jimenez, M. A. Rodrigo-Rodrigo.\u00a0 Estudio de electrodos de \u00f3xido met\u00e1lico acoplados a un fotorreactor con LEDs azules como fuente de irradiaci\u00f3n. XII Jornadas Doctorales de la Universidad de Castilla-La Mancha 2025. <strong>P\u00f3ster.<\/strong><br>S. Maldonado, R. Garc\u00eda-Cervilla, G. Roa-Morales, R. Natividad, J. Lobato, M.A. Rodrigo-Rodrigo. Electro-refinery: new alternative for CO2\u00a0valorisation. Jornadas doctorales, Cuenca 2025. <strong>Poster.<\/strong><\/td><\/tr><\/tbody><\/table><\/figure>\n\n\n\n<p><\/p>\n","protected":false},"excerpt":{"rendered":"<p>Art\u00edculos publicados \u00a0 Oliveira Silva T., Granados-Fern\u00e1ndez R., Lobato J., Lanza M.R.V., Rodrigo M.A. Boosting New Electrochemical Reactor Designs to Improve the Performance in H2O2 Production Using Gas Diffusion Electrodes (2025) ACS Sustainable Chemistry and Engineering, 13 (8), pp. 3172 &#8211; 3182, Cited 0 times. DOI: 10.1021\/acssuschemeng.4c08826 \u00a0Fernandez-Cascan J., Isidro J., Tiban-Anrango B.A., Guada\u00f1o J., [&hellip;]<\/p>\n","protected":false},"author":213,"featured_media":0,"parent":0,"menu_order":0,"comment_status":"closed","ping_status":"closed","template":"","meta":{"footnotes":""},"class_list":["post-27","page","type-page","status-publish","hentry"],"_links":{"self":[{"href":"https:\/\/blog.uclm.es\/proyectoelectrorefin4o\/wp-json\/wp\/v2\/pages\/27","targetHints":{"allow":["GET"]}}],"collection":[{"href":"https:\/\/blog.uclm.es\/proyectoelectrorefin4o\/wp-json\/wp\/v2\/pages"}],"about":[{"href":"https:\/\/blog.uclm.es\/proyectoelectrorefin4o\/wp-json\/wp\/v2\/types\/page"}],"author":[{"embeddable":true,"href":"https:\/\/blog.uclm.es\/proyectoelectrorefin4o\/wp-json\/wp\/v2\/users\/213"}],"replies":[{"embeddable":true,"href":"https:\/\/blog.uclm.es\/proyectoelectrorefin4o\/wp-json\/wp\/v2\/comments?post=27"}],"version-history":[{"count":3,"href":"https:\/\/blog.uclm.es\/proyectoelectrorefin4o\/wp-json\/wp\/v2\/pages\/27\/revisions"}],"predecessor-version":[{"id":71,"href":"https:\/\/blog.uclm.es\/proyectoelectrorefin4o\/wp-json\/wp\/v2\/pages\/27\/revisions\/71"}],"wp:attachment":[{"href":"https:\/\/blog.uclm.es\/proyectoelectrorefin4o\/wp-json\/wp\/v2\/media?parent=27"}],"curies":[{"name":"wp","href":"https:\/\/api.w.org\/{rel}","templated":true}]}}