{"id":2,"date":"2023-09-29T10:55:10","date_gmt":"2023-09-29T08:55:10","guid":{"rendered":"https:\/\/blog.uclm.es\/proyectoelectrorefin4o\/?page_id=2"},"modified":"2024-05-20T19:38:14","modified_gmt":"2024-05-20T17:38:14","slug":"pagina-ejemplo","status":"publish","type":"page","link":"https:\/\/blog.uclm.es\/proyectoelectrorefin4o\/","title":{"rendered":"ElectroRefin4O"},"content":{"rendered":"\n<p>PID2022-138401OB-I00<\/p>\n\n\n\n<p>Organic Electrorefineries: towards a new paradigm in electrochemical environmental technology (<strong>ElectroRefin4O<\/strong>)<\/p>\n\n\n\n<p>Electrorrefinerias Org\u00e1nicas: hacia un nuevo paradigma en tecnolog\u00eda electroqu\u00edmica medioambiental (<strong>ElectroRefin4O<\/strong>)<\/p>\n","protected":false},"excerpt":{"rendered":"<p>PID2022-138401OB-I00 Organic Electrorefineries: towards a new paradigm in electrochemical environmental technology (ElectroRefin4O) Electrorrefinerias Org\u00e1nicas: hacia un nuevo paradigma en tecnolog\u00eda electroqu\u00edmica medioambiental (ElectroRefin4O)<\/p>\n","protected":false},"author":213,"featured_media":43,"parent":0,"menu_order":0,"comment_status":"closed","ping_status":"open","template":"","meta":{"footnotes":""},"class_list":["post-2","page","type-page","status-publish","has-post-thumbnail","hentry"],"_links":{"self":[{"href":"https:\/\/blog.uclm.es\/proyectoelectrorefin4o\/wp-json\/wp\/v2\/pages\/2","targetHints":{"allow":["GET"]}}],"collection":[{"href":"https:\/\/blog.uclm.es\/proyectoelectrorefin4o\/wp-json\/wp\/v2\/pages"}],"about":[{"href":"https:\/\/blog.uclm.es\/proyectoelectrorefin4o\/wp-json\/wp\/v2\/types\/page"}],"author":[{"embeddable":true,"href":"https:\/\/blog.uclm.es\/proyectoelectrorefin4o\/wp-json\/wp\/v2\/users\/213"}],"replies":[{"embeddable":true,"href":"https:\/\/blog.uclm.es\/proyectoelectrorefin4o\/wp-json\/wp\/v2\/comments?post=2"}],"version-history":[{"count":4,"href":"https:\/\/blog.uclm.es\/proyectoelectrorefin4o\/wp-json\/wp\/v2\/pages\/2\/revisions"}],"predecessor-version":[{"id":45,"href":"https:\/\/blog.uclm.es\/proyectoelectrorefin4o\/wp-json\/wp\/v2\/pages\/2\/revisions\/45"}],"wp:featuredmedia":[{"embeddable":true,"href":"https:\/\/blog.uclm.es\/proyectoelectrorefin4o\/wp-json\/wp\/v2\/media\/43"}],"wp:attachment":[{"href":"https:\/\/blog.uclm.es\/proyectoelectrorefin4o\/wp-json\/wp\/v2\/media?parent=2"}],"curies":[{"name":"wp","href":"https:\/\/api.w.org\/{rel}","templated":true}]}}