{"id":16,"date":"2023-10-15T19:48:07","date_gmt":"2023-10-15T17:48:07","guid":{"rendered":"https:\/\/blog.uclm.es\/proyectoelectrorefin4o\/?page_id=16"},"modified":"2023-10-15T19:48:07","modified_gmt":"2023-10-15T17:48:07","slug":"resumen","status":"publish","type":"page","link":"https:\/\/blog.uclm.es\/proyectoelectrorefin4o\/resumen\/","title":{"rendered":"Resumen"},"content":{"rendered":"\n<p>ElectroRefin4O propone un cambio de paradigma en los tratamientos electroqu\u00edmicos de aguas residuales y gases contaminados con compuestos org\u00e1nicos, mediante la introducci\u00f3n del concepto de refiner\u00eda org\u00e1nica asistida electroqu\u00edmicamente, con el que se pretende conseguir que el objetivo final de los tratamientos de remediaci\u00f3n no sea la mineralizaci\u00f3n de los contaminantes org\u00e1nicos, sino su transformaci\u00f3n en productos valiosos, empezando en esta primera etapa con la formaci\u00f3n de disoluciones de carboxilatos, cuyo uso como mejoradores de la absorci\u00f3n de fertilizantes y como materia prima para producci\u00f3n de otras especies org\u00e1nicas se pretende tambi\u00e9n comprobar. Este nuevo concepto va m\u00e1s all\u00e1 desde el punto de vista de la sostenibilidad, puesto que solo se pretende utilizar energ\u00eda solar fotovoltaica como fuente energ\u00e9tica, bien aplicada directamente o bien acumulada por medio de la tecnolog\u00eda propia EDEN\u00ae de almacenamiento electroqu\u00edmico cloroalcalino. La aplicaci\u00f3n de herramientas ACV para valorar esta sostenibilidad, y de modelizaci\u00f3n para una mejor comprensi\u00f3n, permiten aumentar el TRL y ayudar en una \u00faltima etapa en la que se va a afrontar la integraci\u00f3n y el escalado mediante la evaluaci\u00f3n de tres casos de estudio: el tratamiento de aguas y gases contaminados y un sistema muy novedoso que pretende fijar di\u00f3xido de carbono en forma de carboxilatos mediante su transformaci\u00f3n de \u00e9ste en algas y su procesado termo-electroqu\u00edmico. Estos tres casos de estudio finales se utilizan previamente para ayudar en las etapas iniciales al desarrollo de los componentes tecnol\u00f3gicos de la electrorrefiner\u00eda org\u00e1nica. El desarrollo de electrocatalizadores que no favorezcan la mineralizaci\u00f3n sino la transformaci\u00f3n en carboxilatos, el de membranas que permitan la separaci\u00f3n eficiente y purificaci\u00f3n parcial de estos compuestos y el de celdas con funcionamiento mejorado, utilizando tecnolog\u00eda de impresi\u00f3n 3-D asistida por simulaci\u00f3n CFD, son los elementos innovadores que se van a afrontar. La propuesta se ajusta bien a la Prioridad Tem\u00e1tica 4 y se pretende alcanzar los TRLs necesarios para el inicio de la transferencia industrial, para lo que los objetivos se han planteado bajo las premisas de aplicabilidad y sostenibilidad y se ha planteado la participaci\u00f3n activa de 5 EPOs. El Equipo de Investigaci\u00f3n es multidisciplinar, activo, experimentado y lo suficientemente amplio como para alcanzar todos los hitos propuestos. Tambi\u00e9n participa un importante Equipo de Trabajo, que incluye 9 investigadores internacionales, con los que se comparten programas activos de intercambio, siguiendo la exitosa tradici\u00f3n de proyectos anteriores, que impulsan fuertemente la internacionalizaci\u00f3n a trav\u00e9s de una relaci\u00f3n de mutuo beneficio. Como es habitual en nuestro grupo, los resultados se difundir\u00e1n en revistas de alto impacto y conferencias de relevancia. En cuanto a la gesti\u00f3n, se propone un \u00fanico proyecto compuesto por tres  subproyectos, muy relacionados entre s\u00ed. Uno de ellos se centra en el desarrollo a TRL 4 de los componentes. El segundo tratar\u00e1 el escalado a TRL 5, pensando en la futura transferencia de tecnolog\u00eda. Ambos desarrollos t\u00e9cnicos est\u00e1n coordinados por un tercer subproyecto centrado en la sostenibilidad. La coordinaci\u00f3n del proyecto es s\u00f3lida, con dos paquetes dise\u00f1ados para favorecer la transferencia de resultados a la Sociedad. Se aborda muy cuidadosamente la formaci\u00f3n de nuevos investigadores, como un valor adicional importante de la propuesta.<\/p>\n","protected":false},"excerpt":{"rendered":"<p>ElectroRefin4O propone un cambio de paradigma en los tratamientos electroqu\u00edmicos de aguas residuales y gases contaminados con compuestos org\u00e1nicos, mediante la introducci\u00f3n del concepto de refiner\u00eda org\u00e1nica asistida electroqu\u00edmicamente, con el que se pretende conseguir que el objetivo final de los tratamientos de remediaci\u00f3n no sea la mineralizaci\u00f3n de los contaminantes org\u00e1nicos, sino su transformaci\u00f3n [&hellip;]<\/p>\n","protected":false},"author":213,"featured_media":0,"parent":0,"menu_order":0,"comment_status":"closed","ping_status":"closed","template":"","meta":{"footnotes":""},"class_list":["post-16","page","type-page","status-publish","hentry"],"_links":{"self":[{"href":"https:\/\/blog.uclm.es\/proyectoelectrorefin4o\/wp-json\/wp\/v2\/pages\/16","targetHints":{"allow":["GET"]}}],"collection":[{"href":"https:\/\/blog.uclm.es\/proyectoelectrorefin4o\/wp-json\/wp\/v2\/pages"}],"about":[{"href":"https:\/\/blog.uclm.es\/proyectoelectrorefin4o\/wp-json\/wp\/v2\/types\/page"}],"author":[{"embeddable":true,"href":"https:\/\/blog.uclm.es\/proyectoelectrorefin4o\/wp-json\/wp\/v2\/users\/213"}],"replies":[{"embeddable":true,"href":"https:\/\/blog.uclm.es\/proyectoelectrorefin4o\/wp-json\/wp\/v2\/comments?post=16"}],"version-history":[{"count":1,"href":"https:\/\/blog.uclm.es\/proyectoelectrorefin4o\/wp-json\/wp\/v2\/pages\/16\/revisions"}],"predecessor-version":[{"id":17,"href":"https:\/\/blog.uclm.es\/proyectoelectrorefin4o\/wp-json\/wp\/v2\/pages\/16\/revisions\/17"}],"wp:attachment":[{"href":"https:\/\/blog.uclm.es\/proyectoelectrorefin4o\/wp-json\/wp\/v2\/media?parent=16"}],"curies":[{"name":"wp","href":"https:\/\/api.w.org\/{rel}","templated":true}]}}