{"id":8,"date":"2024-01-12T11:40:08","date_gmt":"2024-01-12T10:40:08","guid":{"rendered":"https:\/\/blog.uclm.es\/proyectoelectro4bioaero\/?page_id=8"},"modified":"2024-01-12T12:25:34","modified_gmt":"2024-01-12T11:25:34","slug":"proyecto-electro4bioaero","status":"publish","type":"page","link":"https:\/\/blog.uclm.es\/proyectoelectro4bioaero\/proyecto-electro4bioaero\/","title":{"rendered":"RESUMEN"},"content":{"rendered":"\n<p><\/p>\n\n\n\n<p class=\"has-text-align-left\">La actual pandemia causada por el coronavirus SARS-CoV-2 ha incrementado significativamente el inter\u00e9s en el estudio y la eliminaci\u00f3n de los pat\u00f3genos que pueden ser transportados por el aire en got\u00edculas de peque\u00f1o tama\u00f1o, y ha puesto de manifiesto la baja disponibilidad de tecnolog\u00edas de purificaci\u00f3n y tratamiento de aire eficaces, abriendo una oportunidad de estudio para plantear tecnolog\u00edas que demuestren su eficacia en la desactivaci\u00f3n de pat\u00f3genos y que no generen subproductos que puedan afectar a la salud humana.<\/p>\n\n\n\n<p class=\"has-text-align-left\">Ante esta problem\u00e1tica, ELECTRO4BIOAERO se plantea con el principal objetivo de contribuir a la b\u00fasqueda de soluciones, con base electroqu\u00edmica, para eliminar microorganismos pat\u00f3genos presentes en gotas suspendidas en el aire interior hospitalario, involucrando el tratamiento con oxidantes gaseosos\/l\u00edquidos generados <em>in-situ<\/em>. Para la consecuci\u00f3n de este objetivo global, se pretende trabajar en paralelo en dos niveles de estudio: 1) estudio de campo para definir la problem\u00e1tica de los bioaerosoles hospitalarios, 2) estudio cient\u00edfico-t\u00e9cnico con el que se pretende desarrollar tecnolog\u00eda electroqu\u00edmica para la s\u00edntesis de oxidantes (ozono y di\u00f3xido de cloro) y la desactivaci\u00f3n de pat\u00f3genos en bioaerosoles de origen hospitalario. En el desarrollo de estos tratamientos electroqu\u00edmicos, se aplicar\u00e1 el know-how alcanzado en la electrodesinfecci\u00f3n de aguas y orinas hospitalarias o el tratamiento electroqu\u00edmico de corrientes gaseosas, en aspectos tales como el uso de electrodos de flujo a trav\u00e9s, tecnolog\u00eda de microburbujas, operaci\u00f3n a altas presiones o la generaci\u00f3n de oxidantes. Adem\u00e1s, se tendr\u00e1 en cuenta el estudio de la sostenibilidad de los procesos desarrollados mediante la evaluaci\u00f3n del ciclo de vida.<\/p>\n\n\n\n<p class=\"has-text-align-left\">ELECTRO4BIOAERO encaja perfectamente en prioridades sectoriales de la nueva estrategia de especializaci\u00f3n inteligente de Castilla La Mancha (S3) dentro del sector de especializaci\u00f3n \u201cSalud y calidad de vida\u201d ya que puede contribuir a minimizar la problem\u00e1tica sanitaria, social y econ\u00f3mica asociada a la trasmisi\u00f3n de enfermedades por el aire mediante el desarrollo de tecnolog\u00eda con base electroqu\u00edmica que se puede acoplar a los sistemas de ventilaci\u00f3n en los hospitales. &nbsp;Adem\u00e1s, la propuesta pretende estimular la generaci\u00f3n de una masa cr\u00edtica en I+D+i de car\u00e1cter multidisciplinar, promover una estrecha relaci\u00f3n cient\u00edfica y t\u00e9cnica con aplicaci\u00f3n empresarial y vertebrar el posicionamiento del sistema de I+D+i castellano-manchego a nivel internacional. La destacable experiencia y multidisciplinariedad del equipo que conforma la solicitud (con investigadores de la UCLM, el CHUA y dos investigadores internacionales) y la participaci\u00f3n de las EPOs (pertenecientes al sector sanitario y al sector tecnol\u00f3gico) garantizan una adecuada transferencia de resultados a la sociedad y al sector industrial.<\/p>\n","protected":false},"excerpt":{"rendered":"<p>La actual pandemia causada por el coronavirus SARS-CoV-2 ha incrementado significativamente el inter\u00e9s en el estudio y la eliminaci\u00f3n de los pat\u00f3genos que pueden ser transportados por el aire en got\u00edculas de peque\u00f1o tama\u00f1o, y ha puesto de manifiesto la baja disponibilidad de tecnolog\u00edas de purificaci\u00f3n y tratamiento de aire eficaces, abriendo una oportunidad de &hellip; <\/p>\n<p class=\"link-more\"><a href=\"https:\/\/blog.uclm.es\/proyectoelectro4bioaero\/proyecto-electro4bioaero\/\" class=\"more-link\">Continuar leyendo<span class=\"screen-reader-text\"> \u00abRESUMEN\u00bb<\/span><\/a><\/p>\n","protected":false},"author":437,"featured_media":0,"parent":0,"menu_order":0,"comment_status":"closed","ping_status":"closed","template":"","meta":{"footnotes":""},"class_list":["post-8","page","type-page","status-publish","hentry"],"_links":{"self":[{"href":"https:\/\/blog.uclm.es\/proyectoelectro4bioaero\/wp-json\/wp\/v2\/pages\/8","targetHints":{"allow":["GET"]}}],"collection":[{"href":"https:\/\/blog.uclm.es\/proyectoelectro4bioaero\/wp-json\/wp\/v2\/pages"}],"about":[{"href":"https:\/\/blog.uclm.es\/proyectoelectro4bioaero\/wp-json\/wp\/v2\/types\/page"}],"author":[{"embeddable":true,"href":"https:\/\/blog.uclm.es\/proyectoelectro4bioaero\/wp-json\/wp\/v2\/users\/437"}],"replies":[{"embeddable":true,"href":"https:\/\/blog.uclm.es\/proyectoelectro4bioaero\/wp-json\/wp\/v2\/comments?post=8"}],"version-history":[{"count":9,"href":"https:\/\/blog.uclm.es\/proyectoelectro4bioaero\/wp-json\/wp\/v2\/pages\/8\/revisions"}],"predecessor-version":[{"id":37,"href":"https:\/\/blog.uclm.es\/proyectoelectro4bioaero\/wp-json\/wp\/v2\/pages\/8\/revisions\/37"}],"wp:attachment":[{"href":"https:\/\/blog.uclm.es\/proyectoelectro4bioaero\/wp-json\/wp\/v2\/media?parent=8"}],"curies":[{"name":"wp","href":"https:\/\/api.w.org\/{rel}","templated":true}]}}