{"id":21,"date":"2024-01-12T12:07:57","date_gmt":"2024-01-12T11:07:57","guid":{"rendered":"https:\/\/blog.uclm.es\/proyectoelectro4bioaero\/?page_id=21"},"modified":"2024-01-12T12:07:57","modified_gmt":"2024-01-12T11:07:57","slug":"publicaciones","status":"publish","type":"page","link":"https:\/\/blog.uclm.es\/proyectoelectro4bioaero\/publicaciones\/","title":{"rendered":"PUBLICACIONES"},"content":{"rendered":"\n<p>V. Pertegal, E. Riquelme, J. Lozano-Serna, P. Ca\u00f1izares, M.A. Rodrigo, C. S\u00e1ez, E. Lacasa, Cleaning technologies integrated in duct flows for the inactivation of pathogenic microorganisms in indoor environments: A critical review of recent innovations and future challenges, Journal of Environmental Management, 345 (2023) 118798 (<a rel=\"noreferrer noopener\" href=\"https:\/\/doi.org\/10.1016\/j.jenvman.2023.118798\" target=\"_blank\">https:\/\/doi.org\/10.1016\/j.jenvman.2023.118798<\/a>)<\/p>\n\n\n\n<p>V. Pertegal, E. Lacasa, P. Ca\u00f1izares, M.A. Rodrigo, C. S\u00e1ez. Understanding the influence of the bioaerosol source on the distribution of airborne bacteria in hospital indoor air. Environmental Research, 2023, 216, 114458 ( <a rel=\"noreferrer noopener\" href=\"https:\/\/doi.org\/10.1016\/j.envres.2022.114458\" target=\"_blank\">ttps:\/\/doi.org\/10.1016\/j.envres.2022.114458<\/a>)<\/p>\n\n\n\n<p>\u00c1ngela Moratalla, Sergio E. Correia, Engracia Lacasa, Pablo Murillo, Pablo Ca\u00f1izares, Manuel A. Rodrigo, Cristina S\u00e1ez. Facing the treatment of polymedicated effluents using gaseous ozone electrochemically generated. Journal of Water Process Engineering, 2023, 55, 104153 (<a rel=\"noreferrer noopener\" href=\"https:\/\/doi.org\/10.1016\/j.jwpe.2023.104153\" target=\"_blank\">https:\/\/doi.org\/10.1016\/j.jwpe.2023.104153<\/a>)<\/p>\n\n\n\n<p>\u00c1ngela Moratalla,Engracia Lacasa, Pablo Murillo, Pablo Ca\u00f1izares, Manuel A. Rodrigo, Cristina S\u00e1ez. Assessing the targeted breakdown of pharmaceutical compounds via the generation of chlorine dioxide gas in situ. Journal of Environmental Chemical Engineering, 2023, 11, 110510 (<a rel=\"noreferrer noopener\" href=\"https:\/\/doi.org\/10.1016\/j.jece.2023.110510\" target=\"_blank\">https:\/\/doi.org\/10.1016\/j.jece.2023.110510<\/a>).<\/p>\n\n\n\n<p>I.F. Mena, M.A. Montiel, C. S\u00e1ez, M.A. Rodrigo. Improving performance of PEM electro-ozonizers using 3D printing. Chemical Engineering Journal, 2023, 464, 142688 (<a rel=\"noreferrer noopener\" href=\"https:\/\/doi.org\/10.1016\/j.cej.2023.142688\" target=\"_blank\">https:\/\/doi.org\/10.1016\/j.cej.2023.142688<\/a>)<\/p>\n\n\n\n<p>V. Pertegal, P. Ca\u00f1izares, M.A. Rodrigo, C. S\u00e1ez, E. Lacasa. Bioaerosol disinfection using electro-ozonizers integrated into duct systems for hospital indoor air purification, using Klebsiella pneumoniae as an airborne bacterial model. Chemical Engineering Journal, 2023, 477, 147058 (<a rel=\"noreferrer noopener\" href=\"https:\/\/doi.org\/10.1016\/j.cej.2023.147058\" target=\"_blank\">https:\/\/doi.org\/10.1016\/j.cej.2023.147058<\/a>)<\/p>\n\n\n\n<p>S.E. Correia, V. Pertegal, M. Herraiz-Carbon\u00e9, E. Lacasa, P. Ca\u00f1izares, M.A. Rodrigo, C. S\u00e1ez. Inactivation of waterborne <em>Klebsiella pneumoniae<\/em> with ozone to diminish the risk of hospital effluents using an absorption-based process. Journal of Water Process Engineering, 2024, 57, 104732 (<a rel=\"noreferrer noopener\" href=\"https:\/\/doi.org\/10.1016\/j.jwpe.2023.104732\" target=\"_blank\">https:\/\/doi.org\/10.1016\/j.jwpe.2023.104732<\/a>)<\/p>\n\n\n\n<p><\/p>\n","protected":false},"excerpt":{"rendered":"<p>V. Pertegal, E. Riquelme, J. Lozano-Serna, P. Ca\u00f1izares, M.A. Rodrigo, C. S\u00e1ez, E. Lacasa, Cleaning technologies integrated in duct flows for the inactivation of pathogenic microorganisms in indoor environments: A critical review of recent innovations and future challenges, Journal of Environmental Management, 345 (2023) 118798 (https:\/\/doi.org\/10.1016\/j.jenvman.2023.118798) V. Pertegal, E. Lacasa, P. Ca\u00f1izares, M.A. Rodrigo, C. &hellip; <\/p>\n<p class=\"link-more\"><a href=\"https:\/\/blog.uclm.es\/proyectoelectro4bioaero\/publicaciones\/\" class=\"more-link\">Continuar leyendo<span class=\"screen-reader-text\"> \u00abPUBLICACIONES\u00bb<\/span><\/a><\/p>\n","protected":false},"author":437,"featured_media":0,"parent":0,"menu_order":0,"comment_status":"closed","ping_status":"closed","template":"","meta":{"footnotes":""},"class_list":["post-21","page","type-page","status-publish","hentry"],"_links":{"self":[{"href":"https:\/\/blog.uclm.es\/proyectoelectro4bioaero\/wp-json\/wp\/v2\/pages\/21","targetHints":{"allow":["GET"]}}],"collection":[{"href":"https:\/\/blog.uclm.es\/proyectoelectro4bioaero\/wp-json\/wp\/v2\/pages"}],"about":[{"href":"https:\/\/blog.uclm.es\/proyectoelectro4bioaero\/wp-json\/wp\/v2\/types\/page"}],"author":[{"embeddable":true,"href":"https:\/\/blog.uclm.es\/proyectoelectro4bioaero\/wp-json\/wp\/v2\/users\/437"}],"replies":[{"embeddable":true,"href":"https:\/\/blog.uclm.es\/proyectoelectro4bioaero\/wp-json\/wp\/v2\/comments?post=21"}],"version-history":[{"count":1,"href":"https:\/\/blog.uclm.es\/proyectoelectro4bioaero\/wp-json\/wp\/v2\/pages\/21\/revisions"}],"predecessor-version":[{"id":22,"href":"https:\/\/blog.uclm.es\/proyectoelectro4bioaero\/wp-json\/wp\/v2\/pages\/21\/revisions\/22"}],"wp:attachment":[{"href":"https:\/\/blog.uclm.es\/proyectoelectro4bioaero\/wp-json\/wp\/v2\/media?parent=21"}],"curies":[{"name":"wp","href":"https:\/\/api.w.org\/{rel}","templated":true}]}}