{"id":19,"date":"2024-01-12T12:03:26","date_gmt":"2024-01-12T11:03:26","guid":{"rendered":"https:\/\/blog.uclm.es\/proyectoelectro4bioaero\/?page_id=19"},"modified":"2024-01-12T12:30:04","modified_gmt":"2024-01-12T11:30:04","slug":"paquetes-de-trabajo","status":"publish","type":"page","link":"https:\/\/blog.uclm.es\/proyectoelectro4bioaero\/paquetes-de-trabajo\/","title":{"rendered":"OBJETIVOS Y PAQUETES DE TRABAJO"},"content":{"rendered":"\n<p>El principal objetivo de ELECTRO4BIOAERO es <strong>el desarrollo de tecnolog\u00eda electroqu\u00edmica para eliminar microorganismos pat\u00f3genos presentes en gotas suspendidas en el aire interior hospitalario, involucrando el tratamiento con oxidantes gaseosos\/l\u00edquidos generados <em>in-situ<\/em>.<\/strong><\/p>\n\n\n\n<p>Para la consecuci\u00f3n de este objetivo global, se pretende trabajar en paralelo en dos niveles de estudio: 1) estudio de campo para definir la problem\u00e1tica de los bioaerosoles hospitalarios, 2) estudio cient\u00edfico-t\u00e9cnico con el que se pretende desarrollar tecnolog\u00eda electroqu\u00edmica para la s\u00edntesis de oxidantes y la desactivaci\u00f3n de pat\u00f3genos en bioaerosoles de origen hospitalario. As\u00ed, el objetivo global se puede dividir en cinco objetivos cient\u00edfico-t\u00e9cnicos parciales, que definen el dise\u00f1o del proyecto:<\/p>\n\n\n\n<ul class=\"wp-block-list\">\n<li>Objetivo 1. Estudio estad\u00edstico y de prevalencia de pat\u00f3genos en ambiente hospitalario. <\/li>\n\n\n\n<li>Objetivo 2. Simulaci\u00f3n de la generaci\u00f3n de bioaerosoles en ambiente controlado. <\/li>\n\n\n\n<li>Objetivo 3. Desarrollo de tecnolog\u00eda electroqu\u00edmica para producir oxidantes en fase gas y l\u00edquida. <\/li>\n\n\n\n<li>Objetivo 4. Evaluaci\u00f3n tecnol\u00f3gica para el tratamiento de bioaerosoles con ozono y di\u00f3xido de cloro como agentes biocidas.<\/li>\n\n\n\n<li>Objetivo 5. Evaluaci\u00f3n de la sostenibilidad.<\/li>\n<\/ul>\n\n\n\n<p><\/p>\n\n\n\n<p><strong>PAQUETES DE TRABAJO:<\/strong><\/p>\n\n\n\n<p><strong>PT1. COORDINACI\u00d3N T\u00c9CNICA Y GESTI\u00d3N ECON\u00d3MICA<\/strong><\/p>\n\n\n\n<p><strong>PT2. GESTI\u00d3N DEL CONOCIMIENTO GENERADO<\/strong><\/p>\n\n\n\n<p><strong>PT3. CARACTERIZACI\u00d3N DE BIOAEROSOLES EN UN AMBIENTE HOSPITALARIO<\/strong><\/p>\n\n\n\n<p><strong>PT4. DESARROLLO DE TECNOLOG\u00cdAS ELECTROQU\u00cdMICAS PARA LA GENERACI\u00d3N DE OXIDANTES<\/strong><\/p>\n\n\n\n<p><strong>PT5. DESACTIVACI\u00d3N DE BIOAEROSOLES CON OXIDANTES EN FASE GAS<\/strong><\/p>\n\n\n\n<p><strong>PT6. EVALUACI\u00d3N DE LA SOSTENIBILIDAD<\/strong><\/p>\n","protected":false},"excerpt":{"rendered":"<p>El principal objetivo de ELECTRO4BIOAERO es el desarrollo de tecnolog\u00eda electroqu\u00edmica para eliminar microorganismos pat\u00f3genos presentes en gotas suspendidas en el aire interior hospitalario, involucrando el tratamiento con oxidantes gaseosos\/l\u00edquidos generados in-situ. Para la consecuci\u00f3n de este objetivo global, se pretende trabajar en paralelo en dos niveles de estudio: 1) estudio de campo para definir &hellip; <\/p>\n<p class=\"link-more\"><a href=\"https:\/\/blog.uclm.es\/proyectoelectro4bioaero\/paquetes-de-trabajo\/\" class=\"more-link\">Continuar leyendo<span class=\"screen-reader-text\"> \u00abOBJETIVOS Y PAQUETES DE TRABAJO\u00bb<\/span><\/a><\/p>\n","protected":false},"author":437,"featured_media":0,"parent":0,"menu_order":0,"comment_status":"closed","ping_status":"closed","template":"","meta":{"footnotes":""},"class_list":["post-19","page","type-page","status-publish","hentry"],"_links":{"self":[{"href":"https:\/\/blog.uclm.es\/proyectoelectro4bioaero\/wp-json\/wp\/v2\/pages\/19","targetHints":{"allow":["GET"]}}],"collection":[{"href":"https:\/\/blog.uclm.es\/proyectoelectro4bioaero\/wp-json\/wp\/v2\/pages"}],"about":[{"href":"https:\/\/blog.uclm.es\/proyectoelectro4bioaero\/wp-json\/wp\/v2\/types\/page"}],"author":[{"embeddable":true,"href":"https:\/\/blog.uclm.es\/proyectoelectro4bioaero\/wp-json\/wp\/v2\/users\/437"}],"replies":[{"embeddable":true,"href":"https:\/\/blog.uclm.es\/proyectoelectro4bioaero\/wp-json\/wp\/v2\/comments?post=19"}],"version-history":[{"count":4,"href":"https:\/\/blog.uclm.es\/proyectoelectro4bioaero\/wp-json\/wp\/v2\/pages\/19\/revisions"}],"predecessor-version":[{"id":40,"href":"https:\/\/blog.uclm.es\/proyectoelectro4bioaero\/wp-json\/wp\/v2\/pages\/19\/revisions\/40"}],"wp:attachment":[{"href":"https:\/\/blog.uclm.es\/proyectoelectro4bioaero\/wp-json\/wp\/v2\/media?parent=19"}],"curies":[{"name":"wp","href":"https:\/\/api.w.org\/{rel}","templated":true}]}}