{"id":17,"date":"2024-01-12T12:00:12","date_gmt":"2024-01-12T11:00:12","guid":{"rendered":"https:\/\/blog.uclm.es\/proyectoelectro4bioaero\/?page_id=17"},"modified":"2024-01-12T12:00:12","modified_gmt":"2024-01-12T11:00:12","slug":"equipo-de-investigacion","status":"publish","type":"page","link":"https:\/\/blog.uclm.es\/proyectoelectro4bioaero\/equipo-de-investigacion\/","title":{"rendered":"EQUIPO DE INVESTIGACI\u00d3N"},"content":{"rendered":"\n<p>Cristina S\u00e1ez Jim\u00e9nez<\/p>\n\n\n\n<p>Pablo Ca\u00f1izares Ca\u00f1izares<\/p>\n\n\n\n<p>Engracia Lacasa Fern\u00e1ndez<\/p>\n\n\n\n<p>Miguel \u00c1ngel Montiel L\u00f3pez<\/p>\n\n\n\n<p>Caridad Sainz de Baranda Camino<\/p>\n\n\n\n<p>Eva Riquelme Bravo<\/p>\n\n\n\n<p>Julia Lozano Serra<\/p>\n\n\n\n<p>Giancarlo Salazar Banda<\/p>\n\n\n\n<p>Carlos A. Mart\u00ednez-Huitle<\/p>\n\n\n\n<p><\/p>\n","protected":false},"excerpt":{"rendered":"<p>Cristina S\u00e1ez Jim\u00e9nez Pablo Ca\u00f1izares Ca\u00f1izares Engracia Lacasa Fern\u00e1ndez Miguel \u00c1ngel Montiel L\u00f3pez Caridad Sainz de Baranda Camino Eva Riquelme Bravo Julia Lozano Serra Giancarlo Salazar Banda Carlos A. Mart\u00ednez-Huitle<\/p>\n","protected":false},"author":437,"featured_media":0,"parent":0,"menu_order":0,"comment_status":"closed","ping_status":"closed","template":"","meta":{"footnotes":""},"class_list":["post-17","page","type-page","status-publish","hentry"],"_links":{"self":[{"href":"https:\/\/blog.uclm.es\/proyectoelectro4bioaero\/wp-json\/wp\/v2\/pages\/17","targetHints":{"allow":["GET"]}}],"collection":[{"href":"https:\/\/blog.uclm.es\/proyectoelectro4bioaero\/wp-json\/wp\/v2\/pages"}],"about":[{"href":"https:\/\/blog.uclm.es\/proyectoelectro4bioaero\/wp-json\/wp\/v2\/types\/page"}],"author":[{"embeddable":true,"href":"https:\/\/blog.uclm.es\/proyectoelectro4bioaero\/wp-json\/wp\/v2\/users\/437"}],"replies":[{"embeddable":true,"href":"https:\/\/blog.uclm.es\/proyectoelectro4bioaero\/wp-json\/wp\/v2\/comments?post=17"}],"version-history":[{"count":1,"href":"https:\/\/blog.uclm.es\/proyectoelectro4bioaero\/wp-json\/wp\/v2\/pages\/17\/revisions"}],"predecessor-version":[{"id":18,"href":"https:\/\/blog.uclm.es\/proyectoelectro4bioaero\/wp-json\/wp\/v2\/pages\/17\/revisions\/18"}],"wp:attachment":[{"href":"https:\/\/blog.uclm.es\/proyectoelectro4bioaero\/wp-json\/wp\/v2\/media?parent=17"}],"curies":[{"name":"wp","href":"https:\/\/api.w.org\/{rel}","templated":true}]}}